{"id":104,"date":"2020-04-16T22:13:30","date_gmt":"2020-04-17T01:13:30","guid":{"rendered":"https:\/\/pacotedeplanilhas.com\/loja\/index.php\/produto\/pacote-de-6000-planilhas-no-excel\/"},"modified":"2025-03-18T19:15:15","modified_gmt":"2025-03-18T22:15:15","slug":"pacote-de-6000-planilhas-no-excel","status":"publish","type":"product","link":"https:\/\/pacotedeplanilhas.com\/loja\/store\/pacotes\/pacote-de-6000-planilhas-no-excel\/","title":{"rendered":"Pacote de 6000 planilhas no Excel"},"content":{"rendered":"<h2>Ap\u00f3s a compra o acesso ser\u00e1 disponibilizado de imediato via e-mail.<\/h2>\n<ul>\n<li>An\u00e1lise de balan\u00e7os<\/li>\n<li>An\u00e1lise gr\u00e1fica de dados<\/li>\n<li>Apura\u00e7\u00e3o de iss e irpf, irpj<\/li>\n<li>Bebidas<\/li>\n<li>Binomial<\/li>\n<li>Caixa<\/li>\n<li>C\u00e1lculo de materiais<\/li>\n<li>Controle de estoque<\/li>\n<li>C\u00e1lculo de pre\u00e7o de venda de mercadorias<\/li>\n<li>C\u00e1lculo de tarifas<\/li>\n<li>Condom\u00ednios<\/li>\n<li>Controle financeiro<\/li>\n<li>\u00c1rea cont\u00e1bil<\/li>\n<li>Custos de produ\u00e7\u00e3o<\/li>\n<li>Demonstra\u00e7\u00e3o de resultados gerais<\/li>\n<li>Departamento pessoal e rh<\/li>\n<li>Controle de acesso<\/li>\n<li>Estacionamento<\/li>\n<li>Fluxo de caixa<\/li>\n<li>Indicadores<\/li>\n<li>Apura\u00e7\u00e3o de lucro real<\/li>\n<li>Livro di\u00e1rio<\/li>\n<li>Livros fiscais<\/li>\n<li>Or\u00e7amentos<\/li>\n<li>Servi\u00e7os<\/li>\n<li>Organiza\u00e7\u00e3o de estudos e muitas outras<\/li>\n<\/ul>\n<p><strong><span style=\"font-size: 14pt;\">Todas as planilhas s\u00e3o totalmente edit\u00e1veis e de f\u00e1cil acesso.\u00a0<\/span><\/strong><br \/>\n<strong><span style=\"font-size: 14pt;\">Ao comprar o pacote ter\u00e1 acesso Anual.<\/span><\/strong><br \/>\n<strong><span style=\"font-size: 14pt;\">O pacote possui uma \u00e1rea de membros com todas as planilhas organizadas, com v\u00eddeos explicativos das melhores e mais utilizadas.<\/span><\/strong><br \/>\n<strong><span style=\"font-size: 14pt;\">Planilhas para gest\u00e3o empresarial com Dashboards incr\u00edveis para uma r\u00e1pida visualiza\u00e7\u00e3o dos dados.<\/span><\/strong><br \/>\n<strong><span style=\"font-size: 14pt;\">B\u00f4nus 1: Pacote com diversas apostilas e livros sobre Excel.<\/span><\/strong><br \/>\n<strong><span style=\"font-size: 14pt;\">B\u00f4nus 2: CURSO DE EXCEL DO ZERO AO B\u00c1SICO<\/span><\/strong><\/p>\n<p><strong><span style=\"font-size: 18pt;\">Veja alguns v\u00eddeos explicativos de planilhas que temos no pacote<\/span><\/strong><\/p>\n<h3><\/h3>\n<p><strong><span style=\"font-size: 14pt;\">Planilha Dashboard de Gest\u00e3o financeira para pequenas e m\u00e9dias empresas<\/span><\/strong><\/p>\n<p><iframe src=\"\/\/www.youtube.com\/embed\/Wi6gJGkqj0s\" width=\"560\" height=\"314\" allowfullscreen=\"allowfullscreen\"><\/iframe><\/p>\n<p><strong><span style=\"font-size: 14pt;\">Planilha de controle e gest\u00e3o de estoques em Excel<\/span><\/strong><\/p>\n<p><iframe src=\"\/\/www.youtube.com\/embed\/7aizK1OIMmQ\" width=\"560\" height=\"314\" allowfullscreen=\"allowfullscreen\"><\/iframe><\/p>\n<p>&nbsp;<\/p>\n<h1 class=\"title style-scope ytd-video-primary-info-renderer\"><\/h1>\n<h1 class=\"title style-scope ytd-video-primary-info-renderer\"><\/h1>\n<h1 class=\"title style-scope ytd-video-primary-info-renderer\"><\/h1>\n<p><strong><span style=\"font-size: 14pt;\">Planilha de ordem de servi\u00e7o e gr\u00e1fico dashboard<\/span><\/strong><\/p>\n<p><iframe src=\"\/\/www.youtube.com\/embed\/mRH-mnrquFI\" width=\"560\" height=\"314\" allowfullscreen=\"allowfullscreen\"><\/iframe><\/p>\n<p><strong><span style=\"font-size: 14pt;\">Planilha Dashboard de performance de vendas<\/span><\/strong><\/p>\n<p><iframe src=\"\/\/www.youtube.com\/embed\/ZzRdZcEmJDo\" width=\"560\" height=\"314\" allowfullscreen=\"allowfullscreen\"><\/iframe><\/p>\n","protected":false},"excerpt":{"rendered":"<p><strong>O melhor pacote do Excel com 6250 planilhas edit\u00e1veis em todas as \u00e1reas, com certeza voc\u00ea encontrar\u00e1 o que procura e precisa. Planilhas simples e funcionais. Tabelas feitas por profissionais em ms office, uma excelente ferramenta de trabalho, que pode ser utilizada para v\u00e1rios objetivos como no trabalho, nos estudos ou em suas necessidades do dia a dia.<\/strong><\/p>\n<p>&nbsp;<\/p>\n","protected":false},"featured_media":1740,"comment_status":"open","ping_status":"closed","template":"","meta":{"site-sidebar-layout":"default","site-content-layout":"default","ast-site-content-layout":"default","site-content-style":"default","site-sidebar-style":"default","ast-global-header-display":"","ast-banner-title-visibility":"","ast-main-header-display":"","ast-hfb-above-header-display":"","ast-hfb-below-header-display":"","ast-hfb-mobile-header-display":"","site-post-title":"","ast-breadcrumbs-content":"","ast-featured-img":"","footer-sml-layout":"","theme-transparent-header-meta":"default","adv-header-id-meta":"","stick-header-meta":"","header-above-stick-meta":"","header-main-stick-meta":"","header-below-stick-meta":"","astra-migrate-meta-layouts":"set","ast-page-background-enabled":"default","ast-page-background-meta":{"desktop":{"background-color":"","background-image":"","background-repeat":"repeat","background-position":"center center","background-size":"auto","background-attachment":"scroll","background-type":"","background-media":"","overlay-type":"","overlay-color":"","overlay-opacity":"","overlay-gradient":""},"tablet":{"background-color":"","background-image":"","background-repeat":"repeat","background-position":"center center","background-size":"auto","background-attachment":"scroll","background-type":"","background-media":"","overlay-type":"","overlay-color":"","overlay-opacity":"","overlay-gradient":""},"mobile":{"background-color":"","background-image":"","background-repeat":"repeat","background-position":"center center","background-size":"auto","background-attachment":"scroll","background-type":"","background-media":"","overlay-type":"","overlay-color":"","overlay-opacity":"","overlay-gradient":""}},"ast-content-background-meta":{"desktop":{"background-color":"var(--ast-global-color-5)","background-image":"","background-repeat":"repeat","background-position":"center center","background-size":"auto","background-attachment":"scroll","background-type":"","background-media":"","overlay-type":"","overlay-color":"","overlay-opacity":"","overlay-gradient":""},"tablet":{"background-color":"var(--ast-global-color-5)","background-image":"","background-repeat":"repeat","background-position":"center center","background-size":"auto","background-attachment":"scroll","background-type":"","background-media":"","overlay-type":"","overlay-color":"","overlay-opacity":"","overlay-gradient":""},"mobile":{"background-color":"var(--ast-global-color-5)","background-image":"","background-repeat":"repeat","background-position":"center center","background-size":"auto","background-attachment":"scroll","background-type":"","background-media":"","overlay-type":"","overlay-color":"","overlay-opacity":"","overlay-gradient":""}}},"product_brand":[],"product_cat":[121,120],"product_tag":[124,128,129,130,131,132,133],"class_list":{"0":"post-104","1":"product","2":"type-product","3":"status-publish","4":"has-post-thumbnail","6":"product_cat-pacotes","7":"product_cat-planilhas-em-excel","8":"product_tag-dashboard","9":"product_tag-excel","10":"product_tag-microsoft-excel","11":"product_tag-pacote-de-6000-planilhas","12":"product_tag-pacote-de-planilhas","13":"product_tag-planilhas","14":"product_tag-planilhas-financeiras","15":"desktop-align-left","16":"tablet-align-left","17":"mobile-align-left","19":"first","20":"instock","21":"sale","22":"featured","23":"virtual","24":"purchasable","25":"product-type-simple"},"_links":{"self":[{"href":"https:\/\/pacotedeplanilhas.com\/loja\/wp-json\/wp\/v2\/product\/104","targetHints":{"allow":["GET"]}}],"collection":[{"href":"https:\/\/pacotedeplanilhas.com\/loja\/wp-json\/wp\/v2\/product"}],"about":[{"href":"https:\/\/pacotedeplanilhas.com\/loja\/wp-json\/wp\/v2\/types\/product"}],"replies":[{"embeddable":true,"href":"https:\/\/pacotedeplanilhas.com\/loja\/wp-json\/wp\/v2\/comments?post=104"}],"version-history":[{"count":3,"href":"https:\/\/pacotedeplanilhas.com\/loja\/wp-json\/wp\/v2\/product\/104\/revisions"}],"predecessor-version":[{"id":6570,"href":"https:\/\/pacotedeplanilhas.com\/loja\/wp-json\/wp\/v2\/product\/104\/revisions\/6570"}],"wp:featuredmedia":[{"embeddable":true,"href":"https:\/\/pacotedeplanilhas.com\/loja\/wp-json\/wp\/v2\/media\/1740"}],"wp:attachment":[{"href":"https:\/\/pacotedeplanilhas.com\/loja\/wp-json\/wp\/v2\/media?parent=104"}],"wp:term":[{"taxonomy":"product_brand","embeddable":true,"href":"https:\/\/pacotedeplanilhas.com\/loja\/wp-json\/wp\/v2\/product_brand?post=104"},{"taxonomy":"product_cat","embeddable":true,"href":"https:\/\/pacotedeplanilhas.com\/loja\/wp-json\/wp\/v2\/product_cat?post=104"},{"taxonomy":"product_tag","embeddable":true,"href":"https:\/\/pacotedeplanilhas.com\/loja\/wp-json\/wp\/v2\/product_tag?post=104"}],"curies":[{"name":"wp","href":"https:\/\/api.w.org\/{rel}","templated":true}]}}