{"id":108,"date":"2020-04-16T22:22:56","date_gmt":"2020-04-17T01:22:56","guid":{"rendered":"https:\/\/pacotedeplanilhas.com\/loja\/index.php\/produto\/pacote-de-1500-templates-em-powerpoint\/"},"modified":"2021-03-19T14:15:41","modified_gmt":"2021-03-19T17:15:41","slug":"pacote-de-1500-templates-em-powerpoint","status":"publish","type":"product","link":"https:\/\/pacotedeplanilhas.com\/loja\/store\/slides-em-powerpoint\/pacote-de-1500-templates-em-powerpoint\/","title":{"rendered":"Pacote de 1500+ templates em PowerPoint"},"content":{"rendered":"<h2>Ap\u00f3s a compra o acesso ser\u00e1 disponibilizado de imediato via e-mail.<\/h2>\n<ul class=\"elementor-icon-list-items\">\n<li class=\"elementor-icon-list-item\"><span class=\"elementor-icon-list-text\" style=\"font-size: 14pt;\">Mais de 1500 Infogr\u00e1ficos<\/span><\/li>\n<li class=\"elementor-icon-list-item\"><span style=\"font-size: 14pt;\"><i class=\"fas fa-check\" aria-hidden=\"true\"><\/i><span class=\"elementor-icon-list-text\">Todos edit\u00e1veis e de f\u00e1cil acesso<\/span><\/span><\/li>\n<li class=\"elementor-icon-list-item\"><span style=\"font-size: 14pt;\"><i class=\"fas fa-check\" aria-hidden=\"true\"><\/i><span class=\"elementor-icon-list-text\">Atualiza\u00e7\u00e3o mensal de conte\u00fado.<\/span><\/span><\/li>\n<li class=\"elementor-icon-list-item\"><span style=\"font-size: 14pt;\"><i class=\"fas fa-haykal\" aria-hidden=\"true\"><\/i><span class=\"elementor-icon-list-text\">(NOVO) Super B\u00f4nus de 10.000 Slides<br \/>\n<\/span><\/span><\/li>\n<li class=\"elementor-icon-list-item\"><span style=\"font-size: 14pt;\"><i class=\"fas fa-check\" aria-hidden=\"true\"><\/i><span class=\"elementor-icon-list-text\">500 Slides, animados e est\u00e1ticos para stories do Instagram<\/span><\/span><\/li>\n<li class=\"elementor-icon-list-item\"><span style=\"font-size: 14pt;\"><i class=\"fas fa-check\" aria-hidden=\"true\"><\/i><span class=\"elementor-icon-list-text\">500 Slides, animados e est\u00e1ticos para feed do Instagram\u200b<\/span><\/span><\/li>\n<li class=\"elementor-icon-list-item\"><span style=\"font-size: 14pt;\"><i class=\"fas fa-check\" aria-hidden=\"true\"><\/i><span class=\"elementor-icon-list-text\">250 Fontes premium para utilizar no PowerPoint<\/span><\/span><\/li>\n<li class=\"elementor-icon-list-item\"><span style=\"font-size: 14pt;\"><i class=\"fas fa-check\" aria-hidden=\"true\"><\/i><span class=\"elementor-icon-list-text\">120 textos animados e est\u00e1ticos para divulga\u00e7\u00e3o em redes sociais<\/span><\/span><\/li>\n<li class=\"elementor-icon-list-item\"><span style=\"font-size: 14pt;\"><i class=\"fas fa-check\" aria-hidden=\"true\"><\/i><span class=\"elementor-icon-list-text\">\u00edcones para produ\u00e7\u00e3o de conte\u00fado<\/span><\/span><\/li>\n<li class=\"elementor-icon-list-item\"><span style=\"font-size: 14pt;\"><i class=\"fas fa-check\" aria-hidden=\"true\"><\/i><span class=\"elementor-icon-list-text\">Biblioteca de fotos com mais de 250.000 imagens.<\/span><\/span><\/li>\n<\/ul>\n<section class=\"elementor-element elementor-element-0f60d83 elementor-section-boxed elementor-section-height-default elementor-section-height-default elementor-section elementor-top-section\" data-id=\"0f60d83\" data-element_type=\"section\">\n<div class=\"elementor-container elementor-column-gap-default\">\n<div class=\"elementor-row\">\n<div class=\"elementor-element elementor-element-a31dd3e elementor-column elementor-col-100 elementor-top-column\" data-id=\"a31dd3e\" data-element_type=\"column\">\n<div class=\"elementor-column-wrap elementor-element-populated\">\n<div class=\"elementor-widget-wrap\">\n<div class=\"elementor-element elementor-element-fd519ea elementor-headline--style-highlight elementor-widget elementor-widget-animated-headline\" data-id=\"fd519ea\" data-element_type=\"widget\" data-settings=\"{&quot;highlighted_text&quot;:&quot;templates:&quot;,&quot;headline_style&quot;:&quot;highlight&quot;,&quot;marker&quot;:&quot;circle&quot;}\" data-widget_type=\"animated-headline.default\">\n<div class=\"elementor-widget-container\">\n<h3 class=\"elementor-headline\"><span class=\"elementor-headline-plain-text elementor-headline-text-wrapper\">Conte\u00fado de utiliza\u00e7\u00e3o dos\u00a0<\/span><span class=\"elementor-headline-dynamic-wrapper elementor-headline-text-wrapper\"><span class=\"elementor-headline-dynamic-text elementor-headline-text-active\">templates:<\/span><\/span><\/h3>\n<\/div>\n<\/div>\n<\/div>\n<\/div>\n<\/div>\n<\/div>\n<\/div>\n<\/section>\n<section class=\"elementor-element elementor-element-80ba340 elementor-section-boxed elementor-section-height-default elementor-section-height-default elementor-section elementor-top-section\" data-id=\"80ba340\" data-element_type=\"section\">\n<div class=\"elementor-container elementor-column-gap-default\">\n<div class=\"elementor-row\">\n<div class=\"elementor-element elementor-element-6b84f60 elementor-column elementor-col-100 elementor-top-column\" data-id=\"6b84f60\" data-element_type=\"column\">\n<div class=\"elementor-column-wrap elementor-element-populated\">\n<div class=\"elementor-widget-wrap\">\n<div class=\"elementor-element elementor-element-cac0542 elementor-widget elementor-widget-text-editor\" data-id=\"cac0542\" data-element_type=\"widget\" data-widget_type=\"text-editor.default\">\n<div class=\"elementor-widget-container\">\n<div class=\"elementor-text-editor elementor-clearfix\">\n<p><strong>FUNIL<br \/>\n<\/strong><strong>GR\u00c1FICO DE GANTT<br \/>\n<\/strong><strong>ENIGMA<br \/>\n<\/strong><strong>CALEND\u00c1RIOS<br \/>\n<\/strong><strong>MAPA DA VIAGEM AO CLIENTE<br \/>\n<\/strong><strong>CASCATA<br \/>\n<\/strong><strong>FABRICA\u00c7\u00c3O<br \/>\n<\/strong><strong>VIAGEM<br \/>\n<\/strong><strong>M\u00cdDIA SOCIAL<br \/>\n<\/strong><strong>ICEBERG<br \/>\n<\/strong><strong>PIR\u00c2MIDE<br \/>\n<\/strong><strong>PROCESSO<br \/>\n<\/strong><strong>LINHA DO TEMPO<br \/>\n<\/strong><strong>SETAS; FLECHAS<br \/>\n<\/strong><strong>AN\u00c1LISE SWOT<br \/>\n<\/strong><strong>\u00c1RVORE DE DECIS\u00c3O<br \/>\n<\/strong><strong>CICLO<br \/>\n<\/strong><strong>COMPARA\u00c7\u00c3O<br \/>\n<\/strong><strong>METAS<br \/>\n<\/strong><strong>QUADROS<br \/>\n<\/strong><strong>QUADRO ORGANIZACIONAL<br \/>\n<\/strong><strong>MAPA MENTAL<br \/>\n<\/strong><strong>GR\u00c1FICO DE PIZZA<br \/>\n<\/strong><strong>MAPA MUNDIAL<br \/>\n<\/strong><strong>EDUCA\u00c7\u00c3O<br \/>\n<\/strong><strong>COMIDA<br \/>\n<\/strong><strong>M\u00c9DICO<br \/>\n<\/strong><strong>FINAN\u00c7AS<br \/>\n<\/strong><strong>PAINEL DE CONTROLE<br \/>\n<\/strong><strong>GERENCIAMENTO DE PROJETOS<br \/>\n<\/strong><strong>ECOLOGIA<br \/>\n<\/strong><strong>O NEG\u00d3CIO<br \/>\n<\/strong><strong>PLANO DE NEG\u00d3CIOS<br \/>\n<\/strong><strong>CADEIA DE MANTIMENTOS<br \/>\n<\/strong><strong>GERENCIAMENTO DE RISCOS<br \/>\n<\/strong><strong>CADEIA DE VALOR<br \/>\n<\/strong><strong>IMOBILI\u00c1RIA<br \/>\n<\/strong><strong>TECNOLOGIA<br \/>\n<\/strong><strong>LUCROS E PERDAS<br \/>\n<\/strong><strong>CUIDADOS DE SA\u00daDE<br \/>\n<\/strong><strong>MAPA DO PRODUTO<br \/>\n<\/strong><strong>MARKETING<br \/>\n<\/strong><strong>TABELAS<br \/>\n<\/strong><strong>TABELAS DE PRE\u00c7OS<br \/>\n<\/strong><strong>AGENDA<br \/>\n<\/strong><strong>RECURSOS HUMANOS<br \/>\n<\/strong><strong>C\u00c9REBRO<br \/>\n<\/strong><strong>ESTRAT\u00c9GIA<br \/>\n<\/strong><strong>DESPESAS<br \/>\n<\/strong><strong>C\u00cdRCULO<br \/>\n<\/strong><strong>FLUXO<br \/>\n<\/strong><strong>TREINAMENTO<br \/>\n<\/strong><strong>KPI<br \/>\n<\/strong><strong>E MAIS\u2026<\/strong><\/p>\n<\/div>\n<\/div>\n<\/div>\n<\/div>\n<\/div>\n<\/div>\n<\/div>\n<\/div>\n<\/section>\n<h3><\/h3>\n<p>&nbsp;<\/p>\n","protected":false},"excerpt":{"rendered":"<p><strong>O melhor pacote de PowerPoint com mais de 1500 templates edit\u00e1veis em todas as \u00e1reas, com certeza voc\u00ea encontrar\u00e1 o que procura e precisa.<\/strong><br \/>\n<strong>Apresenta\u00e7\u00f5es simples e funcionais. Slides feitos por profissionais em ms office, uma excelente ferramenta para apresenta\u00e7\u00f5es, que pode ser utilizada para v\u00e1rios objetivos como no trabalho, nos estudos ou em suas necessidades do dia a dia.<\/strong><\/p>\n<p><strong>Acha o PowerPoint muito complicado? Tem dificuldades em montar apresenta\u00e7\u00f5es din\u00e2micas e empolgantes?<\/strong><br \/>\n<strong>Com este mega pacote de templates voc\u00ea vai come\u00e7ar a fazer apresenta\u00e7\u00f5es de uma forma totalmente diferente, tornando tudo muito mais f\u00e1cil, r\u00e1pido e pr\u00e1tico.<\/strong><br \/>\n<strong>Todos os slides est\u00e3o prontas, mas voc\u00ea poder\u00e1 edit\u00e1-los, modificando-os de acordo com sua necessidade. S\u00e3o milhares de exemplos para voc\u00ea alterar ao seu gosto!<\/strong><\/p>\n<p><strong>Apresenta\u00e7\u00f5es nos formatos .pptx e outros.<\/strong><\/p>\n","protected":false},"featured_media":1741,"comment_status":"open","ping_status":"closed","template":"","meta":{"site-sidebar-layout":"default","site-content-layout":"default","ast-site-content-layout":"","site-content-style":"default","site-sidebar-style":"default","ast-global-header-display":"","ast-banner-title-visibility":"","ast-main-header-display":"","ast-hfb-above-header-display":"","ast-hfb-below-header-display":"","ast-hfb-mobile-header-display":"","site-post-title":"","ast-breadcrumbs-content":"","ast-featured-img":"","footer-sml-layout":"","theme-transparent-header-meta":"default","adv-header-id-meta":"","stick-header-meta":"","header-above-stick-meta":"","header-main-stick-meta":"","header-below-stick-meta":"","astra-migrate-meta-layouts":"default","ast-page-background-enabled":"default","ast-page-background-meta":{"desktop":{"background-color":"","background-image":"","background-repeat":"repeat","background-position":"center center","background-size":"auto","background-attachment":"scroll","background-type":"","background-media":"","overlay-type":"","overlay-color":"","overlay-opacity":"","overlay-gradient":""},"tablet":{"background-color":"","background-image":"","background-repeat":"repeat","background-position":"center center","background-size":"auto","background-attachment":"scroll","background-type":"","background-media":"","overlay-type":"","overlay-color":"","overlay-opacity":"","overlay-gradient":""},"mobile":{"background-color":"","background-image":"","background-repeat":"repeat","background-position":"center center","background-size":"auto","background-attachment":"scroll","background-type":"","background-media":"","overlay-type":"","overlay-color":"","overlay-opacity":"","overlay-gradient":""}},"ast-content-background-meta":{"desktop":{"background-color":"var(--ast-global-color-5)","background-image":"","background-repeat":"repeat","background-position":"center center","background-size":"auto","background-attachment":"scroll","background-type":"","background-media":"","overlay-type":"","overlay-color":"","overlay-opacity":"","overlay-gradient":""},"tablet":{"background-color":"var(--ast-global-color-5)","background-image":"","background-repeat":"repeat","background-position":"center center","background-size":"auto","background-attachment":"scroll","background-type":"","background-media":"","overlay-type":"","overlay-color":"","overlay-opacity":"","overlay-gradient":""},"mobile":{"background-color":"var(--ast-global-color-5)","background-image":"","background-repeat":"repeat","background-position":"center center","background-size":"auto","background-attachment":"scroll","background-type":"","background-media":"","overlay-type":"","overlay-color":"","overlay-opacity":"","overlay-gradient":""}}},"product_brand":[],"product_cat":[134],"product_tag":[135,136,137,138,139,140,141,142,143,144,145,146],"class_list":{"0":"post-108","1":"product","2":"type-product","3":"status-publish","4":"has-post-thumbnail","6":"product_cat-slides-em-powerpoint","7":"product_tag-apresentacao","8":"product_tag-apresentacoes","9":"product_tag-como-montar-uma-apresentacao-em-slides","10":"product_tag-office","11":"product_tag-pacote","12":"product_tag-pacote-de-slides","13":"product_tag-pocote-de-mais-de-1500-slides","14":"product_tag-powerpoint","15":"product_tag-powerpoint2019","16":"product_tag-slides","17":"product_tag-slides-em-powerpoint","18":"product_tag-slides-para-apresentacao","19":"desktop-align-left","20":"tablet-align-left","21":"mobile-align-left","23":"first","24":"instock","25":"sale","26":"featured","27":"virtual","28":"purchasable","29":"product-type-simple"},"_links":{"self":[{"href":"https:\/\/pacotedeplanilhas.com\/loja\/wp-json\/wp\/v2\/product\/108","targetHints":{"allow":["GET"]}}],"collection":[{"href":"https:\/\/pacotedeplanilhas.com\/loja\/wp-json\/wp\/v2\/product"}],"about":[{"href":"https:\/\/pacotedeplanilhas.com\/loja\/wp-json\/wp\/v2\/types\/product"}],"replies":[{"embeddable":true,"href":"https:\/\/pacotedeplanilhas.com\/loja\/wp-json\/wp\/v2\/comments?post=108"}],"version-history":[{"count":2,"href":"https:\/\/pacotedeplanilhas.com\/loja\/wp-json\/wp\/v2\/product\/108\/revisions"}],"predecessor-version":[{"id":2161,"href":"https:\/\/pacotedeplanilhas.com\/loja\/wp-json\/wp\/v2\/product\/108\/revisions\/2161"}],"wp:featuredmedia":[{"embeddable":true,"href":"https:\/\/pacotedeplanilhas.com\/loja\/wp-json\/wp\/v2\/media\/1741"}],"wp:attachment":[{"href":"https:\/\/pacotedeplanilhas.com\/loja\/wp-json\/wp\/v2\/media?parent=108"}],"wp:term":[{"taxonomy":"product_brand","embeddable":true,"href":"https:\/\/pacotedeplanilhas.com\/loja\/wp-json\/wp\/v2\/product_brand?post=108"},{"taxonomy":"product_cat","embeddable":true,"href":"https:\/\/pacotedeplanilhas.com\/loja\/wp-json\/wp\/v2\/product_cat?post=108"},{"taxonomy":"product_tag","embeddable":true,"href":"https:\/\/pacotedeplanilhas.com\/loja\/wp-json\/wp\/v2\/product_tag?post=108"}],"curies":[{"name":"wp","href":"https:\/\/api.w.org\/{rel}","templated":true}]}}