{"id":1520,"date":"2021-01-28T18:12:20","date_gmt":"2021-01-28T21:12:20","guid":{"rendered":"https:\/\/pacotedeplanilhas.com\/loja\/?post_type=product&#038;p=1520"},"modified":"2024-09-03T13:09:14","modified_gmt":"2024-09-03T16:09:14","slug":"planilha-para-planejamento-e-controle-de-processo-seletivo","status":"publish","type":"product","link":"https:\/\/pacotedeplanilhas.com\/loja\/store\/planilhas-em-excel\/planilha-para-planejamento-e-controle-de-processo-seletivo\/","title":{"rendered":"Planilha Para Planejamento E Controle De Processo Seletivo 1.0"},"content":{"rendered":"<h4>Planilha Para Planejamento E Controle De Processo Seletivo<\/h4>\n<p>&nbsp;<\/p>\n<p><span style=\"font-size: 14pt;\">Tenha mais objetividade e organiza\u00e7\u00e3o nos seus processos seletivos com a planilha de planejamento e controle de processo seletivo.<\/span><\/p>\n<p><span style=\"font-size: 14pt;\">1. Para que serve a Planilha de Processo Seletivo<\/span><\/p>\n<p><span style=\"font-size: 14pt;\">A Planilha de Processo Seletivo permite um controle de um processo seletivo conduzido pela sua empresa. Voc\u00ea pode manter registros de todos os candidatos, da primeira at\u00e9 a \u00faltima etapa do seu processo e ainda fazer uma avalia\u00e7\u00e3o de todos eles, te auxiliando na tomada de decis\u00e3o.<\/span><\/p>\n<p><span style=\"font-size: 14pt;\">A planilha est\u00e1 organizada em 4 abas: (1) Mapa de cadastro, (2) Registro de aprova\u00e7\u00e3o, (3) Relat\u00f3rio por candidato e (4) Funil de sele\u00e7\u00e3o.<\/span><\/p>\n<p><span style=\"font-size: 14pt;\">2. Como usar cada aba:<\/span><\/p>\n<p><span style=\"font-size: 14pt;\">Aba 1: Mapa de cadastro &#8211; Nessa aba voc\u00ea ir\u00e1 cadastrar todos os candidatos que far\u00e3o parte do seu processo seletivo, e tamb\u00e9m ir\u00e1 cadastrar as etapas das quais seu processo seletivo \u00e9 formado.<\/span><\/p>\n<p><span style=\"font-size: 14pt;\">Aba 2: Registro de aprova\u00e7\u00e3o- Nesta aba voc\u00ea ir\u00e1 registrar ao longo do processo seletivo quais candidatos foram aprovados ou reprovados em cada etapa.<\/span><\/p>\n<p><span style=\"font-size: 14pt;\">Aba 3: Relat\u00f3rio por candidato- Esta \u00e9 uma aba de consulta, onde voc\u00ea pode selecionar o candidato que deseja analisar e as informa\u00e7\u00f5es s\u00e3o geradas automaticamente.<\/span><\/p>\n<p><span style=\"font-size: 14pt;\">Aba 4: Funil de sele\u00e7\u00e3o- Esta tamb\u00e9m \u00e9 uma aba de consulta voc\u00ea conseguir\u00e1 ver uma rela\u00e7\u00e3o entre a quantidade de candidatos que participaram do processo e candidatos que foram aprovados.<\/span><\/p>\n<p>&nbsp;<\/p>\n<h4>V\u00eddeo explicativo da planilha<\/h4>\n<div class=\"ast-oembed-container \" style=\"height: 100%;\"><iframe title=\"Planilha para planejamento e controle de processo seletivo RH\" width=\"500\" height=\"281\" src=\"https:\/\/www.youtube.com\/embed\/xYy_A7h_5oU?feature=oembed\" frameborder=\"0\" allow=\"accelerometer; autoplay; clipboard-write; encrypted-media; gyroscope; picture-in-picture; web-share\" referrerpolicy=\"strict-origin-when-cross-origin\" allowfullscreen><\/iframe><\/div>\n<h3>Ap\u00f3s a compra e processamento de pagamento, a planilha \u00e9 disponibilizada de imediato para download.<\/h3>\n","protected":false},"excerpt":{"rendered":"<h4>Planilha Para Planejamento E Controle De Processo Seletivo<\/h4>\n<p>&nbsp;<\/p>\n<p><span style=\"font-size: 14pt;\">Tenha mais objetividade e organiza\u00e7\u00e3o nos seus processos seletivos com a planilha de planejamento e controle de processo seletivo.<\/span><\/p>\n<p><span style=\"font-size: 14pt;\">1. Para que serve a Planilha de Processo Seletivo<\/span><\/p>\n<p><span style=\"font-size: 14pt;\">A Planilha de Processo Seletivo permite um controle de um processo seletivo conduzido pela sua empresa. Voc\u00ea pode manter registros de todos os candidatos, da primeira at\u00e9 a \u00faltima etapa do seu processo e ainda fazer uma avalia\u00e7\u00e3o de todos eles, te auxiliando na tomada de decis\u00e3o.<\/span><\/p>\n<h3>Ap\u00f3s a compra e processamento de pagamento, a planilha \u00e9 disponibilizada de imediato para download.<\/h3>\n","protected":false},"featured_media":5720,"comment_status":"open","ping_status":"closed","template":"","meta":{"site-sidebar-layout":"default","site-content-layout":"default","ast-site-content-layout":"","site-content-style":"default","site-sidebar-style":"default","ast-global-header-display":"","ast-banner-title-visibility":"","ast-main-header-display":"","ast-hfb-above-header-display":"","ast-hfb-below-header-display":"","ast-hfb-mobile-header-display":"","site-post-title":"","ast-breadcrumbs-content":"disabled","ast-featured-img":"","footer-sml-layout":"","theme-transparent-header-meta":"default","adv-header-id-meta":"","stick-header-meta":"","header-above-stick-meta":"","header-main-stick-meta":"","header-below-stick-meta":"","astra-migrate-meta-layouts":"default","ast-page-background-enabled":"default","ast-page-background-meta":{"desktop":{"background-color":"","background-image":"","background-repeat":"repeat","background-position":"center center","background-size":"auto","background-attachment":"scroll","background-type":"","background-media":"","overlay-type":"","overlay-color":"","overlay-opacity":"","overlay-gradient":""},"tablet":{"background-color":"","background-image":"","background-repeat":"repeat","background-position":"center center","background-size":"auto","background-attachment":"scroll","background-type":"","background-media":"","overlay-type":"","overlay-color":"","overlay-opacity":"","overlay-gradient":""},"mobile":{"background-color":"","background-image":"","background-repeat":"repeat","background-position":"center center","background-size":"auto","background-attachment":"scroll","background-type":"","background-media":"","overlay-type":"","overlay-color":"","overlay-opacity":"","overlay-gradient":""}},"ast-content-background-meta":{"desktop":{"background-color":"var(--ast-global-color-5)","background-image":"","background-repeat":"repeat","background-position":"center center","background-size":"auto","background-attachment":"scroll","background-type":"","background-media":"","overlay-type":"","overlay-color":"","overlay-opacity":"","overlay-gradient":""},"tablet":{"background-color":"var(--ast-global-color-5)","background-image":"","background-repeat":"repeat","background-position":"center center","background-size":"auto","background-attachment":"scroll","background-type":"","background-media":"","overlay-type":"","overlay-color":"","overlay-opacity":"","overlay-gradient":""},"mobile":{"background-color":"var(--ast-global-color-5)","background-image":"","background-repeat":"repeat","background-position":"center center","background-size":"auto","background-attachment":"scroll","background-type":"","background-media":"","overlay-type":"","overlay-color":"","overlay-opacity":"","overlay-gradient":""}}},"product_brand":[],"product_cat":[120,990],"product_tag":[122,126,123],"class_list":{"0":"post-1520","1":"product","2":"type-product","3":"status-publish","4":"has-post-thumbnail","6":"product_cat-planilhas-em-excel","7":"product_cat-recursos-humanos","8":"product_tag-empresarial","9":"product_tag-operacional","10":"product_tag-recursos-humanos","11":"desktop-align-left","12":"tablet-align-left","13":"mobile-align-left","15":"first","16":"instock","17":"virtual","18":"sold-individually","19":"purchasable","20":"product-type-simple"},"_links":{"self":[{"href":"https:\/\/pacotedeplanilhas.com\/loja\/wp-json\/wp\/v2\/product\/1520","targetHints":{"allow":["GET"]}}],"collection":[{"href":"https:\/\/pacotedeplanilhas.com\/loja\/wp-json\/wp\/v2\/product"}],"about":[{"href":"https:\/\/pacotedeplanilhas.com\/loja\/wp-json\/wp\/v2\/types\/product"}],"replies":[{"embeddable":true,"href":"https:\/\/pacotedeplanilhas.com\/loja\/wp-json\/wp\/v2\/comments?post=1520"}],"version-history":[{"count":3,"href":"https:\/\/pacotedeplanilhas.com\/loja\/wp-json\/wp\/v2\/product\/1520\/revisions"}],"predecessor-version":[{"id":5721,"href":"https:\/\/pacotedeplanilhas.com\/loja\/wp-json\/wp\/v2\/product\/1520\/revisions\/5721"}],"wp:featuredmedia":[{"embeddable":true,"href":"https:\/\/pacotedeplanilhas.com\/loja\/wp-json\/wp\/v2\/media\/5720"}],"wp:attachment":[{"href":"https:\/\/pacotedeplanilhas.com\/loja\/wp-json\/wp\/v2\/media?parent=1520"}],"wp:term":[{"taxonomy":"product_brand","embeddable":true,"href":"https:\/\/pacotedeplanilhas.com\/loja\/wp-json\/wp\/v2\/product_brand?post=1520"},{"taxonomy":"product_cat","embeddable":true,"href":"https:\/\/pacotedeplanilhas.com\/loja\/wp-json\/wp\/v2\/product_cat?post=1520"},{"taxonomy":"product_tag","embeddable":true,"href":"https:\/\/pacotedeplanilhas.com\/loja\/wp-json\/wp\/v2\/product_tag?post=1520"}],"curies":[{"name":"wp","href":"https:\/\/api.w.org\/{rel}","templated":true}]}}