{"id":1785,"date":"2021-02-05T13:12:10","date_gmt":"2021-02-05T16:12:10","guid":{"rendered":"https:\/\/pacotedeplanilhas.com\/loja\/?post_type=product&#038;p=1785"},"modified":"2021-03-19T14:15:34","modified_gmt":"2021-03-19T17:15:34","slug":"pacote-completo-rh","status":"publish","type":"product","link":"https:\/\/pacotedeplanilhas.com\/loja\/store\/pacotes\/pacote-completo-rh\/","title":{"rendered":"Pacote completo RH (Excel, Powerpoint e PowerBI)"},"content":{"rendered":"<h2>Ap\u00f3s a compra o acesso ser\u00e1 disponibilizado de imediato via e-mail.<\/h2>\n<p><span style=\"font-size: 14pt;\"><strong>Planilhas, Slides e projetos em Power Bi do pacote:<\/strong><\/span><\/p>\n<p>Escala de trabalho;<br \/>\nFolha de pagamento;<br \/>\nApura\u00e7\u00e3o de horas extras;<br \/>\nControle de treinamentos;<br \/>\nCadastro e controle de funcion\u00e1rios;<br \/>\nDesempenho individual de funcion\u00e1rios;<br \/>\nIndicadores de RH;<br \/>\nFolha de ponto;<br \/>\nFerramentas de analise;<br \/>\nTurnover;<br \/>\nAbesente\u00edsmo;<br \/>\nCalculadora de INSS;<br \/>\nBanco de horas:<br \/>\nAvalia\u00e7\u00e3o de desempenho;<br \/>\nTeste DISC;<br \/>\nAnalise GUTA;<br \/>\nAcompanhamento e controle de metas;<br \/>\nE muitas outras mais.<\/p>\n<p><strong>Slides:<\/strong><\/p>\n<p>Fluxograma de processos;<br \/>\nTreinamentos;<br \/>\nIndicadores de KPIS e produtividade;<br \/>\nCalend\u00e1rios;<br \/>\nApresenta\u00e7\u00f5es com pessoas;<br \/>\nApresenta\u00e7\u00f5es com conte\u00fado de aprendizagem;<br \/>\nPerfil da empresa;<br \/>\nRecursos humanos;<br \/>\nGerenciamento de riscos;<br \/>\nDashboards;<br \/>\nProcessos empresariais;<br \/>\nOrganograma da institui\u00e7\u00e3o ou departamentos;<br \/>\nPlanejamento e controle de metas;<br \/>\nGr\u00e1fico de Gantt;<br \/>\nDiversos gr\u00e1ficos;<br \/>\nE muitas outras mais.<\/p>\n<p><strong><span style=\"font-size: 14pt;\">Todas as planilhas s\u00e3o totalmente edit\u00e1veis e de f\u00e1cil acesso.\u00a0<\/span><\/strong><br \/>\n<strong><span style=\"font-size: 14pt;\">Ao comprar o pacote ter\u00e1 acesso vital\u00edcio com atualiza\u00e7\u00f5es mensais gratuitas.<\/span><\/strong><br \/>\n<strong><span style=\"font-size: 14pt;\">O pacote possui uma \u00e1rea de membros com todas as planilhas organizadas, com v\u00eddeos explicativos das melhores e mais utilizadas.<\/span><\/strong><br \/>\n<strong><span style=\"font-size: 14pt;\">Planilhas de recursos humanos com Dashboards incr\u00edveis para uma r\u00e1pida visualiza\u00e7\u00e3o dos dados.<\/span><\/strong><br \/>\n<strong><span style=\"font-size: 14pt;\">B\u00f4nus 1: Pacote com diversas apostilas e livros sobre Excel.<\/span><\/strong><br \/>\n<strong><span style=\"font-size: 14pt;\">B\u00f4nus 2: CURSO DE EXCEL DO ZERO AO B\u00c1SICO<br \/>\nB\u00f4nus 3: Curso introdut\u00f3rio sobre recursos humanos<br \/>\n<\/span><\/strong><\/p>\n<p><strong><span style=\"font-size: 18pt;\">Veja alguns v\u00eddeos explicativos de planilhas que temos no pacote<\/span><\/strong><\/p>\n<h1 class=\"title style-scope ytd-video-primary-info-renderer\"><span style=\"font-size: 14pt;\">Planilha Dashboard de Avalia\u00e7\u00e3o de Desempenho completo<\/span><\/h1>\n<p><iframe src=\"\/\/www.youtube.com\/embed\/T9l6LXe2EdI\" width=\"560\" height=\"314\" allowfullscreen=\"allowfullscreen\"><\/iframe><\/p>\n<h1 class=\"title style-scope ytd-video-primary-info-renderer\"><span style=\"font-size: 14pt;\">Planilha de planejamento e controle de escala de trabalho RH<\/span><\/h1>\n<p><iframe src=\"\/\/www.youtube.com\/embed\/Xv8FvbaqoVo\" width=\"560\" height=\"314\" allowfullscreen=\"allowfullscreen\"><\/iframe><\/p>\n<h1 class=\"title style-scope ytd-video-primary-info-renderer\"><span style=\"font-size: 14pt;\">Planilha Dashboard de Apura\u00e7\u00e3o de horas extras de funcion\u00e1rios RH<\/span><\/h1>\n<p><iframe src=\"\/\/www.youtube.com\/embed\/v9rcqhgroDo\" width=\"560\" height=\"314\" allowfullscreen=\"allowfullscreen\"><\/iframe><\/p>\n<h1 class=\"title style-scope ytd-video-primary-info-renderer\"><span style=\"font-size: 14pt;\">Planilha Dashboard Folha de pagamento RH (Recursos Humanos)<\/span><\/h1>\n<p><iframe src=\"\/\/www.youtube.com\/embed\/RwTXv697svo\" width=\"560\" height=\"314\" allowfullscreen=\"allowfullscreen\"><\/iframe><\/p>\n<h1 class=\"title style-scope ytd-video-primary-info-renderer\"><span style=\"font-size: 14pt;\">Planilha para planejamento e controle de processo seletivo RH<\/span><\/h1>\n<p><iframe src=\"\/\/www.youtube.com\/embed\/xYy_A7h_5oU\" width=\"560\" height=\"314\" allowfullscreen=\"allowfullscreen\"><\/iframe><\/p>\n<h1 class=\"title style-scope ytd-video-primary-info-renderer\"><span style=\"font-size: 14pt;\">Planilha Dashboard de planejamento e controle de treinamentos RH<\/span><\/h1>\n<p><iframe src=\"\/\/www.youtube.com\/embed\/6Co29Ph2YvQ\" width=\"560\" height=\"314\" allowfullscreen=\"allowfullscreen\"><\/iframe><\/p>\n<h1 class=\"title style-scope ytd-video-primary-info-renderer\"><span style=\"font-size: 14pt;\">Planilha Dashboard de Indicadores de RH (Recursos Humanos)<\/span><\/h1>\n<p><iframe src=\"\/\/www.youtube.com\/embed\/KooNX870Ta8\" width=\"560\" height=\"314\" allowfullscreen=\"allowfullscreen\"><\/iframe><\/p>\n","protected":false},"excerpt":{"rendered":"<p><strong>Pacote espec\u00edfico para a \u00e1rea de RH com diversas planilhas, Slides e projetos em Power BI e o melhor, voc\u00ea nem precisa ser expert no assunto para utilizar as ferramentas que s\u00e3o todas TOTALMENTE EDIT\u00c1VEIS.<\/strong><\/p>\n<p><strong>O nosso objetivo principal \u00e9 que Al\u00e9m de voc\u00ea obter um conte\u00fado bonito e funcional, voc\u00ea possa focar o seu tempo nas atividades mais importantes do seu trabalho.<\/strong><\/p>\n<p><strong>Deixe a parte chata por nossa conta e foque no que realmente \u00e9 importante para sua empresa ou \u00e1rea de trabalho crescer!<\/strong><\/p>\n","protected":false},"featured_media":1786,"comment_status":"open","ping_status":"closed","template":"","meta":{"site-sidebar-layout":"default","site-content-layout":"default","ast-site-content-layout":"","site-content-style":"default","site-sidebar-style":"default","ast-global-header-display":"","ast-banner-title-visibility":"","ast-main-header-display":"","ast-hfb-above-header-display":"","ast-hfb-below-header-display":"","ast-hfb-mobile-header-display":"","site-post-title":"","ast-breadcrumbs-content":"","ast-featured-img":"","footer-sml-layout":"","theme-transparent-header-meta":"default","adv-header-id-meta":"","stick-header-meta":"","header-above-stick-meta":"","header-main-stick-meta":"","header-below-stick-meta":"","astra-migrate-meta-layouts":"default","ast-page-background-enabled":"default","ast-page-background-meta":{"desktop":{"background-color":"","background-image":"","background-repeat":"repeat","background-position":"center center","background-size":"auto","background-attachment":"scroll","background-type":"","background-media":"","overlay-type":"","overlay-color":"","overlay-opacity":"","overlay-gradient":""},"tablet":{"background-color":"","background-image":"","background-repeat":"repeat","background-position":"center center","background-size":"auto","background-attachment":"scroll","background-type":"","background-media":"","overlay-type":"","overlay-color":"","overlay-opacity":"","overlay-gradient":""},"mobile":{"background-color":"","background-image":"","background-repeat":"repeat","background-position":"center center","background-size":"auto","background-attachment":"scroll","background-type":"","background-media":"","overlay-type":"","overlay-color":"","overlay-opacity":"","overlay-gradient":""}},"ast-content-background-meta":{"desktop":{"background-color":"var(--ast-global-color-5)","background-image":"","background-repeat":"repeat","background-position":"center center","background-size":"auto","background-attachment":"scroll","background-type":"","background-media":"","overlay-type":"","overlay-color":"","overlay-opacity":"","overlay-gradient":""},"tablet":{"background-color":"var(--ast-global-color-5)","background-image":"","background-repeat":"repeat","background-position":"center center","background-size":"auto","background-attachment":"scroll","background-type":"","background-media":"","overlay-type":"","overlay-color":"","overlay-opacity":"","overlay-gradient":""},"mobile":{"background-color":"var(--ast-global-color-5)","background-image":"","background-repeat":"repeat","background-position":"center center","background-size":"auto","background-attachment":"scroll","background-type":"","background-media":"","overlay-type":"","overlay-color":"","overlay-opacity":"","overlay-gradient":""}}},"product_brand":[],"product_cat":[121,120],"product_tag":[123],"class_list":{"0":"post-1785","1":"product","2":"type-product","3":"status-publish","4":"has-post-thumbnail","6":"product_cat-pacotes","7":"product_cat-planilhas-em-excel","8":"product_tag-recursos-humanos","9":"desktop-align-left","10":"tablet-align-left","11":"mobile-align-left","13":"first","14":"instock","15":"sale","16":"featured","17":"virtual","18":"purchasable","19":"product-type-simple"},"_links":{"self":[{"href":"https:\/\/pacotedeplanilhas.com\/loja\/wp-json\/wp\/v2\/product\/1785","targetHints":{"allow":["GET"]}}],"collection":[{"href":"https:\/\/pacotedeplanilhas.com\/loja\/wp-json\/wp\/v2\/product"}],"about":[{"href":"https:\/\/pacotedeplanilhas.com\/loja\/wp-json\/wp\/v2\/types\/product"}],"replies":[{"embeddable":true,"href":"https:\/\/pacotedeplanilhas.com\/loja\/wp-json\/wp\/v2\/comments?post=1785"}],"version-history":[{"count":1,"href":"https:\/\/pacotedeplanilhas.com\/loja\/wp-json\/wp\/v2\/product\/1785\/revisions"}],"predecessor-version":[{"id":2164,"href":"https:\/\/pacotedeplanilhas.com\/loja\/wp-json\/wp\/v2\/product\/1785\/revisions\/2164"}],"wp:featuredmedia":[{"embeddable":true,"href":"https:\/\/pacotedeplanilhas.com\/loja\/wp-json\/wp\/v2\/media\/1786"}],"wp:attachment":[{"href":"https:\/\/pacotedeplanilhas.com\/loja\/wp-json\/wp\/v2\/media?parent=1785"}],"wp:term":[{"taxonomy":"product_brand","embeddable":true,"href":"https:\/\/pacotedeplanilhas.com\/loja\/wp-json\/wp\/v2\/product_brand?post=1785"},{"taxonomy":"product_cat","embeddable":true,"href":"https:\/\/pacotedeplanilhas.com\/loja\/wp-json\/wp\/v2\/product_cat?post=1785"},{"taxonomy":"product_tag","embeddable":true,"href":"https:\/\/pacotedeplanilhas.com\/loja\/wp-json\/wp\/v2\/product_tag?post=1785"}],"curies":[{"name":"wp","href":"https:\/\/api.w.org\/{rel}","templated":true}]}}