{"id":1788,"date":"2021-02-05T13:35:26","date_gmt":"2021-02-05T16:35:26","guid":{"rendered":"https:\/\/pacotedeplanilhas.com\/loja\/?post_type=product&#038;p=1788"},"modified":"2021-04-08T10:38:03","modified_gmt":"2021-04-08T13:38:03","slug":"pacote-de-gerenciamento-de-projetos-excel-e-powerpoint","status":"publish","type":"product","link":"https:\/\/pacotedeplanilhas.com\/loja\/store\/pacotes\/pacote-de-gerenciamento-de-projetos-excel-e-powerpoint\/","title":{"rendered":"Pacote de Gerenciamento de Projetos (Excel e Powerpoint)"},"content":{"rendered":"<section class=\"elementor-element elementor-element-a285c1a elementor-section-boxed elementor-section-height-default elementor-section-height-default elementor-section elementor-top-section\" data-id=\"a285c1a\" data-element_type=\"section\">\n<div class=\"elementor-container elementor-column-gap-default\">\n<div class=\"elementor-row\">\n<div class=\"elementor-element elementor-element-891a8cc elementor-column elementor-col-100 elementor-top-column\" data-id=\"891a8cc\" data-element_type=\"column\">\n<div class=\"elementor-column-wrap elementor-element-populated\">\n<div class=\"elementor-widget-wrap\">\n<div class=\"elementor-element elementor-element-30cbb9b elementor-widget elementor-widget-text-editor\" data-id=\"30cbb9b\" data-element_type=\"widget\" data-widget_type=\"text-editor.default\">\n<div class=\"elementor-widget-container\">\n<h2>Ap\u00f3s a compra o acesso ser\u00e1 disponibilizado de imediato via e-mail.<\/h2>\n<div class=\"elementor-text-editor elementor-clearfix\">\n<h4><strong>Planilhas, Slides e projetos em Power Bi do pacote:<\/strong><\/h4>\n<\/div>\n<\/div>\n<\/div>\n<\/div>\n<\/div>\n<\/div>\n<\/div>\n<\/div>\n<\/section>\n<section class=\"elementor-element elementor-element-80ba340 elementor-section-boxed elementor-section-height-default elementor-section-height-default elementor-section elementor-top-section\" data-id=\"80ba340\" data-element_type=\"section\">\n<div class=\"elementor-container elementor-column-gap-default\">\n<div class=\"elementor-row\">\n<div class=\"elementor-element elementor-element-6b84f60 elementor-column elementor-col-100 elementor-top-column\" data-id=\"6b84f60\" data-element_type=\"column\">\n<div class=\"elementor-column-wrap elementor-element-populated\">\n<div class=\"elementor-widget-wrap\">\n<div class=\"elementor-element elementor-element-cac0542 elementor-widget elementor-widget-text-editor\" data-id=\"cac0542\" data-element_type=\"widget\" data-widget_type=\"text-editor.default\">\n<div class=\"elementor-widget-container\">\n<div class=\"elementor-text-editor elementor-clearfix\">\n<p><strong>Planilhas Gest\u00e3o de projetos:<\/strong><\/p>\n<ul>\n<li>5 Planilhas para gerenciamento de projetos<\/li>\n<li>\u00a0<span class=\"mx-2\" data-v-07b505e0=\"\">Planilha 5W2H Dashboard controle da qualidade<\/span><\/li>\n<li><i class=\"far fa-circle\" data-v-07b505e0=\"\"><\/i>\u00a0<span class=\"mx-2\" data-v-07b505e0=\"\">Planilha Ciclo PDCA Dashboard controle da qualidade<\/span><\/li>\n<\/ul>\n<p><strong>Slides:<\/strong><\/p>\n<p>Fluxograma de processos;<br \/>\nGerenciamento de projetos;<br \/>\nIndicadores de KPIS e produtividade;<br \/>\nCalend\u00e1rios;<br \/>\nApresenta\u00e7\u00f5es com pessoas;<br \/>\nApresenta\u00e7\u00f5es com conte\u00fado de aprendizagem;<br \/>\nPerfil da empresa;<br \/>\nRecursos humanos;<br \/>\nGerenciamento de riscos;<br \/>\nDashboards;<br \/>\nProcessos empresariais;<br \/>\nOrganograma da institui\u00e7\u00e3o ou departamentos;<br \/>\nPlanejamento e controle de metas;<br \/>\nGr\u00e1fico de Gantt;<br \/>\nDiversos gr\u00e1ficos;<br \/>\nE muitas outras mais.<\/p>\n<p><strong><span style=\"font-size: 14pt;\">Todas as planilhas s\u00e3o totalmente edit\u00e1veis e de f\u00e1cil acesso.\u00a0<\/span><\/strong><br \/>\n<strong><span style=\"font-size: 14pt;\">Ao comprar o pacote ter\u00e1 acesso vital\u00edcio com atualiza\u00e7\u00f5es mensais gratuitas.<\/span><\/strong><br \/>\n<strong><span style=\"font-size: 14pt;\">O pacote possui uma \u00e1rea de membros com todas as planilhas organizadas, com v\u00eddeos explicativos das melhores e mais utilizadas.<\/span><\/strong><br \/>\n<strong><span style=\"font-size: 14pt;\">Planilhas de gerenciamento de projetos com Dashboards incr\u00edveis para uma r\u00e1pida visualiza\u00e7\u00e3o dos dados.<\/span><\/strong><br \/>\n<strong><span style=\"font-size: 14pt;\">B\u00f4nus 1: Pacote com diversas apostilas e livros sobre Excel.<\/span><\/strong><br \/>\n<strong><span style=\"font-size: 14pt;\">B\u00f4nus 2: CURSO DE EXCEL DO ZERO AO B\u00c1SICO<\/span><\/strong><\/p>\n<p><strong><span style=\"font-size: 18pt;\">Veja alguns v\u00eddeos explicativos de planilhas que temos no pacote<\/span><\/strong><\/p>\n<p><strong><span style=\"font-size: 14pt;\">Planilha Dashboard de gerenciamento de projetos<br \/>\n<iframe src=\"\/\/www.youtube.com\/embed\/Kt-nSmOO8WE\" width=\"560\" height=\"314\" allowfullscreen=\"allowfullscreen\"><\/iframe><br \/>\n<\/span><\/strong><\/p>\n<h1 class=\"title style-scope ytd-video-primary-info-renderer\"><strong><span style=\"font-size: 14pt;\">Planilha de Gerenciamento de Projetos &#8211; Planilhas direto ao ponto<\/span><\/strong><\/h1>\n<p><iframe src=\"\/\/www.youtube.com\/embed\/Q73nG4V-F_Y\" width=\"560\" height=\"314\" allowfullscreen=\"allowfullscreen\"><\/iframe><\/p>\n<\/div>\n<\/div>\n<\/div>\n<\/div>\n<\/div>\n<\/div>\n<\/div>\n<\/div>\n<\/section>\n","protected":false},"excerpt":{"rendered":"<h4><span style=\"font-size: 14pt;\">Pacote espec\u00edfico para a \u00e1rea de Planejamento e gerenciamento de projetos com diversas planilhas e Slides, voc\u00ea nem precisa ser expert no assunto para utilizar as ferramentas que s\u00e3o todas TOTALMENTE EDIT\u00c1VEIS.<\/span><\/h4>\n","protected":false},"featured_media":1789,"comment_status":"open","ping_status":"closed","template":"","meta":{"site-sidebar-layout":"default","site-content-layout":"default","ast-site-content-layout":"","site-content-style":"default","site-sidebar-style":"default","ast-global-header-display":"","ast-banner-title-visibility":"","ast-main-header-display":"","ast-hfb-above-header-display":"","ast-hfb-below-header-display":"","ast-hfb-mobile-header-display":"","site-post-title":"","ast-breadcrumbs-content":"","ast-featured-img":"","footer-sml-layout":"","theme-transparent-header-meta":"default","adv-header-id-meta":"","stick-header-meta":"","header-above-stick-meta":"","header-main-stick-meta":"","header-below-stick-meta":"","astra-migrate-meta-layouts":"default","ast-page-background-enabled":"default","ast-page-background-meta":{"desktop":{"background-color":"","background-image":"","background-repeat":"repeat","background-position":"center center","background-size":"auto","background-attachment":"scroll","background-type":"","background-media":"","overlay-type":"","overlay-color":"","overlay-opacity":"","overlay-gradient":""},"tablet":{"background-color":"","background-image":"","background-repeat":"repeat","background-position":"center center","background-size":"auto","background-attachment":"scroll","background-type":"","background-media":"","overlay-type":"","overlay-color":"","overlay-opacity":"","overlay-gradient":""},"mobile":{"background-color":"","background-image":"","background-repeat":"repeat","background-position":"center center","background-size":"auto","background-attachment":"scroll","background-type":"","background-media":"","overlay-type":"","overlay-color":"","overlay-opacity":"","overlay-gradient":""}},"ast-content-background-meta":{"desktop":{"background-color":"var(--ast-global-color-5)","background-image":"","background-repeat":"repeat","background-position":"center center","background-size":"auto","background-attachment":"scroll","background-type":"","background-media":"","overlay-type":"","overlay-color":"","overlay-opacity":"","overlay-gradient":""},"tablet":{"background-color":"var(--ast-global-color-5)","background-image":"","background-repeat":"repeat","background-position":"center center","background-size":"auto","background-attachment":"scroll","background-type":"","background-media":"","overlay-type":"","overlay-color":"","overlay-opacity":"","overlay-gradient":""},"mobile":{"background-color":"var(--ast-global-color-5)","background-image":"","background-repeat":"repeat","background-position":"center center","background-size":"auto","background-attachment":"scroll","background-type":"","background-media":"","overlay-type":"","overlay-color":"","overlay-opacity":"","overlay-gradient":""}}},"product_brand":[],"product_cat":[121,120],"product_tag":[122,172],"class_list":{"0":"post-1788","1":"product","2":"type-product","3":"status-publish","4":"has-post-thumbnail","6":"product_cat-pacotes","7":"product_cat-planilhas-em-excel","8":"product_tag-empresarial","9":"product_tag-gerenciamento-de-projetos","10":"desktop-align-left","11":"tablet-align-left","12":"mobile-align-left","14":"first","15":"instock","16":"sale","17":"featured","18":"virtual","19":"purchasable","20":"product-type-simple"},"_links":{"self":[{"href":"https:\/\/pacotedeplanilhas.com\/loja\/wp-json\/wp\/v2\/product\/1788","targetHints":{"allow":["GET"]}}],"collection":[{"href":"https:\/\/pacotedeplanilhas.com\/loja\/wp-json\/wp\/v2\/product"}],"about":[{"href":"https:\/\/pacotedeplanilhas.com\/loja\/wp-json\/wp\/v2\/types\/product"}],"replies":[{"embeddable":true,"href":"https:\/\/pacotedeplanilhas.com\/loja\/wp-json\/wp\/v2\/comments?post=1788"}],"version-history":[{"count":4,"href":"https:\/\/pacotedeplanilhas.com\/loja\/wp-json\/wp\/v2\/product\/1788\/revisions"}],"predecessor-version":[{"id":2168,"href":"https:\/\/pacotedeplanilhas.com\/loja\/wp-json\/wp\/v2\/product\/1788\/revisions\/2168"}],"wp:featuredmedia":[{"embeddable":true,"href":"https:\/\/pacotedeplanilhas.com\/loja\/wp-json\/wp\/v2\/media\/1789"}],"wp:attachment":[{"href":"https:\/\/pacotedeplanilhas.com\/loja\/wp-json\/wp\/v2\/media?parent=1788"}],"wp:term":[{"taxonomy":"product_brand","embeddable":true,"href":"https:\/\/pacotedeplanilhas.com\/loja\/wp-json\/wp\/v2\/product_brand?post=1788"},{"taxonomy":"product_cat","embeddable":true,"href":"https:\/\/pacotedeplanilhas.com\/loja\/wp-json\/wp\/v2\/product_cat?post=1788"},{"taxonomy":"product_tag","embeddable":true,"href":"https:\/\/pacotedeplanilhas.com\/loja\/wp-json\/wp\/v2\/product_tag?post=1788"}],"curies":[{"name":"wp","href":"https:\/\/api.w.org\/{rel}","templated":true}]}}