{"id":2021,"date":"2021-02-19T14:57:31","date_gmt":"2021-02-19T17:57:31","guid":{"rendered":"https:\/\/pacotedeplanilhas.com\/loja\/?post_type=product&#038;p=2021"},"modified":"2024-08-12T14:27:39","modified_gmt":"2024-08-12T17:27:39","slug":"planilha-dashboard-de-consulta-medica","status":"publish","type":"product","link":"https:\/\/pacotedeplanilhas.com\/loja\/store\/planilhas-em-excel\/planilha-dashboard-de-consulta-medica\/","title":{"rendered":"Planilha Dashboard de consulta m\u00e9dica"},"content":{"rendered":"<h4>Planilha Dashboard de consulta m\u00e9dica<\/h4>\n<p>Essa planilhas tem o objetivo de organizar as consultas em uma cl\u00ednica ou consult\u00f3rio, para agilizar o atendimento e facilitar os processos.<\/p>\n<p>A planilha conta com uma aba de cadastro onde s\u00e3o cadastrados os motivos de atendimento, profissionais envolvidos no atendimento, logo ap\u00f3s tem uma parte de cadastro de clientes para serem inseridas informa\u00e7\u00f5es pessoais do paciente. Os lan\u00e7amentos da planilha s\u00e3o feitos em uma linha e podem ser utilizados em car\u00e1ter mensal, ou seja, para cada m\u00eas tem uma aba de lan\u00e7amentos. A planilha tamb\u00e9m apresenta um relat\u00f3rio de impress\u00e3o, uma parte de impress\u00e3o da da consulta, resultados consolidados das opera\u00e7\u00f5es e um Dashboard de informa\u00e7\u00f5es totalmente din\u00e2mico. A planilha \u00e9 totalmente edit\u00e1vel e voc\u00ea pode costumiza-la da maneira que achar melhor.<\/p>\n<h4>V\u00eddeo explicativo da planilha<\/h4>\n<div class=\"ast-oembed-container \" style=\"height: 100%;\"><iframe title=\"Dashboard consulta m\u00e9dica\" width=\"500\" height=\"281\" src=\"https:\/\/www.youtube.com\/embed\/CBJEmm5jwvA?feature=oembed\" frameborder=\"0\" allow=\"accelerometer; autoplay; clipboard-write; encrypted-media; gyroscope; picture-in-picture; web-share\" referrerpolicy=\"strict-origin-when-cross-origin\" allowfullscreen><\/iframe><\/div>\n<p>&nbsp;<\/p>\n<p>&nbsp;<\/p>\n<h3>Ap\u00f3s a compra e processamento de pagamento, a planilha \u00e9 disponibilizada de imediato para download.<\/h3>\n","protected":false},"excerpt":{"rendered":"<h4>Planilha Dashboard de consulta m\u00e9dica<\/h4>\n<p>Essa planilhas tem o objetivo de organizar as consultas em uma cl\u00ednica ou consult\u00f3rio, para agilizar o atendimento e facilitar os processos.<\/p>\n<h3>Ap\u00f3s a compra e processamento de pagamento, a planilha \u00e9 disponibilizada de imediato para download.<\/h3>\n","protected":false},"featured_media":2023,"comment_status":"open","ping_status":"closed","template":"","meta":{"site-sidebar-layout":"default","site-content-layout":"default","ast-site-content-layout":"","site-content-style":"default","site-sidebar-style":"default","ast-global-header-display":"","ast-banner-title-visibility":"","ast-main-header-display":"","ast-hfb-above-header-display":"","ast-hfb-below-header-display":"","ast-hfb-mobile-header-display":"","site-post-title":"","ast-breadcrumbs-content":"","ast-featured-img":"","footer-sml-layout":"","theme-transparent-header-meta":"default","adv-header-id-meta":"","stick-header-meta":"","header-above-stick-meta":"","header-main-stick-meta":"","header-below-stick-meta":"","astra-migrate-meta-layouts":"default","ast-page-background-enabled":"default","ast-page-background-meta":{"desktop":{"background-color":"","background-image":"","background-repeat":"repeat","background-position":"center center","background-size":"auto","background-attachment":"scroll","background-type":"","background-media":"","overlay-type":"","overlay-color":"","overlay-opacity":"","overlay-gradient":""},"tablet":{"background-color":"","background-image":"","background-repeat":"repeat","background-position":"center center","background-size":"auto","background-attachment":"scroll","background-type":"","background-media":"","overlay-type":"","overlay-color":"","overlay-opacity":"","overlay-gradient":""},"mobile":{"background-color":"","background-image":"","background-repeat":"repeat","background-position":"center center","background-size":"auto","background-attachment":"scroll","background-type":"","background-media":"","overlay-type":"","overlay-color":"","overlay-opacity":"","overlay-gradient":""}},"ast-content-background-meta":{"desktop":{"background-color":"var(--ast-global-color-5)","background-image":"","background-repeat":"repeat","background-position":"center center","background-size":"auto","background-attachment":"scroll","background-type":"","background-media":"","overlay-type":"","overlay-color":"","overlay-opacity":"","overlay-gradient":""},"tablet":{"background-color":"var(--ast-global-color-5)","background-image":"","background-repeat":"repeat","background-position":"center center","background-size":"auto","background-attachment":"scroll","background-type":"","background-media":"","overlay-type":"","overlay-color":"","overlay-opacity":"","overlay-gradient":""},"mobile":{"background-color":"var(--ast-global-color-5)","background-image":"","background-repeat":"repeat","background-position":"center center","background-size":"auto","background-attachment":"scroll","background-type":"","background-media":"","overlay-type":"","overlay-color":"","overlay-opacity":"","overlay-gradient":""}}},"product_brand":[],"product_cat":[120,990,994],"product_tag":[124,127,174],"class_list":{"0":"post-2021","1":"product","2":"type-product","3":"status-publish","4":"has-post-thumbnail","6":"product_cat-planilhas-em-excel","7":"product_cat-recursos-humanos","8":"product_cat-seguranca-do-trabalho","9":"product_tag-dashboard","10":"product_tag-gerenciamento","11":"product_tag-medico","12":"desktop-align-left","13":"tablet-align-left","14":"mobile-align-left","16":"first","17":"instock","18":"virtual","19":"purchasable","20":"product-type-simple"},"_links":{"self":[{"href":"https:\/\/pacotedeplanilhas.com\/loja\/wp-json\/wp\/v2\/product\/2021","targetHints":{"allow":["GET"]}}],"collection":[{"href":"https:\/\/pacotedeplanilhas.com\/loja\/wp-json\/wp\/v2\/product"}],"about":[{"href":"https:\/\/pacotedeplanilhas.com\/loja\/wp-json\/wp\/v2\/types\/product"}],"replies":[{"embeddable":true,"href":"https:\/\/pacotedeplanilhas.com\/loja\/wp-json\/wp\/v2\/comments?post=2021"}],"version-history":[{"count":3,"href":"https:\/\/pacotedeplanilhas.com\/loja\/wp-json\/wp\/v2\/product\/2021\/revisions"}],"predecessor-version":[{"id":5593,"href":"https:\/\/pacotedeplanilhas.com\/loja\/wp-json\/wp\/v2\/product\/2021\/revisions\/5593"}],"wp:featuredmedia":[{"embeddable":true,"href":"https:\/\/pacotedeplanilhas.com\/loja\/wp-json\/wp\/v2\/media\/2023"}],"wp:attachment":[{"href":"https:\/\/pacotedeplanilhas.com\/loja\/wp-json\/wp\/v2\/media?parent=2021"}],"wp:term":[{"taxonomy":"product_brand","embeddable":true,"href":"https:\/\/pacotedeplanilhas.com\/loja\/wp-json\/wp\/v2\/product_brand?post=2021"},{"taxonomy":"product_cat","embeddable":true,"href":"https:\/\/pacotedeplanilhas.com\/loja\/wp-json\/wp\/v2\/product_cat?post=2021"},{"taxonomy":"product_tag","embeddable":true,"href":"https:\/\/pacotedeplanilhas.com\/loja\/wp-json\/wp\/v2\/product_tag?post=2021"}],"curies":[{"name":"wp","href":"https:\/\/api.w.org\/{rel}","templated":true}]}}