{"id":2031,"date":"2021-02-19T15:13:45","date_gmt":"2021-02-19T18:13:45","guid":{"rendered":"https:\/\/pacotedeplanilhas.com\/loja\/?post_type=product&#038;p=2031"},"modified":"2024-07-17T22:05:24","modified_gmt":"2024-07-18T01:05:24","slug":"dashboard-planilha-de-gestao-da-qualidade-5w2h","status":"publish","type":"product","link":"https:\/\/pacotedeplanilhas.com\/loja\/store\/gestao-da-qualidade\/dashboard-planilha-de-gestao-da-qualidade-5w2h\/","title":{"rendered":"Dashboard planilha de Gest\u00e3o da Qualidade 5W2H"},"content":{"rendered":"<h4>Dashboard planilha de Gest\u00e3o da Qualidade 5W2H<\/h4>\n<p>O 5W2H \u00e9 um checklist de atividades espec\u00edficas para criar e organizar um projeto com o intuito de realiza-lo com o m\u00e1ximo de clareza e efici\u00eancia. O nome 5w2h s\u00e3o as iniciais (em ingl\u00eas) das sete diretrizes que o m\u00e9todo define, s\u00e3o sete perguntas essenciais que devem ser respondidas para deixar o projeto mais claro e eficiente.<\/p>\n<p>5 W: What (o que ser\u00e1 feito?); Why (por que ser\u00e1 feito?); Where (onde ser\u00e1 feito?); When (quando?); Who (por quem ser\u00e1 feito?).<\/p>\n<p>2H: How (como ser\u00e1 feito?); How much (quanto vai custar?).<\/p>\n<p>Utilizar o m\u00e9todo 5w2h nada mais \u00e9 do que criar um plano de a\u00e7\u00e3o onde cada atividade a ser planejada dever\u00e1 ter as respostas das setes quest\u00f5es acima, auxiliando muito no controle das tarefas a serem executadas e reduzindo drasticamente desperd\u00edcios de tempo e recursos.<\/p>\n<p>A diminui\u00e7\u00e3o das d\u00favidas relacionadas as atividades geram produtividade na execu\u00e7\u00e3o do projeto, pois tudo ficar\u00e1 mais claro, o colaborador ao executar a sua tarefa saber\u00e1 exatamente o que deve ser feito, porque isso dever\u00e1 ser feito, aonde vai ser realizada a atividade, qual o prazo que ele possui, quem mais integrar\u00e1 o projeto, como ele dever\u00e1 realizar a tarefa e o custo que essa atividade deve ter.<\/p>\n<h4>V\u00eddeo explicativo da planilha<\/h4>\n<p>&nbsp;<\/p>\n<div class=\"ast-oembed-container \" style=\"height: 100%;\"><iframe title=\"Dashboard planilha 5W2H - Gest\u00e3o da Qualidade\" width=\"500\" height=\"281\" src=\"https:\/\/www.youtube.com\/embed\/mb31kHWQ4aI?feature=oembed\" frameborder=\"0\" allow=\"accelerometer; autoplay; clipboard-write; encrypted-media; gyroscope; picture-in-picture; web-share\" referrerpolicy=\"strict-origin-when-cross-origin\" allowfullscreen><\/iframe><\/div>\n<p>&nbsp;<\/p>\n<h3>Ap\u00f3s a compra e processamento de pagamento, a planilha \u00e9 disponibilizada de imediato para download.<\/h3>\n","protected":false},"excerpt":{"rendered":"<h4>Dashboard planilha de Gest\u00e3o da Qualidade 5W2H<\/h4>\n<p>O 5W2H \u00e9 um checklist de atividades espec\u00edficas para criar e organizar um projeto com o intuito de realiza-lo com o m\u00e1ximo de clareza e efici\u00eancia. O nome 5w2h s\u00e3o as iniciais (em ingl\u00eas) das sete diretrizes que o m\u00e9todo define, s\u00e3o sete perguntas essenciais que devem ser respondidas para deixar o projeto mais claro e eficiente.<\/p>\n<p>5 W: What (o que ser\u00e1 feito?); Why (por que ser\u00e1 feito?); Where (onde ser\u00e1 feito?); When (quando?); Who (por quem ser\u00e1 feito?).<\/p>\n<p>2H: How (como ser\u00e1 feito?); How much (quanto vai custar?).<\/p>\n<h3>Ap\u00f3s a compra e processamento de pagamento, a planilha \u00e9 disponibilizada de imediato para download.<\/h3>\n","protected":false},"featured_media":2032,"comment_status":"open","ping_status":"closed","template":"","meta":{"site-sidebar-layout":"default","site-content-layout":"default","ast-site-content-layout":"","site-content-style":"default","site-sidebar-style":"default","ast-global-header-display":"","ast-banner-title-visibility":"","ast-main-header-display":"","ast-hfb-above-header-display":"","ast-hfb-below-header-display":"","ast-hfb-mobile-header-display":"","site-post-title":"","ast-breadcrumbs-content":"","ast-featured-img":"","footer-sml-layout":"","theme-transparent-header-meta":"default","adv-header-id-meta":"","stick-header-meta":"","header-above-stick-meta":"","header-main-stick-meta":"","header-below-stick-meta":"","astra-migrate-meta-layouts":"default","ast-page-background-enabled":"default","ast-page-background-meta":{"desktop":{"background-color":"","background-image":"","background-repeat":"repeat","background-position":"center center","background-size":"auto","background-attachment":"scroll","background-type":"","background-media":"","overlay-type":"","overlay-color":"","overlay-opacity":"","overlay-gradient":""},"tablet":{"background-color":"","background-image":"","background-repeat":"repeat","background-position":"center center","background-size":"auto","background-attachment":"scroll","background-type":"","background-media":"","overlay-type":"","overlay-color":"","overlay-opacity":"","overlay-gradient":""},"mobile":{"background-color":"","background-image":"","background-repeat":"repeat","background-position":"center center","background-size":"auto","background-attachment":"scroll","background-type":"","background-media":"","overlay-type":"","overlay-color":"","overlay-opacity":"","overlay-gradient":""}},"ast-content-background-meta":{"desktop":{"background-color":"var(--ast-global-color-5)","background-image":"","background-repeat":"repeat","background-position":"center center","background-size":"auto","background-attachment":"scroll","background-type":"","background-media":"","overlay-type":"","overlay-color":"","overlay-opacity":"","overlay-gradient":""},"tablet":{"background-color":"var(--ast-global-color-5)","background-image":"","background-repeat":"repeat","background-position":"center center","background-size":"auto","background-attachment":"scroll","background-type":"","background-media":"","overlay-type":"","overlay-color":"","overlay-opacity":"","overlay-gradient":""},"mobile":{"background-color":"var(--ast-global-color-5)","background-image":"","background-repeat":"repeat","background-position":"center center","background-size":"auto","background-attachment":"scroll","background-type":"","background-media":"","overlay-type":"","overlay-color":"","overlay-opacity":"","overlay-gradient":""}}},"product_brand":[],"product_cat":[995,120],"product_tag":[124,127,174],"class_list":{"0":"post-2031","1":"product","2":"type-product","3":"status-publish","4":"has-post-thumbnail","6":"product_cat-gestao-da-qualidade","7":"product_cat-planilhas-em-excel","8":"product_tag-dashboard","9":"product_tag-gerenciamento","10":"product_tag-medico","11":"desktop-align-left","12":"tablet-align-left","13":"mobile-align-left","15":"first","16":"instock","17":"downloadable","18":"virtual","19":"purchasable","20":"product-type-simple"},"_links":{"self":[{"href":"https:\/\/pacotedeplanilhas.com\/loja\/wp-json\/wp\/v2\/product\/2031","targetHints":{"allow":["GET"]}}],"collection":[{"href":"https:\/\/pacotedeplanilhas.com\/loja\/wp-json\/wp\/v2\/product"}],"about":[{"href":"https:\/\/pacotedeplanilhas.com\/loja\/wp-json\/wp\/v2\/types\/product"}],"replies":[{"embeddable":true,"href":"https:\/\/pacotedeplanilhas.com\/loja\/wp-json\/wp\/v2\/comments?post=2031"}],"version-history":[{"count":1,"href":"https:\/\/pacotedeplanilhas.com\/loja\/wp-json\/wp\/v2\/product\/2031\/revisions"}],"predecessor-version":[{"id":5488,"href":"https:\/\/pacotedeplanilhas.com\/loja\/wp-json\/wp\/v2\/product\/2031\/revisions\/5488"}],"wp:featuredmedia":[{"embeddable":true,"href":"https:\/\/pacotedeplanilhas.com\/loja\/wp-json\/wp\/v2\/media\/2032"}],"wp:attachment":[{"href":"https:\/\/pacotedeplanilhas.com\/loja\/wp-json\/wp\/v2\/media?parent=2031"}],"wp:term":[{"taxonomy":"product_brand","embeddable":true,"href":"https:\/\/pacotedeplanilhas.com\/loja\/wp-json\/wp\/v2\/product_brand?post=2031"},{"taxonomy":"product_cat","embeddable":true,"href":"https:\/\/pacotedeplanilhas.com\/loja\/wp-json\/wp\/v2\/product_cat?post=2031"},{"taxonomy":"product_tag","embeddable":true,"href":"https:\/\/pacotedeplanilhas.com\/loja\/wp-json\/wp\/v2\/product_tag?post=2031"}],"curies":[{"name":"wp","href":"https:\/\/api.w.org\/{rel}","templated":true}]}}