{"id":2111,"date":"2021-03-01T15:00:00","date_gmt":"2021-03-01T18:00:00","guid":{"rendered":"https:\/\/pacotedeplanilhas.com\/loja\/?post_type=product&#038;p=2111"},"modified":"2024-07-17T22:05:07","modified_gmt":"2024-07-18T01:05:07","slug":"dashboard-planilha-de-gestao-da-qualidade-ciclo-pdca","status":"publish","type":"product","link":"https:\/\/pacotedeplanilhas.com\/loja\/store\/gestao-da-qualidade\/dashboard-planilha-de-gestao-da-qualidade-ciclo-pdca\/","title":{"rendered":"Dashboard Planilha De Gest\u00e3o Da Qualidade Ciclo PDCA"},"content":{"rendered":"<h4>Dashboard Planilha De Gest\u00e3o Da Qualidade Ciclo PDCA<\/h4>\n<p>Uma ferramenta completa e eficiente, o m\u00e9todo do Ciclo PDCA \u00e9 um dos mais conhecidos para ajudar na execu\u00e7\u00e3o do planejamento estrat\u00e9gico de forma eficiente nas empresas.<\/p>\n<p>A qualidade dos servi\u00e7os oferecidos pelas empresas \u00e9, cada vez mais, um diferencial necess\u00e1rio para o sucesso e o destaque.<\/p>\n<p>Para isso, a efic\u00e1cia dos processos se mostra como fator determinante no desenvolvimento do neg\u00f3cio. Antes de construir um Ciclo PDCA, \u00e9 importante saber que o CICLO PDCA tem como objetivo auxiliar a execu\u00e7\u00e3o da estrat\u00e9gia.<\/p>\n<p>Portanto, a estrat\u00e9gia deve ser previamente desenvolvida, contando com uma equipe preparada e consciente. Dessa forma, os objetivos da gest\u00e3o poder\u00e3o n\u00e3o somente sair do papel, mas como tamb\u00e9m ter seu processo de execu\u00e7\u00e3o monitorado para que n\u00e3o se percam no caminho.<\/p>\n<p>Assim, a utiliza\u00e7\u00e3o do ciclo no ambiente organizacional \u00e9 um caminho poss\u00edvel para melhorar os resultados e alavancar o desempenho da empresa.<\/p>\n<h4>V\u00eddeo explicativo da planilha<\/h4>\n<p>&nbsp;<\/p>\n<div class=\"ast-oembed-container \" style=\"height: 100%;\"><iframe title=\"Dashboard Planilha Ciclo PDCA - Gest\u00e3o da qualidade\" width=\"500\" height=\"281\" src=\"https:\/\/www.youtube.com\/embed\/kjOEptLmHzI?feature=oembed\" frameborder=\"0\" allow=\"accelerometer; autoplay; clipboard-write; encrypted-media; gyroscope; picture-in-picture; web-share\" referrerpolicy=\"strict-origin-when-cross-origin\" allowfullscreen><\/iframe><\/div>\n<p>&nbsp;<\/p>\n<h3>Ap\u00f3s a compra e processamento de pagamento, a planilha \u00e9 disponibilizada de imediato para download.<\/h3>\n","protected":false},"excerpt":{"rendered":"<h4>Dashboard Planilha De Gest\u00e3o Da Qualidade Ciclo PDCA<\/h4>\n<p>Uma ferramenta completa e eficiente, o m\u00e9todo do Ciclo PDCA \u00e9 um dos mais conhecidos para ajudar na execu\u00e7\u00e3o do planejamento estrat\u00e9gico de forma eficiente nas empresas.<\/p>\n<h3>Ap\u00f3s a compra e processamento de pagamento, a planilha \u00e9 disponibilizada de imediato para download.<\/h3>\n","protected":false},"featured_media":2113,"comment_status":"open","ping_status":"closed","template":"","meta":{"site-sidebar-layout":"default","site-content-layout":"default","ast-site-content-layout":"","site-content-style":"default","site-sidebar-style":"default","ast-global-header-display":"","ast-banner-title-visibility":"","ast-main-header-display":"","ast-hfb-above-header-display":"","ast-hfb-below-header-display":"","ast-hfb-mobile-header-display":"","site-post-title":"","ast-breadcrumbs-content":"","ast-featured-img":"","footer-sml-layout":"","theme-transparent-header-meta":"default","adv-header-id-meta":"","stick-header-meta":"","header-above-stick-meta":"","header-main-stick-meta":"","header-below-stick-meta":"","astra-migrate-meta-layouts":"default","ast-page-background-enabled":"default","ast-page-background-meta":{"desktop":{"background-color":"","background-image":"","background-repeat":"repeat","background-position":"center center","background-size":"auto","background-attachment":"scroll","background-type":"","background-media":"","overlay-type":"","overlay-color":"","overlay-opacity":"","overlay-gradient":""},"tablet":{"background-color":"","background-image":"","background-repeat":"repeat","background-position":"center center","background-size":"auto","background-attachment":"scroll","background-type":"","background-media":"","overlay-type":"","overlay-color":"","overlay-opacity":"","overlay-gradient":""},"mobile":{"background-color":"","background-image":"","background-repeat":"repeat","background-position":"center center","background-size":"auto","background-attachment":"scroll","background-type":"","background-media":"","overlay-type":"","overlay-color":"","overlay-opacity":"","overlay-gradient":""}},"ast-content-background-meta":{"desktop":{"background-color":"var(--ast-global-color-5)","background-image":"","background-repeat":"repeat","background-position":"center center","background-size":"auto","background-attachment":"scroll","background-type":"","background-media":"","overlay-type":"","overlay-color":"","overlay-opacity":"","overlay-gradient":""},"tablet":{"background-color":"var(--ast-global-color-5)","background-image":"","background-repeat":"repeat","background-position":"center center","background-size":"auto","background-attachment":"scroll","background-type":"","background-media":"","overlay-type":"","overlay-color":"","overlay-opacity":"","overlay-gradient":""},"mobile":{"background-color":"var(--ast-global-color-5)","background-image":"","background-repeat":"repeat","background-position":"center center","background-size":"auto","background-attachment":"scroll","background-type":"","background-media":"","overlay-type":"","overlay-color":"","overlay-opacity":"","overlay-gradient":""}}},"product_brand":[],"product_cat":[995,120],"product_tag":[124,127,174],"class_list":{"0":"post-2111","1":"product","2":"type-product","3":"status-publish","4":"has-post-thumbnail","6":"product_cat-gestao-da-qualidade","7":"product_cat-planilhas-em-excel","8":"product_tag-dashboard","9":"product_tag-gerenciamento","10":"product_tag-medico","11":"desktop-align-left","12":"tablet-align-left","13":"mobile-align-left","15":"first","16":"instock","17":"downloadable","18":"virtual","19":"purchasable","20":"product-type-simple"},"_links":{"self":[{"href":"https:\/\/pacotedeplanilhas.com\/loja\/wp-json\/wp\/v2\/product\/2111","targetHints":{"allow":["GET"]}}],"collection":[{"href":"https:\/\/pacotedeplanilhas.com\/loja\/wp-json\/wp\/v2\/product"}],"about":[{"href":"https:\/\/pacotedeplanilhas.com\/loja\/wp-json\/wp\/v2\/types\/product"}],"replies":[{"embeddable":true,"href":"https:\/\/pacotedeplanilhas.com\/loja\/wp-json\/wp\/v2\/comments?post=2111"}],"version-history":[{"count":1,"href":"https:\/\/pacotedeplanilhas.com\/loja\/wp-json\/wp\/v2\/product\/2111\/revisions"}],"predecessor-version":[{"id":5487,"href":"https:\/\/pacotedeplanilhas.com\/loja\/wp-json\/wp\/v2\/product\/2111\/revisions\/5487"}],"wp:featuredmedia":[{"embeddable":true,"href":"https:\/\/pacotedeplanilhas.com\/loja\/wp-json\/wp\/v2\/media\/2113"}],"wp:attachment":[{"href":"https:\/\/pacotedeplanilhas.com\/loja\/wp-json\/wp\/v2\/media?parent=2111"}],"wp:term":[{"taxonomy":"product_brand","embeddable":true,"href":"https:\/\/pacotedeplanilhas.com\/loja\/wp-json\/wp\/v2\/product_brand?post=2111"},{"taxonomy":"product_cat","embeddable":true,"href":"https:\/\/pacotedeplanilhas.com\/loja\/wp-json\/wp\/v2\/product_cat?post=2111"},{"taxonomy":"product_tag","embeddable":true,"href":"https:\/\/pacotedeplanilhas.com\/loja\/wp-json\/wp\/v2\/product_tag?post=2111"}],"curies":[{"name":"wp","href":"https:\/\/api.w.org\/{rel}","templated":true}]}}