{"id":2170,"date":"2021-03-23T08:53:08","date_gmt":"2021-03-23T11:53:08","guid":{"rendered":"https:\/\/pacotedeplanilhas.com\/loja\/?post_type=product&#038;p=2170"},"modified":"2024-07-18T15:20:11","modified_gmt":"2024-07-18T18:20:11","slug":"planilha-dashboard-diagrama-de-ishikawa","status":"publish","type":"product","link":"https:\/\/pacotedeplanilhas.com\/loja\/store\/gestao-da-qualidade\/planilha-dashboard-diagrama-de-ishikawa\/","title":{"rendered":"Planilha Dashboard Diagrama de Ishikawa"},"content":{"rendered":"<h4>Planilha Dashboard Diagrama de Ishikawa<\/h4>\n<p>&nbsp;<\/p>\n<p>O que o diagrama de Ishikawa e planilha do diagrama de causa e efeito O Diagrama de Ishikawa, tamb\u00e9m conhecido como Diagrama de Espinha de Peixe ou Diagrama de Causa e Efeito, \u00e9 uma ferramenta da qualidade que ajuda a levantar as causas-ra\u00edzes de um problema, analisando todos os fatores que envolvem a execu\u00e7\u00e3o do processo. \u00c9 uma ferramenta visual, em formato de gr\u00e1fico. Sua fun\u00e7\u00e3o \u00e9 auxiliar as an\u00e1lises das organiza\u00e7\u00f5es na procura da causa principal de um problema. O Diagrama, portanto, tem como objetivo ajudar a equipe a chegar nas causas reais de problemas que acometem nos processos organizacionais de uma empresa ou determinado setor. Ou seja, seu prop\u00f3sito \u00e9 descobrir as causas que resultam em uma situa\u00e7\u00e3o indesejada na organiza\u00e7\u00e3o como um todo ou \u00e1rea espec\u00edfica.<\/p>\n<p>&nbsp;<\/p>\n<h2>V\u00eddeo explicativo:<\/h2>\n<div class=\"ast-oembed-container \" style=\"height: 100%;\"><iframe title=\"Planilha Dashboard Diagrama de Ishikawa\" width=\"500\" height=\"281\" src=\"https:\/\/www.youtube.com\/embed\/VNMAqgBIVkE?feature=oembed\" frameborder=\"0\" allow=\"accelerometer; autoplay; clipboard-write; encrypted-media; gyroscope; picture-in-picture; web-share\" referrerpolicy=\"strict-origin-when-cross-origin\" allowfullscreen><\/iframe><\/div>\n<p>&nbsp;<\/p>\n<p>&nbsp;<\/p>\n<h3>Ap\u00f3s a compra e processamento de pagamento, a planilha \u00e9 disponibilizada de imediato para download.<\/h3>\n<p>&nbsp;<\/p>\n<p>&nbsp;<\/p>\n","protected":false},"excerpt":{"rendered":"<p><b>Planilha Dashboard Diagrama de Ishikawa<\/b><\/p>\n<p>O que o diagrama de Ishikawa e planilha do diagrama de causa e efeito O Diagrama de Ishikawa, tamb\u00e9m conhecido como Diagrama de Espinha de Peixe ou Diagrama de Causa e Efeito, \u00e9 uma ferramenta da qualidade que ajuda a levantar as causas-ra\u00edzes de um problema, analisando todos os fatores que envolvem a execu\u00e7\u00e3o do processo. \u00c9 uma ferramenta visual, em formato de gr\u00e1fico. Sua fun\u00e7\u00e3o \u00e9 auxiliar as an\u00e1lises das organiza\u00e7\u00f5es na procura da causa principal de um problema. O Diagrama, portanto, tem como objetivo ajudar a equipe a chegar nas causas reais de problemas que acometem nos processos organizacionais de uma empresa ou determinado setor. Ou seja, seu prop\u00f3sito \u00e9 descobrir as causas que resultam em uma situa\u00e7\u00e3o indesejada na organiza\u00e7\u00e3o como um todo ou \u00e1rea espec\u00edfica.<\/p>\n<h3>Ap\u00f3s a compra e processamento de pagamento, a planilha \u00e9 disponibilizada de imediato para download.<\/h3>\n","protected":false},"featured_media":2173,"comment_status":"open","ping_status":"closed","template":"","meta":{"site-sidebar-layout":"default","site-content-layout":"default","ast-site-content-layout":"","site-content-style":"default","site-sidebar-style":"default","ast-global-header-display":"","ast-banner-title-visibility":"","ast-main-header-display":"","ast-hfb-above-header-display":"","ast-hfb-below-header-display":"","ast-hfb-mobile-header-display":"","site-post-title":"","ast-breadcrumbs-content":"","ast-featured-img":"","footer-sml-layout":"","theme-transparent-header-meta":"default","adv-header-id-meta":"","stick-header-meta":"","header-above-stick-meta":"","header-main-stick-meta":"","header-below-stick-meta":"","astra-migrate-meta-layouts":"default","ast-page-background-enabled":"default","ast-page-background-meta":{"desktop":{"background-color":"","background-image":"","background-repeat":"repeat","background-position":"center center","background-size":"auto","background-attachment":"scroll","background-type":"","background-media":"","overlay-type":"","overlay-color":"","overlay-opacity":"","overlay-gradient":""},"tablet":{"background-color":"","background-image":"","background-repeat":"repeat","background-position":"center center","background-size":"auto","background-attachment":"scroll","background-type":"","background-media":"","overlay-type":"","overlay-color":"","overlay-opacity":"","overlay-gradient":""},"mobile":{"background-color":"","background-image":"","background-repeat":"repeat","background-position":"center center","background-size":"auto","background-attachment":"scroll","background-type":"","background-media":"","overlay-type":"","overlay-color":"","overlay-opacity":"","overlay-gradient":""}},"ast-content-background-meta":{"desktop":{"background-color":"var(--ast-global-color-5)","background-image":"","background-repeat":"repeat","background-position":"center center","background-size":"auto","background-attachment":"scroll","background-type":"","background-media":"","overlay-type":"","overlay-color":"","overlay-opacity":"","overlay-gradient":""},"tablet":{"background-color":"var(--ast-global-color-5)","background-image":"","background-repeat":"repeat","background-position":"center center","background-size":"auto","background-attachment":"scroll","background-type":"","background-media":"","overlay-type":"","overlay-color":"","overlay-opacity":"","overlay-gradient":""},"mobile":{"background-color":"var(--ast-global-color-5)","background-image":"","background-repeat":"repeat","background-position":"center center","background-size":"auto","background-attachment":"scroll","background-type":"","background-media":"","overlay-type":"","overlay-color":"","overlay-opacity":"","overlay-gradient":""}}},"product_brand":[],"product_cat":[995,120],"product_tag":[1123,1122,1120,1119,1126,1121,1131,1129,1134,1135,1132,1128,1127,1133,1125,1124,1130,614,1118,1022,1116,1115],"class_list":{"0":"post-2170","1":"product","2":"type-product","3":"status-publish","4":"has-post-thumbnail","6":"product_cat-gestao-da-qualidade","7":"product_cat-planilhas-em-excel","8":"product_tag-analise-de-causas","9":"product_tag-analise-de-problemas","10":"product_tag-diagrama-de-causa-e-efeito","11":"product_tag-diagrama-de-ishikawa","12":"product_tag-ferramenta-de-qualidade","13":"product_tag-planilha-de-analise","14":"product_tag-planilha-de-analise-de-falhas","15":"product_tag-planilha-de-brainstorming","16":"product_tag-planilha-de-controle-de-qualidade","17":"product_tag-planilha-de-controle-estatistico","18":"product_tag-planilha-de-diagnostico","19":"product_tag-planilha-de-diagrama","20":"product_tag-planilha-de-gestao-da-qualidade","21":"product_tag-planilha-de-gestao-de-processos","22":"product_tag-planilha-de-melhoria-continua","23":"product_tag-planilha-de-qualidade","24":"product_tag-planilha-de-solucao-de-problemas","25":"product_tag-planilha-excel","26":"product_tag-planilha-ishikawa","27":"product_tag-planilhas-editaveis","28":"product_tag-planilhas-prontas","29":"product_tag-templates-de-planilha","30":"desktop-align-left","31":"tablet-align-left","32":"mobile-align-left","34":"first","35":"instock","36":"downloadable","37":"virtual","38":"purchasable","39":"product-type-simple"},"_links":{"self":[{"href":"https:\/\/pacotedeplanilhas.com\/loja\/wp-json\/wp\/v2\/product\/2170","targetHints":{"allow":["GET"]}}],"collection":[{"href":"https:\/\/pacotedeplanilhas.com\/loja\/wp-json\/wp\/v2\/product"}],"about":[{"href":"https:\/\/pacotedeplanilhas.com\/loja\/wp-json\/wp\/v2\/types\/product"}],"replies":[{"embeddable":true,"href":"https:\/\/pacotedeplanilhas.com\/loja\/wp-json\/wp\/v2\/comments?post=2170"}],"version-history":[{"count":2,"href":"https:\/\/pacotedeplanilhas.com\/loja\/wp-json\/wp\/v2\/product\/2170\/revisions"}],"predecessor-version":[{"id":2183,"href":"https:\/\/pacotedeplanilhas.com\/loja\/wp-json\/wp\/v2\/product\/2170\/revisions\/2183"}],"wp:featuredmedia":[{"embeddable":true,"href":"https:\/\/pacotedeplanilhas.com\/loja\/wp-json\/wp\/v2\/media\/2173"}],"wp:attachment":[{"href":"https:\/\/pacotedeplanilhas.com\/loja\/wp-json\/wp\/v2\/media?parent=2170"}],"wp:term":[{"taxonomy":"product_brand","embeddable":true,"href":"https:\/\/pacotedeplanilhas.com\/loja\/wp-json\/wp\/v2\/product_brand?post=2170"},{"taxonomy":"product_cat","embeddable":true,"href":"https:\/\/pacotedeplanilhas.com\/loja\/wp-json\/wp\/v2\/product_cat?post=2170"},{"taxonomy":"product_tag","embeddable":true,"href":"https:\/\/pacotedeplanilhas.com\/loja\/wp-json\/wp\/v2\/product_tag?post=2170"}],"curies":[{"name":"wp","href":"https:\/\/api.w.org\/{rel}","templated":true}]}}