{"id":2481,"date":"2021-04-16T08:43:00","date_gmt":"2021-04-16T11:43:00","guid":{"rendered":"https:\/\/pacotedeplanilhas.com\/loja\/?post_type=product&#038;p=2481"},"modified":"2024-07-18T15:18:40","modified_gmt":"2024-07-18T18:18:40","slug":"planilha-gp-direto-ao-ponto","status":"publish","type":"product","link":"https:\/\/pacotedeplanilhas.com\/loja\/store\/gerenciamento-de-projetos\/planilha-gp-direto-ao-ponto\/","title":{"rendered":"Planilha de Gerenciamento de Projetos &#8211; Planilhas direto ao ponto"},"content":{"rendered":"<h4>Planilha de Gerenciamento de Projetos &#8211; Planilhas direto ao ponto<\/h4>\n<p>&nbsp;<\/p>\n<p>Planilha de Gerenciamento de Projetos &#8211; Planilhas direto ao ponto<\/p>\n<p>Como seus sonhos s\u00e3o potenciais projetos, aplicar bem as melhores pr\u00e1ticas de gerenciamento de projetos podem levar voc\u00ea a transformar seus sonhos em realidade.<\/p>\n<p>Por outro lado, gerenciar mal seu projeto \u00e9 o melhor caminho para lev\u00e1-lo ao fracasso.<\/p>\n<p>Gerenciamento de projetos \u00e9 a aplica\u00e7\u00e3o de conhecimentos, habilidades, ferramentas e t\u00e9cnicas \u00e0s atividades do projeto a fim de cumprir seus requisitos<\/p>\n<p>&nbsp;<\/p>\n<h2>V\u00eddeo explicativo:<\/h2>\n<p>https:\/\/youtu.be\/Q73nG4V-F_Y<\/p>\n<p>&nbsp;<\/p>\n<p>&nbsp;<\/p>\n<h3>Ap\u00f3s a compra e processamento de pagamento, a planilha \u00e9 disponibilizada de imediato para download.<\/h3>\n<p>&nbsp;<\/p>\n<p>&nbsp;<\/p>\n","protected":false},"excerpt":{"rendered":"<h4>Planilha de Gerenciamento de Projetos &#8211; Planilhas direto ao ponto<\/h4>\n<p>&nbsp;<\/p>\n<p>O Excel \u00e9 uma ferramenta com v\u00e1rias funcionalidades. Muitos usu\u00e1rios, utilizam as planilhas para manter o controle e a gest\u00e3o de seus projetos. Existem softwares, sistemas e apps que disponibilizam estruturas que podem auxiliar esse gerenciamento, contudo, essas ferramentas s\u00e3o muito robustas, e em determinados casos uma planilha do Excel pode resolver tudo.<\/p>\n<h3><\/h3>\n","protected":false},"featured_media":2482,"comment_status":"open","ping_status":"closed","template":"","meta":{"site-sidebar-layout":"default","site-content-layout":"default","ast-site-content-layout":"","site-content-style":"default","site-sidebar-style":"default","ast-global-header-display":"","ast-banner-title-visibility":"","ast-main-header-display":"","ast-hfb-above-header-display":"","ast-hfb-below-header-display":"","ast-hfb-mobile-header-display":"","site-post-title":"","ast-breadcrumbs-content":"","ast-featured-img":"","footer-sml-layout":"","theme-transparent-header-meta":"default","adv-header-id-meta":"","stick-header-meta":"","header-above-stick-meta":"","header-main-stick-meta":"","header-below-stick-meta":"","astra-migrate-meta-layouts":"default","ast-page-background-enabled":"default","ast-page-background-meta":{"desktop":{"background-color":"","background-image":"","background-repeat":"repeat","background-position":"center center","background-size":"auto","background-attachment":"scroll","background-type":"","background-media":"","overlay-type":"","overlay-color":"","overlay-opacity":"","overlay-gradient":""},"tablet":{"background-color":"","background-image":"","background-repeat":"repeat","background-position":"center center","background-size":"auto","background-attachment":"scroll","background-type":"","background-media":"","overlay-type":"","overlay-color":"","overlay-opacity":"","overlay-gradient":""},"mobile":{"background-color":"","background-image":"","background-repeat":"repeat","background-position":"center center","background-size":"auto","background-attachment":"scroll","background-type":"","background-media":"","overlay-type":"","overlay-color":"","overlay-opacity":"","overlay-gradient":""}},"ast-content-background-meta":{"desktop":{"background-color":"var(--ast-global-color-5)","background-image":"","background-repeat":"repeat","background-position":"center center","background-size":"auto","background-attachment":"scroll","background-type":"","background-media":"","overlay-type":"","overlay-color":"","overlay-opacity":"","overlay-gradient":""},"tablet":{"background-color":"var(--ast-global-color-5)","background-image":"","background-repeat":"repeat","background-position":"center center","background-size":"auto","background-attachment":"scroll","background-type":"","background-media":"","overlay-type":"","overlay-color":"","overlay-opacity":"","overlay-gradient":""},"mobile":{"background-color":"var(--ast-global-color-5)","background-image":"","background-repeat":"repeat","background-position":"center center","background-size":"auto","background-attachment":"scroll","background-type":"","background-media":"","overlay-type":"","overlay-color":"","overlay-opacity":"","overlay-gradient":""}}},"product_brand":[],"product_cat":[996,120],"product_tag":[172,258,1114,1106,604,1107,1113,947,1112,1108,821,1109,1110,1111,462,614,1022,1116,1117,1115],"class_list":{"0":"post-2481","1":"product","2":"type-product","3":"status-publish","4":"has-post-thumbnail","6":"product_cat-gerenciamento-de-projetos","7":"product_cat-planilhas-em-excel","8":"product_tag-gerenciamento-de-projetos","9":"product_tag-gestao-de-projetos","10":"product_tag-modelos-de-planilha","11":"product_tag-planilha-de-acompanhamento","12":"product_tag-planilha-de-controle","13":"product_tag-planilha-de-cronograma","14":"product_tag-planilha-de-entregas","15":"product_tag-planilha-de-gestao","16":"product_tag-planilha-de-milestones","17":"product_tag-planilha-de-orcamento","18":"product_tag-planilha-de-projetos","19":"product_tag-planilha-de-recursos","20":"product_tag-planilha-de-riscos","21":"product_tag-planilha-de-status","22":"product_tag-planilha-de-tarefas","23":"product_tag-planilha-excel","24":"product_tag-planilhas-editaveis","25":"product_tag-planilhas-prontas","26":"product_tag-planilhas-simples","27":"product_tag-templates-de-planilha","28":"desktop-align-left","29":"tablet-align-left","30":"mobile-align-left","32":"first","33":"instock","34":"downloadable","35":"virtual","36":"purchasable","37":"product-type-simple"},"_links":{"self":[{"href":"https:\/\/pacotedeplanilhas.com\/loja\/wp-json\/wp\/v2\/product\/2481","targetHints":{"allow":["GET"]}}],"collection":[{"href":"https:\/\/pacotedeplanilhas.com\/loja\/wp-json\/wp\/v2\/product"}],"about":[{"href":"https:\/\/pacotedeplanilhas.com\/loja\/wp-json\/wp\/v2\/types\/product"}],"replies":[{"embeddable":true,"href":"https:\/\/pacotedeplanilhas.com\/loja\/wp-json\/wp\/v2\/comments?post=2481"}],"version-history":[{"count":2,"href":"https:\/\/pacotedeplanilhas.com\/loja\/wp-json\/wp\/v2\/product\/2481\/revisions"}],"predecessor-version":[{"id":2487,"href":"https:\/\/pacotedeplanilhas.com\/loja\/wp-json\/wp\/v2\/product\/2481\/revisions\/2487"}],"wp:featuredmedia":[{"embeddable":true,"href":"https:\/\/pacotedeplanilhas.com\/loja\/wp-json\/wp\/v2\/media\/2482"}],"wp:attachment":[{"href":"https:\/\/pacotedeplanilhas.com\/loja\/wp-json\/wp\/v2\/media?parent=2481"}],"wp:term":[{"taxonomy":"product_brand","embeddable":true,"href":"https:\/\/pacotedeplanilhas.com\/loja\/wp-json\/wp\/v2\/product_brand?post=2481"},{"taxonomy":"product_cat","embeddable":true,"href":"https:\/\/pacotedeplanilhas.com\/loja\/wp-json\/wp\/v2\/product_cat?post=2481"},{"taxonomy":"product_tag","embeddable":true,"href":"https:\/\/pacotedeplanilhas.com\/loja\/wp-json\/wp\/v2\/product_tag?post=2481"}],"curies":[{"name":"wp","href":"https:\/\/api.w.org\/{rel}","templated":true}]}}