{"id":2884,"date":"2021-09-14T11:39:41","date_gmt":"2021-09-14T14:39:41","guid":{"rendered":"https:\/\/pacotedeplanilhas.com\/loja\/?post_type=product&#038;p=2884"},"modified":"2025-10-23T09:01:37","modified_gmt":"2025-10-23T12:01:37","slug":"dashboard-power-bi-gestao-de-frota","status":"publish","type":"product","link":"https:\/\/pacotedeplanilhas.com\/loja\/store\/logistica\/dashboard-power-bi-gestao-de-frota\/","title":{"rendered":"DASHBOARD POWER BI &#8211; GEST\u00c3O DE FROTA 1.0"},"content":{"rendered":"<p>O Dashboard de Gest\u00e3o de Frotas \u00e9 dividido em 5 partes principais:<\/p>\n<p>&#8211; Menu de Navega\u00e7\u00e3o<\/p>\n<p>No Menu \u00e9 poss\u00edvel navegar entre as p\u00e1ginas do Dashboard, basta clicar nos \u00edcones para ser direcionado para a tela correspondente ao \u00edcone.<\/p>\n<p>&#8211; Vis\u00e3o Geral<\/p>\n<p>Obtenha uma vis\u00e3o geral de todos os gastos, h\u00e1 possibilidade de filtrar os dados por Ano, M\u00eas, Filial, Local, Placa e Ve\u00edculo; visualize os gastos por Regi\u00e3o, Gastos por Ve\u00edculo e Gastos por Filial;<\/p>\n<p>&#8211; Visualize os Gastos detalhados: Gastos Totais, Combust\u00edvel, IPVA, KM Rodado, Licenciamento, Manuten\u00e7\u00e3o Corretiva e Preventiva, Multas, Pe\u00e7as de Reposi\u00e7\u00e3o e Ped\u00e1gio;<\/p>\n<p>&#8211; Visualize o Relat\u00f3rio Geral em Tabela, abertura por Ve\u00edculo, Filial e Per\u00edodo.<\/p>\n<p>&#8211; An\u00e1lise de Gastos atrav\u00e9s da \u00c1rvore de decomposi\u00e7\u00e3o os Gastos Totais aberto por Ve\u00edculo<\/p>\n<p>Analise os dados e gastos da sua frota de forma din\u00e2mica e interativa.<\/p>\n<p>&#8211; Vis\u00e3o Detalhada dos Gastos<\/p>\n<p>&#8211; Relat\u00f3rio Geral<\/p>\n<p>&#8211; An\u00e1lise por Ve\u00edculo<\/p>\n<p>Planilha em Excel<\/p>\n<p>A planilha em Excel \u00e9 a base de dados para alimentar o Power BI.<\/p>\n<p>Dashboards no Power BI<\/p>\n<p>Depois de preencher a planilha no Excel com seus dados, basta atualizar o arquivo que os gr\u00e1ficos ser\u00e3o atualizados automaticamente.<\/p>\n<p>Caso tenha experi\u00eancia com Power BI, voc\u00ea poder\u00e1 modificar os gr\u00e1ficos e criar suas pr\u00f3prias visualiza\u00e7\u00f5es, o arquivo \u00e9 totalmente edit\u00e1vel.<\/p>\n","protected":false},"excerpt":{"rendered":"<p>O Dashboard de Gest\u00e3o de Frotas \u00e9 dividido em 5 partes principais: &#8211; Menu de Navega\u00e7\u00e3o No Menu \u00e9 poss\u00edvel navegar entre as p\u00e1ginas do Dashboard, basta clicar nos \u00edcones para ser direcionado para a tela correspondente ao \u00edcone. &#8211; Vis\u00e3o Geral Obtenha uma vis\u00e3o geral de todos os gastos, h\u00e1 possibilidade de filtrar os [&hellip;]<\/p>\n","protected":false},"featured_media":7452,"comment_status":"open","ping_status":"closed","template":"","meta":{"site-sidebar-layout":"default","site-content-layout":"default","ast-site-content-layout":"default","site-content-style":"default","site-sidebar-style":"default","ast-global-header-display":"","ast-banner-title-visibility":"","ast-main-header-display":"","ast-hfb-above-header-display":"","ast-hfb-below-header-display":"","ast-hfb-mobile-header-display":"","site-post-title":"","ast-breadcrumbs-content":"","ast-featured-img":"","footer-sml-layout":"","theme-transparent-header-meta":"default","adv-header-id-meta":"","stick-header-meta":"","header-above-stick-meta":"","header-main-stick-meta":"","header-below-stick-meta":"","astra-migrate-meta-layouts":"set","ast-page-background-enabled":"default","ast-page-background-meta":{"desktop":{"background-color":"","background-image":"","background-repeat":"repeat","background-position":"center center","background-size":"auto","background-attachment":"scroll","background-type":"","background-media":"","overlay-type":"","overlay-color":"","overlay-opacity":"","overlay-gradient":""},"tablet":{"background-color":"","background-image":"","background-repeat":"repeat","background-position":"center center","background-size":"auto","background-attachment":"scroll","background-type":"","background-media":"","overlay-type":"","overlay-color":"","overlay-opacity":"","overlay-gradient":""},"mobile":{"background-color":"","background-image":"","background-repeat":"repeat","background-position":"center center","background-size":"auto","background-attachment":"scroll","background-type":"","background-media":"","overlay-type":"","overlay-color":"","overlay-opacity":"","overlay-gradient":""}},"ast-content-background-meta":{"desktop":{"background-color":"var(--ast-global-color-5)","background-image":"","background-repeat":"repeat","background-position":"center center","background-size":"auto","background-attachment":"scroll","background-type":"","background-media":"","overlay-type":"","overlay-color":"","overlay-opacity":"","overlay-gradient":""},"tablet":{"background-color":"var(--ast-global-color-5)","background-image":"","background-repeat":"repeat","background-position":"center center","background-size":"auto","background-attachment":"scroll","background-type":"","background-media":"","overlay-type":"","overlay-color":"","overlay-opacity":"","overlay-gradient":""},"mobile":{"background-color":"var(--ast-global-color-5)","background-image":"","background-repeat":"repeat","background-position":"center center","background-size":"auto","background-attachment":"scroll","background-type":"","background-media":"","overlay-type":"","overlay-color":"","overlay-opacity":"","overlay-gradient":""}}},"product_brand":[],"product_cat":[989,176],"product_tag":[620,554,670,1091,1051,563,443,1096,124,514,565,445,925,471,867,1047,1098,1093,1094,669,1097,1053,1092,1095,435,1046,848,1058,1045,875,515],"class_list":{"0":"post-2884","1":"product","2":"type-product","3":"status-publish","4":"has-post-thumbnail","6":"product_cat-logistica","7":"product_cat-power-bi","8":"product_tag-analise-de-custos","9":"product_tag-analise-de-dados","10":"product_tag-analise-de-desempenho","11":"product_tag-analise-de-frota","12":"product_tag-automacao-de-relatorios","13":"product_tag-business-intelligence","14":"product_tag-controle-de-frota","15":"product_tag-custos-de-frota","16":"product_tag-dashboard","17":"product_tag-eficiencia-operacional","18":"product_tag-ferramentas-de-bi","19":"product_tag-gestao-de-frota","20":"product_tag-gestao-de-transportes","21":"product_tag-gestao-de-veiculos","22":"product_tag-indicadores-de-desempenho","23":"product_tag-kpis","24":"product_tag-logistica-e-transporte","25":"product_tag-manutencao-de-veiculos","26":"product_tag-metricas-de-frota","27":"product_tag-monitoramento-de-frota","28":"product_tag-otimizacao-de-frota","29":"product_tag-paineis-de-controle","30":"product_tag-performance-de-frota","31":"product_tag-planejamento-de-frota","32":"product_tag-power-bi","33":"product_tag-power-bi-dashboard","34":"product_tag-rastreamento-de-veiculos","35":"product_tag-relatorios-dinamicos","36":"product_tag-relatorios-em-power-bi","37":"product_tag-relatorios-gerenciais","38":"product_tag-visualizacao-de-dados","39":"desktop-align-left","40":"tablet-align-left","41":"mobile-align-left","43":"first","44":"instock","45":"virtual","46":"purchasable","47":"product-type-simple"},"_links":{"self":[{"href":"https:\/\/pacotedeplanilhas.com\/loja\/wp-json\/wp\/v2\/product\/2884","targetHints":{"allow":["GET"]}}],"collection":[{"href":"https:\/\/pacotedeplanilhas.com\/loja\/wp-json\/wp\/v2\/product"}],"about":[{"href":"https:\/\/pacotedeplanilhas.com\/loja\/wp-json\/wp\/v2\/types\/product"}],"replies":[{"embeddable":true,"href":"https:\/\/pacotedeplanilhas.com\/loja\/wp-json\/wp\/v2\/comments?post=2884"}],"version-history":[{"count":3,"href":"https:\/\/pacotedeplanilhas.com\/loja\/wp-json\/wp\/v2\/product\/2884\/revisions"}],"predecessor-version":[{"id":7453,"href":"https:\/\/pacotedeplanilhas.com\/loja\/wp-json\/wp\/v2\/product\/2884\/revisions\/7453"}],"wp:featuredmedia":[{"embeddable":true,"href":"https:\/\/pacotedeplanilhas.com\/loja\/wp-json\/wp\/v2\/media\/7452"}],"wp:attachment":[{"href":"https:\/\/pacotedeplanilhas.com\/loja\/wp-json\/wp\/v2\/media?parent=2884"}],"wp:term":[{"taxonomy":"product_brand","embeddable":true,"href":"https:\/\/pacotedeplanilhas.com\/loja\/wp-json\/wp\/v2\/product_brand?post=2884"},{"taxonomy":"product_cat","embeddable":true,"href":"https:\/\/pacotedeplanilhas.com\/loja\/wp-json\/wp\/v2\/product_cat?post=2884"},{"taxonomy":"product_tag","embeddable":true,"href":"https:\/\/pacotedeplanilhas.com\/loja\/wp-json\/wp\/v2\/product_tag?post=2884"}],"curies":[{"name":"wp","href":"https:\/\/api.w.org\/{rel}","templated":true}]}}