{"id":2891,"date":"2021-09-14T11:55:17","date_gmt":"2021-09-14T14:55:17","guid":{"rendered":"https:\/\/pacotedeplanilhas.com\/loja\/?post_type=product&#038;p=2891"},"modified":"2025-10-23T09:02:51","modified_gmt":"2025-10-23T12:02:51","slug":"dashboard-power-bi-gestao-de-fretes","status":"publish","type":"product","link":"https:\/\/pacotedeplanilhas.com\/loja\/store\/logistica\/dashboard-power-bi-gestao-de-fretes\/","title":{"rendered":"DASHBOARD POWER BI &#8211; GEST\u00c3O DE FRETES 1.0"},"content":{"rendered":"<p>O Dashboard de Gest\u00e3o de Fretes est\u00e1 dividido nas seguintes frentes:<br \/>\n&#8211; Controle de Fretes<\/p>\n<p>Monitore em uma \u00fanica tela a quantidade de fretes realizada e o faturamento obtido com as viagens;<\/p>\n<p>Monitore os dados por Ano, M\u00eas, Motorista e Ve\u00edculo;<\/p>\n<p>Controle a quantidade de fretes dentro e fora do prazo, efici\u00eancia das entregas;<\/p>\n<p>&#8211; Fretes por Localidade<\/p>\n<p>Veja os locais no mapa onde foram realizados os fretes e o seu faturamento por Estado;<\/p>\n<p>&#8211; Fretes por Unidade Federativa e Regi\u00e3o<\/p>\n<p>Acompanhe os fretes por Estado e Regi\u00e3o do Pa\u00eds, podendo filtrar por m\u00eas, ano, motorista, tipo de viagem e ve\u00edculo.<\/p>\n<p>Planilha em Excel<\/p>\n<p>A planilha em Excel \u00e9 a base de dados para alimentar o Power BI.<\/p>\n<p>Dashboards no Power BI<\/p>\n<p>Depois de preencher a planilha no Excel com seus dados, basta atualizar o arquivo que os gr\u00e1ficos ser\u00e3o atualizados automaticamente.<\/p>\n<p>Caso tenha experi\u00eancia com Power BI, voc\u00ea poder\u00e1 modificar os gr\u00e1ficos e criar suas pr\u00f3prias visualiza\u00e7\u00f5es, o arquivo \u00e9 totalmente edit\u00e1vel.<\/p>\n","protected":false},"excerpt":{"rendered":"<p>O Dashboard de Gest\u00e3o de Fretes est\u00e1 dividido nas seguintes frentes: &#8211; Controle de Fretes Monitore em uma \u00fanica tela a quantidade de fretes realizada e o faturamento obtido com as viagens; Monitore os dados por Ano, M\u00eas, Motorista e Ve\u00edculo; Controle a quantidade de fretes dentro e fora do prazo, efici\u00eancia das entregas; &#8211; [&hellip;]<\/p>\n","protected":false},"featured_media":7454,"comment_status":"open","ping_status":"closed","template":"","meta":{"site-sidebar-layout":"default","site-content-layout":"default","ast-site-content-layout":"default","site-content-style":"default","site-sidebar-style":"default","ast-global-header-display":"","ast-banner-title-visibility":"","ast-main-header-display":"","ast-hfb-above-header-display":"","ast-hfb-below-header-display":"","ast-hfb-mobile-header-display":"","site-post-title":"","ast-breadcrumbs-content":"","ast-featured-img":"","footer-sml-layout":"","theme-transparent-header-meta":"default","adv-header-id-meta":"","stick-header-meta":"","header-above-stick-meta":"","header-main-stick-meta":"","header-below-stick-meta":"","astra-migrate-meta-layouts":"set","ast-page-background-enabled":"default","ast-page-background-meta":{"desktop":{"background-color":"","background-image":"","background-repeat":"repeat","background-position":"center center","background-size":"auto","background-attachment":"scroll","background-type":"","background-media":"","overlay-type":"","overlay-color":"","overlay-opacity":"","overlay-gradient":""},"tablet":{"background-color":"","background-image":"","background-repeat":"repeat","background-position":"center center","background-size":"auto","background-attachment":"scroll","background-type":"","background-media":"","overlay-type":"","overlay-color":"","overlay-opacity":"","overlay-gradient":""},"mobile":{"background-color":"","background-image":"","background-repeat":"repeat","background-position":"center center","background-size":"auto","background-attachment":"scroll","background-type":"","background-media":"","overlay-type":"","overlay-color":"","overlay-opacity":"","overlay-gradient":""}},"ast-content-background-meta":{"desktop":{"background-color":"var(--ast-global-color-5)","background-image":"","background-repeat":"repeat","background-position":"center center","background-size":"auto","background-attachment":"scroll","background-type":"","background-media":"","overlay-type":"","overlay-color":"","overlay-opacity":"","overlay-gradient":""},"tablet":{"background-color":"var(--ast-global-color-5)","background-image":"","background-repeat":"repeat","background-position":"center center","background-size":"auto","background-attachment":"scroll","background-type":"","background-media":"","overlay-type":"","overlay-color":"","overlay-opacity":"","overlay-gradient":""},"mobile":{"background-color":"var(--ast-global-color-5)","background-image":"","background-repeat":"repeat","background-position":"center center","background-size":"auto","background-attachment":"scroll","background-type":"","background-media":"","overlay-type":"","overlay-color":"","overlay-opacity":"","overlay-gradient":""}}},"product_brand":[],"product_cat":[989,176],"product_tag":[1089,620,554,670,1084,1051,857,1086,124,740,565,1090,507,1088,668,867,657,1087,513,871,1053,745,1085,435,1046,1058,1045,875,515],"class_list":{"0":"post-2891","1":"product","2":"type-product","3":"status-publish","4":"has-post-thumbnail","6":"product_cat-logistica","7":"product_cat-power-bi","8":"product_tag-acompanhamento-de-fretes","9":"product_tag-analise-de-custos","10":"product_tag-analise-de-dados","11":"product_tag-analise-de-desempenho","12":"product_tag-analise-de-fretes","13":"product_tag-automacao-de-relatorios","14":"product_tag-controle-de-fretes","15":"product_tag-custos-de-frete","16":"product_tag-dashboard","17":"product_tag-eficiencia-logistica","18":"product_tag-ferramentas-de-bi","19":"product_tag-frete-e-transporte","20":"product_tag-gestao-de-fretes","21":"product_tag-gestao-de-transportadoras","22":"product_tag-gestao-de-transporte","23":"product_tag-indicadores-de-desempenho","24":"product_tag-logistica","25":"product_tag-metricas-de-fretes","26":"product_tag-monitoramento-de-fretes","27":"product_tag-otimizacao-de-fretes","28":"product_tag-paineis-de-controle","29":"product_tag-performance-logistica","30":"product_tag-planejamento-de-fretes","31":"product_tag-power-bi","32":"product_tag-power-bi-dashboard","33":"product_tag-relatorios-dinamicos","34":"product_tag-relatorios-em-power-bi","35":"product_tag-relatorios-gerenciais","36":"product_tag-visualizacao-de-dados","37":"desktop-align-left","38":"tablet-align-left","39":"mobile-align-left","41":"first","42":"instock","43":"virtual","44":"purchasable","45":"product-type-simple"},"_links":{"self":[{"href":"https:\/\/pacotedeplanilhas.com\/loja\/wp-json\/wp\/v2\/product\/2891","targetHints":{"allow":["GET"]}}],"collection":[{"href":"https:\/\/pacotedeplanilhas.com\/loja\/wp-json\/wp\/v2\/product"}],"about":[{"href":"https:\/\/pacotedeplanilhas.com\/loja\/wp-json\/wp\/v2\/types\/product"}],"replies":[{"embeddable":true,"href":"https:\/\/pacotedeplanilhas.com\/loja\/wp-json\/wp\/v2\/comments?post=2891"}],"version-history":[{"count":2,"href":"https:\/\/pacotedeplanilhas.com\/loja\/wp-json\/wp\/v2\/product\/2891\/revisions"}],"predecessor-version":[{"id":7455,"href":"https:\/\/pacotedeplanilhas.com\/loja\/wp-json\/wp\/v2\/product\/2891\/revisions\/7455"}],"wp:featuredmedia":[{"embeddable":true,"href":"https:\/\/pacotedeplanilhas.com\/loja\/wp-json\/wp\/v2\/media\/7454"}],"wp:attachment":[{"href":"https:\/\/pacotedeplanilhas.com\/loja\/wp-json\/wp\/v2\/media?parent=2891"}],"wp:term":[{"taxonomy":"product_brand","embeddable":true,"href":"https:\/\/pacotedeplanilhas.com\/loja\/wp-json\/wp\/v2\/product_brand?post=2891"},{"taxonomy":"product_cat","embeddable":true,"href":"https:\/\/pacotedeplanilhas.com\/loja\/wp-json\/wp\/v2\/product_cat?post=2891"},{"taxonomy":"product_tag","embeddable":true,"href":"https:\/\/pacotedeplanilhas.com\/loja\/wp-json\/wp\/v2\/product_tag?post=2891"}],"curies":[{"name":"wp","href":"https:\/\/api.w.org\/{rel}","templated":true}]}}