{"id":2899,"date":"2021-09-15T09:14:15","date_gmt":"2021-09-15T12:14:15","guid":{"rendered":"https:\/\/pacotedeplanilhas.com\/loja\/?post_type=product&#038;p=2899"},"modified":"2024-07-18T15:05:06","modified_gmt":"2024-07-18T18:05:06","slug":"dashboard-power-bi-gestao-de-vendas-2","status":"publish","type":"product","link":"https:\/\/pacotedeplanilhas.com\/loja\/store\/comercial\/dashboard-power-bi-gestao-de-vendas-2\/","title":{"rendered":"DASHBOARD POWER BI &#8211; GEST\u00c3O DE VENDAS 2"},"content":{"rendered":"<p>Por meio do Dashboard de Vendas 2 voc\u00ea conseguir\u00e1 visualizar o resultado de vendas em termo de faturamento, quantidade vendida e an\u00e1lise por produto, unidade, vendedor, per\u00edodo e localiza\u00e7\u00e3o.<\/p>\n<p>Foi feito um ranking de faturamento por produto, regi\u00e3o, vendedor e regi\u00e3o, podendo tamb\u00e9m mostrar a participa\u00e7\u00e3o do produto em receita e unidade vendida.<\/p>\n<p>Planilha em Excel<\/p>\n<p>A planilha em Excel \u00e9 a base de dados para alimentar o Power BI.<\/p>\n<p>Dashboards no Power BI<\/p>\n<p>Depois de preencher a planilha no Excel com seus dados, basta atualizar o arquivo que os gr\u00e1ficos ser\u00e3o atualizados automaticamente.<\/p>\n<p>Caso tenha experi\u00eancia com Power BI, voc\u00ea poder\u00e1 modificar os gr\u00e1ficos e criar suas pr\u00f3prias visualiza\u00e7\u00f5es, o arquivo \u00e9 totalmente edit\u00e1vel.<\/p>\n","protected":false},"excerpt":{"rendered":"<p>Por meio do Dashboard de Vendas 2 voc\u00ea conseguir\u00e1 visualizar o resultado de vendas em termo de faturamento, quantidade vendida e an\u00e1lise por produto, unidade, vendedor, per\u00edodo e localiza\u00e7\u00e3o. Foi feito um ranking de faturamento por produto, regi\u00e3o, vendedor e regi\u00e3o, podendo tamb\u00e9m mostrar a participa\u00e7\u00e3o do produto em receita e unidade vendida. Planilha em [&hellip;]<\/p>\n","protected":false},"featured_media":2901,"comment_status":"open","ping_status":"closed","template":"","meta":{"site-sidebar-layout":"default","site-content-layout":"default","ast-site-content-layout":"","site-content-style":"default","site-sidebar-style":"default","ast-global-header-display":"","ast-banner-title-visibility":"","ast-main-header-display":"","ast-hfb-above-header-display":"","ast-hfb-below-header-display":"","ast-hfb-mobile-header-display":"","site-post-title":"","ast-breadcrumbs-content":"","ast-featured-img":"","footer-sml-layout":"","theme-transparent-header-meta":"default","adv-header-id-meta":"","stick-header-meta":"","header-above-stick-meta":"","header-main-stick-meta":"","header-below-stick-meta":"","astra-migrate-meta-layouts":"default","ast-page-background-enabled":"default","ast-page-background-meta":{"desktop":{"background-color":"","background-image":"","background-repeat":"repeat","background-position":"center center","background-size":"auto","background-attachment":"scroll","background-type":"","background-media":"","overlay-type":"","overlay-color":"","overlay-opacity":"","overlay-gradient":""},"tablet":{"background-color":"","background-image":"","background-repeat":"repeat","background-position":"center center","background-size":"auto","background-attachment":"scroll","background-type":"","background-media":"","overlay-type":"","overlay-color":"","overlay-opacity":"","overlay-gradient":""},"mobile":{"background-color":"","background-image":"","background-repeat":"repeat","background-position":"center center","background-size":"auto","background-attachment":"scroll","background-type":"","background-media":"","overlay-type":"","overlay-color":"","overlay-opacity":"","overlay-gradient":""}},"ast-content-background-meta":{"desktop":{"background-color":"var(--ast-global-color-5)","background-image":"","background-repeat":"repeat","background-position":"center center","background-size":"auto","background-attachment":"scroll","background-type":"","background-media":"","overlay-type":"","overlay-color":"","overlay-opacity":"","overlay-gradient":""},"tablet":{"background-color":"var(--ast-global-color-5)","background-image":"","background-repeat":"repeat","background-position":"center center","background-size":"auto","background-attachment":"scroll","background-type":"","background-media":"","overlay-type":"","overlay-color":"","overlay-opacity":"","overlay-gradient":""},"mobile":{"background-color":"var(--ast-global-color-5)","background-image":"","background-repeat":"repeat","background-position":"center center","background-size":"auto","background-attachment":"scroll","background-type":"","background-media":"","overlay-type":"","overlay-color":"","overlay-opacity":"","overlay-gradient":""}}},"product_brand":[],"product_cat":[998,176],"product_tag":[554,1038,535,1051,563,429,124,1067,565,1082,1065,703,867,706,1064,1053,702,1072,708,435,1046,1083,1058,1045,515],"class_list":{"0":"post-2899","1":"product","2":"type-product","3":"status-publish","4":"has-post-thumbnail","6":"product_cat-comercial","7":"product_cat-power-bi","8":"product_tag-analise-de-dados","9":"product_tag-analise-de-mercado","10":"product_tag-analise-de-vendas","11":"product_tag-automacao-de-relatorios","12":"product_tag-business-intelligence","13":"product_tag-controle-de-vendas","14":"product_tag-dashboard","15":"product_tag-estrategias-de-vendas","16":"product_tag-ferramentas-de-bi","17":"product_tag-forecasting-de-vendas","18":"product_tag-gestao-de-clientes","19":"product_tag-gestao-de-vendas","20":"product_tag-indicadores-de-desempenho","21":"product_tag-metricas-de-vendas","22":"product_tag-monitoramento-de-vendas","23":"product_tag-paineis-de-controle","24":"product_tag-performance-de-vendas","25":"product_tag-pipeline-de-vendas","26":"product_tag-planejamento-de-vendas","27":"product_tag-power-bi","28":"product_tag-power-bi-dashboard","29":"product_tag-produtividade-de-vendas","30":"product_tag-relatorios-dinamicos","31":"product_tag-relatorios-em-power-bi","32":"product_tag-visualizacao-de-dados","33":"desktop-align-left","34":"tablet-align-left","35":"mobile-align-left","37":"first","38":"instock","39":"shipping-taxable","40":"purchasable","41":"product-type-simple"},"_links":{"self":[{"href":"https:\/\/pacotedeplanilhas.com\/loja\/wp-json\/wp\/v2\/product\/2899","targetHints":{"allow":["GET"]}}],"collection":[{"href":"https:\/\/pacotedeplanilhas.com\/loja\/wp-json\/wp\/v2\/product"}],"about":[{"href":"https:\/\/pacotedeplanilhas.com\/loja\/wp-json\/wp\/v2\/types\/product"}],"replies":[{"embeddable":true,"href":"https:\/\/pacotedeplanilhas.com\/loja\/wp-json\/wp\/v2\/comments?post=2899"}],"version-history":[{"count":1,"href":"https:\/\/pacotedeplanilhas.com\/loja\/wp-json\/wp\/v2\/product\/2899\/revisions"}],"predecessor-version":[{"id":2907,"href":"https:\/\/pacotedeplanilhas.com\/loja\/wp-json\/wp\/v2\/product\/2899\/revisions\/2907"}],"wp:featuredmedia":[{"embeddable":true,"href":"https:\/\/pacotedeplanilhas.com\/loja\/wp-json\/wp\/v2\/media\/2901"}],"wp:attachment":[{"href":"https:\/\/pacotedeplanilhas.com\/loja\/wp-json\/wp\/v2\/media?parent=2899"}],"wp:term":[{"taxonomy":"product_brand","embeddable":true,"href":"https:\/\/pacotedeplanilhas.com\/loja\/wp-json\/wp\/v2\/product_brand?post=2899"},{"taxonomy":"product_cat","embeddable":true,"href":"https:\/\/pacotedeplanilhas.com\/loja\/wp-json\/wp\/v2\/product_cat?post=2899"},{"taxonomy":"product_tag","embeddable":true,"href":"https:\/\/pacotedeplanilhas.com\/loja\/wp-json\/wp\/v2\/product_tag?post=2899"}],"curies":[{"name":"wp","href":"https:\/\/api.w.org\/{rel}","templated":true}]}}