{"id":2916,"date":"2021-09-15T09:42:09","date_gmt":"2021-09-15T12:42:09","guid":{"rendered":"https:\/\/pacotedeplanilhas.com\/loja\/?post_type=product&#038;p=2916"},"modified":"2025-10-23T09:12:14","modified_gmt":"2025-10-23T12:12:14","slug":"dashboard-power-bi-gestao-comercial","status":"publish","type":"product","link":"https:\/\/pacotedeplanilhas.com\/loja\/store\/comercial\/dashboard-power-bi-gestao-comercial\/","title":{"rendered":"DASHBOARD POWER BI &#8211; GEST\u00c3O COMERCIAL 1.0"},"content":{"rendered":"<p>O Dashboard Comercial foi desenvolvido para te auxiliar no acompanhamento e an\u00e1lise das vendas da sua empresa.<\/p>\n<p>Voc\u00ea ter\u00e1 em dois pain\u00e9is informa\u00e7\u00f5es de Receita, Custo, Lucro, Margem, Volume de Vendas al\u00e9m de filtros para acompanhar os resultados por per\u00edodo, Canal de Vendas, Estado e Tipo de Loja.<\/p>\n<p>Planilha em Excel<\/p>\n<p>A planilha em Excel \u00e9 a base de dados para alimentar o Power BI.<\/p>\n<p>Dashboards no Power BI<\/p>\n<p>Depois de preencher a planilha no Excel com seus dados, basta atualizar o arquivo que os gr\u00e1ficos ser\u00e3o atualizados automaticamente.<\/p>\n<p>Caso tenha experi\u00eancia com Power BI, voc\u00ea poder\u00e1 modificar os gr\u00e1ficos e criar suas pr\u00f3prias visualiza\u00e7\u00f5es, o arquivo \u00e9 totalmente edit\u00e1vel.<\/p>\n","protected":false},"excerpt":{"rendered":"<p>O Dashboard Comercial foi desenvolvido para te auxiliar no acompanhamento e an\u00e1lise das vendas da sua empresa. Voc\u00ea ter\u00e1 em dois pain\u00e9is informa\u00e7\u00f5es de Receita, Custo, Lucro, Margem, Volume de Vendas al\u00e9m de filtros para acompanhar os resultados por per\u00edodo, Canal de Vendas, Estado e Tipo de Loja. Planilha em Excel A planilha em Excel [&hellip;]<\/p>\n","protected":false},"featured_media":7446,"comment_status":"open","ping_status":"closed","template":"","meta":{"site-sidebar-layout":"default","site-content-layout":"default","ast-site-content-layout":"default","site-content-style":"default","site-sidebar-style":"default","ast-global-header-display":"","ast-banner-title-visibility":"","ast-main-header-display":"","ast-hfb-above-header-display":"","ast-hfb-below-header-display":"","ast-hfb-mobile-header-display":"","site-post-title":"","ast-breadcrumbs-content":"","ast-featured-img":"","footer-sml-layout":"","theme-transparent-header-meta":"default","adv-header-id-meta":"","stick-header-meta":"","header-above-stick-meta":"","header-main-stick-meta":"","header-below-stick-meta":"","astra-migrate-meta-layouts":"set","ast-page-background-enabled":"default","ast-page-background-meta":{"desktop":{"background-color":"","background-image":"","background-repeat":"repeat","background-position":"center center","background-size":"auto","background-attachment":"scroll","background-type":"","background-media":"","overlay-type":"","overlay-color":"","overlay-opacity":"","overlay-gradient":""},"tablet":{"background-color":"","background-image":"","background-repeat":"repeat","background-position":"center center","background-size":"auto","background-attachment":"scroll","background-type":"","background-media":"","overlay-type":"","overlay-color":"","overlay-opacity":"","overlay-gradient":""},"mobile":{"background-color":"","background-image":"","background-repeat":"repeat","background-position":"center center","background-size":"auto","background-attachment":"scroll","background-type":"","background-media":"","overlay-type":"","overlay-color":"","overlay-opacity":"","overlay-gradient":""}},"ast-content-background-meta":{"desktop":{"background-color":"var(--ast-global-color-5)","background-image":"","background-repeat":"repeat","background-position":"center center","background-size":"auto","background-attachment":"scroll","background-type":"","background-media":"","overlay-type":"","overlay-color":"","overlay-opacity":"","overlay-gradient":""},"tablet":{"background-color":"var(--ast-global-color-5)","background-image":"","background-repeat":"repeat","background-position":"center center","background-size":"auto","background-attachment":"scroll","background-type":"","background-media":"","overlay-type":"","overlay-color":"","overlay-opacity":"","overlay-gradient":""},"mobile":{"background-color":"var(--ast-global-color-5)","background-image":"","background-repeat":"repeat","background-position":"center center","background-size":"auto","background-attachment":"scroll","background-type":"","background-media":"","overlay-type":"","overlay-color":"","overlay-opacity":"","overlay-gradient":""}}},"product_brand":[],"product_cat":[998,176],"product_tag":[554,1038,1073,1071,535,1051,563,429,124,1067,565,1069,1063,1065,1068,867,1047,706,1064,1053,1066,1072,1070,435,1046,1058,1045,875,515],"class_list":{"0":"post-2916","1":"product","2":"type-product","3":"status-publish","4":"has-post-thumbnail","6":"product_cat-comercial","7":"product_cat-power-bi","8":"product_tag-analise-de-dados","9":"product_tag-analise-de-mercado","10":"product_tag-analise-de-resultados","11":"product_tag-analise-de-tendencias","12":"product_tag-analise-de-vendas","13":"product_tag-automacao-de-relatorios","14":"product_tag-business-intelligence","15":"product_tag-controle-de-vendas","16":"product_tag-dashboard","17":"product_tag-estrategias-de-vendas","18":"product_tag-ferramentas-de-bi","19":"product_tag-forecasting","20":"product_tag-gestao-comercial","21":"product_tag-gestao-de-clientes","22":"product_tag-gestao-de-equipes-de-vendas","23":"product_tag-indicadores-de-desempenho","24":"product_tag-kpis","25":"product_tag-metricas-de-vendas","26":"product_tag-monitoramento-de-vendas","27":"product_tag-paineis-de-controle","28":"product_tag-performance-comercial","29":"product_tag-pipeline-de-vendas","30":"product_tag-planejamento-comercial","31":"product_tag-power-bi","32":"product_tag-power-bi-dashboard","33":"product_tag-relatorios-dinamicos","34":"product_tag-relatorios-em-power-bi","35":"product_tag-relatorios-gerenciais","36":"product_tag-visualizacao-de-dados","37":"desktop-align-left","38":"tablet-align-left","39":"mobile-align-left","41":"first","42":"instock","43":"virtual","44":"purchasable","45":"product-type-simple"},"_links":{"self":[{"href":"https:\/\/pacotedeplanilhas.com\/loja\/wp-json\/wp\/v2\/product\/2916","targetHints":{"allow":["GET"]}}],"collection":[{"href":"https:\/\/pacotedeplanilhas.com\/loja\/wp-json\/wp\/v2\/product"}],"about":[{"href":"https:\/\/pacotedeplanilhas.com\/loja\/wp-json\/wp\/v2\/types\/product"}],"replies":[{"embeddable":true,"href":"https:\/\/pacotedeplanilhas.com\/loja\/wp-json\/wp\/v2\/comments?post=2916"}],"version-history":[{"count":3,"href":"https:\/\/pacotedeplanilhas.com\/loja\/wp-json\/wp\/v2\/product\/2916\/revisions"}],"predecessor-version":[{"id":7472,"href":"https:\/\/pacotedeplanilhas.com\/loja\/wp-json\/wp\/v2\/product\/2916\/revisions\/7472"}],"wp:featuredmedia":[{"embeddable":true,"href":"https:\/\/pacotedeplanilhas.com\/loja\/wp-json\/wp\/v2\/media\/7446"}],"wp:attachment":[{"href":"https:\/\/pacotedeplanilhas.com\/loja\/wp-json\/wp\/v2\/media?parent=2916"}],"wp:term":[{"taxonomy":"product_brand","embeddable":true,"href":"https:\/\/pacotedeplanilhas.com\/loja\/wp-json\/wp\/v2\/product_brand?post=2916"},{"taxonomy":"product_cat","embeddable":true,"href":"https:\/\/pacotedeplanilhas.com\/loja\/wp-json\/wp\/v2\/product_cat?post=2916"},{"taxonomy":"product_tag","embeddable":true,"href":"https:\/\/pacotedeplanilhas.com\/loja\/wp-json\/wp\/v2\/product_tag?post=2916"}],"curies":[{"name":"wp","href":"https:\/\/api.w.org\/{rel}","templated":true}]}}