{"id":2922,"date":"2021-09-15T09:57:36","date_gmt":"2021-09-15T12:57:36","guid":{"rendered":"https:\/\/pacotedeplanilhas.com\/loja\/?post_type=product&#038;p=2922"},"modified":"2025-10-20T15:33:58","modified_gmt":"2025-10-20T18:33:58","slug":"dashboard-power-bi-seguranca-do-trabalho","status":"publish","type":"product","link":"https:\/\/pacotedeplanilhas.com\/loja\/store\/power-bi\/dashboard-power-bi-seguranca-do-trabalho\/","title":{"rendered":"DASHBOARD POWER BI &#8211; SEGURAN\u00c7A DO TRABALHO 1.0"},"content":{"rendered":"<p>O Dashboard de Seguran\u00e7a do Trabalho foi elaborado no Power BI usando uma fonte de dados em Excel, \u00e9 perfeito para voc\u00ea acompanhar, analisar e tomar a\u00e7\u00f5es atrav\u00e9s dos indicadores de acidentes e incidentes de trabalho na sua empresa.<\/p>\n<p>Ser\u00e1 poss\u00edvel analisar por Nome de Funcion\u00e1rio, Setor, Local da Ocorr\u00eancia, Dia, M\u00eas, Ano, Idade, G\u00eanero, Faixa Et\u00e1ria, Turno de Ocorr\u00eancia.<\/p>\n<p>&#8211; Vis\u00e3o Geral do N\u00famero de Acidentes e Incidentes<\/p>\n<p>&#8211; Acidentes e Incidentes detalhado<\/p>\n<p>&#8211; Gr\u00e1ficos<\/p>\n<p>&#8211; Per\u00edodo de Ocorr\u00eancia<\/p>\n<p>Planilha em Excel<\/p>\n<p>A planilha em Excel \u00e9 a base de dados para alimentar o Power BI.<\/p>\n<p>Dashboards no Power BI<\/p>\n<p>Depois de preencher a planilha no Excel com seus dados, basta atualizar o arquivo que os gr\u00e1ficos ser\u00e3o atualizados automaticamente.<\/p>\n<p>Caso tenha experi\u00eancia com Power BI, voc\u00ea poder\u00e1 modificar os gr\u00e1ficos e criar suas pr\u00f3prias visualiza\u00e7\u00f5es, o arquivo \u00e9 totalmente edit\u00e1vel.<\/p>\n","protected":false},"excerpt":{"rendered":"<p>O Dashboard de Seguran\u00e7a do Trabalho foi elaborado no Power BI usando uma fonte de dados em Excel, \u00e9 perfeito para voc\u00ea acompanhar, analisar e tomar a\u00e7\u00f5es atrav\u00e9s dos indicadores de acidentes e incidentes de trabalho na sua empresa. Ser\u00e1 poss\u00edvel analisar por Nome de Funcion\u00e1rio, Setor, Local da Ocorr\u00eancia, Dia, M\u00eas, Ano, Idade, G\u00eanero, [&hellip;]<\/p>\n","protected":false},"featured_media":7457,"comment_status":"open","ping_status":"closed","template":"","meta":{"site-sidebar-layout":"default","site-content-layout":"default","ast-site-content-layout":"default","site-content-style":"default","site-sidebar-style":"default","ast-global-header-display":"","ast-banner-title-visibility":"","ast-main-header-display":"","ast-hfb-above-header-display":"","ast-hfb-below-header-display":"","ast-hfb-mobile-header-display":"","site-post-title":"","ast-breadcrumbs-content":"","ast-featured-img":"","footer-sml-layout":"","theme-transparent-header-meta":"default","adv-header-id-meta":"","stick-header-meta":"","header-above-stick-meta":"","header-main-stick-meta":"","header-below-stick-meta":"","astra-migrate-meta-layouts":"set","ast-page-background-enabled":"default","ast-page-background-meta":{"desktop":{"background-color":"","background-image":"","background-repeat":"repeat","background-position":"center center","background-size":"auto","background-attachment":"scroll","background-type":"","background-media":"","overlay-type":"","overlay-color":"","overlay-opacity":"","overlay-gradient":""},"tablet":{"background-color":"","background-image":"","background-repeat":"repeat","background-position":"center center","background-size":"auto","background-attachment":"scroll","background-type":"","background-media":"","overlay-type":"","overlay-color":"","overlay-opacity":"","overlay-gradient":""},"mobile":{"background-color":"","background-image":"","background-repeat":"repeat","background-position":"center center","background-size":"auto","background-attachment":"scroll","background-type":"","background-media":"","overlay-type":"","overlay-color":"","overlay-opacity":"","overlay-gradient":""}},"ast-content-background-meta":{"desktop":{"background-color":"var(--ast-global-color-5)","background-image":"","background-repeat":"repeat","background-position":"center center","background-size":"auto","background-attachment":"scroll","background-type":"","background-media":"","overlay-type":"","overlay-color":"","overlay-opacity":"","overlay-gradient":""},"tablet":{"background-color":"var(--ast-global-color-5)","background-image":"","background-repeat":"repeat","background-position":"center center","background-size":"auto","background-attachment":"scroll","background-type":"","background-media":"","overlay-type":"","overlay-color":"","overlay-opacity":"","overlay-gradient":""},"mobile":{"background-color":"var(--ast-global-color-5)","background-image":"","background-repeat":"repeat","background-position":"center center","background-size":"auto","background-attachment":"scroll","background-type":"","background-media":"","overlay-type":"","overlay-color":"","overlay-opacity":"","overlay-gradient":""}}},"product_brand":[],"product_cat":[176,994],"product_tag":[1062,1059,124,1029,551,1026,867,1061,1047,894,644,435,1046,553,1060,555,548,1024,515],"class_list":{"0":"post-2922","1":"product","2":"type-product","3":"status-publish","4":"has-post-thumbnail","6":"product_cat-power-bi","7":"product_cat-seguranca-do-trabalho","8":"product_tag-analise-de-incidentes","9":"product_tag-analise-de-riscos","10":"product_tag-dashboard","11":"product_tag-ergonomia","12":"product_tag-gestao-de-seguranca","13":"product_tag-higiene-ocupacional","14":"product_tag-indicadores-de-desempenho","15":"product_tag-indicadores-de-seguranca","16":"product_tag-kpis","17":"product_tag-monitoramento-de-seguranca","18":"product_tag-normas-regulamentadoras","19":"product_tag-power-bi","20":"product_tag-power-bi-dashboard","21":"product_tag-prevencao-de-acidentes","22":"product_tag-relatorios-de-seguranca","23":"product_tag-saude-ocupacional","24":"product_tag-seguranca-do-trabalho","25":"product_tag-sst","26":"product_tag-visualizacao-de-dados","27":"desktop-align-left","28":"tablet-align-left","29":"mobile-align-left","31":"first","32":"instock","33":"shipping-taxable","34":"purchasable","35":"product-type-simple"},"_links":{"self":[{"href":"https:\/\/pacotedeplanilhas.com\/loja\/wp-json\/wp\/v2\/product\/2922","targetHints":{"allow":["GET"]}}],"collection":[{"href":"https:\/\/pacotedeplanilhas.com\/loja\/wp-json\/wp\/v2\/product"}],"about":[{"href":"https:\/\/pacotedeplanilhas.com\/loja\/wp-json\/wp\/v2\/types\/product"}],"replies":[{"embeddable":true,"href":"https:\/\/pacotedeplanilhas.com\/loja\/wp-json\/wp\/v2\/comments?post=2922"}],"version-history":[{"count":2,"href":"https:\/\/pacotedeplanilhas.com\/loja\/wp-json\/wp\/v2\/product\/2922\/revisions"}],"predecessor-version":[{"id":7458,"href":"https:\/\/pacotedeplanilhas.com\/loja\/wp-json\/wp\/v2\/product\/2922\/revisions\/7458"}],"wp:featuredmedia":[{"embeddable":true,"href":"https:\/\/pacotedeplanilhas.com\/loja\/wp-json\/wp\/v2\/media\/7457"}],"wp:attachment":[{"href":"https:\/\/pacotedeplanilhas.com\/loja\/wp-json\/wp\/v2\/media?parent=2922"}],"wp:term":[{"taxonomy":"product_brand","embeddable":true,"href":"https:\/\/pacotedeplanilhas.com\/loja\/wp-json\/wp\/v2\/product_brand?post=2922"},{"taxonomy":"product_cat","embeddable":true,"href":"https:\/\/pacotedeplanilhas.com\/loja\/wp-json\/wp\/v2\/product_cat?post=2922"},{"taxonomy":"product_tag","embeddable":true,"href":"https:\/\/pacotedeplanilhas.com\/loja\/wp-json\/wp\/v2\/product_tag?post=2922"}],"curies":[{"name":"wp","href":"https:\/\/api.w.org\/{rel}","templated":true}]}}