{"id":2930,"date":"2021-09-15T10:03:09","date_gmt":"2021-09-15T13:03:09","guid":{"rendered":"https:\/\/pacotedeplanilhas.com\/loja\/?post_type=product&#038;p=2930"},"modified":"2025-10-23T09:16:41","modified_gmt":"2025-10-23T12:16:41","slug":"dashboard-power-bi-controle-de-pedidos","status":"publish","type":"product","link":"https:\/\/pacotedeplanilhas.com\/loja\/store\/comercial\/dashboard-power-bi-controle-de-pedidos\/","title":{"rendered":"DASHBOARD POWER BI &#8211; CONTROLE DE PEDIDOS 1.0"},"content":{"rendered":"<p>Com o Dashboard de Gest\u00e3o de pedidos \u00e9 poss\u00edvel acompanhar e analisar:<\/p>\n<p>Faturamento por m\u00eas; Solicita\u00e7\u00f5es recebidas por m\u00eas; Percentual de Solicita\u00e7\u00f5es Atendidas e N\u00e3o Atendidas; Percentual de Solicita\u00e7\u00f5es Atendidas (Desempenho Bom); Percentual de Solicita\u00e7\u00f5es N\u00e3o Atendidas por M\u00eas; Efici\u00eancia de Invent\u00e1rio; Notas de D\u00e9bito vs Notas de Cr\u00e9dito; Notas por m\u00eas; Valor de Estoque &#8211; Faturamento por M\u00eas.<\/p>\n<p>Produtos Expedidos<\/p>\n<p>Valor em produtos expedidos por ano; Valor em produtos expedidos por m\u00eas; Top 10 maiores clientes; Top 10 maiores produtos; Valor em produtos por data de emiss\u00e3o; Valor em produtos por trimestre.<\/p>\n<p>Planilha em Excel<\/p>\n<p>A planilha em Excel \u00e9 a base de dados para alimentar o Power BI.<\/p>\n<p>Dashboards no Power BI<\/p>\n<p>Depois de preencher a planilha no Excel com seus dados, basta atualizar o arquivo que os gr\u00e1ficos ser\u00e3o atualizados automaticamente.<\/p>\n<p>Caso tenha experi\u00eancia com Power BI, voc\u00ea poder\u00e1 modificar os gr\u00e1ficos e criar suas pr\u00f3prias visualiza\u00e7\u00f5es, o arquivo \u00e9 totalmente edit\u00e1vel.<\/p>\n","protected":false},"excerpt":{"rendered":"<p>Com o Dashboard de Gest\u00e3o de pedidos \u00e9 poss\u00edvel acompanhar e analisar: Faturamento por m\u00eas; Solicita\u00e7\u00f5es recebidas por m\u00eas; Percentual de Solicita\u00e7\u00f5es Atendidas e N\u00e3o Atendidas; Percentual de Solicita\u00e7\u00f5es Atendidas (Desempenho Bom); Percentual de Solicita\u00e7\u00f5es N\u00e3o Atendidas por M\u00eas; Efici\u00eancia de Invent\u00e1rio; Notas de D\u00e9bito vs Notas de Cr\u00e9dito; Notas por m\u00eas; Valor de Estoque [&hellip;]<\/p>\n","protected":false},"featured_media":7456,"comment_status":"open","ping_status":"closed","template":"","meta":{"site-sidebar-layout":"default","site-content-layout":"default","ast-site-content-layout":"default","site-content-style":"default","site-sidebar-style":"default","ast-global-header-display":"","ast-banner-title-visibility":"","ast-main-header-display":"","ast-hfb-above-header-display":"","ast-hfb-below-header-display":"","ast-hfb-mobile-header-display":"","site-post-title":"","ast-breadcrumbs-content":"","ast-featured-img":"","footer-sml-layout":"","theme-transparent-header-meta":"default","adv-header-id-meta":"","stick-header-meta":"","header-above-stick-meta":"","header-main-stick-meta":"","header-below-stick-meta":"","astra-migrate-meta-layouts":"set","ast-page-background-enabled":"default","ast-page-background-meta":{"desktop":{"background-color":"","background-image":"","background-repeat":"repeat","background-position":"center center","background-size":"auto","background-attachment":"scroll","background-type":"","background-media":"","overlay-type":"","overlay-color":"","overlay-opacity":"","overlay-gradient":""},"tablet":{"background-color":"","background-image":"","background-repeat":"repeat","background-position":"center center","background-size":"auto","background-attachment":"scroll","background-type":"","background-media":"","overlay-type":"","overlay-color":"","overlay-opacity":"","overlay-gradient":""},"mobile":{"background-color":"","background-image":"","background-repeat":"repeat","background-position":"center center","background-size":"auto","background-attachment":"scroll","background-type":"","background-media":"","overlay-type":"","overlay-color":"","overlay-opacity":"","overlay-gradient":""}},"ast-content-background-meta":{"desktop":{"background-color":"var(--ast-global-color-5)","background-image":"","background-repeat":"repeat","background-position":"center center","background-size":"auto","background-attachment":"scroll","background-type":"","background-media":"","overlay-type":"","overlay-color":"","overlay-opacity":"","overlay-gradient":""},"tablet":{"background-color":"var(--ast-global-color-5)","background-image":"","background-repeat":"repeat","background-position":"center center","background-size":"auto","background-attachment":"scroll","background-type":"","background-media":"","overlay-type":"","overlay-color":"","overlay-opacity":"","overlay-gradient":""},"mobile":{"background-color":"var(--ast-global-color-5)","background-image":"","background-repeat":"repeat","background-position":"center center","background-size":"auto","background-attachment":"scroll","background-type":"","background-media":"","overlay-type":"","overlay-color":"","overlay-opacity":"","overlay-gradient":""}}},"product_brand":[],"product_cat":[998,176,992],"product_tag":[1054,670,1050,1057,752,535,1051,1055,1056,750,124,566,565,749,703,867,1047,754,1053,435,1046,1052,1048,1058,1045,515,1049],"class_list":{"0":"post-2930","1":"product","2":"type-product","3":"status-publish","4":"has-post-thumbnail","6":"product_cat-comercial","7":"product_cat-power-bi","8":"product_cat-producao","9":"product_tag-analise-de-dados-empresariais","10":"product_tag-analise-de-desempenho","11":"product_tag-analise-de-estoque","12":"product_tag-analise-de-logistica","13":"product_tag-analise-de-pedidos","14":"product_tag-analise-de-vendas","15":"product_tag-automacao-de-relatorios","16":"product_tag-bi-para-vendas","17":"product_tag-controle-de-inventario","18":"product_tag-controle-de-pedidos","19":"product_tag-dashboard","20":"product_tag-dashboard-interativo","21":"product_tag-ferramentas-de-bi","22":"product_tag-gestao-de-pedidos","23":"product_tag-gestao-de-vendas","24":"product_tag-indicadores-de-desempenho","25":"product_tag-kpis","26":"product_tag-monitoramento-de-pedidos","27":"product_tag-paineis-de-controle","28":"product_tag-power-bi","29":"product_tag-power-bi-dashboard","30":"product_tag-power-bi-templates","31":"product_tag-relatorio-de-pedidos","32":"product_tag-relatorios-dinamicos","33":"product_tag-relatorios-em-power-bi","34":"product_tag-visualizacao-de-dados","35":"product_tag-visualizacao-de-metricas","36":"desktop-align-left","37":"tablet-align-left","38":"mobile-align-left","40":"first","41":"instock","42":"virtual","43":"purchasable","44":"product-type-simple"},"_links":{"self":[{"href":"https:\/\/pacotedeplanilhas.com\/loja\/wp-json\/wp\/v2\/product\/2930","targetHints":{"allow":["GET"]}}],"collection":[{"href":"https:\/\/pacotedeplanilhas.com\/loja\/wp-json\/wp\/v2\/product"}],"about":[{"href":"https:\/\/pacotedeplanilhas.com\/loja\/wp-json\/wp\/v2\/types\/product"}],"replies":[{"embeddable":true,"href":"https:\/\/pacotedeplanilhas.com\/loja\/wp-json\/wp\/v2\/comments?post=2930"}],"version-history":[{"count":3,"href":"https:\/\/pacotedeplanilhas.com\/loja\/wp-json\/wp\/v2\/product\/2930\/revisions"}],"predecessor-version":[{"id":7474,"href":"https:\/\/pacotedeplanilhas.com\/loja\/wp-json\/wp\/v2\/product\/2930\/revisions\/7474"}],"wp:featuredmedia":[{"embeddable":true,"href":"https:\/\/pacotedeplanilhas.com\/loja\/wp-json\/wp\/v2\/media\/7456"}],"wp:attachment":[{"href":"https:\/\/pacotedeplanilhas.com\/loja\/wp-json\/wp\/v2\/media?parent=2930"}],"wp:term":[{"taxonomy":"product_brand","embeddable":true,"href":"https:\/\/pacotedeplanilhas.com\/loja\/wp-json\/wp\/v2\/product_brand?post=2930"},{"taxonomy":"product_cat","embeddable":true,"href":"https:\/\/pacotedeplanilhas.com\/loja\/wp-json\/wp\/v2\/product_cat?post=2930"},{"taxonomy":"product_tag","embeddable":true,"href":"https:\/\/pacotedeplanilhas.com\/loja\/wp-json\/wp\/v2\/product_tag?post=2930"}],"curies":[{"name":"wp","href":"https:\/\/api.w.org\/{rel}","templated":true}]}}