{"id":2939,"date":"2021-10-27T11:33:20","date_gmt":"2021-10-27T14:33:20","guid":{"rendered":"https:\/\/pacotedeplanilhas.com\/loja\/?post_type=product&#038;p=2939"},"modified":"2024-07-17T22:01:11","modified_gmt":"2024-07-18T01:01:11","slug":"planilha-de-precificacao-para-produtos-de-revenda","status":"publish","type":"product","link":"https:\/\/pacotedeplanilhas.com\/loja\/store\/comercial\/planilha-de-precificacao-para-produtos-de-revenda\/","title":{"rendered":"Planilha de Precifica\u00e7\u00e3o para Produtos de Revenda"},"content":{"rendered":"<p>A melhor Planilha de Precifica\u00e7\u00e3o para Produtos de Revenda do mercado, nessa planilha voc\u00ea poder\u00e1 visualizar facilmente todos os dados de pre\u00e7os dos produtos, qual margem de contribui\u00e7\u00e3o esta tendo em cada venda e qual o ponto de equil\u00edbrio do seu neg\u00f3cio (ou seja quanto voc\u00ea tem que revender em cada per\u00edodo para cobrir todos os gastos do seu empreendimento). Tudo isso em apenas uma planilha.<\/p>\n<p>Conte\u00fado de bela est\u00e9tica e de muita funcionalidade feito por profissionais em excel, uma excelente ferramenta de trabalho. Que ir\u00e1 facilitar seu trabalho e economizar tempo para a an\u00e1lise dos dados.<\/p>\n<p>Todo conte\u00fado da planilha est\u00e1 pronto, voc\u00ea ir\u00e1 edit\u00e1-lo, modificando-o de acordo com sua necessidade.<\/p>\n<p>&nbsp;<\/p>\n<div class=\"ast-oembed-container \" style=\"height: 100%;\"><iframe title=\"Planilha de precifica\u00e7\u00e3o para produtos de revenda\" width=\"500\" height=\"281\" src=\"https:\/\/www.youtube.com\/embed\/eyp7D2QKV_0?feature=oembed\" frameborder=\"0\" allow=\"accelerometer; autoplay; clipboard-write; encrypted-media; gyroscope; picture-in-picture; web-share\" referrerpolicy=\"strict-origin-when-cross-origin\" allowfullscreen><\/iframe><\/div>\n","protected":false},"excerpt":{"rendered":"<p>A melhor Planilha de Precifica\u00e7\u00e3o para Produtos de Revenda do mercado, nessa planilha voc\u00ea poder\u00e1 visualizar facilmente todos os dados de pre\u00e7os dos produtos, qual margem de contribui\u00e7\u00e3o esta tendo em cada venda e qual o ponto de equil\u00edbrio do seu neg\u00f3cio (ou seja quanto voc\u00ea tem que revender em cada per\u00edodo para cobrir todos [&hellip;]<\/p>\n","protected":false},"featured_media":3485,"comment_status":"open","ping_status":"closed","template":"","meta":{"site-sidebar-layout":"default","site-content-layout":"default","ast-site-content-layout":"","site-content-style":"default","site-sidebar-style":"default","ast-global-header-display":"","ast-banner-title-visibility":"","ast-main-header-display":"","ast-hfb-above-header-display":"","ast-hfb-below-header-display":"","ast-hfb-mobile-header-display":"","site-post-title":"","ast-breadcrumbs-content":"","ast-featured-img":"","footer-sml-layout":"","theme-transparent-header-meta":"default","adv-header-id-meta":"","stick-header-meta":"","header-above-stick-meta":"","header-main-stick-meta":"","header-below-stick-meta":"","astra-migrate-meta-layouts":"default","ast-page-background-enabled":"default","ast-page-background-meta":{"desktop":{"background-color":"","background-image":"","background-repeat":"repeat","background-position":"center center","background-size":"auto","background-attachment":"scroll","background-type":"","background-media":"","overlay-type":"","overlay-color":"","overlay-opacity":"","overlay-gradient":""},"tablet":{"background-color":"","background-image":"","background-repeat":"repeat","background-position":"center center","background-size":"auto","background-attachment":"scroll","background-type":"","background-media":"","overlay-type":"","overlay-color":"","overlay-opacity":"","overlay-gradient":""},"mobile":{"background-color":"","background-image":"","background-repeat":"repeat","background-position":"center center","background-size":"auto","background-attachment":"scroll","background-type":"","background-media":"","overlay-type":"","overlay-color":"","overlay-opacity":"","overlay-gradient":""}},"ast-content-background-meta":{"desktop":{"background-color":"var(--ast-global-color-5)","background-image":"","background-repeat":"repeat","background-position":"center center","background-size":"auto","background-attachment":"scroll","background-type":"","background-media":"","overlay-type":"","overlay-color":"","overlay-opacity":"","overlay-gradient":""},"tablet":{"background-color":"var(--ast-global-color-5)","background-image":"","background-repeat":"repeat","background-position":"center center","background-size":"auto","background-attachment":"scroll","background-type":"","background-media":"","overlay-type":"","overlay-color":"","overlay-opacity":"","overlay-gradient":""},"mobile":{"background-color":"var(--ast-global-color-5)","background-image":"","background-repeat":"repeat","background-position":"center center","background-size":"auto","background-attachment":"scroll","background-type":"","background-media":"","overlay-type":"","overlay-color":"","overlay-opacity":"","overlay-gradient":""}}},"product_brand":[],"product_cat":[998,997,991,120],"product_tag":[269,268,271,270,266,267],"class_list":{"0":"post-2939","1":"product","2":"type-product","3":"status-publish","4":"has-post-thumbnail","6":"product_cat-comercial","7":"product_cat-empresarial","8":"product_cat-financeiro","9":"product_cat-planilhas-em-excel","10":"product_tag-como-precificar-os-produtos","11":"product_tag-dashboard-de-precificacao","12":"product_tag-planejamento-de-preco-do-produto","13":"product_tag-planilha-para-saber-margem-do-produto","14":"product_tag-precificacao-de-produtos","15":"product_tag-produtos-de-revenda-planilha-de-precificacao","16":"desktop-align-left","17":"tablet-align-left","18":"mobile-align-left","20":"first","21":"instock","22":"shipping-taxable","23":"purchasable","24":"product-type-simple"},"_links":{"self":[{"href":"https:\/\/pacotedeplanilhas.com\/loja\/wp-json\/wp\/v2\/product\/2939","targetHints":{"allow":["GET"]}}],"collection":[{"href":"https:\/\/pacotedeplanilhas.com\/loja\/wp-json\/wp\/v2\/product"}],"about":[{"href":"https:\/\/pacotedeplanilhas.com\/loja\/wp-json\/wp\/v2\/types\/product"}],"replies":[{"embeddable":true,"href":"https:\/\/pacotedeplanilhas.com\/loja\/wp-json\/wp\/v2\/comments?post=2939"}],"version-history":[{"count":3,"href":"https:\/\/pacotedeplanilhas.com\/loja\/wp-json\/wp\/v2\/product\/2939\/revisions"}],"predecessor-version":[{"id":3486,"href":"https:\/\/pacotedeplanilhas.com\/loja\/wp-json\/wp\/v2\/product\/2939\/revisions\/3486"}],"wp:featuredmedia":[{"embeddable":true,"href":"https:\/\/pacotedeplanilhas.com\/loja\/wp-json\/wp\/v2\/media\/3485"}],"wp:attachment":[{"href":"https:\/\/pacotedeplanilhas.com\/loja\/wp-json\/wp\/v2\/media?parent=2939"}],"wp:term":[{"taxonomy":"product_brand","embeddable":true,"href":"https:\/\/pacotedeplanilhas.com\/loja\/wp-json\/wp\/v2\/product_brand?post=2939"},{"taxonomy":"product_cat","embeddable":true,"href":"https:\/\/pacotedeplanilhas.com\/loja\/wp-json\/wp\/v2\/product_cat?post=2939"},{"taxonomy":"product_tag","embeddable":true,"href":"https:\/\/pacotedeplanilhas.com\/loja\/wp-json\/wp\/v2\/product_tag?post=2939"}],"curies":[{"name":"wp","href":"https:\/\/api.w.org\/{rel}","templated":true}]}}