{"id":3202,"date":"2021-11-22T09:25:25","date_gmt":"2021-11-22T12:25:25","guid":{"rendered":"https:\/\/pacotedeplanilhas.com\/loja\/?post_type=product&#038;p=3202"},"modified":"2024-07-18T14:51:33","modified_gmt":"2024-07-18T17:51:33","slug":"pacote-empresarial","status":"publish","type":"product","link":"https:\/\/pacotedeplanilhas.com\/loja\/store\/sem-categoria\/pacote-empresarial\/","title":{"rendered":"Pacote Empresarial"},"content":{"rendered":"<p>EXCELENTE CUSTO BENEF\u00cdCIO!<\/p>\n<p>O pacote empresarial, nesse pacote voc\u00ea ter\u00e1 acesso aos conte\u00fado sobre Planilhas de Excel e Projetos Power BI em um s\u00f3 pacote.<\/p>\n<p>Conte\u00fado de bela est\u00e9tica e de muita funcionalidade feito por profissionais em ms office, uma excelente ferramenta de trabalho, que pode ser utilizada para v\u00e1rios objetivos como no trabalho, nos estudos ou em suas necessidades do dia a dia.<\/p>\n<p>Acha o Excel ou o Power BI muito complicados? Tem dificuldades com gr\u00e1ficos e f\u00f3rmulas? Com este mega pacote voc\u00ea ir\u00e1 descomplicar as tarefas do dia a dia, tornando tudo muito mais f\u00e1cil, r\u00e1pido e pr\u00e1tico.<\/p>\n<p>Todo conte\u00fado do pacote est\u00e3o prontos, mas voc\u00ea poder\u00e1 edit\u00e1-los, modificando-as de acordo com sua necessidade. S\u00e3o diversos de exemplos para voc\u00ea alterar ao seu gosto!<\/p>\n<p>A \u00e1rea de membros conta com v\u00eddeos explicativos mostrando como as planilhas e os Slides funcionam.<\/p>\n","protected":false},"excerpt":{"rendered":"<p>EXCELENTE CUSTO BENEF\u00cdCIO! O pacote empresarial, nesse pacote voc\u00ea ter\u00e1 acesso aos conte\u00fado sobre Planilhas de Excel e Projetos Power BI em um s\u00f3 pacote. Conte\u00fado de bela est\u00e9tica e de muita funcionalidade feito por profissionais em ms office, uma excelente ferramenta de trabalho, que pode ser utilizada para v\u00e1rios objetivos como no trabalho, nos [&hellip;]<\/p>\n","protected":false},"featured_media":3203,"comment_status":"open","ping_status":"closed","template":"","meta":{"site-sidebar-layout":"default","site-content-layout":"default","ast-site-content-layout":"","site-content-style":"default","site-sidebar-style":"default","ast-global-header-display":"","ast-banner-title-visibility":"","ast-main-header-display":"","ast-hfb-above-header-display":"","ast-hfb-below-header-display":"","ast-hfb-mobile-header-display":"","site-post-title":"","ast-breadcrumbs-content":"","ast-featured-img":"","footer-sml-layout":"","theme-transparent-header-meta":"default","adv-header-id-meta":"","stick-header-meta":"","header-above-stick-meta":"","header-main-stick-meta":"","header-below-stick-meta":"","astra-migrate-meta-layouts":"default","ast-page-background-enabled":"default","ast-page-background-meta":{"desktop":{"background-color":"","background-image":"","background-repeat":"repeat","background-position":"center center","background-size":"auto","background-attachment":"scroll","background-type":"","background-media":"","overlay-type":"","overlay-color":"","overlay-opacity":"","overlay-gradient":""},"tablet":{"background-color":"","background-image":"","background-repeat":"repeat","background-position":"center center","background-size":"auto","background-attachment":"scroll","background-type":"","background-media":"","overlay-type":"","overlay-color":"","overlay-opacity":"","overlay-gradient":""},"mobile":{"background-color":"","background-image":"","background-repeat":"repeat","background-position":"center center","background-size":"auto","background-attachment":"scroll","background-type":"","background-media":"","overlay-type":"","overlay-color":"","overlay-opacity":"","overlay-gradient":""}},"ast-content-background-meta":{"desktop":{"background-color":"var(--ast-global-color-5)","background-image":"","background-repeat":"repeat","background-position":"center center","background-size":"auto","background-attachment":"scroll","background-type":"","background-media":"","overlay-type":"","overlay-color":"","overlay-opacity":"","overlay-gradient":""},"tablet":{"background-color":"var(--ast-global-color-5)","background-image":"","background-repeat":"repeat","background-position":"center center","background-size":"auto","background-attachment":"scroll","background-type":"","background-media":"","overlay-type":"","overlay-color":"","overlay-opacity":"","overlay-gradient":""},"mobile":{"background-color":"var(--ast-global-color-5)","background-image":"","background-repeat":"repeat","background-position":"center center","background-size":"auto","background-attachment":"scroll","background-type":"","background-media":"","overlay-type":"","overlay-color":"","overlay-opacity":"","overlay-gradient":""}}},"product_brand":[],"product_cat":[15],"product_tag":[1034,1038,1041,631,1039,580,1036,1037,1043,258,605,1042,1044,1035,617,1033,835,583,451,123,875,1040],"class_list":{"0":"post-3202","1":"product","2":"type-product","3":"status-publish","4":"has-post-thumbnail","6":"product_cat-sem-categoria","7":"product_tag-administracao-de-empresas","8":"product_tag-analise-de-mercado","9":"product_tag-analise-swot","10":"product_tag-compliance","11":"product_tag-consultoria-empresarial","12":"product_tag-controle-financeiro","13":"product_tag-desenvolvimento-de-negocios","14":"product_tag-ferramentas-empresariais","15":"product_tag-financas-empresariais","16":"product_tag-gestao-de-projetos","17":"product_tag-gestao-empresarial","18":"product_tag-governanca-corporativa","19":"product_tag-inovacao-empresarial","20":"product_tag-marketing-empresarial","21":"product_tag-otimizacao-de-processos","22":"product_tag-pacote-empresarial","23":"product_tag-planejamento-estrategico","24":"product_tag-planejamento-financeiro","25":"product_tag-produtividade","26":"product_tag-recursos-humanos","27":"product_tag-relatorios-gerenciais","28":"product_tag-software-empresarial","29":"desktop-align-left","30":"tablet-align-left","31":"mobile-align-left","33":"first","34":"instock","35":"shipping-taxable","36":"purchasable","37":"product-type-simple"},"_links":{"self":[{"href":"https:\/\/pacotedeplanilhas.com\/loja\/wp-json\/wp\/v2\/product\/3202","targetHints":{"allow":["GET"]}}],"collection":[{"href":"https:\/\/pacotedeplanilhas.com\/loja\/wp-json\/wp\/v2\/product"}],"about":[{"href":"https:\/\/pacotedeplanilhas.com\/loja\/wp-json\/wp\/v2\/types\/product"}],"replies":[{"embeddable":true,"href":"https:\/\/pacotedeplanilhas.com\/loja\/wp-json\/wp\/v2\/comments?post=3202"}],"version-history":[{"count":1,"href":"https:\/\/pacotedeplanilhas.com\/loja\/wp-json\/wp\/v2\/product\/3202\/revisions"}],"predecessor-version":[{"id":3213,"href":"https:\/\/pacotedeplanilhas.com\/loja\/wp-json\/wp\/v2\/product\/3202\/revisions\/3213"}],"wp:featuredmedia":[{"embeddable":true,"href":"https:\/\/pacotedeplanilhas.com\/loja\/wp-json\/wp\/v2\/media\/3203"}],"wp:attachment":[{"href":"https:\/\/pacotedeplanilhas.com\/loja\/wp-json\/wp\/v2\/media?parent=3202"}],"wp:term":[{"taxonomy":"product_brand","embeddable":true,"href":"https:\/\/pacotedeplanilhas.com\/loja\/wp-json\/wp\/v2\/product_brand?post=3202"},{"taxonomy":"product_cat","embeddable":true,"href":"https:\/\/pacotedeplanilhas.com\/loja\/wp-json\/wp\/v2\/product_cat?post=3202"},{"taxonomy":"product_tag","embeddable":true,"href":"https:\/\/pacotedeplanilhas.com\/loja\/wp-json\/wp\/v2\/product_tag?post=3202"}],"curies":[{"name":"wp","href":"https:\/\/api.w.org\/{rel}","templated":true}]}}