{"id":3214,"date":"2021-11-22T09:36:41","date_gmt":"2021-11-22T12:36:41","guid":{"rendered":"https:\/\/pacotedeplanilhas.com\/loja\/?post_type=product&#038;p=3214"},"modified":"2024-07-18T14:49:58","modified_gmt":"2024-07-18T17:49:58","slug":"pacote-de-seguranca-do-trabalho","status":"publish","type":"product","link":"https:\/\/pacotedeplanilhas.com\/loja\/store\/sem-categoria\/pacote-de-seguranca-do-trabalho\/","title":{"rendered":"Pacote de Seguran\u00e7a do Trabalho"},"content":{"rendered":"<p>EXCELENTE CUSTO BENEF\u00cdCIO!<\/p>\n<p>O pacote de Seguran\u00e7a do Trabalho, te da acesso aos conte\u00fado sobre Planilhas de Excel e Slides em PowerPoint em um s\u00f3 pacote.<\/p>\n<p>Conte\u00fado de bela est\u00e9tica e de muita funcionalidade feito por profissionais em ms office, uma excelente ferramenta de trabalho, que pode ser utilizada para v\u00e1rios objetivos como no trabalho, nos estudos ou em suas necessidades do dia a dia.<\/p>\n<p>Acha o Excel ou o PowerPoint muito complicados? Tem dificuldades com gr\u00e1ficos e f\u00f3rmulas? Com este mega pacote voc\u00ea ir\u00e1 descomplicar as tarefas do dia a dia, tornando tudo muito mais f\u00e1cil, r\u00e1pido e pr\u00e1tico.<\/p>\n<p>Todo conte\u00fado do pacote est\u00e3o prontos, mas voc\u00ea poder\u00e1 edit\u00e1-los, modificando-as de acordo com sua necessidade. S\u00e3o diversos de exemplos para voc\u00ea alterar ao seu gosto! A \u00e1rea de membros conta com v\u00eddeos explicativos mostrando como as planilhas e os Slides funcionam.<\/p>\n","protected":false},"excerpt":{"rendered":"<p>EXCELENTE CUSTO BENEF\u00cdCIO! O pacote de Seguran\u00e7a do Trabalho, te da acesso aos conte\u00fado sobre Planilhas de Excel e Slides em PowerPoint em um s\u00f3 pacote. Conte\u00fado de bela est\u00e9tica e de muita funcionalidade feito por profissionais em ms office, uma excelente ferramenta de trabalho, que pode ser utilizada para v\u00e1rios objetivos como no trabalho, [&hellip;]<\/p>\n","protected":false},"featured_media":3215,"comment_status":"open","ping_status":"closed","template":"","meta":{"site-sidebar-layout":"default","site-content-layout":"default","ast-site-content-layout":"","site-content-style":"default","site-sidebar-style":"default","ast-global-header-display":"","ast-banner-title-visibility":"","ast-main-header-display":"","ast-hfb-above-header-display":"","ast-hfb-below-header-display":"","ast-hfb-mobile-header-display":"","site-post-title":"","ast-breadcrumbs-content":"","ast-featured-img":"","footer-sml-layout":"","theme-transparent-header-meta":"default","adv-header-id-meta":"","stick-header-meta":"","header-above-stick-meta":"","header-main-stick-meta":"","header-below-stick-meta":"","astra-migrate-meta-layouts":"default","ast-page-background-enabled":"default","ast-page-background-meta":{"desktop":{"background-color":"","background-image":"","background-repeat":"repeat","background-position":"center center","background-size":"auto","background-attachment":"scroll","background-type":"","background-media":"","overlay-type":"","overlay-color":"","overlay-opacity":"","overlay-gradient":""},"tablet":{"background-color":"","background-image":"","background-repeat":"repeat","background-position":"center center","background-size":"auto","background-attachment":"scroll","background-type":"","background-media":"","overlay-type":"","overlay-color":"","overlay-opacity":"","overlay-gradient":""},"mobile":{"background-color":"","background-image":"","background-repeat":"repeat","background-position":"center center","background-size":"auto","background-attachment":"scroll","background-type":"","background-media":"","overlay-type":"","overlay-color":"","overlay-opacity":"","overlay-gradient":""}},"ast-content-background-meta":{"desktop":{"background-color":"var(--ast-global-color-5)","background-image":"","background-repeat":"repeat","background-position":"center center","background-size":"auto","background-attachment":"scroll","background-type":"","background-media":"","overlay-type":"","overlay-color":"","overlay-opacity":"","overlay-gradient":""},"tablet":{"background-color":"var(--ast-global-color-5)","background-image":"","background-repeat":"repeat","background-position":"center center","background-size":"auto","background-attachment":"scroll","background-type":"","background-media":"","overlay-type":"","overlay-color":"","overlay-opacity":"","overlay-gradient":""},"mobile":{"background-color":"var(--ast-global-color-5)","background-image":"","background-repeat":"repeat","background-position":"center center","background-size":"auto","background-attachment":"scroll","background-type":"","background-media":"","overlay-type":"","overlay-color":"","overlay-opacity":"","overlay-gradient":""}}},"product_brand":[],"product_cat":[15],"product_tag":[1032,674,1023,1029,551,1026,1031,1030,644,553,1028,555,548,908,1025,697,1024,1027],"class_list":{"0":"post-3214","1":"product","2":"type-product","3":"status-publish","4":"has-post-thumbnail","6":"product_cat-sem-categoria","7":"product_tag-analise-de-risco","8":"product_tag-cipa","9":"product_tag-epi","10":"product_tag-ergonomia","11":"product_tag-gestao-de-seguranca","12":"product_tag-higiene-ocupacional","13":"product_tag-insalubridade","14":"product_tag-mapas-de-risco","15":"product_tag-normas-regulamentadoras","16":"product_tag-prevencao-de-acidentes","17":"product_tag-riscos-ocupacionais","18":"product_tag-saude-ocupacional","19":"product_tag-seguranca-do-trabalho","20":"product_tag-seguranca-industrial","21":"product_tag-seguranca-laboral","22":"product_tag-seguranca-no-trabalho","23":"product_tag-sst","24":"product_tag-treinamento-de-seguranca","25":"desktop-align-left","26":"tablet-align-left","27":"mobile-align-left","29":"first","30":"instock","31":"shipping-taxable","32":"purchasable","33":"product-type-simple"},"_links":{"self":[{"href":"https:\/\/pacotedeplanilhas.com\/loja\/wp-json\/wp\/v2\/product\/3214","targetHints":{"allow":["GET"]}}],"collection":[{"href":"https:\/\/pacotedeplanilhas.com\/loja\/wp-json\/wp\/v2\/product"}],"about":[{"href":"https:\/\/pacotedeplanilhas.com\/loja\/wp-json\/wp\/v2\/types\/product"}],"replies":[{"embeddable":true,"href":"https:\/\/pacotedeplanilhas.com\/loja\/wp-json\/wp\/v2\/comments?post=3214"}],"version-history":[{"count":1,"href":"https:\/\/pacotedeplanilhas.com\/loja\/wp-json\/wp\/v2\/product\/3214\/revisions"}],"predecessor-version":[{"id":3222,"href":"https:\/\/pacotedeplanilhas.com\/loja\/wp-json\/wp\/v2\/product\/3214\/revisions\/3222"}],"wp:featuredmedia":[{"embeddable":true,"href":"https:\/\/pacotedeplanilhas.com\/loja\/wp-json\/wp\/v2\/media\/3215"}],"wp:attachment":[{"href":"https:\/\/pacotedeplanilhas.com\/loja\/wp-json\/wp\/v2\/media?parent=3214"}],"wp:term":[{"taxonomy":"product_brand","embeddable":true,"href":"https:\/\/pacotedeplanilhas.com\/loja\/wp-json\/wp\/v2\/product_brand?post=3214"},{"taxonomy":"product_cat","embeddable":true,"href":"https:\/\/pacotedeplanilhas.com\/loja\/wp-json\/wp\/v2\/product_cat?post=3214"},{"taxonomy":"product_tag","embeddable":true,"href":"https:\/\/pacotedeplanilhas.com\/loja\/wp-json\/wp\/v2\/product_tag?post=3214"}],"curies":[{"name":"wp","href":"https:\/\/api.w.org\/{rel}","templated":true}]}}