{"id":3223,"date":"2021-11-22T09:50:36","date_gmt":"2021-11-22T12:50:36","guid":{"rendered":"https:\/\/pacotedeplanilhas.com\/loja\/?post_type=product&#038;p=3223"},"modified":"2024-07-18T14:47:21","modified_gmt":"2024-07-18T17:47:21","slug":"pacote-top-1000-planilhas-em-excel","status":"publish","type":"product","link":"https:\/\/pacotedeplanilhas.com\/loja\/store\/pacotes\/pacote-top-1000-planilhas-em-excel\/","title":{"rendered":"Pacote TOP 1000 Planilhas em Excel"},"content":{"rendered":"<p>EXCELENTE CUSTO BENEF\u00cdCIO!<\/p>\n<p>O melhor pacote do Excel com 1000 planilhas edit\u00e1veis em todas as \u00e1reas, com certeza voc\u00ea encontrar\u00e1 o que procura e precisa. Planilhas simples e funcionais. Tabelas feitas por profissionais em ms office, uma excelente ferramenta de trabalho, que pode ser utilizada para v\u00e1rios objetivos como no trabalho, nos estudos ou em suas necessidades do dia a dia.<\/p>\n<p>Acha o Excel muito complicado? Tem dificuldades com gr\u00e1ficos e f\u00f3rmulas? Com este mega pacote de planilhas voc\u00ea ir\u00e1 descomplicar as tarefas do dia a dia, tornando tudo muito mais f\u00e1cil, r\u00e1pido e pr\u00e1tico. Todas as planilhas s\u00e3o prontas, mas voc\u00ea poder\u00e1 edit\u00e1-las, modificando-as de acordo com sua necessidade. S\u00e3o milhares de exemplos para voc\u00ea alterar ao seu gosto!<\/p>\n<p>Planilhas nos formatos xls, xlsx, xlt e outros.<\/p>\n","protected":false},"excerpt":{"rendered":"<p>EXCELENTE CUSTO BENEF\u00cdCIO! O melhor pacote do Excel com 1000 planilhas edit\u00e1veis em todas as \u00e1reas, com certeza voc\u00ea encontrar\u00e1 o que procura e precisa. Planilhas simples e funcionais. Tabelas feitas por profissionais em ms office, uma excelente ferramenta de trabalho, que pode ser utilizada para v\u00e1rios objetivos como no trabalho, nos estudos ou em [&hellip;]<\/p>\n","protected":false},"featured_media":2998,"comment_status":"open","ping_status":"closed","template":"","meta":{"site-sidebar-layout":"default","site-content-layout":"default","ast-site-content-layout":"","site-content-style":"default","site-sidebar-style":"default","ast-global-header-display":"","ast-banner-title-visibility":"","ast-main-header-display":"","ast-hfb-above-header-display":"","ast-hfb-below-header-display":"","ast-hfb-mobile-header-display":"","site-post-title":"","ast-breadcrumbs-content":"","ast-featured-img":"","footer-sml-layout":"","theme-transparent-header-meta":"default","adv-header-id-meta":"","stick-header-meta":"","header-above-stick-meta":"","header-main-stick-meta":"","header-below-stick-meta":"","astra-migrate-meta-layouts":"default","ast-page-background-enabled":"default","ast-page-background-meta":{"desktop":{"background-color":"","background-image":"","background-repeat":"repeat","background-position":"center center","background-size":"auto","background-attachment":"scroll","background-type":"","background-media":"","overlay-type":"","overlay-color":"","overlay-opacity":"","overlay-gradient":""},"tablet":{"background-color":"","background-image":"","background-repeat":"repeat","background-position":"center center","background-size":"auto","background-attachment":"scroll","background-type":"","background-media":"","overlay-type":"","overlay-color":"","overlay-opacity":"","overlay-gradient":""},"mobile":{"background-color":"","background-image":"","background-repeat":"repeat","background-position":"center center","background-size":"auto","background-attachment":"scroll","background-type":"","background-media":"","overlay-type":"","overlay-color":"","overlay-opacity":"","overlay-gradient":""}},"ast-content-background-meta":{"desktop":{"background-color":"var(--ast-global-color-5)","background-image":"","background-repeat":"repeat","background-position":"center center","background-size":"auto","background-attachment":"scroll","background-type":"","background-media":"","overlay-type":"","overlay-color":"","overlay-opacity":"","overlay-gradient":""},"tablet":{"background-color":"var(--ast-global-color-5)","background-image":"","background-repeat":"repeat","background-position":"center center","background-size":"auto","background-attachment":"scroll","background-type":"","background-media":"","overlay-type":"","overlay-color":"","overlay-opacity":"","overlay-gradient":""},"mobile":{"background-color":"var(--ast-global-color-5)","background-image":"","background-repeat":"repeat","background-position":"center center","background-size":"auto","background-attachment":"scroll","background-type":"","background-media":"","overlay-type":"","overlay-color":"","overlay-opacity":"","overlay-gradient":""}}},"product_brand":[],"product_cat":[121,15],"product_tag":[554,607,874,580,128,1015,1018,1020,1011,156,258,605,1013,579,452,131,1017,835,1012,1022,1016,1009,1014,1021,1019,1010,451,123,696],"class_list":{"0":"post-3223","1":"product","2":"type-product","3":"status-publish","4":"has-post-thumbnail","6":"product_cat-pacotes","7":"product_cat-sem-categoria","8":"product_tag-analise-de-dados","9":"product_tag-controle-de-estoque","10":"product_tag-controle-de-projetos","11":"product_tag-controle-financeiro","12":"product_tag-excel","13":"product_tag-excel-avancado","14":"product_tag-excel-templates","15":"product_tag-ferramentas-de-gestao","16":"product_tag-ferramentas-de-trabalho","17":"product_tag-financas-pessoais","18":"product_tag-gestao-de-projetos","19":"product_tag-gestao-empresarial","20":"product_tag-modelos-prontos","21":"product_tag-orcamento","22":"product_tag-organizacao","23":"product_tag-pacote-de-planilhas","24":"product_tag-pacote-de-planilhas-excel","25":"product_tag-planejamento-estrategico","26":"product_tag-planilhas-automatizadas","27":"product_tag-planilhas-editaveis","28":"product_tag-planilhas-empresariais","29":"product_tag-planilhas-excel","30":"product_tag-planilhas-gratuitas","31":"product_tag-planilhas-para-escritorio","32":"product_tag-planilhas-para-negocios","33":"product_tag-planilhas-profissionais","34":"product_tag-produtividade","35":"product_tag-recursos-humanos","36":"product_tag-relatorios","37":"desktop-align-left","38":"tablet-align-left","39":"mobile-align-left","41":"first","42":"instock","43":"shipping-taxable","44":"purchasable","45":"product-type-simple"},"_links":{"self":[{"href":"https:\/\/pacotedeplanilhas.com\/loja\/wp-json\/wp\/v2\/product\/3223","targetHints":{"allow":["GET"]}}],"collection":[{"href":"https:\/\/pacotedeplanilhas.com\/loja\/wp-json\/wp\/v2\/product"}],"about":[{"href":"https:\/\/pacotedeplanilhas.com\/loja\/wp-json\/wp\/v2\/types\/product"}],"replies":[{"embeddable":true,"href":"https:\/\/pacotedeplanilhas.com\/loja\/wp-json\/wp\/v2\/comments?post=3223"}],"version-history":[{"count":2,"href":"https:\/\/pacotedeplanilhas.com\/loja\/wp-json\/wp\/v2\/product\/3223\/revisions"}],"predecessor-version":[{"id":3231,"href":"https:\/\/pacotedeplanilhas.com\/loja\/wp-json\/wp\/v2\/product\/3223\/revisions\/3231"}],"wp:featuredmedia":[{"embeddable":true,"href":"https:\/\/pacotedeplanilhas.com\/loja\/wp-json\/wp\/v2\/media\/2998"}],"wp:attachment":[{"href":"https:\/\/pacotedeplanilhas.com\/loja\/wp-json\/wp\/v2\/media?parent=3223"}],"wp:term":[{"taxonomy":"product_brand","embeddable":true,"href":"https:\/\/pacotedeplanilhas.com\/loja\/wp-json\/wp\/v2\/product_brand?post=3223"},{"taxonomy":"product_cat","embeddable":true,"href":"https:\/\/pacotedeplanilhas.com\/loja\/wp-json\/wp\/v2\/product_cat?post=3223"},{"taxonomy":"product_tag","embeddable":true,"href":"https:\/\/pacotedeplanilhas.com\/loja\/wp-json\/wp\/v2\/product_tag?post=3223"}],"curies":[{"name":"wp","href":"https:\/\/api.w.org\/{rel}","templated":true}]}}