{"id":3292,"date":"2022-04-15T08:59:53","date_gmt":"2022-04-15T11:59:53","guid":{"rendered":"https:\/\/pacotedeplanilhas.com\/loja\/?post_type=product&#038;p=3292"},"modified":"2024-07-17T21:59:22","modified_gmt":"2024-07-18T00:59:22","slug":"dashboard-power-bi-recursos-humanos","status":"publish","type":"product","link":"https:\/\/pacotedeplanilhas.com\/loja\/store\/power-bi\/dashboard-power-bi-recursos-humanos\/","title":{"rendered":"DASHBOARD POWER BI &#8211; RECURSOS HUMANOS"},"content":{"rendered":"<p>O Dashboard de Recursos Humanos foi elaborado no Power BI usando uma fonte de dados em Excel, \u00e9 perfeito para voc\u00ea acompanhar, analisar e tomar a\u00e7\u00f5es atrav\u00e9s dos indicadores de RH na sua empresa.<\/p>\n<p>Ser\u00e1 poss\u00edvel cadastrar funcion\u00e1rios, saber o tempo de empresa, turnover, analisar desempenho do funcion\u00e1rio e outros.<\/p>\n<p>Planilha em Excel<\/p>\n<p>A planilha em Excel \u00e9 a base de dados para alimentar o Power BI.<\/p>\n<p>Dashboards no Power BI<\/p>\n<p>Depois de preencher a planilha no Excel com seus dados, basta atualizar o arquivo que os gr\u00e1ficos ser\u00e3o atualizados automaticamente.<\/p>\n<p>Caso tenha experi\u00eancia com Power BI, voc\u00ea poder\u00e1 modificar os gr\u00e1ficos e criar suas pr\u00f3prias visualiza\u00e7\u00f5es, o arquivo \u00e9 totalmente edit\u00e1vel.<\/p>\n<div class=\"ast-oembed-container \" style=\"height: 100%;\"><iframe title=\"Power Bi Dashboard de RH (Recursos Humanos)\" width=\"500\" height=\"281\" src=\"https:\/\/www.youtube.com\/embed\/Cm0xcV7lHH4?feature=oembed\" frameborder=\"0\" allow=\"accelerometer; autoplay; clipboard-write; encrypted-media; gyroscope; picture-in-picture; web-share\" referrerpolicy=\"strict-origin-when-cross-origin\" allowfullscreen><\/iframe><\/div>\n","protected":false},"excerpt":{"rendered":"<p>O Dashboard de Recursos Humanos foi elaborado no Power BI usando uma fonte de dados em Excel, \u00e9 perfeito para voc\u00ea acompanhar, analisar e tomar a\u00e7\u00f5es atrav\u00e9s dos indicadores de RH na sua empresa. Ser\u00e1 poss\u00edvel cadastrar funcion\u00e1rios, saber o tempo de empresa, turnover, analisar desempenho do funcion\u00e1rio e outros. Planilha em Excel A planilha [&hellip;]<\/p>\n","protected":false},"featured_media":3490,"comment_status":"open","ping_status":"closed","template":"","meta":{"site-sidebar-layout":"default","site-content-layout":"default","ast-site-content-layout":"","site-content-style":"default","site-sidebar-style":"default","ast-global-header-display":"","ast-banner-title-visibility":"","ast-main-header-display":"","ast-hfb-above-header-display":"","ast-hfb-below-header-display":"","ast-hfb-mobile-header-display":"","site-post-title":"","ast-breadcrumbs-content":"","ast-featured-img":"","footer-sml-layout":"","theme-transparent-header-meta":"default","adv-header-id-meta":"","stick-header-meta":"","header-above-stick-meta":"","header-main-stick-meta":"","header-below-stick-meta":"","astra-migrate-meta-layouts":"default","ast-page-background-enabled":"default","ast-page-background-meta":{"desktop":{"background-color":"","background-image":"","background-repeat":"repeat","background-position":"center center","background-size":"auto","background-attachment":"scroll","background-type":"","background-media":"","overlay-type":"","overlay-color":"","overlay-opacity":"","overlay-gradient":""},"tablet":{"background-color":"","background-image":"","background-repeat":"repeat","background-position":"center center","background-size":"auto","background-attachment":"scroll","background-type":"","background-media":"","overlay-type":"","overlay-color":"","overlay-opacity":"","overlay-gradient":""},"mobile":{"background-color":"","background-image":"","background-repeat":"repeat","background-position":"center center","background-size":"auto","background-attachment":"scroll","background-type":"","background-media":"","overlay-type":"","overlay-color":"","overlay-opacity":"","overlay-gradient":""}},"ast-content-background-meta":{"desktop":{"background-color":"var(--ast-global-color-5)","background-image":"","background-repeat":"repeat","background-position":"center center","background-size":"auto","background-attachment":"scroll","background-type":"","background-media":"","overlay-type":"","overlay-color":"","overlay-opacity":"","overlay-gradient":""},"tablet":{"background-color":"var(--ast-global-color-5)","background-image":"","background-repeat":"repeat","background-position":"center center","background-size":"auto","background-attachment":"scroll","background-type":"","background-media":"","overlay-type":"","overlay-color":"","overlay-opacity":"","overlay-gradient":""},"mobile":{"background-color":"var(--ast-global-color-5)","background-image":"","background-repeat":"repeat","background-position":"center center","background-size":"auto","background-attachment":"scroll","background-type":"","background-media":"","overlay-type":"","overlay-color":"","overlay-opacity":"","overlay-gradient":""}}},"product_brand":[],"product_cat":[176,990],"product_tag":[197,199,198,193,195,194,191,192,196],"class_list":{"0":"post-3292","1":"product","2":"type-product","3":"status-publish","4":"has-post-thumbnail","6":"product_cat-power-bi","7":"product_cat-recursos-humanos","8":"product_tag-cadastro-de-funcionarios","9":"product_tag-dashboard-departamento-pessoal","10":"product_tag-dashboard-gestao-de-pessoas","11":"product_tag-dashboard-rh","12":"product_tag-indicadores-de-rh","13":"product_tag-indicadores-de-rh-power-bi","14":"product_tag-power-bi-rh","15":"product_tag-projeto-power-bi-rh","16":"product_tag-turnover","17":"desktop-align-left","18":"tablet-align-left","19":"mobile-align-left","21":"first","22":"instock","23":"shipping-taxable","24":"purchasable","25":"product-type-simple"},"_links":{"self":[{"href":"https:\/\/pacotedeplanilhas.com\/loja\/wp-json\/wp\/v2\/product\/3292","targetHints":{"allow":["GET"]}}],"collection":[{"href":"https:\/\/pacotedeplanilhas.com\/loja\/wp-json\/wp\/v2\/product"}],"about":[{"href":"https:\/\/pacotedeplanilhas.com\/loja\/wp-json\/wp\/v2\/types\/product"}],"replies":[{"embeddable":true,"href":"https:\/\/pacotedeplanilhas.com\/loja\/wp-json\/wp\/v2\/comments?post=3292"}],"version-history":[{"count":3,"href":"https:\/\/pacotedeplanilhas.com\/loja\/wp-json\/wp\/v2\/product\/3292\/revisions"}],"predecessor-version":[{"id":3491,"href":"https:\/\/pacotedeplanilhas.com\/loja\/wp-json\/wp\/v2\/product\/3292\/revisions\/3491"}],"wp:featuredmedia":[{"embeddable":true,"href":"https:\/\/pacotedeplanilhas.com\/loja\/wp-json\/wp\/v2\/media\/3490"}],"wp:attachment":[{"href":"https:\/\/pacotedeplanilhas.com\/loja\/wp-json\/wp\/v2\/media?parent=3292"}],"wp:term":[{"taxonomy":"product_brand","embeddable":true,"href":"https:\/\/pacotedeplanilhas.com\/loja\/wp-json\/wp\/v2\/product_brand?post=3292"},{"taxonomy":"product_cat","embeddable":true,"href":"https:\/\/pacotedeplanilhas.com\/loja\/wp-json\/wp\/v2\/product_cat?post=3292"},{"taxonomy":"product_tag","embeddable":true,"href":"https:\/\/pacotedeplanilhas.com\/loja\/wp-json\/wp\/v2\/product_tag?post=3292"}],"curies":[{"name":"wp","href":"https:\/\/api.w.org\/{rel}","templated":true}]}}