{"id":3390,"date":"2022-06-25T22:14:51","date_gmt":"2022-06-26T01:14:51","guid":{"rendered":"https:\/\/pacotedeplanilhas.com\/loja\/?post_type=product&#038;p=3390"},"modified":"2024-12-01T19:29:01","modified_gmt":"2024-12-01T22:29:01","slug":"avaliacao-teste-disc","status":"publish","type":"product","link":"https:\/\/pacotedeplanilhas.com\/loja\/store\/planilhas-em-excel\/avaliacao-teste-disc\/","title":{"rendered":"Avalia\u00e7\u00e3o Teste Disc"},"content":{"rendered":"<p>Examine o comportamento dos indiv\u00edduos em um determinado ambiente com a metodologia de comportamento humano DISC &#8211; Domin\u00e2ncia &#8211; Influ\u00eancia &#8211; Estabilidade e Conformidade.<\/p>\n<p>A planilha foi pensada para uma avalia\u00e7\u00e3o interna na empresa, ou seja, para atender mais especificamente aos processos seletivos internos, melhorar o feedback e melhorar o direcionamento dentro da organiza\u00e7\u00e3o. No entanto, voc\u00ea tamb\u00e9m pode utiliz\u00e1-la para processos seletivos de candidatos a vagas de emprego &#8211; confira no v\u00eddeo de funcionamento como fazer esses ajustes necess\u00e1rios.<\/p>\n<p>Cadastro de Funcion\u00e1rios ou Candidatos<\/p>\n<p>Avalia\u00e7\u00e3o do Perfil Disc<\/p>\n<p>Teste de Perfil Disc a ser feita pelo pr\u00f3prio funcion\u00e1rio ou candidato: aqui nessa parte o funcion\u00e1rio ou o candidato deve registrar seu perfil atual, \u00e9 muito importante ser honesto nesse momento.<\/p>\n<p>Teste de Perfil Disc a ser feita por um olhar de terceiros: aqui nessa parte o teste \u00e9 realizado pelos olhares de quem est\u00e1 de fora, tamb\u00e9m \u00e9 muito importante ser o mais verdadeiro poss\u00edvel.<\/p>\n<p>Teste de Perfil Disc a ser feita pelo pr\u00f3prio funcion\u00e1rio ou candidato: aqui nessa parte deve-se registrar o desejo futuro que a pessoa deseja se tornar um dia, ou seja, se n\u00e3o est\u00e1 satisfeita com sua situa\u00e7\u00e3o de perfil atual, aqui ela pode registrar o que ela realmente gostaria de ser.<\/p>\n<p>Plano de Desenvolvimento<br \/>\nAqui nessa parte voc\u00ea pode tra\u00e7ar um plano de desenvolvimento para cada funcion\u00e1rio da organiza\u00e7\u00e3o e acompanhar o seu progresso.<\/p>\n<p>Relat\u00f3rio de impress\u00e3o<\/p>\n<p>Dashboard<br \/>\nTenha um controle total e acompanhe cada funcion\u00e1rio dentro de um plano de avalia\u00e7\u00e3o, tenha todas as informa\u00e7\u00f5es que ir\u00e3o te ajudar nos processos de decis\u00e3o.<\/p>\n<p>Observa\u00e7\u00f5es quanto ao produto:<\/p>\n<p>&#8211; Produto de alt\u00edssima qualidade desenvolvido em Excel<br \/>\n&#8211; Pagamento \u00danico (N\u00e3o tem mensalidades)<br \/>\n&#8211; Produto n\u00e3o possui licen\u00e7as (pode instalar em v\u00e1rios computadores)<br \/>\n&#8211; Enviado por e-mail no mesmo dia<br \/>\n&#8211; Ambiente 100% seguro<br \/>\n&#8211; Garantia e suporte ap\u00f3s a compra<br \/>\n&#8211; Recomendamos usar o Office 2013 em diante<br \/>\n&#8211; N\u00e3o recomendamos utilizar em Tabletes ou Celulares<\/p>\n","protected":false},"excerpt":{"rendered":"<p>Examine o comportamento dos indiv\u00edduos em um determinado ambiente com a metodologia de comportamento humano DISC &#8211; Domin\u00e2ncia &#8211; Influ\u00eancia &#8211; Estabilidade e Conformidade.<\/p>\n","protected":false},"featured_media":3480,"comment_status":"open","ping_status":"closed","template":"","meta":{"site-sidebar-layout":"default","site-content-layout":"default","ast-site-content-layout":"","site-content-style":"default","site-sidebar-style":"default","ast-global-header-display":"","ast-banner-title-visibility":"","ast-main-header-display":"","ast-hfb-above-header-display":"","ast-hfb-below-header-display":"","ast-hfb-mobile-header-display":"","site-post-title":"","ast-breadcrumbs-content":"","ast-featured-img":"","footer-sml-layout":"","theme-transparent-header-meta":"default","adv-header-id-meta":"","stick-header-meta":"","header-above-stick-meta":"","header-main-stick-meta":"","header-below-stick-meta":"","astra-migrate-meta-layouts":"default","ast-page-background-enabled":"default","ast-page-background-meta":{"desktop":{"background-color":"","background-image":"","background-repeat":"repeat","background-position":"center center","background-size":"auto","background-attachment":"scroll","background-type":"","background-media":"","overlay-type":"","overlay-color":"","overlay-opacity":"","overlay-gradient":""},"tablet":{"background-color":"","background-image":"","background-repeat":"repeat","background-position":"center center","background-size":"auto","background-attachment":"scroll","background-type":"","background-media":"","overlay-type":"","overlay-color":"","overlay-opacity":"","overlay-gradient":""},"mobile":{"background-color":"","background-image":"","background-repeat":"repeat","background-position":"center center","background-size":"auto","background-attachment":"scroll","background-type":"","background-media":"","overlay-type":"","overlay-color":"","overlay-opacity":"","overlay-gradient":""}},"ast-content-background-meta":{"desktop":{"background-color":"var(--ast-global-color-5)","background-image":"","background-repeat":"repeat","background-position":"center center","background-size":"auto","background-attachment":"scroll","background-type":"","background-media":"","overlay-type":"","overlay-color":"","overlay-opacity":"","overlay-gradient":""},"tablet":{"background-color":"var(--ast-global-color-5)","background-image":"","background-repeat":"repeat","background-position":"center center","background-size":"auto","background-attachment":"scroll","background-type":"","background-media":"","overlay-type":"","overlay-color":"","overlay-opacity":"","overlay-gradient":""},"mobile":{"background-color":"var(--ast-global-color-5)","background-image":"","background-repeat":"repeat","background-position":"center center","background-size":"auto","background-attachment":"scroll","background-type":"","background-media":"","overlay-type":"","overlay-color":"","overlay-opacity":"","overlay-gradient":""}}},"product_brand":[],"product_cat":[120,990,994],"product_tag":[201,202,203,200,204],"class_list":{"0":"post-3390","1":"product","2":"type-product","3":"status-publish","4":"has-post-thumbnail","6":"product_cat-planilhas-em-excel","7":"product_cat-recursos-humanos","8":"product_cat-seguranca-do-trabalho","9":"product_tag-como-criar-planilha-test-disc","10":"product_tag-comprar-planilha-test-disc","11":"product_tag-dashboard-test-disc","12":"product_tag-planilha-test-disc","13":"product_tag-planilha-test-disc-em-excel","14":"desktop-align-left","15":"tablet-align-left","16":"mobile-align-left","18":"first","19":"instock","20":"virtual","21":"purchasable","22":"product-type-simple"},"_links":{"self":[{"href":"https:\/\/pacotedeplanilhas.com\/loja\/wp-json\/wp\/v2\/product\/3390","targetHints":{"allow":["GET"]}}],"collection":[{"href":"https:\/\/pacotedeplanilhas.com\/loja\/wp-json\/wp\/v2\/product"}],"about":[{"href":"https:\/\/pacotedeplanilhas.com\/loja\/wp-json\/wp\/v2\/types\/product"}],"replies":[{"embeddable":true,"href":"https:\/\/pacotedeplanilhas.com\/loja\/wp-json\/wp\/v2\/comments?post=3390"}],"version-history":[{"count":2,"href":"https:\/\/pacotedeplanilhas.com\/loja\/wp-json\/wp\/v2\/product\/3390\/revisions"}],"predecessor-version":[{"id":6057,"href":"https:\/\/pacotedeplanilhas.com\/loja\/wp-json\/wp\/v2\/product\/3390\/revisions\/6057"}],"wp:featuredmedia":[{"embeddable":true,"href":"https:\/\/pacotedeplanilhas.com\/loja\/wp-json\/wp\/v2\/media\/3480"}],"wp:attachment":[{"href":"https:\/\/pacotedeplanilhas.com\/loja\/wp-json\/wp\/v2\/media?parent=3390"}],"wp:term":[{"taxonomy":"product_brand","embeddable":true,"href":"https:\/\/pacotedeplanilhas.com\/loja\/wp-json\/wp\/v2\/product_brand?post=3390"},{"taxonomy":"product_cat","embeddable":true,"href":"https:\/\/pacotedeplanilhas.com\/loja\/wp-json\/wp\/v2\/product_cat?post=3390"},{"taxonomy":"product_tag","embeddable":true,"href":"https:\/\/pacotedeplanilhas.com\/loja\/wp-json\/wp\/v2\/product_tag?post=3390"}],"curies":[{"name":"wp","href":"https:\/\/api.w.org\/{rel}","templated":true}]}}