{"id":3398,"date":"2022-06-25T22:22:40","date_gmt":"2022-06-26T01:22:40","guid":{"rendered":"https:\/\/pacotedeplanilhas.com\/loja\/?post_type=product&#038;p=3398"},"modified":"2024-07-17T21:57:57","modified_gmt":"2024-07-18T00:57:57","slug":"planilha-dashboard-analise-de-vendedores","status":"publish","type":"product","link":"https:\/\/pacotedeplanilhas.com\/loja\/store\/comercial\/planilha-dashboard-analise-de-vendedores\/","title":{"rendered":"Planilha Dashboard Analise De Vendedores"},"content":{"rendered":"<p>PLANILHA PARA GEST\u00c3O DE VENDEDORES<br \/>\nDESENVOLVIDA EM EXCEL AVAN\u00c7ADO<\/p>\n<p>Fa\u00e7a a gest\u00e3o de seus vendedores com esta planilha completa, que o auxiliar\u00e1 a ter um controle preciso de como est\u00e1 o desempenho de cada vendedor.<\/p>\n<p>A planilha faz a gest\u00e3o atrav\u00e9s de an\u00e1lises \u201cquantitativas\u201d e \u201cqualitativas\u201d determinadas pela empresa e totalmente configur\u00e1vel. No final, \u00e9 exibido um resumo das an\u00e1lises e determinado o desempenho de cada vendedor.<\/p>\n<p>A planilha apresenta ranking dos tr\u00eas melhores vendedores.<\/p>\n<p>PR\u00c9-REQUISITOS:<br \/>\nTer qualquer vers\u00e3o do EXCEL instalada no computador.<\/p>\n<p>VANTAGENS:<br \/>\nFerramenta perfeita para gerir os vendedores da empresa e ter uma avalia\u00e7\u00e3o correta de seu desempenho.<\/p>\n<p>INFORMA\u00c7\u00d5ES \u00daTEIS:<br \/>\nSuporte p\u00f3s-venda, via e-mail, para esclarecer quaisquer d\u00favidas que possam surgir.<\/p>\n","protected":false},"excerpt":{"rendered":"<p>PLANILHA PARA GEST\u00c3O DE VENDEDORES<br \/>\nDESENVOLVIDA EM EXCEL AVAN\u00c7ADO<\/p>\n<p>Fa\u00e7a a gest\u00e3o de seus vendedores com esta planilha completa, que o auxiliar\u00e1 a ter um controle preciso de como est\u00e1 o desempenho de cada vendedor.<\/p>\n<p>A planilha faz a gest\u00e3o atrav\u00e9s de an\u00e1lises \u201cquantitativas\u201d e \u201cqualitativas\u201d determinadas pela empresa e totalmente configur\u00e1vel. No final, \u00e9 exibido um resumo das an\u00e1lises e determinado o desempenho de cada vendedor.<\/p>\n<p>A planilha apresenta ranking dos tr\u00eas melhores vendedores.<\/p>\n<p>PR\u00c9-REQUISITOS:<br \/>\nTer qualquer vers\u00e3o do EXCEL instalada no computador.<\/p>\n<p>VANTAGENS:<br \/>\nFerramenta perfeita para gerir os vendedores da empresa e ter uma avalia\u00e7\u00e3o correta de seu desempenho.<\/p>\n<p>INFORMA\u00c7\u00d5ES \u00daTEIS:<br \/>\nSuporte p\u00f3s-venda, via e-mail, para esclarecer quaisquer d\u00favidas que possam surgir.<\/p>\n","protected":false},"featured_media":3479,"comment_status":"open","ping_status":"closed","template":"","meta":{"site-sidebar-layout":"default","site-content-layout":"default","ast-site-content-layout":"","site-content-style":"default","site-sidebar-style":"default","ast-global-header-display":"","ast-banner-title-visibility":"","ast-main-header-display":"","ast-hfb-above-header-display":"","ast-hfb-below-header-display":"","ast-hfb-mobile-header-display":"","site-post-title":"","ast-breadcrumbs-content":"","ast-featured-img":"","footer-sml-layout":"","theme-transparent-header-meta":"default","adv-header-id-meta":"","stick-header-meta":"","header-above-stick-meta":"","header-main-stick-meta":"","header-below-stick-meta":"","astra-migrate-meta-layouts":"default","ast-page-background-enabled":"default","ast-page-background-meta":{"desktop":{"background-color":"","background-image":"","background-repeat":"repeat","background-position":"center center","background-size":"auto","background-attachment":"scroll","background-type":"","background-media":"","overlay-type":"","overlay-color":"","overlay-opacity":"","overlay-gradient":""},"tablet":{"background-color":"","background-image":"","background-repeat":"repeat","background-position":"center center","background-size":"auto","background-attachment":"scroll","background-type":"","background-media":"","overlay-type":"","overlay-color":"","overlay-opacity":"","overlay-gradient":""},"mobile":{"background-color":"","background-image":"","background-repeat":"repeat","background-position":"center center","background-size":"auto","background-attachment":"scroll","background-type":"","background-media":"","overlay-type":"","overlay-color":"","overlay-opacity":"","overlay-gradient":""}},"ast-content-background-meta":{"desktop":{"background-color":"var(--ast-global-color-5)","background-image":"","background-repeat":"repeat","background-position":"center center","background-size":"auto","background-attachment":"scroll","background-type":"","background-media":"","overlay-type":"","overlay-color":"","overlay-opacity":"","overlay-gradient":""},"tablet":{"background-color":"var(--ast-global-color-5)","background-image":"","background-repeat":"repeat","background-position":"center center","background-size":"auto","background-attachment":"scroll","background-type":"","background-media":"","overlay-type":"","overlay-color":"","overlay-opacity":"","overlay-gradient":""},"mobile":{"background-color":"var(--ast-global-color-5)","background-image":"","background-repeat":"repeat","background-position":"center center","background-size":"auto","background-attachment":"scroll","background-type":"","background-media":"","overlay-type":"","overlay-color":"","overlay-opacity":"","overlay-gradient":""}}},"product_brand":[],"product_cat":[998,120],"product_tag":[208,207,205,206,209],"class_list":{"0":"post-3398","1":"product","2":"type-product","3":"status-publish","4":"has-post-thumbnail","6":"product_cat-comercial","7":"product_cat-planilhas-em-excel","8":"product_tag-analise-de-vendedores","9":"product_tag-planilha-de-analise-de-vendedores","10":"product_tag-planilha-de-vendas","11":"product_tag-planilha-de-vendedores","12":"product_tag-raking-de-vendedores","13":"desktop-align-left","14":"tablet-align-left","15":"mobile-align-left","17":"first","18":"instock","19":"shipping-taxable","20":"purchasable","21":"product-type-simple"},"_links":{"self":[{"href":"https:\/\/pacotedeplanilhas.com\/loja\/wp-json\/wp\/v2\/product\/3398","targetHints":{"allow":["GET"]}}],"collection":[{"href":"https:\/\/pacotedeplanilhas.com\/loja\/wp-json\/wp\/v2\/product"}],"about":[{"href":"https:\/\/pacotedeplanilhas.com\/loja\/wp-json\/wp\/v2\/types\/product"}],"replies":[{"embeddable":true,"href":"https:\/\/pacotedeplanilhas.com\/loja\/wp-json\/wp\/v2\/comments?post=3398"}],"version-history":[{"count":1,"href":"https:\/\/pacotedeplanilhas.com\/loja\/wp-json\/wp\/v2\/product\/3398\/revisions"}],"predecessor-version":[{"id":3403,"href":"https:\/\/pacotedeplanilhas.com\/loja\/wp-json\/wp\/v2\/product\/3398\/revisions\/3403"}],"wp:featuredmedia":[{"embeddable":true,"href":"https:\/\/pacotedeplanilhas.com\/loja\/wp-json\/wp\/v2\/media\/3479"}],"wp:attachment":[{"href":"https:\/\/pacotedeplanilhas.com\/loja\/wp-json\/wp\/v2\/media?parent=3398"}],"wp:term":[{"taxonomy":"product_brand","embeddable":true,"href":"https:\/\/pacotedeplanilhas.com\/loja\/wp-json\/wp\/v2\/product_brand?post=3398"},{"taxonomy":"product_cat","embeddable":true,"href":"https:\/\/pacotedeplanilhas.com\/loja\/wp-json\/wp\/v2\/product_cat?post=3398"},{"taxonomy":"product_tag","embeddable":true,"href":"https:\/\/pacotedeplanilhas.com\/loja\/wp-json\/wp\/v2\/product_tag?post=3398"}],"curies":[{"name":"wp","href":"https:\/\/api.w.org\/{rel}","templated":true}]}}