{"id":3404,"date":"2022-06-25T22:30:20","date_gmt":"2022-06-26T01:30:20","guid":{"rendered":"https:\/\/pacotedeplanilhas.com\/loja\/?post_type=product&#038;p=3404"},"modified":"2024-07-17T21:57:48","modified_gmt":"2024-07-18T00:57:48","slug":"planilha-dashboard-cargos-e-salarios","status":"publish","type":"product","link":"https:\/\/pacotedeplanilhas.com\/loja\/store\/planilhas-em-excel\/planilha-dashboard-cargos-e-salarios\/","title":{"rendered":"Planilha Dashboard Cargos E Sal\u00e1rios"},"content":{"rendered":"<p>Essa Planilha \u00e9 uma ferramenta poderosa na hora de organizar a \u00e1rea de cargos e sal\u00e1rios da sua empresa, \u00e9 um dos mais importantes recursos que um RH estrat\u00e9gico e bem estruturado pode oferecer a sua organiza\u00e7\u00e3o.<\/p>\n<p>Cadastro de Cargos e sal\u00e1rios<br \/>\nAtribua para cada cargo ou fun\u00e7\u00e3o o sal\u00e1rio correspondente, voc\u00ea pode atribuir at\u00e9 5 faixas salarias para cada cargo.<\/p>\n<p>Cadastro das \u00e1rea da empresa<br \/>\nNessa parte voc\u00ea pode cadastrar as \u00e1reas e grupos de cargos da empresa, essas informa\u00e7\u00f5es s\u00e3o base para o relat\u00f3rio que a planilha apresenta sobre grupos de cargos da empresa.<\/p>\n<p>Cadastro de Funcion\u00e1rios<br \/>\nCadastre os funcion\u00e1rios da sua empresa e atribua os cargos e sal\u00e1rios correspondentes aos mesmos.<\/p>\n<p>Descri\u00e7\u00e3o de cargos<br \/>\nInsira descri\u00e7\u00f5es relacionadas ao cargos da empresa para uma melhor dire\u00e7\u00e3o para os funcion\u00e1rios ou algumas observa\u00e7\u00f5es.<\/p>\n<p>Promo\u00e7\u00f5es<br \/>\nInsira as promo\u00e7\u00f5es dos funcion\u00e1rios da empresa para obter um melhor controle com a data da promo\u00e7\u00e3o e o novo cargo do funcion\u00e1rio.<\/p>\n<p>Relat\u00f3rio por grupos de cargos<br \/>\nRelat\u00f3rio com informa\u00e7\u00f5es importantes sobre os grupos de cargos, a quantidade de funcion\u00e1rios nesses grupos, a maior sal\u00e1rio, a m\u00e9dia salarial e o menor sal\u00e1rio em cada grupo.<\/p>\n<p>Plano de carreira<br \/>\nAtribua para cada cargo um outro cargo de n\u00edvel acima para progress\u00e3o de carreira do empregado.<\/p>\n<p>Dashboard Geral<br \/>\nAcompanhe de uma forma geral todos os funcion\u00e1rios, cargos ou departamentos &#8211; veja isso atrav\u00e9s de gr\u00e1ficos din\u00e2micos e bem intuitivos, observe o funcion\u00e1rio de forma individual e a sua evolu\u00e7\u00e3o dentro da empresa.<\/p>\n<p>Limitamos o n\u00famero de funcion\u00e1rios para 1000 e melhoramos o layout do cadastro<\/p>\n<p>Observa\u00e7\u00f5es quanto ao produto:<\/p>\n<p>&#8211; Produto de alt\u00edssima qualidade desenvolvido em Excel<br \/>\n&#8211; Pagamento \u00danico (N\u00e3o tem mensalidades)<br \/>\n&#8211; Produto n\u00e3o possui licen\u00e7as (pode instalar em v\u00e1rios computadores)<br \/>\n&#8211; Enviado por e-mail no mesmo dia<br \/>\n&#8211; Ambiente 100% seguro<br \/>\n&#8211; Garantia e suporte ap\u00f3s a compra<br \/>\n&#8211; Recomendamos usar o Office 2013 em diante<br \/>\n&#8211; N\u00e3o recomendamos utilizar em Tabletes ou Celulares<\/p>\n","protected":false},"excerpt":{"rendered":"<p>Essa Planilha \u00e9 uma ferramenta poderosa na hora de organizar a \u00e1rea de cargos e sal\u00e1rios da sua empresa, \u00e9 um dos mais importantes recursos que um RH estrat\u00e9gico e bem estruturado pode oferecer a sua organiza\u00e7\u00e3o.<\/p>\n<p>Cadastro de Cargos e sal\u00e1rios<br \/>\nAtribua para cada cargo ou fun\u00e7\u00e3o o sal\u00e1rio correspondente, voc\u00ea pode atribuir at\u00e9 5 faixas salarias para cada cargo.<\/p>\n<p>Cadastro das \u00e1rea da empresa<br \/>\nNessa parte voc\u00ea pode cadastrar as \u00e1reas e grupos de cargos da empresa, essas informa\u00e7\u00f5es s\u00e3o base para o relat\u00f3rio que a planilha apresenta sobre grupos de cargos da empresa.<\/p>\n<p>Cadastro de Funcion\u00e1rios<br \/>\nCadastre os funcion\u00e1rios da sua empresa e atribua os cargos e sal\u00e1rios correspondentes aos mesmos.<\/p>\n<p>Descri\u00e7\u00e3o de cargos<br \/>\nInsira descri\u00e7\u00f5es relacionadas ao cargos da empresa para uma melhor dire\u00e7\u00e3o para os funcion\u00e1rios ou algumas observa\u00e7\u00f5es.<\/p>\n<p>Promo\u00e7\u00f5es<br \/>\nInsira as promo\u00e7\u00f5es dos funcion\u00e1rios da empresa para obter um melhor controle com a data da promo\u00e7\u00e3o e o novo cargo do funcion\u00e1rio.<\/p>\n<p>Relat\u00f3rio por grupos de cargos<br \/>\nRelat\u00f3rio com informa\u00e7\u00f5es importantes sobre os grupos de cargos, a quantidade de funcion\u00e1rios nesses grupos, a maior sal\u00e1rio, a m\u00e9dia salarial e o menor sal\u00e1rio em cada grupo.<\/p>\n<p>Plano de carreira<br \/>\nAtribua para cada cargo um outro cargo de n\u00edvel acima para progress\u00e3o de carreira do empregado.<\/p>\n<p>Dashboard Geral<br \/>\nAcompanhe de uma forma geral todos os funcion\u00e1rios, cargos ou departamentos &#8211; veja isso atrav\u00e9s de gr\u00e1ficos din\u00e2micos e bem intuitivos, observe o funcion\u00e1rio de forma individual e a sua evolu\u00e7\u00e3o dentro da empresa.<\/p>\n<p>Limitamos o n\u00famero de funcion\u00e1rios para 1000 e melhoramos o layout do cadastro<\/p>\n<p>Observa\u00e7\u00f5es quanto ao produto:<\/p>\n<p>&#8211; Produto de alt\u00edssima qualidade desenvolvido em Excel<br \/>\n&#8211; Pagamento \u00danico (N\u00e3o tem mensalidades)<br \/>\n&#8211; Produto n\u00e3o possui licen\u00e7as (pode instalar em v\u00e1rios computadores)<br \/>\n&#8211; Enviado por e-mail no mesmo dia<br \/>\n&#8211; Ambiente 100% seguro<br \/>\n&#8211; Garantia e suporte ap\u00f3s a compra<br \/>\n&#8211; Recomendamos usar o Office 2013 em diante<br \/>\n&#8211; N\u00e3o recomendamos utilizar em Tabletes ou Celulares<\/p>\n","protected":false},"featured_media":3478,"comment_status":"open","ping_status":"closed","template":"","meta":{"site-sidebar-layout":"default","site-content-layout":"default","ast-site-content-layout":"","site-content-style":"default","site-sidebar-style":"default","ast-global-header-display":"","ast-banner-title-visibility":"","ast-main-header-display":"","ast-hfb-above-header-display":"","ast-hfb-below-header-display":"","ast-hfb-mobile-header-display":"","site-post-title":"","ast-breadcrumbs-content":"","ast-featured-img":"","footer-sml-layout":"","theme-transparent-header-meta":"default","adv-header-id-meta":"","stick-header-meta":"","header-above-stick-meta":"","header-main-stick-meta":"","header-below-stick-meta":"","astra-migrate-meta-layouts":"default","ast-page-background-enabled":"default","ast-page-background-meta":{"desktop":{"background-color":"","background-image":"","background-repeat":"repeat","background-position":"center center","background-size":"auto","background-attachment":"scroll","background-type":"","background-media":"","overlay-type":"","overlay-color":"","overlay-opacity":"","overlay-gradient":""},"tablet":{"background-color":"","background-image":"","background-repeat":"repeat","background-position":"center center","background-size":"auto","background-attachment":"scroll","background-type":"","background-media":"","overlay-type":"","overlay-color":"","overlay-opacity":"","overlay-gradient":""},"mobile":{"background-color":"","background-image":"","background-repeat":"repeat","background-position":"center center","background-size":"auto","background-attachment":"scroll","background-type":"","background-media":"","overlay-type":"","overlay-color":"","overlay-opacity":"","overlay-gradient":""}},"ast-content-background-meta":{"desktop":{"background-color":"var(--ast-global-color-5)","background-image":"","background-repeat":"repeat","background-position":"center center","background-size":"auto","background-attachment":"scroll","background-type":"","background-media":"","overlay-type":"","overlay-color":"","overlay-opacity":"","overlay-gradient":""},"tablet":{"background-color":"var(--ast-global-color-5)","background-image":"","background-repeat":"repeat","background-position":"center center","background-size":"auto","background-attachment":"scroll","background-type":"","background-media":"","overlay-type":"","overlay-color":"","overlay-opacity":"","overlay-gradient":""},"mobile":{"background-color":"var(--ast-global-color-5)","background-image":"","background-repeat":"repeat","background-position":"center center","background-size":"auto","background-attachment":"scroll","background-type":"","background-media":"","overlay-type":"","overlay-color":"","overlay-opacity":"","overlay-gradient":""}}},"product_brand":[],"product_cat":[120,990],"product_tag":[214,215,212,213,210,211],"class_list":{"0":"post-3404","1":"product","2":"type-product","3":"status-publish","4":"has-post-thumbnail","6":"product_cat-planilhas-em-excel","7":"product_cat-recursos-humanos","8":"product_tag-cargos-e-salarios-no-excel","9":"product_tag-cargos-e-salarios-planilha","10":"product_tag-dashboard-cargos-e-salarios","11":"product_tag-planilha-cargos-e-salarios","12":"product_tag-planilha-dashboard-cargos-e-salarios","13":"product_tag-planilha-em-excel-de-cargos-e-salarios","14":"desktop-align-left","15":"tablet-align-left","16":"mobile-align-left","18":"first","19":"instock","20":"shipping-taxable","21":"purchasable","22":"product-type-simple"},"_links":{"self":[{"href":"https:\/\/pacotedeplanilhas.com\/loja\/wp-json\/wp\/v2\/product\/3404","targetHints":{"allow":["GET"]}}],"collection":[{"href":"https:\/\/pacotedeplanilhas.com\/loja\/wp-json\/wp\/v2\/product"}],"about":[{"href":"https:\/\/pacotedeplanilhas.com\/loja\/wp-json\/wp\/v2\/types\/product"}],"replies":[{"embeddable":true,"href":"https:\/\/pacotedeplanilhas.com\/loja\/wp-json\/wp\/v2\/comments?post=3404"}],"version-history":[{"count":1,"href":"https:\/\/pacotedeplanilhas.com\/loja\/wp-json\/wp\/v2\/product\/3404\/revisions"}],"predecessor-version":[{"id":3413,"href":"https:\/\/pacotedeplanilhas.com\/loja\/wp-json\/wp\/v2\/product\/3404\/revisions\/3413"}],"wp:featuredmedia":[{"embeddable":true,"href":"https:\/\/pacotedeplanilhas.com\/loja\/wp-json\/wp\/v2\/media\/3478"}],"wp:attachment":[{"href":"https:\/\/pacotedeplanilhas.com\/loja\/wp-json\/wp\/v2\/media?parent=3404"}],"wp:term":[{"taxonomy":"product_brand","embeddable":true,"href":"https:\/\/pacotedeplanilhas.com\/loja\/wp-json\/wp\/v2\/product_brand?post=3404"},{"taxonomy":"product_cat","embeddable":true,"href":"https:\/\/pacotedeplanilhas.com\/loja\/wp-json\/wp\/v2\/product_cat?post=3404"},{"taxonomy":"product_tag","embeddable":true,"href":"https:\/\/pacotedeplanilhas.com\/loja\/wp-json\/wp\/v2\/product_tag?post=3404"}],"curies":[{"name":"wp","href":"https:\/\/api.w.org\/{rel}","templated":true}]}}