{"id":3414,"date":"2022-06-25T22:55:16","date_gmt":"2022-06-26T01:55:16","guid":{"rendered":"https:\/\/pacotedeplanilhas.com\/loja\/?post_type=product&#038;p=3414"},"modified":"2024-07-17T21:57:33","modified_gmt":"2024-07-18T00:57:33","slug":"modelos-para-dashboard-em-power-bi-e-excel-mais-de-200-modelos","status":"publish","type":"product","link":"https:\/\/pacotedeplanilhas.com\/loja\/store\/comercial\/modelos-para-dashboard-em-power-bi-e-excel-mais-de-200-modelos\/","title":{"rendered":"Modelos Para Dashboard Em Power Bi e Excel &#8211; Mais de 200 modelos"},"content":{"rendered":"<p>Eleve seus Dashboards para o pr\u00f3ximo n\u00edvel.<\/p>\n<p>Mais de 200 modelos de templates para serem utilizados no Power BI, o arquivo est\u00e1 no formato Power point e \u00e9 totalmente edit\u00e1vel.<\/p>\n<p>&#8211; Produto de alt\u00edssima qualidade desenvolvido em PowerPoint<br \/>\n&#8211; Pagamento \u00danico (N\u00e3o tem mensalidades)<br \/>\n&#8211; Produto n\u00e3o possui licen\u00e7as (pode instalar em v\u00e1rios computadores)<br \/>\n&#8211; Enviado por e-mail no mesmo dia<br \/>\n&#8211; Ambiente 100% seguro<br \/>\n&#8211; Garantia e suporte ap\u00f3s a compra<br \/>\n&#8211; Recomendamos usar no Power BI<br \/>\n&#8211; N\u00e3o recomendamos utilizar em Tabletes ou Celulares<\/p>\n","protected":false},"excerpt":{"rendered":"<p>Eleve seus Dashboards para o pr\u00f3ximo n\u00edvel. Mais de 200 modelos de templates para serem utilizados no Power BI, o arquivo est\u00e1 no formato Power point e \u00e9 totalmente edit\u00e1vel. &#8211; Produto de alt\u00edssima qualidade desenvolvido em PowerPoint &#8211; Pagamento \u00danico (N\u00e3o tem mensalidades) &#8211; Produto n\u00e3o possui licen\u00e7as (pode instalar em v\u00e1rios computadores) &#8211; [&hellip;]<\/p>\n","protected":false},"featured_media":3481,"comment_status":"open","ping_status":"closed","template":"","meta":{"site-sidebar-layout":"default","site-content-layout":"default","ast-site-content-layout":"","site-content-style":"default","site-sidebar-style":"default","ast-global-header-display":"","ast-banner-title-visibility":"","ast-main-header-display":"","ast-hfb-above-header-display":"","ast-hfb-below-header-display":"","ast-hfb-mobile-header-display":"","site-post-title":"","ast-breadcrumbs-content":"","ast-featured-img":"","footer-sml-layout":"","theme-transparent-header-meta":"default","adv-header-id-meta":"","stick-header-meta":"","header-above-stick-meta":"","header-main-stick-meta":"","header-below-stick-meta":"","astra-migrate-meta-layouts":"default","ast-page-background-enabled":"default","ast-page-background-meta":{"desktop":{"background-color":"","background-image":"","background-repeat":"repeat","background-position":"center center","background-size":"auto","background-attachment":"scroll","background-type":"","background-media":"","overlay-type":"","overlay-color":"","overlay-opacity":"","overlay-gradient":""},"tablet":{"background-color":"","background-image":"","background-repeat":"repeat","background-position":"center center","background-size":"auto","background-attachment":"scroll","background-type":"","background-media":"","overlay-type":"","overlay-color":"","overlay-opacity":"","overlay-gradient":""},"mobile":{"background-color":"","background-image":"","background-repeat":"repeat","background-position":"center center","background-size":"auto","background-attachment":"scroll","background-type":"","background-media":"","overlay-type":"","overlay-color":"","overlay-opacity":"","overlay-gradient":""}},"ast-content-background-meta":{"desktop":{"background-color":"var(--ast-global-color-5)","background-image":"","background-repeat":"repeat","background-position":"center center","background-size":"auto","background-attachment":"scroll","background-type":"","background-media":"","overlay-type":"","overlay-color":"","overlay-opacity":"","overlay-gradient":""},"tablet":{"background-color":"var(--ast-global-color-5)","background-image":"","background-repeat":"repeat","background-position":"center center","background-size":"auto","background-attachment":"scroll","background-type":"","background-media":"","overlay-type":"","overlay-color":"","overlay-opacity":"","overlay-gradient":""},"mobile":{"background-color":"var(--ast-global-color-5)","background-image":"","background-repeat":"repeat","background-position":"center center","background-size":"auto","background-attachment":"scroll","background-type":"","background-media":"","overlay-type":"","overlay-color":"","overlay-opacity":"","overlay-gradient":""}}},"product_brand":[],"product_cat":[998,339,997,991,996,995,989,993,121,120,176,992,990,994,134],"product_tag":[218,219,216,217],"class_list":{"0":"post-3414","1":"product","2":"type-product","3":"status-publish","4":"has-post-thumbnail","6":"product_cat-comercial","7":"product_cat-cursos","8":"product_cat-empresarial","9":"product_cat-financeiro","10":"product_cat-gerenciamento-de-projetos","11":"product_cat-gestao-da-qualidade","12":"product_cat-logistica","13":"product_cat-manutencao","14":"product_cat-pacotes","15":"product_cat-planilhas-em-excel","16":"product_cat-power-bi","17":"product_cat-producao","18":"product_cat-recursos-humanos","19":"product_cat-seguranca-do-trabalho","20":"product_cat-slides-em-powerpoint","21":"product_tag-modelos-de-dashboard","22":"product_tag-modelos-de-dashboard-para-excel","23":"product_tag-modelos-de-dashboards","24":"product_tag-pacote-de-modelos-de-dashboard-para-power-bi","25":"desktop-align-left","26":"tablet-align-left","27":"mobile-align-left","29":"first","30":"instock","31":"virtual","32":"purchasable","33":"product-type-simple"},"_links":{"self":[{"href":"https:\/\/pacotedeplanilhas.com\/loja\/wp-json\/wp\/v2\/product\/3414","targetHints":{"allow":["GET"]}}],"collection":[{"href":"https:\/\/pacotedeplanilhas.com\/loja\/wp-json\/wp\/v2\/product"}],"about":[{"href":"https:\/\/pacotedeplanilhas.com\/loja\/wp-json\/wp\/v2\/types\/product"}],"replies":[{"embeddable":true,"href":"https:\/\/pacotedeplanilhas.com\/loja\/wp-json\/wp\/v2\/comments?post=3414"}],"version-history":[{"count":1,"href":"https:\/\/pacotedeplanilhas.com\/loja\/wp-json\/wp\/v2\/product\/3414\/revisions"}],"predecessor-version":[{"id":3425,"href":"https:\/\/pacotedeplanilhas.com\/loja\/wp-json\/wp\/v2\/product\/3414\/revisions\/3425"}],"wp:featuredmedia":[{"embeddable":true,"href":"https:\/\/pacotedeplanilhas.com\/loja\/wp-json\/wp\/v2\/media\/3481"}],"wp:attachment":[{"href":"https:\/\/pacotedeplanilhas.com\/loja\/wp-json\/wp\/v2\/media?parent=3414"}],"wp:term":[{"taxonomy":"product_brand","embeddable":true,"href":"https:\/\/pacotedeplanilhas.com\/loja\/wp-json\/wp\/v2\/product_brand?post=3414"},{"taxonomy":"product_cat","embeddable":true,"href":"https:\/\/pacotedeplanilhas.com\/loja\/wp-json\/wp\/v2\/product_cat?post=3414"},{"taxonomy":"product_tag","embeddable":true,"href":"https:\/\/pacotedeplanilhas.com\/loja\/wp-json\/wp\/v2\/product_tag?post=3414"}],"curies":[{"name":"wp","href":"https:\/\/api.w.org\/{rel}","templated":true}]}}