{"id":3434,"date":"2022-06-25T23:09:24","date_gmt":"2022-06-26T02:09:24","guid":{"rendered":"https:\/\/pacotedeplanilhas.com\/loja\/?post_type=product&#038;p=3434"},"modified":"2024-07-17T21:56:50","modified_gmt":"2024-07-18T00:56:50","slug":"planilha-dashboard-controle-da-manutencao","status":"publish","type":"product","link":"https:\/\/pacotedeplanilhas.com\/loja\/store\/manutencao\/planilha-dashboard-controle-da-manutencao\/","title":{"rendered":"Planilha Dashboard Controle Da Manuten\u00e7\u00e3o"},"content":{"rendered":"<p>FA\u00c7A O CONTROLE DE CALIBRA\u00c7\u00c3O E DE MANUTEN\u00c7\u00c3O PREVENTIVA, CORRETIVA E PREDITIVA DE EQUIPAMENTOS E MAQUINAS DE MANEIRA SIMPLES E R\u00c1PIDA.<\/p>\n<p>Funcionalidades:<\/p>\n<p>Cadastro Geral<br \/>\n\u00c1rea para cadastrar os tipos de manuten\u00e7\u00e3o realizadas pela sua empresa (preventiva, corretiva, preditiva, etc) e os tipos de calibra\u00e7\u00e3o feitas (ajuste, regulagem, verifica\u00e7\u00e3o, etc).<\/p>\n<p>Dashboard de Manuten\u00e7\u00e3o<br \/>\nPainel de controle com indicadores e gr\u00e1ficos de controle da quantidade de manuten\u00e7\u00f5es realizadas mensalmente.<\/p>\n<p>Dashboard de Custos<br \/>\nPainel de controle com indicadores e gr\u00e1ficos de controle da quantidade de custos das manuten\u00e7\u00f5es realizadas mensalmente.<\/p>\n<p>Dashboard de Calibra\u00e7\u00e3o<br \/>\nPainel de controle com indicadores e gr\u00e1ficos de controle da quantidade de calibra\u00e7\u00f5es realizadas mensalmente.<\/p>\n","protected":false},"excerpt":{"rendered":"<p>FA\u00c7A O CONTROLE DE CALIBRA\u00c7\u00c3O E DE MANUTEN\u00c7\u00c3O PREVENTIVA, CORRETIVA E PREDITIVA DE EQUIPAMENTOS E MAQUINAS DE MANEIRA SIMPLES E R\u00c1PIDA.<\/p>\n<p>Funcionalidades:<\/p>\n<p>Cadastro Geral<br \/>\n\u00c1rea para cadastrar os tipos de manuten\u00e7\u00e3o realizadas pela sua empresa (preventiva, corretiva, preditiva, etc) e os tipos de calibra\u00e7\u00e3o feitas (ajuste, regulagem, verifica\u00e7\u00e3o, etc).<\/p>\n<p>Dashboard de Manuten\u00e7\u00e3o<br \/>\nPainel de controle com indicadores e gr\u00e1ficos de controle da quantidade de manuten\u00e7\u00f5es realizadas mensalmente.<\/p>\n<p>Dashboard de Custos<br \/>\nPainel de controle com indicadores e gr\u00e1ficos de controle da quantidade de custos das manuten\u00e7\u00f5es realizadas mensalmente.<\/p>\n<p>Dashboard de Calibra\u00e7\u00e3o<br \/>\nPainel de controle com indicadores e gr\u00e1ficos de controle da quantidade de calibra\u00e7\u00f5es realizadas mensalmente.<\/p>\n","protected":false},"featured_media":3475,"comment_status":"open","ping_status":"closed","template":"","meta":{"site-sidebar-layout":"default","site-content-layout":"default","ast-site-content-layout":"","site-content-style":"default","site-sidebar-style":"default","ast-global-header-display":"","ast-banner-title-visibility":"","ast-main-header-display":"","ast-hfb-above-header-display":"","ast-hfb-below-header-display":"","ast-hfb-mobile-header-display":"","site-post-title":"","ast-breadcrumbs-content":"","ast-featured-img":"","footer-sml-layout":"","theme-transparent-header-meta":"default","adv-header-id-meta":"","stick-header-meta":"","header-above-stick-meta":"","header-main-stick-meta":"","header-below-stick-meta":"","astra-migrate-meta-layouts":"default","ast-page-background-enabled":"default","ast-page-background-meta":{"desktop":{"background-color":"","background-image":"","background-repeat":"repeat","background-position":"center center","background-size":"auto","background-attachment":"scroll","background-type":"","background-media":"","overlay-type":"","overlay-color":"","overlay-opacity":"","overlay-gradient":""},"tablet":{"background-color":"","background-image":"","background-repeat":"repeat","background-position":"center center","background-size":"auto","background-attachment":"scroll","background-type":"","background-media":"","overlay-type":"","overlay-color":"","overlay-opacity":"","overlay-gradient":""},"mobile":{"background-color":"","background-image":"","background-repeat":"repeat","background-position":"center center","background-size":"auto","background-attachment":"scroll","background-type":"","background-media":"","overlay-type":"","overlay-color":"","overlay-opacity":"","overlay-gradient":""}},"ast-content-background-meta":{"desktop":{"background-color":"var(--ast-global-color-5)","background-image":"","background-repeat":"repeat","background-position":"center center","background-size":"auto","background-attachment":"scroll","background-type":"","background-media":"","overlay-type":"","overlay-color":"","overlay-opacity":"","overlay-gradient":""},"tablet":{"background-color":"var(--ast-global-color-5)","background-image":"","background-repeat":"repeat","background-position":"center center","background-size":"auto","background-attachment":"scroll","background-type":"","background-media":"","overlay-type":"","overlay-color":"","overlay-opacity":"","overlay-gradient":""},"mobile":{"background-color":"var(--ast-global-color-5)","background-image":"","background-repeat":"repeat","background-position":"center center","background-size":"auto","background-attachment":"scroll","background-type":"","background-media":"","overlay-type":"","overlay-color":"","overlay-opacity":"","overlay-gradient":""}}},"product_brand":[],"product_cat":[993,120],"product_tag":[229,231,232,230,228],"class_list":{"0":"post-3434","1":"product","2":"type-product","3":"status-publish","4":"has-post-thumbnail","6":"product_cat-manutencao","7":"product_cat-planilhas-em-excel","8":"product_tag-controle-de-calibracao","9":"product_tag-corretiva-e-preditiva","10":"product_tag-equipamentos-e-maquinas","11":"product_tag-manutencao-preventiva","12":"product_tag-planilha-dashboard-controle-da-manutencao","13":"desktop-align-left","14":"tablet-align-left","15":"mobile-align-left","17":"first","18":"instock","19":"virtual","20":"purchasable","21":"product-type-simple"},"_links":{"self":[{"href":"https:\/\/pacotedeplanilhas.com\/loja\/wp-json\/wp\/v2\/product\/3434","targetHints":{"allow":["GET"]}}],"collection":[{"href":"https:\/\/pacotedeplanilhas.com\/loja\/wp-json\/wp\/v2\/product"}],"about":[{"href":"https:\/\/pacotedeplanilhas.com\/loja\/wp-json\/wp\/v2\/types\/product"}],"replies":[{"embeddable":true,"href":"https:\/\/pacotedeplanilhas.com\/loja\/wp-json\/wp\/v2\/comments?post=3434"}],"version-history":[{"count":1,"href":"https:\/\/pacotedeplanilhas.com\/loja\/wp-json\/wp\/v2\/product\/3434\/revisions"}],"predecessor-version":[{"id":3440,"href":"https:\/\/pacotedeplanilhas.com\/loja\/wp-json\/wp\/v2\/product\/3434\/revisions\/3440"}],"wp:featuredmedia":[{"embeddable":true,"href":"https:\/\/pacotedeplanilhas.com\/loja\/wp-json\/wp\/v2\/media\/3475"}],"wp:attachment":[{"href":"https:\/\/pacotedeplanilhas.com\/loja\/wp-json\/wp\/v2\/media?parent=3434"}],"wp:term":[{"taxonomy":"product_brand","embeddable":true,"href":"https:\/\/pacotedeplanilhas.com\/loja\/wp-json\/wp\/v2\/product_brand?post=3434"},{"taxonomy":"product_cat","embeddable":true,"href":"https:\/\/pacotedeplanilhas.com\/loja\/wp-json\/wp\/v2\/product_cat?post=3434"},{"taxonomy":"product_tag","embeddable":true,"href":"https:\/\/pacotedeplanilhas.com\/loja\/wp-json\/wp\/v2\/product_tag?post=3434"}],"curies":[{"name":"wp","href":"https:\/\/api.w.org\/{rel}","templated":true}]}}