{"id":3441,"date":"2022-06-25T23:17:33","date_gmt":"2022-06-26T02:17:33","guid":{"rendered":"https:\/\/pacotedeplanilhas.com\/loja\/?post_type=product&#038;p=3441"},"modified":"2024-07-17T21:56:39","modified_gmt":"2024-07-18T00:56:39","slug":"power-bi-dashboard-manutencao","status":"publish","type":"product","link":"https:\/\/pacotedeplanilhas.com\/loja\/store\/manutencao\/power-bi-dashboard-manutencao\/","title":{"rendered":"Power Bi Dashboard Manuten\u00e7\u00e3o"},"content":{"rendered":"<p>FA\u00c7A O CONTROLE DE MANUTEN\u00c7\u00c3O PREVENTIVA, CORRETIVA E PREDITIVA DE EQUIPAMENTOS E MAQUINAS DE MANEIRA SIMPLES E R\u00c1PIDA COM O PROJETO EM POWER BI DE DASHBOARD DE MANUTEN\u00c7\u00c3O<\/p>\n<p>Funcionalidades:<\/p>\n<p>Cadastro Geral<br \/>\n\u00c1rea para cadastrar os tipos de manuten\u00e7\u00e3o realizadas pela sua empresa (preventiva, corretiva, preditiva, etc) e os tipos de calibra\u00e7\u00e3o feitas (ajuste, regulagem, verifica\u00e7\u00e3o, etc).<\/p>\n<p>Dashboard de Manuten\u00e7\u00e3o<br \/>\nPainel de controle com indicadores e gr\u00e1ficos de controle da quantidade de manuten\u00e7\u00f5es realizadas mensalmente.<\/p>\n<p>Dashboard de Custos<br \/>\nPainel de controle com indicadores e gr\u00e1ficos de controle da quantidade de custos das manuten\u00e7\u00f5es realizadas mensalmente.<\/p>\n<p>Dashboard de Calibra\u00e7\u00e3o<br \/>\nPainel de controle com indicadores e gr\u00e1ficos de controle da quantidade de calibra\u00e7\u00f5es realizadas mensalmente.<br \/>\n-Quantidade de paradas<br \/>\n-Quantidade de equipamentos com falhas<br \/>\n-MTBF (MTBF \u00e9 um indicador de desempenho usado na manuten\u00e7\u00e3o para indicar o tempo m\u00e9dio entre falhas de um equipamento, componente, m\u00e1quina ou sistema. MTBF \u00e9 a sigla para Mean Time Betwenn Failures, que em portugu\u00eas significa Tempo m\u00e9dio entre falhas).<br \/>\n-MTTR (MTTR \u00e9 um indicador de desempenho usado na manuten\u00e7\u00e3o para indicar o tempo m\u00e9dio para reparo de um equipamento, componente, m\u00e1quina ou sistema. MTTR \u00e9 a sigla para Mean Time to Repair, que em portugu\u00eas significa Tempo m\u00e9dio para Reparo).<br \/>\nPlanilha em Excel<\/p>\n<p>A planilha em Excel \u00e9 a base de dados para alimentar o Power BI.<\/p>\n<p>Dashboards no Power BI<\/p>\n<p>Depois de preencher a planilha no Excel com seus dados, basta atualizar o arquivo que os gr\u00e1ficos ser\u00e3o atualizados automaticamente.<br \/>\nCaso tenha experi\u00eancia com Power BI, voc\u00ea poder\u00e1 modificar os gr\u00e1ficos e criar suas pr\u00f3prias visualiza\u00e7\u00f5es, o arquivo \u00e9 totalmente edit\u00e1vel.<\/p>\n","protected":false},"excerpt":{"rendered":"<p>FA\u00c7A O CONTROLE DE MANUTEN\u00c7\u00c3O PREVENTIVA, CORRETIVA E PREDITIVA DE EQUIPAMENTOS E MAQUINAS DE MANEIRA SIMPLES E R\u00c1PIDA COM O PROJETO EM POWER BI DE DASHBOARD DE MANUTEN\u00c7\u00c3O<\/p>\n<p>Funcionalidades:<\/p>\n<p>Cadastro Geral<br \/>\n\u00c1rea para cadastrar os tipos de manuten\u00e7\u00e3o realizadas pela sua empresa (preventiva, corretiva, preditiva, etc) e os tipos de calibra\u00e7\u00e3o feitas (ajuste, regulagem, verifica\u00e7\u00e3o, etc).<\/p>\n<p>Dashboard de Manuten\u00e7\u00e3o<br \/>\nPainel de controle com indicadores e gr\u00e1ficos de controle da quantidade de manuten\u00e7\u00f5es realizadas mensalmente.<\/p>\n<p>Dashboard de Custos<br \/>\nPainel de controle com indicadores e gr\u00e1ficos de controle da quantidade de custos das manuten\u00e7\u00f5es realizadas mensalmente.<\/p>\n<p>Dashboard de Calibra\u00e7\u00e3o<br \/>\nPainel de controle com indicadores e gr\u00e1ficos de controle da quantidade de calibra\u00e7\u00f5es realizadas mensalmente.<br \/>\n-Quantidade de paradas<br \/>\n-Quantidade de equipamentos com falhas<br \/>\n-MTBF (MTBF \u00e9 um indicador de desempenho usado na manuten\u00e7\u00e3o para indicar o tempo m\u00e9dio entre falhas de um equipamento, componente, m\u00e1quina ou sistema. MTBF \u00e9 a sigla para Mean Time Betwenn Failures, que em portugu\u00eas significa Tempo m\u00e9dio entre falhas).<br \/>\n-MTTR (MTTR \u00e9 um indicador de desempenho usado na manuten\u00e7\u00e3o para indicar o tempo m\u00e9dio para reparo de um equipamento, componente, m\u00e1quina ou sistema. MTTR \u00e9 a sigla para Mean Time to Repair, que em portugu\u00eas significa Tempo m\u00e9dio para Reparo).<br \/>\nPlanilha em Excel<\/p>\n<p>A planilha em Excel \u00e9 a base de dados para alimentar o Power BI.<\/p>\n<p>Dashboards no Power BI<\/p>\n<p>Depois de preencher a planilha no Excel com seus dados, basta atualizar o arquivo que os gr\u00e1ficos ser\u00e3o atualizados automaticamente.<br \/>\nCaso tenha experi\u00eancia com Power BI, voc\u00ea poder\u00e1 modificar os gr\u00e1ficos e criar suas pr\u00f3prias visualiza\u00e7\u00f5es, o arquivo \u00e9 totalmente edit\u00e1vel.<\/p>\n","protected":false},"featured_media":3473,"comment_status":"open","ping_status":"closed","template":"","meta":{"site-sidebar-layout":"default","site-content-layout":"default","ast-site-content-layout":"","site-content-style":"default","site-sidebar-style":"default","ast-global-header-display":"","ast-banner-title-visibility":"","ast-main-header-display":"","ast-hfb-above-header-display":"","ast-hfb-below-header-display":"","ast-hfb-mobile-header-display":"","site-post-title":"","ast-breadcrumbs-content":"","ast-featured-img":"","footer-sml-layout":"","theme-transparent-header-meta":"default","adv-header-id-meta":"","stick-header-meta":"","header-above-stick-meta":"","header-main-stick-meta":"","header-below-stick-meta":"","astra-migrate-meta-layouts":"default","ast-page-background-enabled":"default","ast-page-background-meta":{"desktop":{"background-color":"","background-image":"","background-repeat":"repeat","background-position":"center center","background-size":"auto","background-attachment":"scroll","background-type":"","background-media":"","overlay-type":"","overlay-color":"","overlay-opacity":"","overlay-gradient":""},"tablet":{"background-color":"","background-image":"","background-repeat":"repeat","background-position":"center center","background-size":"auto","background-attachment":"scroll","background-type":"","background-media":"","overlay-type":"","overlay-color":"","overlay-opacity":"","overlay-gradient":""},"mobile":{"background-color":"","background-image":"","background-repeat":"repeat","background-position":"center center","background-size":"auto","background-attachment":"scroll","background-type":"","background-media":"","overlay-type":"","overlay-color":"","overlay-opacity":"","overlay-gradient":""}},"ast-content-background-meta":{"desktop":{"background-color":"var(--ast-global-color-5)","background-image":"","background-repeat":"repeat","background-position":"center center","background-size":"auto","background-attachment":"scroll","background-type":"","background-media":"","overlay-type":"","overlay-color":"","overlay-opacity":"","overlay-gradient":""},"tablet":{"background-color":"var(--ast-global-color-5)","background-image":"","background-repeat":"repeat","background-position":"center center","background-size":"auto","background-attachment":"scroll","background-type":"","background-media":"","overlay-type":"","overlay-color":"","overlay-opacity":"","overlay-gradient":""},"mobile":{"background-color":"var(--ast-global-color-5)","background-image":"","background-repeat":"repeat","background-position":"center center","background-size":"auto","background-attachment":"scroll","background-type":"","background-media":"","overlay-type":"","overlay-color":"","overlay-opacity":"","overlay-gradient":""}}},"product_brand":[],"product_cat":[993,176],"product_tag":[234,233,235,236],"class_list":{"0":"post-3441","1":"product","2":"type-product","3":"status-publish","4":"has-post-thumbnail","6":"product_cat-manutencao","7":"product_cat-power-bi","8":"product_tag-dashboard-power-bi-controle-da-manutencao","9":"product_tag-power-bi-controle-da-manutencao","10":"product_tag-power-bi-mttr","11":"product_tag-power-mtbf","12":"desktop-align-left","13":"tablet-align-left","14":"mobile-align-left","16":"first","17":"instock","18":"virtual","19":"purchasable","20":"product-type-simple"},"_links":{"self":[{"href":"https:\/\/pacotedeplanilhas.com\/loja\/wp-json\/wp\/v2\/product\/3441","targetHints":{"allow":["GET"]}}],"collection":[{"href":"https:\/\/pacotedeplanilhas.com\/loja\/wp-json\/wp\/v2\/product"}],"about":[{"href":"https:\/\/pacotedeplanilhas.com\/loja\/wp-json\/wp\/v2\/types\/product"}],"replies":[{"embeddable":true,"href":"https:\/\/pacotedeplanilhas.com\/loja\/wp-json\/wp\/v2\/comments?post=3441"}],"version-history":[{"count":1,"href":"https:\/\/pacotedeplanilhas.com\/loja\/wp-json\/wp\/v2\/product\/3441\/revisions"}],"predecessor-version":[{"id":3444,"href":"https:\/\/pacotedeplanilhas.com\/loja\/wp-json\/wp\/v2\/product\/3441\/revisions\/3444"}],"wp:featuredmedia":[{"embeddable":true,"href":"https:\/\/pacotedeplanilhas.com\/loja\/wp-json\/wp\/v2\/media\/3473"}],"wp:attachment":[{"href":"https:\/\/pacotedeplanilhas.com\/loja\/wp-json\/wp\/v2\/media?parent=3441"}],"wp:term":[{"taxonomy":"product_brand","embeddable":true,"href":"https:\/\/pacotedeplanilhas.com\/loja\/wp-json\/wp\/v2\/product_brand?post=3441"},{"taxonomy":"product_cat","embeddable":true,"href":"https:\/\/pacotedeplanilhas.com\/loja\/wp-json\/wp\/v2\/product_cat?post=3441"},{"taxonomy":"product_tag","embeddable":true,"href":"https:\/\/pacotedeplanilhas.com\/loja\/wp-json\/wp\/v2\/product_tag?post=3441"}],"curies":[{"name":"wp","href":"https:\/\/api.w.org\/{rel}","templated":true}]}}