{"id":3451,"date":"2022-06-26T05:41:13","date_gmt":"2022-06-26T08:41:13","guid":{"rendered":"https:\/\/pacotedeplanilhas.com\/loja\/?post_type=product&#038;p=3451"},"modified":"2024-07-17T21:55:25","modified_gmt":"2024-07-18T00:55:25","slug":"planilha-dashboard-controle-de-absenteismo","status":"publish","type":"product","link":"https:\/\/pacotedeplanilhas.com\/loja\/store\/planilhas-em-excel\/planilha-dashboard-controle-de-absenteismo\/","title":{"rendered":"Planilha Dashboard Controle De Absente\u00edsmo"},"content":{"rendered":"<p>Controle De Faltas, Absente\u00edsmo, Aus\u00eancias<\/p>\n<p>\u00c9 necess\u00e1rio que seu computador tenha sistema operacional Windows e o Excel atualizado.<\/p>\n<p>Funciona a partir do Excel 2010.<\/p>\n<p>Com a Planilha de Controle de Absente\u00edsmo voc\u00ea ter\u00e1 o total controle das faltas de seus funcion\u00e1rios de forma simples, pr\u00e1tica e eficiente, contando tamb\u00e9m com an\u00e1lises que demonstram atrav\u00e9s de indicadores e gr\u00e1ficos o consolidado das faltas de seus funcion\u00e1rios.<\/p>\n<p>Aqui voc\u00ea encontra tamb\u00e9m uma an\u00e1lise individual de cada funcion\u00e1rio que pode ser impressa caso voc\u00ea necessite de uma evid\u00eancia documental para uma tomada de decis\u00e3o.<\/p>\n<p>Veja o passo a passo abaixo e entenda como funciona a planilha.<\/p>\n<p>CADASTRO<br \/>\nNessa aba voc\u00ea deve inserir as premissas gerais que ser\u00e3o utilizadas no lan\u00e7amento das faltas.<br \/>\n\u2022 Cadastro dos Funcion\u00e1rios: Aqui voc\u00ea vai cadastrar a quantidade de Funcion\u00e1rios no m\u00eas, cada m\u00eas uma quantidade de funcion\u00e1rios;<br \/>\n\u2022 M\u00c9DIA HORAS DE TRABALHO POR FUNCION\u00c1RIO: Aqui voc\u00ea vai colocar as horas m\u00e9dias de horas trabalhadas pelos funcion\u00e1rios;<br \/>\n\u2022 M\u00caS: nessa parte o m\u00eas de analise<br \/>\n\u2022 DIAS \u00daTEIS: aqui ser\u00e1 adicionado a quantidade de dias \u00fateis no m\u00eas selecionado anteriormente;<br \/>\n\u2022 TOTAL HORAS: Esse campo \u00e9 preenchido automaticamente com as informa\u00e7\u00f5es dos campos anteriores.<\/p>\n<p>LAN\u00c7AMENTOS<br \/>\nAqui voc\u00ea far\u00e1 o lan\u00e7amento das ocorr\u00eancias com seus funcion\u00e1rios informando Data, Nome do Funcion\u00e1rio, Tipo de Ocorr\u00eancia, se o Cliente foi Informado, como o Cliente foi Informado, Quem Informou, qual foi a Solu\u00e7\u00e3o Aplicada, Nome do Funcion\u00e1rio que Cobriu a Falta, Observa\u00e7\u00f5es (caso haja). O M\u00eas, Ano e Semana s\u00e3o dados gerados automaticamente e que s\u00e3o utilizados pelo sistema.<br \/>\nAqui voc\u00ea tamb\u00e9m poder\u00e1 utilizar os diversos filtros existentes para realizar as pesquisas que desejar.<\/p>\n<p>RELAT\u00d3RIO<br \/>\nO relat\u00f3rio mostra o valor mensal de absente\u00edsmo e \u00e9 poss\u00edvel colocar uma meta para acompanhar o gr\u00e1fico.<\/p>\n<p>Antes de comprar tire todas as suas d\u00favidas com o vendedor.<\/p>\n<p>ATEN\u00c7\u00c3O: Produto entregue por e-mail, nada ser\u00e1 enviado pelo correio. Informe seu e-mail para enviarmos seu produto ao final da compra.<\/p>\n<p>Tabela de Controle De Faltas, Absente\u00edsmo, Aus\u00eancias<\/p>\n","protected":false},"excerpt":{"rendered":"<p>Controle De Faltas, Absente\u00edsmo, Aus\u00eancias<\/p>\n<p>\u00c9 necess\u00e1rio que seu computador tenha sistema operacional Windows e o Excel atualizado.<\/p>\n<p>Funciona a partir do Excel 2010.<\/p>\n<p>Com a Planilha de Controle de Absente\u00edsmo voc\u00ea ter\u00e1 o total controle das faltas de seus funcion\u00e1rios de forma simples, pr\u00e1tica e eficiente, contando tamb\u00e9m com an\u00e1lises que demonstram atrav\u00e9s de indicadores e gr\u00e1ficos o consolidado das faltas de seus funcion\u00e1rios.<\/p>\n<p>Aqui voc\u00ea encontra tamb\u00e9m uma an\u00e1lise individual de cada funcion\u00e1rio que pode ser impressa caso voc\u00ea necessite de uma evid\u00eancia documental para uma tomada de decis\u00e3o.<\/p>\n<p>Veja o passo a passo abaixo e entenda como funciona a planilha.<\/p>\n<p>CADASTRO<br \/>\nNessa aba voc\u00ea deve inserir as premissas gerais que ser\u00e3o utilizadas no lan\u00e7amento das faltas.<br \/>\n\u2022 Cadastro dos Funcion\u00e1rios: Aqui voc\u00ea vai cadastrar a quantidade de Funcion\u00e1rios no m\u00eas, cada m\u00eas uma quantidade de funcion\u00e1rios;<br \/>\n\u2022 M\u00c9DIA HORAS DE TRABALHO POR FUNCION\u00c1RIO: Aqui voc\u00ea vai colocar as horas m\u00e9dias de horas trabalhadas pelos funcion\u00e1rios;<br \/>\n\u2022 M\u00caS: nessa parte o m\u00eas de analise<br \/>\n\u2022 DIAS \u00daTEIS: aqui ser\u00e1 adicionado a quantidade de dias \u00fateis no m\u00eas selecionado anteriormente;<br \/>\n\u2022 TOTAL HORAS: Esse campo \u00e9 preenchido automaticamente com as informa\u00e7\u00f5es dos campos anteriores.<\/p>\n<p>LAN\u00c7AMENTOS<br \/>\nAqui voc\u00ea far\u00e1 o lan\u00e7amento das ocorr\u00eancias com seus funcion\u00e1rios informando Data, Nome do Funcion\u00e1rio, Tipo de Ocorr\u00eancia, se o Cliente foi Informado, como o Cliente foi Informado, Quem Informou, qual foi a Solu\u00e7\u00e3o Aplicada, Nome do Funcion\u00e1rio que Cobriu a Falta, Observa\u00e7\u00f5es (caso haja). O M\u00eas, Ano e Semana s\u00e3o dados gerados automaticamente e que s\u00e3o utilizados pelo sistema.<br \/>\nAqui voc\u00ea tamb\u00e9m poder\u00e1 utilizar os diversos filtros existentes para realizar as pesquisas que desejar.<\/p>\n<p>RELAT\u00d3RIO<br \/>\nO relat\u00f3rio mostra o valor mensal de absente\u00edsmo e \u00e9 poss\u00edvel colocar uma meta para acompanhar o gr\u00e1fico.<\/p>\n<p>Antes de comprar tire todas as suas d\u00favidas com o vendedor.<\/p>\n<p>ATEN\u00c7\u00c3O: Produto entregue por e-mail, nada ser\u00e1 enviado pelo correio. Informe seu e-mail para enviarmos seu produto ao final da compra.<\/p>\n<p>Tabela de Controle De Faltas, Absente\u00edsmo, Aus\u00eancias<\/p>\n","protected":false},"featured_media":3456,"comment_status":"open","ping_status":"closed","template":"","meta":{"site-sidebar-layout":"default","site-content-layout":"default","ast-site-content-layout":"","site-content-style":"default","site-sidebar-style":"default","ast-global-header-display":"","ast-banner-title-visibility":"","ast-main-header-display":"","ast-hfb-above-header-display":"","ast-hfb-below-header-display":"","ast-hfb-mobile-header-display":"","site-post-title":"","ast-breadcrumbs-content":"","ast-featured-img":"","footer-sml-layout":"","theme-transparent-header-meta":"default","adv-header-id-meta":"","stick-header-meta":"","header-above-stick-meta":"","header-main-stick-meta":"","header-below-stick-meta":"","astra-migrate-meta-layouts":"default","ast-page-background-enabled":"default","ast-page-background-meta":{"desktop":{"background-color":"","background-image":"","background-repeat":"repeat","background-position":"center center","background-size":"auto","background-attachment":"scroll","background-type":"","background-media":"","overlay-type":"","overlay-color":"","overlay-opacity":"","overlay-gradient":""},"tablet":{"background-color":"","background-image":"","background-repeat":"repeat","background-position":"center center","background-size":"auto","background-attachment":"scroll","background-type":"","background-media":"","overlay-type":"","overlay-color":"","overlay-opacity":"","overlay-gradient":""},"mobile":{"background-color":"","background-image":"","background-repeat":"repeat","background-position":"center center","background-size":"auto","background-attachment":"scroll","background-type":"","background-media":"","overlay-type":"","overlay-color":"","overlay-opacity":"","overlay-gradient":""}},"ast-content-background-meta":{"desktop":{"background-color":"var(--ast-global-color-5)","background-image":"","background-repeat":"repeat","background-position":"center center","background-size":"auto","background-attachment":"scroll","background-type":"","background-media":"","overlay-type":"","overlay-color":"","overlay-opacity":"","overlay-gradient":""},"tablet":{"background-color":"var(--ast-global-color-5)","background-image":"","background-repeat":"repeat","background-position":"center center","background-size":"auto","background-attachment":"scroll","background-type":"","background-media":"","overlay-type":"","overlay-color":"","overlay-opacity":"","overlay-gradient":""},"mobile":{"background-color":"var(--ast-global-color-5)","background-image":"","background-repeat":"repeat","background-position":"center center","background-size":"auto","background-attachment":"scroll","background-type":"","background-media":"","overlay-type":"","overlay-color":"","overlay-opacity":"","overlay-gradient":""}}},"product_brand":[],"product_cat":[120,990,994],"product_tag":[243,246,244,245,248,242,247,241],"class_list":{"0":"post-3451","1":"product","2":"type-product","3":"status-publish","4":"has-post-thumbnail","6":"product_cat-planilhas-em-excel","7":"product_cat-recursos-humanos","8":"product_cat-seguranca-do-trabalho","9":"product_tag-absenteismo-excel","10":"product_tag-como-controlar-o-absenteismo","11":"product_tag-controle-de-absenteismo-comprar","12":"product_tag-excel-planilha-de-absenteismo","13":"product_tag-planilha-absenteismo-departamento-pessoal","14":"product_tag-planilha-absenteismo-rh","15":"product_tag-planilha-controle-de-absenteismo-gestao-de-pessoas","16":"product_tag-planilha-dashboard-controle-de-absenteismo","17":"desktop-align-left","18":"tablet-align-left","19":"mobile-align-left","21":"first","22":"instock","23":"virtual","24":"purchasable","25":"product-type-simple"},"_links":{"self":[{"href":"https:\/\/pacotedeplanilhas.com\/loja\/wp-json\/wp\/v2\/product\/3451","targetHints":{"allow":["GET"]}}],"collection":[{"href":"https:\/\/pacotedeplanilhas.com\/loja\/wp-json\/wp\/v2\/product"}],"about":[{"href":"https:\/\/pacotedeplanilhas.com\/loja\/wp-json\/wp\/v2\/types\/product"}],"replies":[{"embeddable":true,"href":"https:\/\/pacotedeplanilhas.com\/loja\/wp-json\/wp\/v2\/comments?post=3451"}],"version-history":[{"count":1,"href":"https:\/\/pacotedeplanilhas.com\/loja\/wp-json\/wp\/v2\/product\/3451\/revisions"}],"predecessor-version":[{"id":3457,"href":"https:\/\/pacotedeplanilhas.com\/loja\/wp-json\/wp\/v2\/product\/3451\/revisions\/3457"}],"wp:featuredmedia":[{"embeddable":true,"href":"https:\/\/pacotedeplanilhas.com\/loja\/wp-json\/wp\/v2\/media\/3456"}],"wp:attachment":[{"href":"https:\/\/pacotedeplanilhas.com\/loja\/wp-json\/wp\/v2\/media?parent=3451"}],"wp:term":[{"taxonomy":"product_brand","embeddable":true,"href":"https:\/\/pacotedeplanilhas.com\/loja\/wp-json\/wp\/v2\/product_brand?post=3451"},{"taxonomy":"product_cat","embeddable":true,"href":"https:\/\/pacotedeplanilhas.com\/loja\/wp-json\/wp\/v2\/product_cat?post=3451"},{"taxonomy":"product_tag","embeddable":true,"href":"https:\/\/pacotedeplanilhas.com\/loja\/wp-json\/wp\/v2\/product_tag?post=3451"}],"curies":[{"name":"wp","href":"https:\/\/api.w.org\/{rel}","templated":true}]}}