{"id":3464,"date":"2022-06-29T13:16:33","date_gmt":"2022-06-29T16:16:33","guid":{"rendered":"https:\/\/pacotedeplanilhas.com\/loja\/?post_type=product&#038;p=3464"},"modified":"2024-07-17T21:55:04","modified_gmt":"2024-07-18T00:55:04","slug":"dashboard-em-power-bi-para-gestao-de-projetos","status":"publish","type":"product","link":"https:\/\/pacotedeplanilhas.com\/loja\/store\/gerenciamento-de-projetos\/dashboard-em-power-bi-para-gestao-de-projetos\/","title":{"rendered":"Dashboard em Power BI para gest\u00e3o de projetos"},"content":{"rendered":"<p>Utilize o Dashboard de Gest\u00e3o de Projeto em Power BI e acompanhe os seus projetos por \u00e1rea, respons\u00e1vel(gerente), status e prazo.<\/p>\n<p>Visualize a quantidade de projetos; O custo do projeto, a quantidade de horas executadas, a quantidade de dias de trabalho, atividades cr\u00edtica e n\u00e3o cr\u00edticas.<\/p>\n<p>O painel ainda apresenta o detalhamento do projeto com todas as tarefas e informa\u00e7\u00f5es importantes.<\/p>\n<p>Cursa S em rela\u00e7\u00e3o aos custos do projeto.<\/p>\n<p>Planilha de Projetos em Excel A planilha em Excel \u00e9 a base de dados para alimentar o Power BI. Voc\u00ea vai inserir as informa\u00e7\u00f5es do projeto em cada coluna.<\/p>\n<p>Dashboards no Power BI Depois de preencher a planilha no Excel com seus dados, basta atualizar o arquivo que os gr\u00e1ficos ser\u00e3o atualizados automaticamente.<\/p>\n<p>Caso tenha experi\u00eancia com Power BI, voc\u00ea poder\u00e1 modificar os gr\u00e1ficos e criar suas pr\u00f3prias visualiza\u00e7\u00f5es, o arquivo \u00e9 totalmente edit\u00e1vel.<\/p>\n<div class=\"ast-oembed-container \" style=\"height: 100%;\"><iframe title=\"Dashboard em Power BI para gest\u00e3o de projetos\" width=\"500\" height=\"281\" src=\"https:\/\/www.youtube.com\/embed\/5E9DKpQ6kX0?feature=oembed\" frameborder=\"0\" allow=\"accelerometer; autoplay; clipboard-write; encrypted-media; gyroscope; picture-in-picture; web-share\" referrerpolicy=\"strict-origin-when-cross-origin\" allowfullscreen><\/iframe><\/div>\n","protected":false},"excerpt":{"rendered":"<p>Utilize o Dashboard de Gest\u00e3o de Projeto em Power BI e acompanhe os seus projetos por \u00e1rea, respons\u00e1vel(gerente), status e prazo.<\/p>\n<p>Visualize a quantidade de projetos; O custo do projeto, a quantidade de horas executadas, a quantidade de dias de trabalho, atividades cr\u00edtica e n\u00e3o cr\u00edticas.<\/p>\n<p>O painel ainda apresenta o detalhamento do projeto com todas as tarefas e informa\u00e7\u00f5es importantes.<\/p>\n<p>Cursa S em rela\u00e7\u00e3o aos custos do projeto.<\/p>\n<p>Planilha de Projetos em Excel A planilha em Excel \u00e9 a base de dados para alimentar o Power BI. Voc\u00ea vai inserir as informa\u00e7\u00f5es do projeto em cada coluna.<\/p>\n<p>Dashboards no Power BI Depois de preencher a planilha no Excel com seus dados, basta atualizar o arquivo que os gr\u00e1ficos ser\u00e3o atualizados automaticamente.<\/p>\n<p>Caso tenha experi\u00eancia com Power BI, voc\u00ea poder\u00e1 modificar os gr\u00e1ficos e criar suas pr\u00f3prias visualiza\u00e7\u00f5es, o arquivo \u00e9 totalmente edit\u00e1vel.<\/p>\n","protected":false},"featured_media":3472,"comment_status":"open","ping_status":"closed","template":"","meta":{"site-sidebar-layout":"default","site-content-layout":"default","ast-site-content-layout":"","site-content-style":"default","site-sidebar-style":"default","ast-global-header-display":"","ast-banner-title-visibility":"","ast-main-header-display":"","ast-hfb-above-header-display":"","ast-hfb-below-header-display":"","ast-hfb-mobile-header-display":"","site-post-title":"","ast-breadcrumbs-content":"","ast-featured-img":"","footer-sml-layout":"","theme-transparent-header-meta":"default","adv-header-id-meta":"","stick-header-meta":"","header-above-stick-meta":"","header-main-stick-meta":"","header-below-stick-meta":"","astra-migrate-meta-layouts":"default","ast-page-background-enabled":"default","ast-page-background-meta":{"desktop":{"background-color":"","background-image":"","background-repeat":"repeat","background-position":"center center","background-size":"auto","background-attachment":"scroll","background-type":"","background-media":"","overlay-type":"","overlay-color":"","overlay-opacity":"","overlay-gradient":""},"tablet":{"background-color":"","background-image":"","background-repeat":"repeat","background-position":"center center","background-size":"auto","background-attachment":"scroll","background-type":"","background-media":"","overlay-type":"","overlay-color":"","overlay-opacity":"","overlay-gradient":""},"mobile":{"background-color":"","background-image":"","background-repeat":"repeat","background-position":"center center","background-size":"auto","background-attachment":"scroll","background-type":"","background-media":"","overlay-type":"","overlay-color":"","overlay-opacity":"","overlay-gradient":""}},"ast-content-background-meta":{"desktop":{"background-color":"var(--ast-global-color-5)","background-image":"","background-repeat":"repeat","background-position":"center center","background-size":"auto","background-attachment":"scroll","background-type":"","background-media":"","overlay-type":"","overlay-color":"","overlay-opacity":"","overlay-gradient":""},"tablet":{"background-color":"var(--ast-global-color-5)","background-image":"","background-repeat":"repeat","background-position":"center center","background-size":"auto","background-attachment":"scroll","background-type":"","background-media":"","overlay-type":"","overlay-color":"","overlay-opacity":"","overlay-gradient":""},"mobile":{"background-color":"var(--ast-global-color-5)","background-image":"","background-repeat":"repeat","background-position":"center center","background-size":"auto","background-attachment":"scroll","background-type":"","background-media":"","overlay-type":"","overlay-color":"","overlay-opacity":"","overlay-gradient":""}}},"product_brand":[],"product_cat":[996,176],"product_tag":[252,249,250,259,258,257,255,253,256,254,251],"class_list":{"0":"post-3464","1":"product","2":"type-product","3":"status-publish","4":"has-post-thumbnail","6":"product_cat-gerenciamento-de-projetos","7":"product_cat-power-bi","8":"product_tag-curva-s-no-power-bi","9":"product_tag-dashboard-em-power-bi-para-gestao-de-projetos","10":"product_tag-dashboard-gerenciamento-de-projetos","11":"product_tag-gerenciamento-de-projetos-no-power-bi","12":"product_tag-gestao-de-projetos","13":"product_tag-gestao-de-projetos-power-bi","14":"product_tag-power-bi-projetos","15":"product_tag-projeto-com-base-em-excel","16":"product_tag-projeto-de-gerenciamento-de-projetos-em-power-bi","17":"product_tag-projeto-em-power-bi-de-projetos","18":"product_tag-projetos-em-power-bi","19":"desktop-align-left","20":"tablet-align-left","21":"mobile-align-left","23":"first","24":"instock","25":"virtual","26":"purchasable","27":"product-type-simple"},"_links":{"self":[{"href":"https:\/\/pacotedeplanilhas.com\/loja\/wp-json\/wp\/v2\/product\/3464","targetHints":{"allow":["GET"]}}],"collection":[{"href":"https:\/\/pacotedeplanilhas.com\/loja\/wp-json\/wp\/v2\/product"}],"about":[{"href":"https:\/\/pacotedeplanilhas.com\/loja\/wp-json\/wp\/v2\/types\/product"}],"replies":[{"embeddable":true,"href":"https:\/\/pacotedeplanilhas.com\/loja\/wp-json\/wp\/v2\/comments?post=3464"}],"version-history":[{"count":1,"href":"https:\/\/pacotedeplanilhas.com\/loja\/wp-json\/wp\/v2\/product\/3464\/revisions"}],"predecessor-version":[{"id":3471,"href":"https:\/\/pacotedeplanilhas.com\/loja\/wp-json\/wp\/v2\/product\/3464\/revisions\/3471"}],"wp:featuredmedia":[{"embeddable":true,"href":"https:\/\/pacotedeplanilhas.com\/loja\/wp-json\/wp\/v2\/media\/3472"}],"wp:attachment":[{"href":"https:\/\/pacotedeplanilhas.com\/loja\/wp-json\/wp\/v2\/media?parent=3464"}],"wp:term":[{"taxonomy":"product_brand","embeddable":true,"href":"https:\/\/pacotedeplanilhas.com\/loja\/wp-json\/wp\/v2\/product_brand?post=3464"},{"taxonomy":"product_cat","embeddable":true,"href":"https:\/\/pacotedeplanilhas.com\/loja\/wp-json\/wp\/v2\/product_cat?post=3464"},{"taxonomy":"product_tag","embeddable":true,"href":"https:\/\/pacotedeplanilhas.com\/loja\/wp-json\/wp\/v2\/product_tag?post=3464"}],"curies":[{"name":"wp","href":"https:\/\/api.w.org\/{rel}","templated":true}]}}