{"id":3732,"date":"2022-11-09T16:09:35","date_gmt":"2022-11-09T19:09:35","guid":{"rendered":"https:\/\/pacotedeplanilhas.com\/loja\/?post_type=product&#038;p=3732"},"modified":"2024-11-25T14:15:08","modified_gmt":"2024-11-25T17:15:08","slug":"controle-de-acidentes-e-incidentes","status":"publish","type":"product","link":"https:\/\/pacotedeplanilhas.com\/loja\/store\/planilhas-em-excel\/controle-de-acidentes-e-incidentes\/","title":{"rendered":"Planilha Dashboard Controle de Acidentes e incidentes seguran\u00e7a do trabalho"},"content":{"rendered":"<p>Ap\u00f3s a compra do produto me mande o seu e-mail para construindosonhos2018@gmail.com ou me chame no WhatsApp 38 998460929 (Miguel Rodrigues)<\/p>\n<p>Planilha Dashboard Controle de Acidentes e incidentes seguran\u00e7a do trabalho<\/p>\n<p>Nos lan\u00e7amentos da Planilha:<\/p>\n<p>C\u00e9lulas Manuais:<\/p>\n<p>\u2013 Data do acidente, Oc descaracterizada, tipo do colaborador, N\u00ba, registro, hora do acidente, id, nome, tipo, modalidade, dias afastados, idade, sexo, turno, \u00e1rea, setor, piramide de BIRD<\/p>\n<p>\u2013 C\u00e9lulas autom\u00e1ticas fica na cor cinza:<\/p>\n<p>\u2013 M\u00eas e ano;<\/p>\n<p>Na parte de Cadastro da planilha:<\/p>\n<p>\u2013 Hora do acidente, \u00e1rea, setor, Gestor, agente causador, TST respons\u00e1vel, natureza da les\u00e3o.<\/p>\n<p>Gr\u00e1fico de Pir\u00e2mide de BIRD.<\/p>\n<p>O dashboard da planilha cont\u00eam as seguintes informa\u00e7\u00f5es:<\/p>\n<p>Valores totais:<\/p>\n<p>\u2013 Quantidade de ocorr\u00eancias;<\/p>\n<p>Gr\u00e1ficos:<\/p>\n<p>\u2013 TOP 5 acidentes por \u00e1rea, Quantidade de acidentes por m\u00eas, Status da investiga\u00e7\u00e3o, acidentes por sexo, acidentes por hor\u00e1rio, acidente por modalidade, tempo na fun\u00e7\u00e3o, acidentes por turno, acidentes por parte do corpo, principais setores com acidentes, tempo na fun\u00e7\u00e3o, tempo na empresa, acidentes por natureza da les\u00e3o;<\/p>\n<p>Os filtros em forma de Segmenta\u00e7\u00e3o de dados:<\/p>\n<p>\u2013 Ano, m\u00eas, tipo de contrato, modalidade do acidente, sexo, turno, gestor, \u00e1rea, setor.<\/p>\n<p>Planilha 100% edit\u00e1vel<\/p>\n<p>PR\u00c9-REQUISITOS:<br \/>\nTer qualquer vers\u00e3o do EXCEL instalada no computador.<\/p>\n<p>VANTAGENS:<br \/>\nSimplicidade em usar e c\u00e1lculos precisos.<\/p>\n<p>INFORMA\u00c7\u00d5ES \u00daTEIS:<br \/>\nSuporte p\u00f3s-venda, via e-mail, para esclarecer quaisquer d\u00favidas que possam surgir.<br \/>\nPlanilha original, comercializada pelo pr\u00f3prio desenvolvedor.<\/p>\n","protected":false},"excerpt":{"rendered":"<p>Ap\u00f3s a compra do produto me mande o seu e-mail para construindosonhos2018@gmail.com ou me chame no WhatsApp 38 998460929 (Miguel Rodrigues) Planilha Dashboard Controle de Acidentes e incidentes seguran\u00e7a do trabalho Nos lan\u00e7amentos da Planilha: C\u00e9lulas Manuais: \u2013 Data do acidente, Oc descaracterizada, tipo do colaborador, N\u00ba, registro, hora do acidente, id, nome, tipo, modalidade, [&hellip;]<\/p>\n","protected":false},"featured_media":3733,"comment_status":"open","ping_status":"closed","template":"","meta":{"site-sidebar-layout":"default","site-content-layout":"default","ast-site-content-layout":"","site-content-style":"default","site-sidebar-style":"default","ast-global-header-display":"","ast-banner-title-visibility":"","ast-main-header-display":"","ast-hfb-above-header-display":"","ast-hfb-below-header-display":"","ast-hfb-mobile-header-display":"","site-post-title":"","ast-breadcrumbs-content":"","ast-featured-img":"","footer-sml-layout":"","theme-transparent-header-meta":"default","adv-header-id-meta":"","stick-header-meta":"","header-above-stick-meta":"","header-main-stick-meta":"","header-below-stick-meta":"","astra-migrate-meta-layouts":"default","ast-page-background-enabled":"default","ast-page-background-meta":{"desktop":{"background-color":"","background-image":"","background-repeat":"repeat","background-position":"center center","background-size":"auto","background-attachment":"scroll","background-type":"","background-media":"","overlay-type":"","overlay-color":"","overlay-opacity":"","overlay-gradient":""},"tablet":{"background-color":"","background-image":"","background-repeat":"repeat","background-position":"center center","background-size":"auto","background-attachment":"scroll","background-type":"","background-media":"","overlay-type":"","overlay-color":"","overlay-opacity":"","overlay-gradient":""},"mobile":{"background-color":"","background-image":"","background-repeat":"repeat","background-position":"center center","background-size":"auto","background-attachment":"scroll","background-type":"","background-media":"","overlay-type":"","overlay-color":"","overlay-opacity":"","overlay-gradient":""}},"ast-content-background-meta":{"desktop":{"background-color":"var(--ast-global-color-5)","background-image":"","background-repeat":"repeat","background-position":"center center","background-size":"auto","background-attachment":"scroll","background-type":"","background-media":"","overlay-type":"","overlay-color":"","overlay-opacity":"","overlay-gradient":""},"tablet":{"background-color":"var(--ast-global-color-5)","background-image":"","background-repeat":"repeat","background-position":"center center","background-size":"auto","background-attachment":"scroll","background-type":"","background-media":"","overlay-type":"","overlay-color":"","overlay-opacity":"","overlay-gradient":""},"mobile":{"background-color":"var(--ast-global-color-5)","background-image":"","background-repeat":"repeat","background-position":"center center","background-size":"auto","background-attachment":"scroll","background-type":"","background-media":"","overlay-type":"","overlay-color":"","overlay-opacity":"","overlay-gradient":""}}},"product_brand":[],"product_cat":[120,994],"product_tag":[314,319,315,316,313,318,320,317],"class_list":{"0":"post-3732","1":"product","2":"type-product","3":"status-publish","4":"has-post-thumbnail","6":"product_cat-planilhas-em-excel","7":"product_cat-seguranca-do-trabalho","8":"product_tag-controle-de-seguranca-do-trabalho","9":"product_tag-dashboard-controle-de-acidentes","10":"product_tag-dashboard-de-acidentes","11":"product_tag-dashboard-de-seguranca-do-trabalho","12":"product_tag-planilha-dashboard-controle-de-acidentes-e-incidentes-seguranca-do-trabalho","13":"product_tag-planilha-de-controle-de-acidentes","14":"product_tag-planilha-para-tecnico-de-seguranca-do-trabalho","15":"product_tag-planilha-tst","16":"desktop-align-left","17":"tablet-align-left","18":"mobile-align-left","20":"first","21":"instock","22":"virtual","23":"purchasable","24":"product-type-simple"},"_links":{"self":[{"href":"https:\/\/pacotedeplanilhas.com\/loja\/wp-json\/wp\/v2\/product\/3732","targetHints":{"allow":["GET"]}}],"collection":[{"href":"https:\/\/pacotedeplanilhas.com\/loja\/wp-json\/wp\/v2\/product"}],"about":[{"href":"https:\/\/pacotedeplanilhas.com\/loja\/wp-json\/wp\/v2\/types\/product"}],"replies":[{"embeddable":true,"href":"https:\/\/pacotedeplanilhas.com\/loja\/wp-json\/wp\/v2\/comments?post=3732"}],"version-history":[{"count":3,"href":"https:\/\/pacotedeplanilhas.com\/loja\/wp-json\/wp\/v2\/product\/3732\/revisions"}],"predecessor-version":[{"id":6030,"href":"https:\/\/pacotedeplanilhas.com\/loja\/wp-json\/wp\/v2\/product\/3732\/revisions\/6030"}],"wp:featuredmedia":[{"embeddable":true,"href":"https:\/\/pacotedeplanilhas.com\/loja\/wp-json\/wp\/v2\/media\/3733"}],"wp:attachment":[{"href":"https:\/\/pacotedeplanilhas.com\/loja\/wp-json\/wp\/v2\/media?parent=3732"}],"wp:term":[{"taxonomy":"product_brand","embeddable":true,"href":"https:\/\/pacotedeplanilhas.com\/loja\/wp-json\/wp\/v2\/product_brand?post=3732"},{"taxonomy":"product_cat","embeddable":true,"href":"https:\/\/pacotedeplanilhas.com\/loja\/wp-json\/wp\/v2\/product_cat?post=3732"},{"taxonomy":"product_tag","embeddable":true,"href":"https:\/\/pacotedeplanilhas.com\/loja\/wp-json\/wp\/v2\/product_tag?post=3732"}],"curies":[{"name":"wp","href":"https:\/\/api.w.org\/{rel}","templated":true}]}}