{"id":3761,"date":"2022-11-09T23:50:11","date_gmt":"2022-11-10T02:50:11","guid":{"rendered":"https:\/\/pacotedeplanilhas.com\/loja\/?post_type=product&#038;p=3761"},"modified":"2024-08-31T09:54:51","modified_gmt":"2024-08-31T12:54:51","slug":"curso-mapa-dos-dashboards-em-excel","status":"publish","type":"product","link":"https:\/\/pacotedeplanilhas.com\/loja\/store\/cursos\/curso-mapa-dos-dashboards-em-excel\/","title":{"rendered":"Curso Mapa dos Dashboards em Excel"},"content":{"rendered":"<p>O curso em Excel Mapa dos Dashboards \u00e9 um curso 100% online e com certificado ap\u00f3s sua conclus\u00e3o.<\/p>\n<p>Este curso tem foco principal na constru\u00e7\u00e3o de Dashboards em Excel, atrav\u00e9s de uma t\u00e9cnica de 4 passos, o aluno vai apredender de forma detalhada como criar Dashboard em Excel.<\/p>\n<p>\u00c9 um curso pr\u00e1tico e direto ao ponto, s\u00e3o abordados somente os pontos mais importantes para cria\u00e7\u00e3o dos paineis em Excel.<br \/>\nO curso conta com diversos m\u00f3dulos e o seu conte\u00fado \u00e9 atualizada de forma semanal.<\/p>\n","protected":false},"excerpt":{"rendered":"<p>O curso em Excel Mapa dos Dashboards \u00e9 um curso 100% online e com certificado ap\u00f3s sua conclus\u00e3o.<\/p>\n<p>Este curso tem foco principal na constru\u00e7\u00e3o de Dashboards em Excel, atrav\u00e9s de uma t\u00e9cnica de 4 passos, o aluno vai apredender de forma detalhada como criar Dashboard em Excel.<\/p>\n<p>\u00c9 um curso pr\u00e1tico e direto ao ponto, s\u00e3o abordados somente os pontos mais importantes para cria\u00e7\u00e3o dos paineis em Excel.<br \/>\nO curso conta com diversos m\u00f3dulos e o seu conte\u00fado \u00e9 atualizada de forma semanal.<\/p>\n","protected":false},"featured_media":5703,"comment_status":"open","ping_status":"closed","template":"","meta":{"site-sidebar-layout":"default","site-content-layout":"default","ast-site-content-layout":"","site-content-style":"default","site-sidebar-style":"default","ast-global-header-display":"","ast-banner-title-visibility":"","ast-main-header-display":"","ast-hfb-above-header-display":"","ast-hfb-below-header-display":"","ast-hfb-mobile-header-display":"","site-post-title":"","ast-breadcrumbs-content":"","ast-featured-img":"","footer-sml-layout":"","theme-transparent-header-meta":"default","adv-header-id-meta":"","stick-header-meta":"","header-above-stick-meta":"","header-main-stick-meta":"","header-below-stick-meta":"","astra-migrate-meta-layouts":"default","ast-page-background-enabled":"default","ast-page-background-meta":{"desktop":{"background-color":"","background-image":"","background-repeat":"repeat","background-position":"center center","background-size":"auto","background-attachment":"scroll","background-type":"","background-media":"","overlay-type":"","overlay-color":"","overlay-opacity":"","overlay-gradient":""},"tablet":{"background-color":"","background-image":"","background-repeat":"repeat","background-position":"center center","background-size":"auto","background-attachment":"scroll","background-type":"","background-media":"","overlay-type":"","overlay-color":"","overlay-opacity":"","overlay-gradient":""},"mobile":{"background-color":"","background-image":"","background-repeat":"repeat","background-position":"center center","background-size":"auto","background-attachment":"scroll","background-type":"","background-media":"","overlay-type":"","overlay-color":"","overlay-opacity":"","overlay-gradient":""}},"ast-content-background-meta":{"desktop":{"background-color":"var(--ast-global-color-5)","background-image":"","background-repeat":"repeat","background-position":"center center","background-size":"auto","background-attachment":"scroll","background-type":"","background-media":"","overlay-type":"","overlay-color":"","overlay-opacity":"","overlay-gradient":""},"tablet":{"background-color":"var(--ast-global-color-5)","background-image":"","background-repeat":"repeat","background-position":"center center","background-size":"auto","background-attachment":"scroll","background-type":"","background-media":"","overlay-type":"","overlay-color":"","overlay-opacity":"","overlay-gradient":""},"mobile":{"background-color":"var(--ast-global-color-5)","background-image":"","background-repeat":"repeat","background-position":"center center","background-size":"auto","background-attachment":"scroll","background-type":"","background-media":"","overlay-type":"","overlay-color":"","overlay-opacity":"","overlay-gradient":""}}},"product_brand":[],"product_cat":[339],"product_tag":[342,344,341,340,345,306,343],"class_list":{"0":"post-3761","1":"product","2":"type-product","3":"status-publish","4":"has-post-thumbnail","6":"product_cat-cursos","7":"product_tag-como-criar-dashboards","8":"product_tag-como-criar-dashboards-financeiro","9":"product_tag-curso-de-dashboards","10":"product_tag-curso-de-excel","11":"product_tag-curso-mapa-dos-dashboards","12":"product_tag-dashboard-de-vendas","13":"product_tag-dashboards-do-zero","14":"desktop-align-left","15":"tablet-align-left","16":"mobile-align-left","18":"first","19":"instock","20":"virtual","21":"purchasable","22":"product-type-simple"},"_links":{"self":[{"href":"https:\/\/pacotedeplanilhas.com\/loja\/wp-json\/wp\/v2\/product\/3761","targetHints":{"allow":["GET"]}}],"collection":[{"href":"https:\/\/pacotedeplanilhas.com\/loja\/wp-json\/wp\/v2\/product"}],"about":[{"href":"https:\/\/pacotedeplanilhas.com\/loja\/wp-json\/wp\/v2\/types\/product"}],"replies":[{"embeddable":true,"href":"https:\/\/pacotedeplanilhas.com\/loja\/wp-json\/wp\/v2\/comments?post=3761"}],"version-history":[{"count":1,"href":"https:\/\/pacotedeplanilhas.com\/loja\/wp-json\/wp\/v2\/product\/3761\/revisions"}],"predecessor-version":[{"id":3768,"href":"https:\/\/pacotedeplanilhas.com\/loja\/wp-json\/wp\/v2\/product\/3761\/revisions\/3768"}],"wp:featuredmedia":[{"embeddable":true,"href":"https:\/\/pacotedeplanilhas.com\/loja\/wp-json\/wp\/v2\/media\/5703"}],"wp:attachment":[{"href":"https:\/\/pacotedeplanilhas.com\/loja\/wp-json\/wp\/v2\/media?parent=3761"}],"wp:term":[{"taxonomy":"product_brand","embeddable":true,"href":"https:\/\/pacotedeplanilhas.com\/loja\/wp-json\/wp\/v2\/product_brand?post=3761"},{"taxonomy":"product_cat","embeddable":true,"href":"https:\/\/pacotedeplanilhas.com\/loja\/wp-json\/wp\/v2\/product_cat?post=3761"},{"taxonomy":"product_tag","embeddable":true,"href":"https:\/\/pacotedeplanilhas.com\/loja\/wp-json\/wp\/v2\/product_tag?post=3761"}],"curies":[{"name":"wp","href":"https:\/\/api.w.org\/{rel}","templated":true}]}}