{"id":3784,"date":"2022-11-25T23:52:28","date_gmt":"2022-11-26T02:52:28","guid":{"rendered":"https:\/\/pacotedeplanilhas.com\/loja\/?post_type=product&#038;p=3784"},"modified":"2024-07-17T21:52:59","modified_gmt":"2024-07-18T00:52:59","slug":"planilha-dashboard-backlog-manutencao","status":"publish","type":"product","link":"https:\/\/pacotedeplanilhas.com\/loja\/store\/manutencao\/planilha-dashboard-backlog-manutencao\/","title":{"rendered":"Planilha Dashboard Manuten\u00e7\u00e3o e Backlog"},"content":{"rendered":"<p>Ap\u00f3s a compra do produto me mande o seu e-mail para construindosonhos2018@gmail.com ou me chame no WhatsApp 38 998460929 (Miguel Rodrigues)<\/p>\n<p>Planilha Dashboard Manuten\u00e7\u00e3o e Backlog<\/p>\n<p>Nos lan\u00e7amentos da Planilha:<\/p>\n<p>C\u00e9lulas Manuais em branco:<\/p>\n<p>\u2013 Data, equipamento, operador, tipo de manuten\u00e7\u00e3o, envolvidos e status.<\/p>\n<p>C\u00e9lulas autom\u00e1ticas na cor cinza:<\/p>\n<p>\u2013 Fun\u00e7\u00e3o m\u00eas e ano;<\/p>\n<p>Lan\u00e7amentos do controle financeiro:<\/p>\n<p>\u2013 C\u00e9lulas manuais na cor branca:<\/p>\n<p>\u2013 Data, custo total, faturamento bruto e meta;<\/p>\n<p>\u2013 C\u00e9lulas autom\u00e1ticas na cor cinza:<\/p>\n<p>\u2013 CMF, m\u00eas e ano;<\/p>\n<p>Lan\u00e7amentos atividades de backlog:<\/p>\n<p>\u2013 C\u00e9lulas manuais na cor branca:<\/p>\n<p>\u2013 M\u00eas e semana (MS), Entrada HH prevista, sa\u00edda HH realizada e capacidade;<\/p>\n<p>\u2013 C\u00e9lulas autom\u00e1ticas na cor cinza:<\/p>\n<p>\u2013 Saldo\/Backlog;<\/p>\n<p>Na parte de Cadastro de equipamentos da planilha:<\/p>\n<p>\u2013 Tipos de manuten\u00e7\u00e3o, equipamentos e fun\u00e7\u00f5es do funcion\u00e1rio;<\/p>\n<p>Na parte de Cadastro do Funcion\u00e1rio da planilha:<\/p>\n<p>\u2013 Nome do funcion\u00e1rio, fun\u00e7\u00e3o, horas trabalhados;<\/p>\n<p>\u2013 Horas dispon\u00edveis, fun\u00e7\u00f5es dos funcion\u00e1rios;<\/p>\n<p>Na parte de Relat\u00f3rios a planilha apresenta somente um relat\u00f3rio que mostra de forma mensal a quantidade de manuten\u00e7\u00f5es por tipo de manuten\u00e7\u00e3o.<\/p>\n<p>Na parte de checklist a planilha apresenta uma lista para ser verificada com os pontos ligados a \u00e1rea de manuten\u00e7\u00e3o.<\/p>\n<p>O dashboard de Ordem de servi\u00e7o e manuten\u00e7\u00e3o da planilha cont\u00eam as seguintes informa\u00e7\u00f5es:<\/p>\n<p>Valores totais:<\/p>\n<p>\u2013 Quantidade de manuten\u00e7\u00f5es, M\u00e9dia do CMF, percentual realizado;<\/p>\n<p>Gr\u00e1ficos:<\/p>\n<p>\u2013 Quantidade mensal de CMF, Quantidade de ordem de servi\u00e7os mensal, Quantidade tipo de manuten\u00e7\u00f5es, Quantiade de manuten\u00e7\u00f5es por fun\u00e7\u00e3o;<\/p>\n<p>Os filtros em forma de Segmenta\u00e7\u00e3o de dados:<\/p>\n<p>\u2013 Ano, m\u00eas, equipamento, tipo de manuten\u00e7\u00e3o, status e operador.<\/p>\n<p>O dashboard de Backlog da planilha cont\u00eam as seguintes informa\u00e7\u00f5es:<\/p>\n<p>Valores totais:<\/p>\n<p>\u2013 M\u00e9dia backlog das fun\u00e7\u00f5es e Horas dispon\u00edveis das fun\u00e7\u00f5es;<\/p>\n<p>Gr\u00e1ficos:<\/p>\n<p>\u2013 Backlog semanal das fun\u00e7\u00f5es.<\/p>\n<p>Planilha 100% edit\u00e1vel<\/p>\n<p>PR\u00c9-REQUISITOS:<br \/>\nTer qualquer vers\u00e3o do EXCEL instalada no computador.<\/p>\n<p>VANTAGENS:<br \/>\nSimplicidade em usar e c\u00e1lculos precisos.<\/p>\n<p>INFORMA\u00c7\u00d5ES \u00daTEIS:<br \/>\nSuporte p\u00f3s-venda, via e-mail, para esclarecer quaisquer d\u00favidas que possam surgir.<br \/>\nPlanilha original, comercializada pelo pr\u00f3prio desenvolvedor.<\/p>\n","protected":false},"excerpt":{"rendered":"<p>Ap\u00f3s a compra do produto me mande o seu e-mail para construindosonhos2018@gmail.com ou me chame no WhatsApp 38 998460929 (Miguel Rodrigues) Planilha Dashboard Manuten\u00e7\u00e3o e Backlog Nos lan\u00e7amentos da Planilha: C\u00e9lulas Manuais em branco: \u2013 Data, equipamento, operador, tipo de manuten\u00e7\u00e3o, envolvidos e status. C\u00e9lulas autom\u00e1ticas na cor cinza: \u2013 Fun\u00e7\u00e3o m\u00eas e ano; Lan\u00e7amentos [&hellip;]<\/p>\n","protected":false},"featured_media":3786,"comment_status":"open","ping_status":"closed","template":"","meta":{"site-sidebar-layout":"default","site-content-layout":"default","ast-site-content-layout":"","site-content-style":"default","site-sidebar-style":"default","ast-global-header-display":"","ast-banner-title-visibility":"","ast-main-header-display":"","ast-hfb-above-header-display":"","ast-hfb-below-header-display":"","ast-hfb-mobile-header-display":"","site-post-title":"","ast-breadcrumbs-content":"","ast-featured-img":"","footer-sml-layout":"","theme-transparent-header-meta":"default","adv-header-id-meta":"","stick-header-meta":"","header-above-stick-meta":"","header-main-stick-meta":"","header-below-stick-meta":"","astra-migrate-meta-layouts":"default","ast-page-background-enabled":"default","ast-page-background-meta":{"desktop":{"background-color":"","background-image":"","background-repeat":"repeat","background-position":"center center","background-size":"auto","background-attachment":"scroll","background-type":"","background-media":"","overlay-type":"","overlay-color":"","overlay-opacity":"","overlay-gradient":""},"tablet":{"background-color":"","background-image":"","background-repeat":"repeat","background-position":"center center","background-size":"auto","background-attachment":"scroll","background-type":"","background-media":"","overlay-type":"","overlay-color":"","overlay-opacity":"","overlay-gradient":""},"mobile":{"background-color":"","background-image":"","background-repeat":"repeat","background-position":"center center","background-size":"auto","background-attachment":"scroll","background-type":"","background-media":"","overlay-type":"","overlay-color":"","overlay-opacity":"","overlay-gradient":""}},"ast-content-background-meta":{"desktop":{"background-color":"var(--ast-global-color-5)","background-image":"","background-repeat":"repeat","background-position":"center center","background-size":"auto","background-attachment":"scroll","background-type":"","background-media":"","overlay-type":"","overlay-color":"","overlay-opacity":"","overlay-gradient":""},"tablet":{"background-color":"var(--ast-global-color-5)","background-image":"","background-repeat":"repeat","background-position":"center center","background-size":"auto","background-attachment":"scroll","background-type":"","background-media":"","overlay-type":"","overlay-color":"","overlay-opacity":"","overlay-gradient":""},"mobile":{"background-color":"var(--ast-global-color-5)","background-image":"","background-repeat":"repeat","background-position":"center center","background-size":"auto","background-attachment":"scroll","background-type":"","background-media":"","overlay-type":"","overlay-color":"","overlay-opacity":"","overlay-gradient":""}}},"product_brand":[],"product_cat":[993,120],"product_tag":[350,349,351,354,353,352,355,347,346,348],"class_list":{"0":"post-3784","1":"product","2":"type-product","3":"status-publish","4":"has-post-thumbnail","6":"product_cat-manutencao","7":"product_cat-planilhas-em-excel","8":"product_tag-dashboard-backlog","9":"product_tag-dashboard-manutencao-e-backlog","10":"product_tag-dashboard-ordem-de-servico-e-backlog","11":"product_tag-painel-backlog","12":"product_tag-painel-manutencao","13":"product_tag-painel-manutencao-e-backlog","14":"product_tag-painel-ordem-de-servico-e-backlog","15":"product_tag-planilha-backlog","16":"product_tag-planilha-manutencao-e-backlog","17":"product_tag-planilha-ordem-de-servico-e-backlog","18":"desktop-align-left","19":"tablet-align-left","20":"mobile-align-left","22":"first","23":"instock","24":"virtual","25":"purchasable","26":"product-type-simple"},"_links":{"self":[{"href":"https:\/\/pacotedeplanilhas.com\/loja\/wp-json\/wp\/v2\/product\/3784","targetHints":{"allow":["GET"]}}],"collection":[{"href":"https:\/\/pacotedeplanilhas.com\/loja\/wp-json\/wp\/v2\/product"}],"about":[{"href":"https:\/\/pacotedeplanilhas.com\/loja\/wp-json\/wp\/v2\/types\/product"}],"replies":[{"embeddable":true,"href":"https:\/\/pacotedeplanilhas.com\/loja\/wp-json\/wp\/v2\/comments?post=3784"}],"version-history":[{"count":2,"href":"https:\/\/pacotedeplanilhas.com\/loja\/wp-json\/wp\/v2\/product\/3784\/revisions"}],"predecessor-version":[{"id":3796,"href":"https:\/\/pacotedeplanilhas.com\/loja\/wp-json\/wp\/v2\/product\/3784\/revisions\/3796"}],"wp:featuredmedia":[{"embeddable":true,"href":"https:\/\/pacotedeplanilhas.com\/loja\/wp-json\/wp\/v2\/media\/3786"}],"wp:attachment":[{"href":"https:\/\/pacotedeplanilhas.com\/loja\/wp-json\/wp\/v2\/media?parent=3784"}],"wp:term":[{"taxonomy":"product_brand","embeddable":true,"href":"https:\/\/pacotedeplanilhas.com\/loja\/wp-json\/wp\/v2\/product_brand?post=3784"},{"taxonomy":"product_cat","embeddable":true,"href":"https:\/\/pacotedeplanilhas.com\/loja\/wp-json\/wp\/v2\/product_cat?post=3784"},{"taxonomy":"product_tag","embeddable":true,"href":"https:\/\/pacotedeplanilhas.com\/loja\/wp-json\/wp\/v2\/product_tag?post=3784"}],"curies":[{"name":"wp","href":"https:\/\/api.w.org\/{rel}","templated":true}]}}