{"id":3850,"date":"2022-12-27T18:25:31","date_gmt":"2022-12-27T21:25:31","guid":{"rendered":"https:\/\/pacotedeplanilhas.com\/loja\/?post_type=product&#038;p=3850"},"modified":"2024-07-17T21:51:45","modified_gmt":"2024-07-18T00:51:45","slug":"planilha-dashboard-financas-pessoais-e-orcamento-familiar","status":"publish","type":"product","link":"https:\/\/pacotedeplanilhas.com\/loja\/store\/financeiro\/planilha-dashboard-financas-pessoais-e-orcamento-familiar\/","title":{"rendered":"Planilha Dashboard Finan\u00e7as pessoais e or\u00e7amento familiar 2.0"},"content":{"rendered":"<p>Ap\u00f3s a compra do produto me mande o seu e-mail para construindosonhos2018@gmail.com ou me chame no WhatsApp 38 998460929 (Miguel Rodrigues)<\/p>\n<p>Planilha Dashboard Finan\u00e7as pessoais e or\u00e7amento familiar 2.0<\/p>\n<p>O banco de dados dessa planilha pode ser extra\u00eddo de um aplicativo chamado Gastos di\u00e1rios 2, esse aplicativo exporta a base de dados da mesma forma que est\u00e1 na planilha ou as informa\u00e7\u00f5es podem ser inseridas de forma manual.<\/p>\n<p>No aplicativo \u00e9 s\u00f3 clicar em exportar os gastos de forma mensal e inserir na base de dados da planilha.<\/p>\n<p>Nos lan\u00e7amentos da Planilha:<\/p>\n<p>C\u00e9lulas Manuais em branco:<\/p>\n<p>\u2013 Lan\u00e7amento, data, hora, conta, categoria, Receita, Despesa, descri\u00e7\u00e3o, ano e Reserva de emergencia.<\/p>\n<p>Como atualizar a base de dados<\/p>\n<p>\u2013 Voc\u00ea vai pegar as informa\u00e7\u00f5es da base de dados do arquivo exportado pelo aplicativo, e logo ap\u00f3s, selecionar as informa\u00e7\u00f5es e colar na planilha na base de dados;<\/p>\n<p>\u2013 \u00daltima etapa do processo \u00e9 atualizar o painel Dashboard;<\/p>\n<p>O dashboard de Finan\u00e7as pessoais cont\u00eam as seguintes informa\u00e7\u00f5es:<\/p>\n<p>Valores totais:<\/p>\n<p>\u2013 Receitas, despesas, saldo;<\/p>\n<p>Gr\u00e1ficos:<\/p>\n<p>\u2013 Diferen\u00e7a entre Receita e despesa, fontes de receita, fontes de despesas, Reserva de emerg\u00eancia;<\/p>\n<p>Os filtros em forma de Segmenta\u00e7\u00e3o de dados:<\/p>\n<p>\u2013 Ano, m\u00eas e categoria.<\/p>\n<p>Planilha 100% edit\u00e1vel<\/p>\n<p>PR\u00c9-REQUISITOS:<br \/>\nTer qualquer vers\u00e3o do EXCEL instalada no computador.<\/p>\n<p>VANTAGENS:<br \/>\nSimplicidade em usar e c\u00e1lculos precisos.<\/p>\n<p>INFORMA\u00c7\u00d5ES \u00daTEIS:<br \/>\nSuporte p\u00f3s-venda, via e-mail, para esclarecer quaisquer d\u00favidas que possam surgir.<br \/>\nPlanilha original, comercializada pelo pr\u00f3prio desenvolvedor.<\/p>\n","protected":false},"excerpt":{"rendered":"<p>Ap\u00f3s a compra do produto me mande o seu e-mail para construindosonhos2018@gmail.com ou me chame no WhatsApp 38 998460929 (Miguel Rodrigues) Planilha Dashboard Finan\u00e7as pessoais e or\u00e7amento familiar 2.0 O banco de dados dessa planilha pode ser extra\u00eddo de um aplicativo chamado Gastos di\u00e1rios 2, esse aplicativo exporta a base de dados da mesma forma [&hellip;]<\/p>\n","protected":false},"featured_media":3851,"comment_status":"open","ping_status":"closed","template":"","meta":{"site-sidebar-layout":"default","site-content-layout":"default","ast-site-content-layout":"","site-content-style":"default","site-sidebar-style":"default","ast-global-header-display":"","ast-banner-title-visibility":"","ast-main-header-display":"","ast-hfb-above-header-display":"","ast-hfb-below-header-display":"","ast-hfb-mobile-header-display":"","site-post-title":"","ast-breadcrumbs-content":"","ast-featured-img":"","footer-sml-layout":"","theme-transparent-header-meta":"default","adv-header-id-meta":"","stick-header-meta":"","header-above-stick-meta":"","header-main-stick-meta":"","header-below-stick-meta":"","astra-migrate-meta-layouts":"default","ast-page-background-enabled":"default","ast-page-background-meta":{"desktop":{"background-color":"","background-image":"","background-repeat":"repeat","background-position":"center center","background-size":"auto","background-attachment":"scroll","background-type":"","background-media":"","overlay-type":"","overlay-color":"","overlay-opacity":"","overlay-gradient":""},"tablet":{"background-color":"","background-image":"","background-repeat":"repeat","background-position":"center center","background-size":"auto","background-attachment":"scroll","background-type":"","background-media":"","overlay-type":"","overlay-color":"","overlay-opacity":"","overlay-gradient":""},"mobile":{"background-color":"","background-image":"","background-repeat":"repeat","background-position":"center center","background-size":"auto","background-attachment":"scroll","background-type":"","background-media":"","overlay-type":"","overlay-color":"","overlay-opacity":"","overlay-gradient":""}},"ast-content-background-meta":{"desktop":{"background-color":"var(--ast-global-color-5)","background-image":"","background-repeat":"repeat","background-position":"center center","background-size":"auto","background-attachment":"scroll","background-type":"","background-media":"","overlay-type":"","overlay-color":"","overlay-opacity":"","overlay-gradient":""},"tablet":{"background-color":"var(--ast-global-color-5)","background-image":"","background-repeat":"repeat","background-position":"center center","background-size":"auto","background-attachment":"scroll","background-type":"","background-media":"","overlay-type":"","overlay-color":"","overlay-opacity":"","overlay-gradient":""},"mobile":{"background-color":"var(--ast-global-color-5)","background-image":"","background-repeat":"repeat","background-position":"center center","background-size":"auto","background-attachment":"scroll","background-type":"","background-media":"","overlay-type":"","overlay-color":"","overlay-opacity":"","overlay-gradient":""}}},"product_brand":[],"product_cat":[991,120],"product_tag":[391,388,392,156,386,385,393,384,387,390,389],"class_list":{"0":"post-3850","1":"product","2":"type-product","3":"status-publish","4":"has-post-thumbnail","6":"product_cat-financeiro","7":"product_cat-planilhas-em-excel","8":"product_tag-categorias-financeiras","9":"product_tag-despesas","10":"product_tag-diferenca-entre-receita-e-despesas","11":"product_tag-financas-pessoais","12":"product_tag-fontes-de-despesas","13":"product_tag-fontes-de-renda","14":"product_tag-orcamento-familiar","15":"product_tag-planilha-dashboard-financas-pessoais-e-orcamento-familiar-2-0","16":"product_tag-receitas","17":"product_tag-reserva-de-emergencia","18":"product_tag-saldo","19":"desktop-align-left","20":"tablet-align-left","21":"mobile-align-left","23":"first","24":"instock","25":"virtual","26":"purchasable","27":"product-type-simple"},"_links":{"self":[{"href":"https:\/\/pacotedeplanilhas.com\/loja\/wp-json\/wp\/v2\/product\/3850","targetHints":{"allow":["GET"]}}],"collection":[{"href":"https:\/\/pacotedeplanilhas.com\/loja\/wp-json\/wp\/v2\/product"}],"about":[{"href":"https:\/\/pacotedeplanilhas.com\/loja\/wp-json\/wp\/v2\/types\/product"}],"replies":[{"embeddable":true,"href":"https:\/\/pacotedeplanilhas.com\/loja\/wp-json\/wp\/v2\/comments?post=3850"}],"version-history":[{"count":1,"href":"https:\/\/pacotedeplanilhas.com\/loja\/wp-json\/wp\/v2\/product\/3850\/revisions"}],"predecessor-version":[{"id":3854,"href":"https:\/\/pacotedeplanilhas.com\/loja\/wp-json\/wp\/v2\/product\/3850\/revisions\/3854"}],"wp:featuredmedia":[{"embeddable":true,"href":"https:\/\/pacotedeplanilhas.com\/loja\/wp-json\/wp\/v2\/media\/3851"}],"wp:attachment":[{"href":"https:\/\/pacotedeplanilhas.com\/loja\/wp-json\/wp\/v2\/media?parent=3850"}],"wp:term":[{"taxonomy":"product_brand","embeddable":true,"href":"https:\/\/pacotedeplanilhas.com\/loja\/wp-json\/wp\/v2\/product_brand?post=3850"},{"taxonomy":"product_cat","embeddable":true,"href":"https:\/\/pacotedeplanilhas.com\/loja\/wp-json\/wp\/v2\/product_cat?post=3850"},{"taxonomy":"product_tag","embeddable":true,"href":"https:\/\/pacotedeplanilhas.com\/loja\/wp-json\/wp\/v2\/product_tag?post=3850"}],"curies":[{"name":"wp","href":"https:\/\/api.w.org\/{rel}","templated":true}]}}