{"id":3895,"date":"2023-01-19T21:31:54","date_gmt":"2023-01-20T00:31:54","guid":{"rendered":"https:\/\/pacotedeplanilhas.com\/loja\/?post_type=product&#038;p=3895"},"modified":"2024-07-17T21:51:36","modified_gmt":"2024-07-18T00:51:36","slug":"planilha-dashboard-avaliacao-de-desempenho-por-competencia-rh","status":"publish","type":"product","link":"https:\/\/pacotedeplanilhas.com\/loja\/store\/planilhas-em-excel\/planilha-dashboard-avaliacao-de-desempenho-por-competencia-rh\/","title":{"rendered":"Planilha Dashboard Avalia\u00e7\u00e3o de Desempenho Por Competencia Rh"},"content":{"rendered":"<p>Ap\u00f3s a compra do produto me mande o seu e-mail para construindosonhos2018@gmail.com ou me chame no WhatsApp 38 998460929 (Miguel Rodrigues)<\/p>\n<p>Planilha Dashboard Avalia\u00e7\u00e3o de Desempenho por competencia RH<\/p>\n<p>Na parte de Cadastro BD1 que s\u00e3o os cadastros das informa\u00e7\u00f5es para gerar o Dashboard de avalia\u00e7\u00e3o de desempenho<\/p>\n<p>\u2013 Funcion\u00e1rio, g\u00eanero, cargo, \u00e1rea e sal\u00e1rio.<\/p>\n<p>Ap\u00f3s ter feito o cadastro dos funcion\u00e1rios, vamos para a segunda parte que \u00e9 o de fazer os lan\u00e7amentos<\/p>\n<p>Nos lan\u00e7amentos da Planilha:<\/p>\n<p>C\u00e9lulas Manuais em branco:<\/p>\n<p>\u2013 Lideran\u00e7a, trabalho em equipe, criatividade, adaptabilidade, comunica\u00e7\u00e3o, empatia, negocia\u00e7\u00e3o, \u00e9tica,<br \/>\nOutros lan\u00e7amentos:<br \/>\nNa planilha auxiliar 2, as informa\u00e7\u00f5es de compara\u00e7\u00f5es entre o ano anterior e o ano atual para gerar o Dashboard 2<\/p>\n<p>Lan\u00e7amentos:<br \/>\n\u2013 Quantidade de funcion\u00e1rios, admiss\u00f5es, Demiss\u00f5es, Turnover, m\u00e9dia Salarial e m\u00e9dia de desempenho.<\/p>\n<p>O dashboard de Avalia\u00e7\u00e3o de desempenho por competencias cont\u00eam as seguintes informa\u00e7\u00f5es:<\/p>\n<p>Valores totais:<\/p>\n<p>\u2013 Cargo, \u00e1rea, sal\u00e1rio e desempenho;<\/p>\n<p>Gr\u00e1ficos:<\/p>\n<p>\u2013 Salario maior x salario, Desempenho atual x m\u00e9dia e o gr\u00e1fico de desempenho individual;<\/p>\n<p>Os filtros em forma de Segmenta\u00e7\u00e3o de dados:<\/p>\n<p>\u2013 Nome do funcion\u00e1rio em forma de lista suspensa.<\/p>\n<p>Planilha 100% edit\u00e1vel<\/p>\n<p>PR\u00c9-REQUISITOS:<br \/>\nTer vers\u00e3o do EXCEL acima de 2010 instalada no computador.<\/p>\n<p>VANTAGENS:<br \/>\nSimplicidade em usar e c\u00e1lculos precisos.<\/p>\n<p>INFORMA\u00c7\u00d5ES \u00daTEIS:<br \/>\nSuporte p\u00f3s-venda, via e-mail, para esclarecer quaisquer d\u00favidas que possam surgir.<br \/>\nPlanilha original, comercializada pelo pr\u00f3prio desenvolvedor.<\/p>\n","protected":false},"excerpt":{"rendered":"<p>Ap\u00f3s a compra do produto me mande o seu e-mail para construindosonhos2018@gmail.com ou me chame no WhatsApp 38 998460929 (Miguel Rodrigues) Planilha Dashboard Avalia\u00e7\u00e3o de Desempenho por competencia RH Na parte de Cadastro BD1 que s\u00e3o os cadastros das informa\u00e7\u00f5es para gerar o Dashboard de avalia\u00e7\u00e3o de desempenho \u2013 Funcion\u00e1rio, g\u00eanero, cargo, \u00e1rea e sal\u00e1rio. [&hellip;]<\/p>\n","protected":false},"featured_media":3901,"comment_status":"open","ping_status":"closed","template":"","meta":{"site-sidebar-layout":"default","site-content-layout":"default","ast-site-content-layout":"","site-content-style":"default","site-sidebar-style":"default","ast-global-header-display":"","ast-banner-title-visibility":"","ast-main-header-display":"","ast-hfb-above-header-display":"","ast-hfb-below-header-display":"","ast-hfb-mobile-header-display":"","site-post-title":"","ast-breadcrumbs-content":"","ast-featured-img":"","footer-sml-layout":"","theme-transparent-header-meta":"default","adv-header-id-meta":"","stick-header-meta":"","header-above-stick-meta":"","header-main-stick-meta":"","header-below-stick-meta":"","astra-migrate-meta-layouts":"default","ast-page-background-enabled":"default","ast-page-background-meta":{"desktop":{"background-color":"","background-image":"","background-repeat":"repeat","background-position":"center center","background-size":"auto","background-attachment":"scroll","background-type":"","background-media":"","overlay-type":"","overlay-color":"","overlay-opacity":"","overlay-gradient":""},"tablet":{"background-color":"","background-image":"","background-repeat":"repeat","background-position":"center center","background-size":"auto","background-attachment":"scroll","background-type":"","background-media":"","overlay-type":"","overlay-color":"","overlay-opacity":"","overlay-gradient":""},"mobile":{"background-color":"","background-image":"","background-repeat":"repeat","background-position":"center center","background-size":"auto","background-attachment":"scroll","background-type":"","background-media":"","overlay-type":"","overlay-color":"","overlay-opacity":"","overlay-gradient":""}},"ast-content-background-meta":{"desktop":{"background-color":"var(--ast-global-color-5)","background-image":"","background-repeat":"repeat","background-position":"center center","background-size":"auto","background-attachment":"scroll","background-type":"","background-media":"","overlay-type":"","overlay-color":"","overlay-opacity":"","overlay-gradient":""},"tablet":{"background-color":"var(--ast-global-color-5)","background-image":"","background-repeat":"repeat","background-position":"center center","background-size":"auto","background-attachment":"scroll","background-type":"","background-media":"","overlay-type":"","overlay-color":"","overlay-opacity":"","overlay-gradient":""},"mobile":{"background-color":"var(--ast-global-color-5)","background-image":"","background-repeat":"repeat","background-position":"center center","background-size":"auto","background-attachment":"scroll","background-type":"","background-media":"","overlay-type":"","overlay-color":"","overlay-opacity":"","overlay-gradient":""}}},"product_brand":[],"product_cat":[120,990],"product_tag":[395,399,394,401,398,397,400,396,403,404,402],"class_list":{"0":"post-3895","1":"product","2":"type-product","3":"status-publish","4":"has-post-thumbnail","6":"product_cat-planilhas-em-excel","7":"product_cat-recursos-humanos","8":"product_tag-av-de-desempenho","9":"product_tag-av-rh","10":"product_tag-avaliacao-de-desempenho","11":"product_tag-avaliacao-de-desempenho-rh-direto-ao-ponto","12":"product_tag-avaliacao-de-perfomance","13":"product_tag-avaliacao-de-salario","14":"product_tag-avaliacao-por-competencias","15":"product_tag-avaliacao-rh","16":"product_tag-departamento-pessoal","17":"product_tag-dp","18":"product_tag-rh","19":"desktop-align-left","20":"tablet-align-left","21":"mobile-align-left","23":"first","24":"instock","25":"virtual","26":"purchasable","27":"product-type-simple"},"_links":{"self":[{"href":"https:\/\/pacotedeplanilhas.com\/loja\/wp-json\/wp\/v2\/product\/3895","targetHints":{"allow":["GET"]}}],"collection":[{"href":"https:\/\/pacotedeplanilhas.com\/loja\/wp-json\/wp\/v2\/product"}],"about":[{"href":"https:\/\/pacotedeplanilhas.com\/loja\/wp-json\/wp\/v2\/types\/product"}],"replies":[{"embeddable":true,"href":"https:\/\/pacotedeplanilhas.com\/loja\/wp-json\/wp\/v2\/comments?post=3895"}],"version-history":[{"count":1,"href":"https:\/\/pacotedeplanilhas.com\/loja\/wp-json\/wp\/v2\/product\/3895\/revisions"}],"predecessor-version":[{"id":3902,"href":"https:\/\/pacotedeplanilhas.com\/loja\/wp-json\/wp\/v2\/product\/3895\/revisions\/3902"}],"wp:featuredmedia":[{"embeddable":true,"href":"https:\/\/pacotedeplanilhas.com\/loja\/wp-json\/wp\/v2\/media\/3901"}],"wp:attachment":[{"href":"https:\/\/pacotedeplanilhas.com\/loja\/wp-json\/wp\/v2\/media?parent=3895"}],"wp:term":[{"taxonomy":"product_brand","embeddable":true,"href":"https:\/\/pacotedeplanilhas.com\/loja\/wp-json\/wp\/v2\/product_brand?post=3895"},{"taxonomy":"product_cat","embeddable":true,"href":"https:\/\/pacotedeplanilhas.com\/loja\/wp-json\/wp\/v2\/product_cat?post=3895"},{"taxonomy":"product_tag","embeddable":true,"href":"https:\/\/pacotedeplanilhas.com\/loja\/wp-json\/wp\/v2\/product_tag?post=3895"}],"curies":[{"name":"wp","href":"https:\/\/api.w.org\/{rel}","templated":true}]}}