{"id":3908,"date":"2023-01-24T08:40:36","date_gmt":"2023-01-24T11:40:36","guid":{"rendered":"https:\/\/pacotedeplanilhas.com\/loja\/?post_type=product&#038;p=3908"},"modified":"2024-07-17T21:51:26","modified_gmt":"2024-07-18T00:51:26","slug":"planilha-dashboard-recrutamento-e-selecao-processo-seletivo","status":"publish","type":"product","link":"https:\/\/pacotedeplanilhas.com\/loja\/store\/planilhas-em-excel\/planilha-dashboard-recrutamento-e-selecao-processo-seletivo\/","title":{"rendered":"Planilha Dashboard Recrutamento e Sele\u00e7\u00e3o &#8211; processo seletivo RH"},"content":{"rendered":"<p>Ap\u00f3s a compra do produto me mande o seu e-mail para construindosonhos2018@gmail.com ou me chame no WhatsApp 38 998460929 (Miguel Rodrigues)<\/p>\n<p>Planilha Dashboard Recrutamento e Sele\u00e7\u00e3o &#8211; processo seletivo RH<\/p>\n<p>Na parte de Cadastros temos tr\u00eas tipos de cadastros, o cadastro das vagas, o cadastro das etapas e o cadastro dos candidatos.<\/p>\n<p>Na parte de cadastro das vagas<\/p>\n<p>\u2013 Descri\u00e7\u00e3o da vaga, perfil da vaga, \u00e1rea, quantidade de vagas e n\u00famero de processos;<\/p>\n<p>Na parte de cadastro das etapas<\/p>\n<p>\u2013 Sequencia, cadastros das etapas e origem da candidatura;<\/p>\n<p>Na parte de cadastro dos candidatos<\/p>\n<p>\u2013 Nome do candidato, data de inscri\u00e7\u00e3o, telefone, e-mail, idade (anos), g\u00eanero, endere\u00e7o, escolaridade, perfil, origem da candidatura, link do curr\u00edculo, vaga pretendida e n\u00famero do processo<\/p>\n<p>Ap\u00f3s ter feito o cadastro dos candidatos, vamos para a segunda parte que \u00e9 o de fazer os lan\u00e7amentos<\/p>\n<p>Nos lan\u00e7amentos da Planilha:<\/p>\n<p>C\u00e9lulas Manuais em branco:<\/p>\n<p>\u2013 Data in\u00edcio, nota1, situa\u00e7\u00e3o, nota2, situa\u00e7\u00e3o, nota3, situa\u00e7\u00e3o, nota4, situa\u00e7\u00e3o, nota5, situa\u00e7\u00e3o e contratado?<\/p>\n<p>Lan\u00e7amentos:<\/p>\n<p>C\u00e9lulas em cinza que s\u00e3o autom\u00e1ticas<br \/>\n\u2013 candidatos, vaga disputada, N processo, Origem, G\u00eanero, \u00e1rea, m\u00eas e ano.<\/p>\n<p>Relat\u00f3rio individual por candidato<\/p>\n<p>\u2013 Escolher o candidato no quadro branco da planilha<\/p>\n<p>C\u00e9lulas em cinza que s\u00e3o autom\u00e1ticas<\/p>\n<p>\u2013 Vaga disputada, n\u00famero do processo, etapa, nota individual, m\u00e9dia geral do processo e situa\u00e7\u00e3o;<\/p>\n<p>Gr\u00e1ficos:<\/p>\n<p>\u2013 Etapa 1 at\u00e9 a etapa 5 e o gr\u00e1fico de desempenho individual x m\u00e9dia geral;<\/p>\n<p>O dashboard de Processo seletivo e recrutamento e sele\u00e7\u00e3o cont\u00eam as seguintes informa\u00e7\u00f5es:<\/p>\n<p>Valores totais:<\/p>\n<p>\u2013 Candidatos, vagas disponibilizadas e contratados;<\/p>\n<p>Gr\u00e1ficos:<\/p>\n<p>\u2013 Quantidade de candidatos mensal, quantidade de contratados mensal, origem dos candidatos, contrata\u00e7\u00f5es por \u00e1rea, rela\u00e7\u00e3o de genero e funil de vendas;<\/p>\n<p>Os filtros em forma de Segmenta\u00e7\u00e3o de dados:<\/p>\n<p>\u2013 Ano, m\u00eas, \u00e1rea, origem e g\u00eanero.<\/p>\n<p>Planilha 100% edit\u00e1vel<\/p>\n<p>PR\u00c9-REQUISITOS:<br \/>\nTer vers\u00e3o do EXCEL acima de 2019 (por causa do gr\u00e1fico de funil) ou office 365 instalada no computador.<\/p>\n<p>VANTAGENS:<br \/>\nSimplicidade em usar e c\u00e1lculos precisos.<\/p>\n<p>INFORMA\u00c7\u00d5ES \u00daTEIS:<br \/>\nSuporte p\u00f3s-venda, via e-mail, para esclarecer quaisquer d\u00favidas que possam surgir.<br \/>\nPlanilha original, comercializada pelo pr\u00f3prio desenvolvedor.<\/p>\n<div class=\"ast-oembed-container \" style=\"height: 100%;\"><iframe title=\"Planilha Dashboard Processo Seletivo - Recrutamento e sele\u00e7\u00e3o RH\" width=\"500\" height=\"281\" src=\"https:\/\/www.youtube.com\/embed\/kUdoEI8yS_w?feature=oembed\" frameborder=\"0\" allow=\"accelerometer; autoplay; clipboard-write; encrypted-media; gyroscope; picture-in-picture; web-share\" referrerpolicy=\"strict-origin-when-cross-origin\" allowfullscreen><\/iframe><\/div>\n","protected":false},"excerpt":{"rendered":"<p>Ap\u00f3s a compra do produto me mande o seu e-mail para construindosonhos2018@gmail.com ou me chame no WhatsApp 38 998460929 (Miguel Rodrigues) Planilha Dashboard Recrutamento e Sele\u00e7\u00e3o &#8211; processo seletivo RH Na parte de Cadastros temos tr\u00eas tipos de cadastros, o cadastro das vagas, o cadastro das etapas e o cadastro dos candidatos. Na parte de [&hellip;]<\/p>\n","protected":false},"featured_media":3909,"comment_status":"open","ping_status":"closed","template":"","meta":{"site-sidebar-layout":"default","site-content-layout":"default","ast-site-content-layout":"","site-content-style":"default","site-sidebar-style":"default","ast-global-header-display":"","ast-banner-title-visibility":"","ast-main-header-display":"","ast-hfb-above-header-display":"","ast-hfb-below-header-display":"","ast-hfb-mobile-header-display":"","site-post-title":"","ast-breadcrumbs-content":"","ast-featured-img":"","footer-sml-layout":"","theme-transparent-header-meta":"default","adv-header-id-meta":"","stick-header-meta":"","header-above-stick-meta":"","header-main-stick-meta":"","header-below-stick-meta":"","astra-migrate-meta-layouts":"default","ast-page-background-enabled":"default","ast-page-background-meta":{"desktop":{"background-color":"","background-image":"","background-repeat":"repeat","background-position":"center center","background-size":"auto","background-attachment":"scroll","background-type":"","background-media":"","overlay-type":"","overlay-color":"","overlay-opacity":"","overlay-gradient":""},"tablet":{"background-color":"","background-image":"","background-repeat":"repeat","background-position":"center center","background-size":"auto","background-attachment":"scroll","background-type":"","background-media":"","overlay-type":"","overlay-color":"","overlay-opacity":"","overlay-gradient":""},"mobile":{"background-color":"","background-image":"","background-repeat":"repeat","background-position":"center center","background-size":"auto","background-attachment":"scroll","background-type":"","background-media":"","overlay-type":"","overlay-color":"","overlay-opacity":"","overlay-gradient":""}},"ast-content-background-meta":{"desktop":{"background-color":"var(--ast-global-color-5)","background-image":"","background-repeat":"repeat","background-position":"center center","background-size":"auto","background-attachment":"scroll","background-type":"","background-media":"","overlay-type":"","overlay-color":"","overlay-opacity":"","overlay-gradient":""},"tablet":{"background-color":"var(--ast-global-color-5)","background-image":"","background-repeat":"repeat","background-position":"center center","background-size":"auto","background-attachment":"scroll","background-type":"","background-media":"","overlay-type":"","overlay-color":"","overlay-opacity":"","overlay-gradient":""},"mobile":{"background-color":"var(--ast-global-color-5)","background-image":"","background-repeat":"repeat","background-position":"center center","background-size":"auto","background-attachment":"scroll","background-type":"","background-media":"","overlay-type":"","overlay-color":"","overlay-opacity":"","overlay-gradient":""}}},"product_brand":[],"product_cat":[120,990],"product_tag":[407,405,406,414,416,415,403,404,408,410,411,412,413,409,402],"class_list":{"0":"post-3908","1":"product","2":"type-product","3":"status-publish","4":"has-post-thumbnail","6":"product_cat-planilhas-em-excel","7":"product_cat-recursos-humanos","8":"product_tag-cadastro-das-etapas","9":"product_tag-cadastro-de-vagas","10":"product_tag-cadastro-do-candidato","11":"product_tag-dashboard-recrutamento-e-selecao","12":"product_tag-dashboard-vagas","13":"product_tag-dashbord-processo-seletivo","14":"product_tag-departamento-pessoal","15":"product_tag-dp","16":"product_tag-lancamento-do-processo-seletivo","17":"product_tag-planilha-de-processo-seletivo","18":"product_tag-planilha-de-recrutamento-e-selecao","19":"product_tag-planilha-para-cargos-rh","20":"product_tag-planilha-pronta-processo-seletivo","21":"product_tag-relatorio-individual-do-candidato","22":"product_tag-rh","23":"desktop-align-left","24":"tablet-align-left","25":"mobile-align-left","27":"first","28":"instock","29":"virtual","30":"purchasable","31":"product-type-simple"},"_links":{"self":[{"href":"https:\/\/pacotedeplanilhas.com\/loja\/wp-json\/wp\/v2\/product\/3908","targetHints":{"allow":["GET"]}}],"collection":[{"href":"https:\/\/pacotedeplanilhas.com\/loja\/wp-json\/wp\/v2\/product"}],"about":[{"href":"https:\/\/pacotedeplanilhas.com\/loja\/wp-json\/wp\/v2\/types\/product"}],"replies":[{"embeddable":true,"href":"https:\/\/pacotedeplanilhas.com\/loja\/wp-json\/wp\/v2\/comments?post=3908"}],"version-history":[{"count":1,"href":"https:\/\/pacotedeplanilhas.com\/loja\/wp-json\/wp\/v2\/product\/3908\/revisions"}],"predecessor-version":[{"id":3916,"href":"https:\/\/pacotedeplanilhas.com\/loja\/wp-json\/wp\/v2\/product\/3908\/revisions\/3916"}],"wp:featuredmedia":[{"embeddable":true,"href":"https:\/\/pacotedeplanilhas.com\/loja\/wp-json\/wp\/v2\/media\/3909"}],"wp:attachment":[{"href":"https:\/\/pacotedeplanilhas.com\/loja\/wp-json\/wp\/v2\/media?parent=3908"}],"wp:term":[{"taxonomy":"product_brand","embeddable":true,"href":"https:\/\/pacotedeplanilhas.com\/loja\/wp-json\/wp\/v2\/product_brand?post=3908"},{"taxonomy":"product_cat","embeddable":true,"href":"https:\/\/pacotedeplanilhas.com\/loja\/wp-json\/wp\/v2\/product_cat?post=3908"},{"taxonomy":"product_tag","embeddable":true,"href":"https:\/\/pacotedeplanilhas.com\/loja\/wp-json\/wp\/v2\/product_tag?post=3908"}],"curies":[{"name":"wp","href":"https:\/\/api.w.org\/{rel}","templated":true}]}}