{"id":4021,"date":"2023-03-13T09:36:14","date_gmt":"2023-03-13T12:36:14","guid":{"rendered":"https:\/\/pacotedeplanilhas.com\/loja\/?post_type=product&#038;p=4021"},"modified":"2024-07-17T21:49:35","modified_gmt":"2024-07-18T00:49:35","slug":"planilha-controle-de-abastecimento-de-frota","status":"publish","type":"product","link":"https:\/\/pacotedeplanilhas.com\/loja\/store\/logistica\/planilha-controle-de-abastecimento-de-frota\/","title":{"rendered":"Planilha Controle de abastecimento de frota"},"content":{"rendered":"<p>Ap\u00f3s a compra do produto me mande o seu e-mail para construindosonhos2018@gmail.com ou me chame no WhatsApp 38 998460929 (Miguel Rodrigues)<\/p>\n<p>PLANILHA PARA CONTROLE DE ABASTECIMENTO DE FROTA<\/p>\n<p>Desenvolvida em Excel Avan\u00e7ado, foi idealizada para calcular o consumo de combust\u00edvel dos ve\u00edculos da frota da empresa. Pode ser utilizado para qualquer ve\u00edculo como carros, motos e caminh\u00f5es.<\/p>\n<p>Na parte de Cadastros temos dois tipos de cadastros, o cadastro de funcion\u00e1rios e o cadastro dos ve\u00edculos, postos de combust\u00edveis e tipos de combust\u00edveis.<\/p>\n<p>Na parte de cadastro de Funcin\u00e1rios<\/p>\n<p>\u2013 Nome do funcin\u00e1rio, data de admiss\u00e3o, cargo, departamento e observa\u00e7\u00f5es;<\/p>\n<p>Na parte de cadastro de ve\u00edculos<\/p>\n<p>\u2013 n\u00famero, cadastro do ve\u00edculo, nome do ve\u00edculo, placa do ve\u00edculo, posto de combust\u00edvel e tipo de combust\u00edvel;<\/p>\n<p>Ap\u00f3s ter feito o cadastro dos candidatos, vamos para a segunda parte que \u00e9 o de fazer os lan\u00e7amentos<\/p>\n<p>Nos lan\u00e7amentos da Planilha:<\/p>\n<p>C\u00e9lulas Manuais em branco:<\/p>\n<p>\u2013 Data do servi\u00e7o, nome do funcin\u00e1rio, ve\u00edculo, posto de combust\u00edvel, combust\u00edvel utilizado, ve\u00edculo, litros abastecidos, valor abastecido, hod\u00f4metro incial e hod\u00f4metro final;<\/p>\n<p>Lan\u00e7amentos:<\/p>\n<p>C\u00e9lulas em cinza que s\u00e3o autom\u00e1ticas<br \/>\n\u2013 Placa, cargo, departamento, R$ por litro, km rodados, abastecimento m\u00e9dio KM\/por litro, m\u00eas e ano.<\/p>\n<p>Relat\u00f3rio individual por Funcion\u00e1rio<\/p>\n<p>\u2013 Escolher o candidato no quadro branco da planilha<\/p>\n<p>C\u00e9lulas em cinza que s\u00e3o autom\u00e1ticas<\/p>\n<p>\u2013 Ve\u00edculo, Placa, Servi\u00e7o, Posto de abastecimento, litros abastecidos, valor pago e km rodados;<\/p>\n<p>O dashboard de Controle de abastecimento de frota cont\u00eam as seguintes informa\u00e7\u00f5es:<\/p>\n<p>Valores totais:<\/p>\n<p>\u2013 Valor abastecido, litros abastecidos, km&#8217;s rodados, quantidade de servi\u00e7os;<\/p>\n<p>Gr\u00e1ficos:<\/p>\n<p>\u2013 Valor abastecido mensal, litros abastecidos mensal, km&#8217;s rodados mensal, ve\u00edculos x valor abastecido, servi\u00e7os x valor abastecidos;<\/p>\n<p>Os filtros em forma de Segmenta\u00e7\u00e3o de dados:<\/p>\n<p>\u2013 Ano, m\u00eas, nome do funcion\u00e1rio, ve\u00edculo, posto de combust\u00edvel e combust\u00edvel utilizado.<\/p>\n<p>Planilha 100% edit\u00e1vel<\/p>\n<p>PR\u00c9-REQUISITOS:<br \/>\nTer vers\u00e3o do EXCEL acima de 2013 ou office 365 instalada no computador.<\/p>\n<p>VANTAGENS:<br \/>\nSimplicidade em usar e c\u00e1lculos precisos.<\/p>\n<p>INFORMA\u00c7\u00d5ES \u00daTEIS:<br \/>\nSuporte p\u00f3s-venda, via e-mail, para esclarecer quaisquer d\u00favidas que possam surgir.<br \/>\nPlanilha original, comercializada pelo pr\u00f3prio desenvolvedor.<\/p>\n<div class=\"ast-oembed-container \" style=\"height: 100%;\"><iframe title=\"Planilha Controle de abastecimento de frota\" width=\"500\" height=\"281\" src=\"https:\/\/www.youtube.com\/embed\/6vYOUazE2jw?feature=oembed\" frameborder=\"0\" allow=\"accelerometer; autoplay; clipboard-write; encrypted-media; gyroscope; picture-in-picture; web-share\" referrerpolicy=\"strict-origin-when-cross-origin\" allowfullscreen><\/iframe><\/div>\n<p>&nbsp;<\/p>\n","protected":false},"excerpt":{"rendered":"<p>Desenvolvida em Excel Avan\u00e7ado, foi idealizada para calcular o consumo de combust\u00edvel dos ve\u00edculos. Pode ser utilizado para qualquer ve\u00edculo como carros, motos e caminh\u00f5es.<\/p>\n<p>Muito simples de se utilizar, basta preencher na planilha a quantidade de litros abastecidos. Depois disto, a planilha faz os c\u00e1lculos automaticamente do consumo m\u00e9dio dos ve\u00edculos da empresa e do tanque de combust\u00edvel da empresa.<\/p>\n","protected":false},"featured_media":4253,"comment_status":"open","ping_status":"closed","template":"","meta":{"site-sidebar-layout":"default","site-content-layout":"default","ast-site-content-layout":"","site-content-style":"default","site-sidebar-style":"default","ast-global-header-display":"","ast-banner-title-visibility":"","ast-main-header-display":"","ast-hfb-above-header-display":"","ast-hfb-below-header-display":"","ast-hfb-mobile-header-display":"","site-post-title":"","ast-breadcrumbs-content":"","ast-featured-img":"","footer-sml-layout":"","theme-transparent-header-meta":"default","adv-header-id-meta":"","stick-header-meta":"","header-above-stick-meta":"","header-main-stick-meta":"","header-below-stick-meta":"","astra-migrate-meta-layouts":"default","ast-page-background-enabled":"default","ast-page-background-meta":{"desktop":{"background-color":"","background-image":"","background-repeat":"repeat","background-position":"center center","background-size":"auto","background-attachment":"scroll","background-type":"","background-media":"","overlay-type":"","overlay-color":"","overlay-opacity":"","overlay-gradient":""},"tablet":{"background-color":"","background-image":"","background-repeat":"repeat","background-position":"center center","background-size":"auto","background-attachment":"scroll","background-type":"","background-media":"","overlay-type":"","overlay-color":"","overlay-opacity":"","overlay-gradient":""},"mobile":{"background-color":"","background-image":"","background-repeat":"repeat","background-position":"center center","background-size":"auto","background-attachment":"scroll","background-type":"","background-media":"","overlay-type":"","overlay-color":"","overlay-opacity":"","overlay-gradient":""}},"ast-content-background-meta":{"desktop":{"background-color":"var(--ast-global-color-5)","background-image":"","background-repeat":"repeat","background-position":"center center","background-size":"auto","background-attachment":"scroll","background-type":"","background-media":"","overlay-type":"","overlay-color":"","overlay-opacity":"","overlay-gradient":""},"tablet":{"background-color":"var(--ast-global-color-5)","background-image":"","background-repeat":"repeat","background-position":"center center","background-size":"auto","background-attachment":"scroll","background-type":"","background-media":"","overlay-type":"","overlay-color":"","overlay-opacity":"","overlay-gradient":""},"mobile":{"background-color":"var(--ast-global-color-5)","background-image":"","background-repeat":"repeat","background-position":"center center","background-size":"auto","background-attachment":"scroll","background-type":"","background-media":"","overlay-type":"","overlay-color":"","overlay-opacity":"","overlay-gradient":""}}},"product_brand":[],"product_cat":[989,120],"product_tag":[438,280,443,446,128,447,445,372,371,437,441,440,444,448,439,442],"class_list":{"0":"post-4021","1":"product","2":"type-product","3":"status-publish","4":"has-post-thumbnail","6":"product_cat-logistica","7":"product_cat-planilhas-em-excel","8":"product_tag-abastecimento-de-frota","9":"product_tag-controle-de-abastecimento","10":"product_tag-controle-de-frota","11":"product_tag-controle-de-veiculos","12":"product_tag-excel","13":"product_tag-gerenciamento-de-frota-de-veiculos","14":"product_tag-gestao-de-frota","15":"product_tag-miguel-rodrigues","16":"product_tag-miguel-rodrigues-adm-e-excel","17":"product_tag-planilha-controle-de-abastecimento-de-frota","18":"product_tag-planilha-controle-de-combustivel-excel","19":"product_tag-planilha-de-abastecimento-de-combustivel","20":"product_tag-planilha-de-controle-de-frota","21":"product_tag-planilha-de-controle-de-quilometragem","22":"product_tag-planilha-de-frota","23":"product_tag-programa-para-controlar-abastecimento-de-frota","24":"desktop-align-left","25":"tablet-align-left","26":"mobile-align-left","28":"first","29":"instock","30":"shipping-taxable","31":"purchasable","32":"product-type-simple"},"_links":{"self":[{"href":"https:\/\/pacotedeplanilhas.com\/loja\/wp-json\/wp\/v2\/product\/4021","targetHints":{"allow":["GET"]}}],"collection":[{"href":"https:\/\/pacotedeplanilhas.com\/loja\/wp-json\/wp\/v2\/product"}],"about":[{"href":"https:\/\/pacotedeplanilhas.com\/loja\/wp-json\/wp\/v2\/types\/product"}],"replies":[{"embeddable":true,"href":"https:\/\/pacotedeplanilhas.com\/loja\/wp-json\/wp\/v2\/comments?post=4021"}],"version-history":[{"count":2,"href":"https:\/\/pacotedeplanilhas.com\/loja\/wp-json\/wp\/v2\/product\/4021\/revisions"}],"predecessor-version":[{"id":4029,"href":"https:\/\/pacotedeplanilhas.com\/loja\/wp-json\/wp\/v2\/product\/4021\/revisions\/4029"}],"wp:featuredmedia":[{"embeddable":true,"href":"https:\/\/pacotedeplanilhas.com\/loja\/wp-json\/wp\/v2\/media\/4253"}],"wp:attachment":[{"href":"https:\/\/pacotedeplanilhas.com\/loja\/wp-json\/wp\/v2\/media?parent=4021"}],"wp:term":[{"taxonomy":"product_brand","embeddable":true,"href":"https:\/\/pacotedeplanilhas.com\/loja\/wp-json\/wp\/v2\/product_brand?post=4021"},{"taxonomy":"product_cat","embeddable":true,"href":"https:\/\/pacotedeplanilhas.com\/loja\/wp-json\/wp\/v2\/product_cat?post=4021"},{"taxonomy":"product_tag","embeddable":true,"href":"https:\/\/pacotedeplanilhas.com\/loja\/wp-json\/wp\/v2\/product_tag?post=4021"}],"curies":[{"name":"wp","href":"https:\/\/api.w.org\/{rel}","templated":true}]}}