{"id":4055,"date":"2023-03-18T15:43:50","date_gmt":"2023-03-18T18:43:50","guid":{"rendered":"https:\/\/pacotedeplanilhas.com\/loja\/?post_type=product&#038;p=4055"},"modified":"2024-07-17T21:49:14","modified_gmt":"2024-07-18T00:49:14","slug":"planilha-dashboard-controle-de-tarefas","status":"publish","type":"product","link":"https:\/\/pacotedeplanilhas.com\/loja\/store\/empresarial\/planilha-dashboard-controle-de-tarefas\/","title":{"rendered":"Planilha Dashboard Controle de tarefas"},"content":{"rendered":"<p>Ap\u00f3s a compra do produto me mande o seu e-mail para construindosonhos2018@gmail.com ou me chame no WhatsApp 38 998460929 (Miguel Rodrigues)<\/p>\n<p>PLANILHA DASHBOARD CONTROLE DE TAREFAS<\/p>\n<p>Desenvolvida em Excel Avan\u00e7ado, foi idealizada para calcular a quantidade de tarefas e performance das memas.<\/p>\n<p>Na parte de Cadastros temos um tipo de cadastro, o cadastro de funcion\u00e1rios, onde al\u00e9m do nome do funcion\u00e1rio tamb\u00e9m \u00e9 colocado o departamento do que ele atua e o seu cargo.<\/p>\n<p>Na parte de cadastro de Funcin\u00e1rios<\/p>\n<p>\u2013 Nome do funcin\u00e1rio, data de admiss\u00e3o, cargo, departamento e observa\u00e7\u00f5es;<\/p>\n<p>Nos lan\u00e7amentos da Planilha:<\/p>\n<p>C\u00e9lulas Manuais em branco:<\/p>\n<p>\u2013 Data in\u00edcio da tarefa, nome do funcin\u00e1rio, tarefa, detalhamento da tarefa, data Final da tarefa, horas alocadas (n\u00famero inteiro) e status;<\/p>\n<p>Lan\u00e7amentos:<\/p>\n<p>C\u00e9lulas em cinza que s\u00e3o autom\u00e1ticas<br \/>\n\u2013 Cargo, departamento, quantidade de tarefas, m\u00eas e ano.<\/p>\n<p>Relat\u00f3rio individual por Funcion\u00e1rio<\/p>\n<p>\u2013 Escolher o candidato no quadro branco da planilha<\/p>\n<p>C\u00e9lulas em cinza que s\u00e3o autom\u00e1ticas<\/p>\n<p>\u2013 tarefa, detalhamento da tarefa, data in\u00edcio da tarefa, data fim da tarefa, horas alocadas e status da tarefa;<\/p>\n<p>O dashboard de Controle de abastecimento de frota cont\u00eam as seguintes informa\u00e7\u00f5es:<\/p>\n<p>Valores totais:<\/p>\n<p>\u2013 Quantidade total das tarefas, conclu\u00eddas no prazo, conclu\u00eddas fora do prazo, em andamento, atrasadas, n\u00e3o inciadas;<\/p>\n<p>Gr\u00e1ficos:<\/p>\n<p>\u2013 QUANTIDADE DE TAREFAS MENSAL x TAREFAS MENSAIS CONCLU\u00cdDAS (data in\u00edcio), Gasto mensal de horas com tarefas, quantidade de tarefas por departamento e Quantidade de tarefas por status.<\/p>\n<p>Os filtros em forma de Segmenta\u00e7\u00e3o de dados:<\/p>\n<p>\u2013 Ano, m\u00eas, nome do funcion\u00e1rio, status e departamento.<\/p>\n<p>Planilha 100% edit\u00e1vel<\/p>\n<p>PR\u00c9-REQUISITOS:<br \/>\nTer vers\u00e3o do EXCEL acima de 2013 ou office 365 instalada no computador.<\/p>\n<p>VANTAGENS:<br \/>\nSimplicidade em usar e c\u00e1lculos precisos.<\/p>\n<p>INFORMA\u00c7\u00d5ES \u00daTEIS:<br \/>\nSuporte p\u00f3s-venda, via e-mail, para esclarecer quaisquer d\u00favidas que possam surgir.<br \/>\nPlanilha original, comercializada pelo pr\u00f3prio desenvolvedor.<\/p>\n<div class=\"ast-oembed-container \" style=\"height: 100%;\"><iframe title=\"Planilha Dashboard Controle de tarefas\" width=\"500\" height=\"281\" src=\"https:\/\/www.youtube.com\/embed\/5QjkuQRoo7s?feature=oembed\" frameborder=\"0\" allow=\"accelerometer; autoplay; clipboard-write; encrypted-media; gyroscope; picture-in-picture; web-share\" referrerpolicy=\"strict-origin-when-cross-origin\" allowfullscreen><\/iframe><\/div>\n","protected":false},"excerpt":{"rendered":"<p>Ap\u00f3s a compra do produto me mande o seu e-mail para construindosonhos2018@gmail.com ou me chame no WhatsApp 38 998460929 (Miguel Rodrigues) PLANILHA DASHBOARD CONTROLE DE TAREFAS Desenvolvida em Excel Avan\u00e7ado, foi idealizada para calcular a quantidade de tarefas e performance das memas. Na parte de Cadastros temos um tipo de cadastro, o cadastro de funcion\u00e1rios, [&hellip;]<\/p>\n","protected":false},"featured_media":4056,"comment_status":"open","ping_status":"closed","template":"","meta":{"site-sidebar-layout":"default","site-content-layout":"default","ast-site-content-layout":"","site-content-style":"default","site-sidebar-style":"default","ast-global-header-display":"","ast-banner-title-visibility":"","ast-main-header-display":"","ast-hfb-above-header-display":"","ast-hfb-below-header-display":"","ast-hfb-mobile-header-display":"","site-post-title":"","ast-breadcrumbs-content":"","ast-featured-img":"","footer-sml-layout":"","theme-transparent-header-meta":"default","adv-header-id-meta":"","stick-header-meta":"","header-above-stick-meta":"","header-main-stick-meta":"","header-below-stick-meta":"","astra-migrate-meta-layouts":"default","ast-page-background-enabled":"default","ast-page-background-meta":{"desktop":{"background-color":"","background-image":"","background-repeat":"repeat","background-position":"center center","background-size":"auto","background-attachment":"scroll","background-type":"","background-media":"","overlay-type":"","overlay-color":"","overlay-opacity":"","overlay-gradient":""},"tablet":{"background-color":"","background-image":"","background-repeat":"repeat","background-position":"center center","background-size":"auto","background-attachment":"scroll","background-type":"","background-media":"","overlay-type":"","overlay-color":"","overlay-opacity":"","overlay-gradient":""},"mobile":{"background-color":"","background-image":"","background-repeat":"repeat","background-position":"center center","background-size":"auto","background-attachment":"scroll","background-type":"","background-media":"","overlay-type":"","overlay-color":"","overlay-opacity":"","overlay-gradient":""}},"ast-content-background-meta":{"desktop":{"background-color":"var(--ast-global-color-5)","background-image":"","background-repeat":"repeat","background-position":"center center","background-size":"auto","background-attachment":"scroll","background-type":"","background-media":"","overlay-type":"","overlay-color":"","overlay-opacity":"","overlay-gradient":""},"tablet":{"background-color":"var(--ast-global-color-5)","background-image":"","background-repeat":"repeat","background-position":"center center","background-size":"auto","background-attachment":"scroll","background-type":"","background-media":"","overlay-type":"","overlay-color":"","overlay-opacity":"","overlay-gradient":""},"mobile":{"background-color":"var(--ast-global-color-5)","background-image":"","background-repeat":"repeat","background-position":"center center","background-size":"auto","background-attachment":"scroll","background-type":"","background-media":"","overlay-type":"","overlay-color":"","overlay-opacity":"","overlay-gradient":""}}},"product_brand":[],"product_cat":[997,989,120,992],"product_tag":[464,463,465,466,454,128,467,453,461,460,372,371,452,449,450,459,458,462,455,451,456,457],"class_list":{"0":"post-4055","1":"product","2":"type-product","3":"status-publish","4":"has-post-thumbnail","6":"product_cat-empresarial","7":"product_cat-logistica","8":"product_cat-planilhas-em-excel","9":"product_cat-producao","10":"product_tag-como-organizar-melhor-o-seu-dia-a-dia","11":"product_tag-como-ser-mais-produtivo","12":"product_tag-dashboard-controle-de-tarefas","13":"product_tag-dashboard-tarefas","14":"product_tag-dicas","15":"product_tag-excel","16":"product_tag-excel-tarefas","17":"product_tag-gerenciamento-de-tarefas","18":"product_tag-gerenciamento-de-tempo","19":"product_tag-gestao-de-tempo","20":"product_tag-miguel-rodrigues","21":"product_tag-miguel-rodrigues-adm-e-excel","22":"product_tag-organizacao","23":"product_tag-planilha-dashboard-controle-de-tarefas","24":"product_tag-planilha-de-controle-de-tarefas","25":"product_tag-planilha-de-organizacao","26":"product_tag-planilha-de-produtividade","27":"product_tag-planilha-de-tarefas","28":"product_tag-prazos","29":"product_tag-produtividade","30":"product_tag-progresso","31":"product_tag-recursos","32":"desktop-align-left","33":"tablet-align-left","34":"mobile-align-left","36":"first","37":"instock","38":"virtual","39":"purchasable","40":"product-type-simple"},"_links":{"self":[{"href":"https:\/\/pacotedeplanilhas.com\/loja\/wp-json\/wp\/v2\/product\/4055","targetHints":{"allow":["GET"]}}],"collection":[{"href":"https:\/\/pacotedeplanilhas.com\/loja\/wp-json\/wp\/v2\/product"}],"about":[{"href":"https:\/\/pacotedeplanilhas.com\/loja\/wp-json\/wp\/v2\/types\/product"}],"replies":[{"embeddable":true,"href":"https:\/\/pacotedeplanilhas.com\/loja\/wp-json\/wp\/v2\/comments?post=4055"}],"version-history":[{"count":2,"href":"https:\/\/pacotedeplanilhas.com\/loja\/wp-json\/wp\/v2\/product\/4055\/revisions"}],"predecessor-version":[{"id":4062,"href":"https:\/\/pacotedeplanilhas.com\/loja\/wp-json\/wp\/v2\/product\/4055\/revisions\/4062"}],"wp:featuredmedia":[{"embeddable":true,"href":"https:\/\/pacotedeplanilhas.com\/loja\/wp-json\/wp\/v2\/media\/4056"}],"wp:attachment":[{"href":"https:\/\/pacotedeplanilhas.com\/loja\/wp-json\/wp\/v2\/media?parent=4055"}],"wp:term":[{"taxonomy":"product_brand","embeddable":true,"href":"https:\/\/pacotedeplanilhas.com\/loja\/wp-json\/wp\/v2\/product_brand?post=4055"},{"taxonomy":"product_cat","embeddable":true,"href":"https:\/\/pacotedeplanilhas.com\/loja\/wp-json\/wp\/v2\/product_cat?post=4055"},{"taxonomy":"product_tag","embeddable":true,"href":"https:\/\/pacotedeplanilhas.com\/loja\/wp-json\/wp\/v2\/product_tag?post=4055"}],"curies":[{"name":"wp","href":"https:\/\/api.w.org\/{rel}","templated":true}]}}