{"id":4340,"date":"2023-08-04T12:20:41","date_gmt":"2023-08-04T15:20:41","guid":{"rendered":"https:\/\/pacotedeplanilhas.com\/loja\/?post_type=product&#038;p=4340"},"modified":"2024-07-17T21:48:48","modified_gmt":"2024-07-18T00:48:48","slug":"planilha-de-gestao-de-frota","status":"publish","type":"product","link":"https:\/\/pacotedeplanilhas.com\/loja\/store\/logistica\/planilha-de-gestao-de-frota\/","title":{"rendered":"PLANILHA DE GEST\u00c3O DE FROTA"},"content":{"rendered":"<p>Ap\u00f3s a compra do produto me mande o seu e-mail para construindosonhos2018@gmail.com ou me chame no WhatsApp 38 998460929 (Miguel Rodrigues)<\/p>\n<p>PLANILHA DASHBOARD GEST\u00c3O DE FROTAS<\/p>\n<p>Desenvolvida em Excel Avan\u00e7ado, foi idealizada para gerenciar a frota da empresa.<\/p>\n<p>Na parte de Lan\u00e7amentos (base de dados) ser\u00e3o inseridos os dados para compor o Dashboard da planilha e as partes de relat\u00f3rios.<\/p>\n<p>C\u00e9lulas em cinza que s\u00e3o autom\u00e1ticas<br \/>\n\u2013 Total m\u00eas e ano.<\/p>\n<p>C\u00e9lulas brancas manuais<br \/>\n&#8211; Data, Ve\u00edculo, Placa, filial, Local, Km rodado, Comb\u00fastivel, Manuten\u00e7\u00e3o corretiva, Manuten\u00e7\u00e3o preventiva, Pe\u00e7as de Reposi\u00e7\u00e3o, Ped\u00e1gio, Multa, Licenciamento e IPVA.<\/p>\n<p>Relat\u00f3rio Consolidado<\/p>\n<p>\u2013 Apresenta as informa\u00e7\u00f5es relacionadas aos meses, locais de trabalho e por ve\u00edculo.<\/p>\n<p>Relat\u00f3rio Mensal<\/p>\n<p>\u2013 Apresenta gr\u00e1ficos relacionados aos gastos totais, combust\u00edvel, manuten\u00e7\u00e3o corretiva, manuten\u00e7\u00e3o preventiva, pe\u00e7as de reposi\u00e7\u00e3o, ped\u00e1gio, multa, licenciamento, IPVA e KM rodados.<\/p>\n<p>Os filtros em forma de Segmenta\u00e7\u00e3o de dados:<\/p>\n<p>\u2013 Ve\u00edculo, Local, Filial, ano e\u00a0 m\u00eas.<\/p>\n<p>O dashboard geral de gest\u00e3o de Frota cont\u00eam as seguintes informa\u00e7\u00f5es:<\/p>\n<p>Valores totais:<\/p>\n<p>\u2013 Gastos totais, combust\u00edvel, manuten\u00e7\u00e3o corretiva, manuten\u00e7\u00e3o preventiva, pe\u00e7as de reposi\u00e7\u00e3o, ped\u00e1gio, multa, licenciamento, IPVA e KM rodados.<\/p>\n<p>Gr\u00e1ficos:<\/p>\n<p>\u2013 Gasto por regi\u00e3o, Gastos por filial e Gasto por ve\u00edculo.<\/p>\n<p>Os filtros em forma de Segmenta\u00e7\u00e3o de dados:<\/p>\n<p>\u2013 Ano e\u00a0 m\u00eas.<\/p>\n<p>Planilha 100% edit\u00e1vel<\/p>\n<p>PR\u00c9-REQUISITOS:<br \/>\nTer vers\u00e3o do EXCEL acima de 2016 ou office 365 instalada no computador.<\/p>\n<p>VANTAGENS:<br \/>\nSimplicidade em usar e c\u00e1lculos precisos.<\/p>\n<p>INFORMA\u00c7\u00d5ES \u00daTEIS:<br \/>\nSuporte p\u00f3s-venda, via e-mail, para esclarecer quaisquer d\u00favidas que possam surgir.<br \/>\nPlanilha original, comercializada pelo pr\u00f3prio desenvolvedor.<\/p>\n","protected":false},"excerpt":{"rendered":"<p>Ap\u00f3s a compra do produto me mande o seu e-mail para construindosonhos2018@gmail.com ou me chame no WhatsApp 38 998460929 (Miguel Rodrigues) PLANILHA DASHBOARD GEST\u00c3O DE FROTAS Desenvolvida em Excel Avan\u00e7ado, foi idealizada para gerenciar a frota da empresa. Na parte de Lan\u00e7amentos (base de dados) ser\u00e3o inseridos os dados para compor o Dashboard da planilha [&hellip;]<\/p>\n","protected":false},"featured_media":4701,"comment_status":"open","ping_status":"closed","template":"","meta":{"site-sidebar-layout":"default","site-content-layout":"default","ast-site-content-layout":"","site-content-style":"default","site-sidebar-style":"default","ast-global-header-display":"","ast-banner-title-visibility":"","ast-main-header-display":"","ast-hfb-above-header-display":"","ast-hfb-below-header-display":"","ast-hfb-mobile-header-display":"","site-post-title":"","ast-breadcrumbs-content":"","ast-featured-img":"","footer-sml-layout":"","theme-transparent-header-meta":"default","adv-header-id-meta":"","stick-header-meta":"","header-above-stick-meta":"","header-main-stick-meta":"","header-below-stick-meta":"","astra-migrate-meta-layouts":"default","ast-page-background-enabled":"default","ast-page-background-meta":{"desktop":{"background-color":"","background-image":"","background-repeat":"repeat","background-position":"center center","background-size":"auto","background-attachment":"scroll","background-type":"","background-media":"","overlay-type":"","overlay-color":"","overlay-opacity":"","overlay-gradient":""},"tablet":{"background-color":"","background-image":"","background-repeat":"repeat","background-position":"center center","background-size":"auto","background-attachment":"scroll","background-type":"","background-media":"","overlay-type":"","overlay-color":"","overlay-opacity":"","overlay-gradient":""},"mobile":{"background-color":"","background-image":"","background-repeat":"repeat","background-position":"center center","background-size":"auto","background-attachment":"scroll","background-type":"","background-media":"","overlay-type":"","overlay-color":"","overlay-opacity":"","overlay-gradient":""}},"ast-content-background-meta":{"desktop":{"background-color":"var(--ast-global-color-5)","background-image":"","background-repeat":"repeat","background-position":"center center","background-size":"auto","background-attachment":"scroll","background-type":"","background-media":"","overlay-type":"","overlay-color":"","overlay-opacity":"","overlay-gradient":""},"tablet":{"background-color":"var(--ast-global-color-5)","background-image":"","background-repeat":"repeat","background-position":"center center","background-size":"auto","background-attachment":"scroll","background-type":"","background-media":"","overlay-type":"","overlay-color":"","overlay-opacity":"","overlay-gradient":""},"mobile":{"background-color":"var(--ast-global-color-5)","background-image":"","background-repeat":"repeat","background-position":"center center","background-size":"auto","background-attachment":"scroll","background-type":"","background-media":"","overlay-type":"","overlay-color":"","overlay-opacity":"","overlay-gradient":""}}},"product_brand":[],"product_cat":[989,120],"product_tag":[285,468,446,478,477,476,470,469,471,475,473,474,472],"class_list":{"0":"post-4340","1":"product","2":"type-product","3":"status-publish","4":"has-post-thumbnail","6":"product_cat-logistica","7":"product_cat-planilhas-em-excel","8":"product_tag-controle-de-combustivel","9":"product_tag-controle-de-frotas","10":"product_tag-controle-de-veiculos","11":"product_tag-dashboard-de-frota","12":"product_tag-dashboard-de-veiculos","13":"product_tag-dashboard-gestao-de-frotas","14":"product_tag-gerenciamento-de-frotas","15":"product_tag-gestao-de-frotas","16":"product_tag-gestao-de-veiculos","17":"product_tag-planilha-de-gerenciamento-de-frota","18":"product_tag-planilha-para-controle-de-combustivel","19":"product_tag-planilha-para-controle-de-frotas","20":"product_tag-planilha-para-gestao-de-frota","21":"desktop-align-left","22":"tablet-align-left","23":"mobile-align-left","25":"first","26":"instock","27":"shipping-taxable","28":"purchasable","29":"product-type-simple"},"_links":{"self":[{"href":"https:\/\/pacotedeplanilhas.com\/loja\/wp-json\/wp\/v2\/product\/4340","targetHints":{"allow":["GET"]}}],"collection":[{"href":"https:\/\/pacotedeplanilhas.com\/loja\/wp-json\/wp\/v2\/product"}],"about":[{"href":"https:\/\/pacotedeplanilhas.com\/loja\/wp-json\/wp\/v2\/types\/product"}],"replies":[{"embeddable":true,"href":"https:\/\/pacotedeplanilhas.com\/loja\/wp-json\/wp\/v2\/comments?post=4340"}],"version-history":[{"count":2,"href":"https:\/\/pacotedeplanilhas.com\/loja\/wp-json\/wp\/v2\/product\/4340\/revisions"}],"predecessor-version":[{"id":4348,"href":"https:\/\/pacotedeplanilhas.com\/loja\/wp-json\/wp\/v2\/product\/4340\/revisions\/4348"}],"wp:featuredmedia":[{"embeddable":true,"href":"https:\/\/pacotedeplanilhas.com\/loja\/wp-json\/wp\/v2\/media\/4701"}],"wp:attachment":[{"href":"https:\/\/pacotedeplanilhas.com\/loja\/wp-json\/wp\/v2\/media?parent=4340"}],"wp:term":[{"taxonomy":"product_brand","embeddable":true,"href":"https:\/\/pacotedeplanilhas.com\/loja\/wp-json\/wp\/v2\/product_brand?post=4340"},{"taxonomy":"product_cat","embeddable":true,"href":"https:\/\/pacotedeplanilhas.com\/loja\/wp-json\/wp\/v2\/product_cat?post=4340"},{"taxonomy":"product_tag","embeddable":true,"href":"https:\/\/pacotedeplanilhas.com\/loja\/wp-json\/wp\/v2\/product_tag?post=4340"}],"curies":[{"name":"wp","href":"https:\/\/api.w.org\/{rel}","templated":true}]}}