{"id":4518,"date":"2023-11-01T08:42:04","date_gmt":"2023-11-01T11:42:04","guid":{"rendered":"https:\/\/pacotedeplanilhas.com\/loja\/?post_type=product&#038;p=4518"},"modified":"2024-07-17T21:48:33","modified_gmt":"2024-07-18T00:48:33","slug":"planilha-gestao-da-manutencao-2","status":"publish","type":"product","link":"https:\/\/pacotedeplanilhas.com\/loja\/store\/manutencao\/planilha-gestao-da-manutencao-2\/","title":{"rendered":"Planilha Gest\u00e3o Da Manuten\u00e7\u00e3o 2"},"content":{"rendered":"<p>FA\u00c7A O CONTROLE DA MANUTEN\u00c7\u00c3O PREVENTIVA, CORRETIVA E PREDITIVA DE EQUIPAMENTOS E MAQUINAS DE MANEIRA SIMPLES E R\u00c1PIDA.<\/p>\n<p>Funcionalidades:<\/p>\n<p>\u2013 Cadastro de Equipamentos<br \/>\n\u00c1rea para cadastrar os tipos de manuten\u00e7\u00e3o realizadas pela sua empresa (preventiva, corretiva, preditiva, etc), os tipos de equipamentos ou m\u00e1quinas que a empresa apresenta e se for mais de uma empresa \u00e9 poss\u00edvel cadastrar tamb\u00e9m.<\/p>\n<p>\u2013 Cadastro de Funcion\u00e1rios<br \/>\n\u00c1rea para o cadastro dos nomes dos funcion\u00e1rios e o contato se tiver;<\/p>\n<p>Nos lan\u00e7amentos da Planilha:<\/p>\n<p>C\u00e9lulas Manuais em branco:<\/p>\n<p>\u2013 Data, empresa, falha, categoria, equipamento, funcion\u00e1rio ou t\u00e9cnico de manuten\u00e7\u00e3o, tipo da manuten\u00e7\u00e3o e horas do equipamento desligado.<\/p>\n<p>C\u00e9lulas em cinza que tem preenchimento autom\u00e1tico<\/p>\n<p>\u2013 M\u00eas e ano.<\/p>\n<p>Relat\u00f3rio Din\u00e2mico<br \/>\n\u2013Escolha um m\u00eas, trimestre, semestre e um tipo de manuten\u00e7\u00e3o para visualizar todos os trabalhos programados para o per\u00edodo e seu status de realiza\u00e7\u00e3o.<\/p>\n<p>Checklist de Controle de Manuten\u00e7\u00e3o<br \/>\n\u2013Lista de verifica\u00e7\u00e3o para auxiliar no acompanhamento de qualquer tipo de manuten\u00e7\u00e3o ou calibra\u00e7\u00e3o que ser\u00e1 realizada na sua empresa.<\/p>\n<p>O dashboard de Gest\u00e3o da manuten\u00e7\u00e3o 2 cont\u00eam as seguintes informa\u00e7\u00f5es:<\/p>\n<p>Valores totais:<\/p>\n<p>\u2013 Quantidade de manuten\u00e7\u00f5es, quantidade de falhas internas, quantidade de falhas externas e percentual realizado;<\/p>\n<p>Gr\u00e1ficos:<\/p>\n<p>\u2013 Quantidade de manuten\u00e7\u00f5es mensal, horas paradas por equipamentos, quantidade de manuten\u00e7\u00f5es por empresa, quantidade de manuten\u00e7\u00f5es por equipamento e quantidade de manuten\u00e7\u00f5es por tipo de manuten\u00e7\u00e3o;<\/p>\n<p>Os filtros em forma de Segmenta\u00e7\u00e3o de dados:<\/p>\n<p>\u2013 Ano, m\u00eas, equipamento, tipo de manuten\u00e7\u00e3o, status, falha e por empresa.<\/p>\n<p>Planilha 100% edit\u00e1vel<\/p>\n<p>PR\u00c9-REQUISITOS:<br \/>\nTer qualquer vers\u00e3o do EXCEL instalada no computador.<\/p>\n<p>VANTAGENS:<br \/>\nSimplicidade em usar e c\u00e1lculos precisos.<\/p>\n<p>INFORMA\u00c7\u00d5ES \u00daTEIS:<br \/>\nSuporte p\u00f3s-venda, via e-mail, para esclarecer quaisquer d\u00favidas que possam surgir.<br \/>\nPlanilha original, comercializada pelo pr\u00f3prio desenvolvedor.<\/p>\n<p>V\u00eddeo explicativo da planilha:<\/p>\n<div class=\"ast-oembed-container \" style=\"height: 100%;\"><iframe title=\"Dashboard gest\u00e3o da manuten\u00e7\u00e3o 2 - manuten\u00e7\u00e3o preventiva, corretiva e outras\" width=\"500\" height=\"281\" src=\"https:\/\/www.youtube.com\/embed\/0LkHVgWEVAk?feature=oembed\" frameborder=\"0\" allow=\"accelerometer; autoplay; clipboard-write; encrypted-media; gyroscope; picture-in-picture; web-share\" referrerpolicy=\"strict-origin-when-cross-origin\" allowfullscreen><\/iframe><\/div>\n","protected":false},"excerpt":{"rendered":"<p>FA\u00c7A O CONTROLE DA MANUTEN\u00c7\u00c3O PREVENTIVA, CORRETIVA E PREDITIVA DE EQUIPAMENTOS E MAQUINAS DE MANEIRA SIMPLES E R\u00c1PIDA.<\/p>\n<p>Funcionalidades:<\/p>\n<p>Cadastro de Equipamentos<br \/>\n\u00c1rea para cadastrar os tipos de manuten\u00e7\u00e3o realizadas pela sua empresa (preventiva, corretiva, preditiva, etc) e os tipos de calibra\u00e7\u00e3o feitas (ajuste, regulagem, verifica\u00e7\u00e3o, etc).<\/p>\n<p>Controle de Manuten\u00e7\u00e3o e Calibra\u00e7\u00e3o<br \/>\nListas para fazer o planejamento e controle de todos os tipos de manuten\u00e7\u00e3o e calibra\u00e7\u00e3o, especificando o equipamento\/m\u00e1quina trabalhado, a data, custos e status de realiza\u00e7\u00e3o.<\/p>\n<p>Relat\u00f3rio Din\u00e2mico<br \/>\nEscolha um m\u00eas, trimestre, semestre e um tipo de manuten\u00e7\u00e3o para visualizar todos os trabalhos programados para o per\u00edodo e seu status de realiza\u00e7\u00e3o.<\/p>\n<p>Dashboard de Manuten\u00e7\u00e3o Preventiva<br \/>\nPainel de controle com indicadores e gr\u00e1ficos de controle da quantidade de manuten\u00e7\u00f5es realizadas mensalmente, da divis\u00e3o por tipo e de seus custos.<\/p>\n<p>Checklist de Controle de Manuten\u00e7\u00e3o<br \/>\nLista de verifica\u00e7\u00e3o para auxiliar no acompanhamento de qualquer tipo de manuten\u00e7\u00e3o ou calibra\u00e7\u00e3o que ser\u00e1 realizada na sua empresa.<\/p>\n","protected":false},"featured_media":4519,"comment_status":"open","ping_status":"closed","template":"","meta":{"site-sidebar-layout":"default","site-content-layout":"default","ast-site-content-layout":"","site-content-style":"default","site-sidebar-style":"default","ast-global-header-display":"","ast-banner-title-visibility":"","ast-main-header-display":"","ast-hfb-above-header-display":"","ast-hfb-below-header-display":"","ast-hfb-mobile-header-display":"","site-post-title":"","ast-breadcrumbs-content":"","ast-featured-img":"","footer-sml-layout":"","theme-transparent-header-meta":"default","adv-header-id-meta":"","stick-header-meta":"","header-above-stick-meta":"","header-main-stick-meta":"","header-below-stick-meta":"","astra-migrate-meta-layouts":"default","ast-page-background-enabled":"default","ast-page-background-meta":{"desktop":{"background-color":"","background-image":"","background-repeat":"repeat","background-position":"center center","background-size":"auto","background-attachment":"scroll","background-type":"","background-media":"","overlay-type":"","overlay-color":"","overlay-opacity":"","overlay-gradient":""},"tablet":{"background-color":"","background-image":"","background-repeat":"repeat","background-position":"center center","background-size":"auto","background-attachment":"scroll","background-type":"","background-media":"","overlay-type":"","overlay-color":"","overlay-opacity":"","overlay-gradient":""},"mobile":{"background-color":"","background-image":"","background-repeat":"repeat","background-position":"center center","background-size":"auto","background-attachment":"scroll","background-type":"","background-media":"","overlay-type":"","overlay-color":"","overlay-opacity":"","overlay-gradient":""}},"ast-content-background-meta":{"desktop":{"background-color":"var(--ast-global-color-5)","background-image":"","background-repeat":"repeat","background-position":"center center","background-size":"auto","background-attachment":"scroll","background-type":"","background-media":"","overlay-type":"","overlay-color":"","overlay-opacity":"","overlay-gradient":""},"tablet":{"background-color":"var(--ast-global-color-5)","background-image":"","background-repeat":"repeat","background-position":"center center","background-size":"auto","background-attachment":"scroll","background-type":"","background-media":"","overlay-type":"","overlay-color":"","overlay-opacity":"","overlay-gradient":""},"mobile":{"background-color":"var(--ast-global-color-5)","background-image":"","background-repeat":"repeat","background-position":"center center","background-size":"auto","background-attachment":"scroll","background-type":"","background-media":"","overlay-type":"","overlay-color":"","overlay-opacity":"","overlay-gradient":""}}},"product_brand":[],"product_cat":[993,120],"product_tag":[188,221,222,224,225,223,226,227,220],"class_list":{"0":"post-4518","1":"product","2":"type-product","3":"status-publish","4":"has-post-thumbnail","6":"product_cat-manutencao","7":"product_cat-planilhas-em-excel","8":"product_tag-dashboard-manutencao","9":"product_tag-manutencao-planilha","10":"product_tag-planilha-de-manutencao","11":"product_tag-planilha-de-manutencao-corretiva","12":"product_tag-planilha-de-manutencao-preditiva","13":"product_tag-planilha-de-manutencao-preventiva","14":"product_tag-planilha-de-pcm","15":"product_tag-planilha-de-planejamento-e-controle-da-manutencao","16":"product_tag-planilha-gestao-da-manutencao","17":"desktop-align-left","18":"tablet-align-left","19":"mobile-align-left","21":"first","22":"instock","23":"virtual","24":"purchasable","25":"product-type-simple"},"_links":{"self":[{"href":"https:\/\/pacotedeplanilhas.com\/loja\/wp-json\/wp\/v2\/product\/4518","targetHints":{"allow":["GET"]}}],"collection":[{"href":"https:\/\/pacotedeplanilhas.com\/loja\/wp-json\/wp\/v2\/product"}],"about":[{"href":"https:\/\/pacotedeplanilhas.com\/loja\/wp-json\/wp\/v2\/types\/product"}],"replies":[{"embeddable":true,"href":"https:\/\/pacotedeplanilhas.com\/loja\/wp-json\/wp\/v2\/comments?post=4518"}],"version-history":[{"count":3,"href":"https:\/\/pacotedeplanilhas.com\/loja\/wp-json\/wp\/v2\/product\/4518\/revisions"}],"predecessor-version":[{"id":4527,"href":"https:\/\/pacotedeplanilhas.com\/loja\/wp-json\/wp\/v2\/product\/4518\/revisions\/4527"}],"wp:featuredmedia":[{"embeddable":true,"href":"https:\/\/pacotedeplanilhas.com\/loja\/wp-json\/wp\/v2\/media\/4519"}],"wp:attachment":[{"href":"https:\/\/pacotedeplanilhas.com\/loja\/wp-json\/wp\/v2\/media?parent=4518"}],"wp:term":[{"taxonomy":"product_brand","embeddable":true,"href":"https:\/\/pacotedeplanilhas.com\/loja\/wp-json\/wp\/v2\/product_brand?post=4518"},{"taxonomy":"product_cat","embeddable":true,"href":"https:\/\/pacotedeplanilhas.com\/loja\/wp-json\/wp\/v2\/product_cat?post=4518"},{"taxonomy":"product_tag","embeddable":true,"href":"https:\/\/pacotedeplanilhas.com\/loja\/wp-json\/wp\/v2\/product_tag?post=4518"}],"curies":[{"name":"wp","href":"https:\/\/api.w.org\/{rel}","templated":true}]}}