{"id":4751,"date":"2024-02-20T19:21:29","date_gmt":"2024-02-20T22:21:29","guid":{"rendered":"https:\/\/pacotedeplanilhas.com\/loja\/?post_type=product&#038;p=4751"},"modified":"2024-07-17T21:47:23","modified_gmt":"2024-07-18T00:47:23","slug":"planilha-dashboard-cadastro-de-aniversarios-de-funcionarios-ou-clientes","status":"publish","type":"product","link":"https:\/\/pacotedeplanilhas.com\/loja\/store\/planilhas-em-excel\/planilha-dashboard-cadastro-de-aniversarios-de-funcionarios-ou-clientes\/","title":{"rendered":"Planilha Dashboard Cadastro de anivers\u00e1rios de funcion\u00e1rios ou clientes"},"content":{"rendered":"<p>FA\u00c7A O CONTROLE E CADASTROS DAS DATAS DE ANIVERS\u00c1RIOS DA SUA EMPRESA OU DE CLIENTES DE MANEIRA SIMPLES E R\u00c1PIDA.<\/p>\n<p>Funcionalidades:<\/p>\n<p>Planilha Dashboard em excel \u2013 Cadastros de aniversariantes para funcion\u00e1rios ou clientes.<\/p>\n<p>\u2013 Planilha com resumo dos lan\u00e7amentos manuais:<br \/>\nNome, data de nascimento, data de anivers\u00e1rio;<\/p>\n<p>\u2013 Planilha com resumo dos lan\u00e7amentos autom\u00e1ticos:<br \/>\nM\u00eas do anivers\u00e1rio, ano vigente, idade, dias para o anivers\u00e1rio e quantidade de anivers\u00e1rios com menos de 30 dias;<\/p>\n<p>\u2013 Dashboard din\u00e2mico em Excel com informa\u00e7\u00f5es sobre quantidade de funcion\u00e1rios ou clientes que fazem anivers\u00e1rio de forma mensal, quantiade de funcion\u00e1rios ou clientes da empresa, m\u00eas vigente, m\u00e9dia da idade dos funcion\u00e1rios ou clientes e os aniversariantes do m\u00eas com uma segmenta\u00e7\u00e3o de dados;<\/p>\n<p>\u2013 Planilha 100% edit\u00e1vel \u2013 Apenas s\u00e3o bloqueadas as c\u00e9lulas das formulas, para garantir o funcionamento da automa\u00e7\u00e3o;<\/p>\n<p>PR\u00c9-REQUISITOS:<br \/>\nTer qualquer vers\u00e3o do EXCEL instalada no computador.<\/p>\n<p>VANTAGENS:<br \/>\nSimplicidade em usar e c\u00e1lculos precisos.<\/p>\n<p>INFORMA\u00c7\u00d5ES \u00daTEIS:<br \/>\nSuporte p\u00f3s-venda, via e-mail, para esclarecer quaisquer d\u00favidas que possam surgir.<br \/>\nPlanilha original, comercializada pelo pr\u00f3prio desenvolvedor.<\/p>\n<p>Video explicativo da planilha:<\/p>\n<div class=\"ast-oembed-container \" style=\"height: 100%;\"><iframe title=\"Planilha Dashboard de aniversariantes - funcion\u00e1rios ou clientes\" width=\"500\" height=\"281\" src=\"https:\/\/www.youtube.com\/embed\/mtnfWCh3xrE?feature=oembed\" frameborder=\"0\" allow=\"accelerometer; autoplay; clipboard-write; encrypted-media; gyroscope; picture-in-picture; web-share\" referrerpolicy=\"strict-origin-when-cross-origin\" allowfullscreen><\/iframe><\/div>\n","protected":false},"excerpt":{"rendered":"<p>FA\u00c7A O CONTROLE E CADASTROS DAS DATAS DE ANIVERS\u00c1RIOS DA SUA EMPRESA OU DE CLIENTES DE MANEIRA SIMPLES E R\u00c1PIDA.<\/p>\n<p>Funcionalidades:<\/p>\n<p>Planilha Dashboard em excel \u2013 Cadastros de aniversariantes para funcion\u00e1rios ou clientes.<\/p>\n<p>\u2013 Planilha com resumo dos lan\u00e7amentos manuais:<br \/>\nNome, data de nascimento, data de anivers\u00e1rio;<\/p>\n<p>\u2013 Planilha com resumo dos lan\u00e7amentos autom\u00e1ticos:<br \/>\nM\u00eas do anivers\u00e1rio, ano vigente, idade, dias para o anivers\u00e1rio e quantidade de anivers\u00e1rios com menos de 30 dias;<\/p>\n<p>\u2013 Dashboard din\u00e2mico em Excel com informa\u00e7\u00f5es sobre quantidade de funcion\u00e1rios ou clientes que fazem anivers\u00e1rio de forma mensal, quantiade de funcion\u00e1rios ou clientes da empresa, m\u00eas vigente, m\u00e9dia da idade dos funcion\u00e1rios ou clientes e os aniversariantes do m\u00eas com uma segmenta\u00e7\u00e3o de dados;<\/p>\n<p>\u2013 Planilha 100% edit\u00e1vel \u2013 Apenas s\u00e3o bloqueadas as c\u00e9lulas das formulas, para garantir o funcionamento da automa\u00e7\u00e3o;<\/p>\n<p>PR\u00c9-REQUISITOS:<br \/>\nTer qualquer vers\u00e3o do EXCEL instalada no computador.<\/p>\n<p>VANTAGENS:<br \/>\nSimplicidade em usar e c\u00e1lculos precisos.<\/p>\n<p>INFORMA\u00c7\u00d5ES \u00daTEIS:<br \/>\nSuporte p\u00f3s-venda, via e-mail, para esclarecer quaisquer d\u00favidas que possam surgir.<br \/>\nPlanilha original, comercializada pelo pr\u00f3prio desenvolvedor.<\/p>\n","protected":false},"featured_media":4753,"comment_status":"open","ping_status":"closed","template":"","meta":{"site-sidebar-layout":"default","site-content-layout":"default","ast-site-content-layout":"","site-content-style":"default","site-sidebar-style":"default","ast-global-header-display":"","ast-banner-title-visibility":"","ast-main-header-display":"","ast-hfb-above-header-display":"","ast-hfb-below-header-display":"","ast-hfb-mobile-header-display":"","site-post-title":"","ast-breadcrumbs-content":"","ast-featured-img":"","footer-sml-layout":"","theme-transparent-header-meta":"default","adv-header-id-meta":"","stick-header-meta":"","header-above-stick-meta":"","header-main-stick-meta":"","header-below-stick-meta":"","astra-migrate-meta-layouts":"default","ast-page-background-enabled":"default","ast-page-background-meta":{"desktop":{"background-color":"","background-image":"","background-repeat":"repeat","background-position":"center center","background-size":"auto","background-attachment":"scroll","background-type":"","background-media":"","overlay-type":"","overlay-color":"","overlay-opacity":"","overlay-gradient":""},"tablet":{"background-color":"","background-image":"","background-repeat":"repeat","background-position":"center center","background-size":"auto","background-attachment":"scroll","background-type":"","background-media":"","overlay-type":"","overlay-color":"","overlay-opacity":"","overlay-gradient":""},"mobile":{"background-color":"","background-image":"","background-repeat":"repeat","background-position":"center center","background-size":"auto","background-attachment":"scroll","background-type":"","background-media":"","overlay-type":"","overlay-color":"","overlay-opacity":"","overlay-gradient":""}},"ast-content-background-meta":{"desktop":{"background-color":"var(--ast-global-color-5)","background-image":"","background-repeat":"repeat","background-position":"center center","background-size":"auto","background-attachment":"scroll","background-type":"","background-media":"","overlay-type":"","overlay-color":"","overlay-opacity":"","overlay-gradient":""},"tablet":{"background-color":"var(--ast-global-color-5)","background-image":"","background-repeat":"repeat","background-position":"center center","background-size":"auto","background-attachment":"scroll","background-type":"","background-media":"","overlay-type":"","overlay-color":"","overlay-opacity":"","overlay-gradient":""},"mobile":{"background-color":"var(--ast-global-color-5)","background-image":"","background-repeat":"repeat","background-position":"center center","background-size":"auto","background-attachment":"scroll","background-type":"","background-media":"","overlay-type":"","overlay-color":"","overlay-opacity":"","overlay-gradient":""}}},"product_brand":[],"product_cat":[120,990,994],"product_tag":[500,499,505,503,372,371,498,504,506,502,501],"class_list":{"0":"post-4751","1":"product","2":"type-product","3":"status-publish","4":"has-post-thumbnail","6":"product_cat-planilhas-em-excel","7":"product_cat-recursos-humanos","8":"product_cat-seguranca-do-trabalho","9":"product_tag-aniversarios-para-clientes","10":"product_tag-aniversarios-para-funcionarios","11":"product_tag-dashboard-de-aniversariantes","12":"product_tag-datas-de-aniversarios","13":"product_tag-miguel-rodrigues","14":"product_tag-miguel-rodrigues-adm-e-excel","15":"product_tag-planilha-dashboard-para-aniversarios","16":"product_tag-planilha-de-aniversariante-do-mes","17":"product_tag-planilha-de-cadastro-de-aniversarios-dos-clientes","18":"product_tag-planilha-para-aniversariantes","19":"product_tag-planilha-para-aniversarios","20":"desktop-align-left","21":"tablet-align-left","22":"mobile-align-left","24":"first","25":"instock","26":"virtual","27":"purchasable","28":"product-type-simple"},"_links":{"self":[{"href":"https:\/\/pacotedeplanilhas.com\/loja\/wp-json\/wp\/v2\/product\/4751","targetHints":{"allow":["GET"]}}],"collection":[{"href":"https:\/\/pacotedeplanilhas.com\/loja\/wp-json\/wp\/v2\/product"}],"about":[{"href":"https:\/\/pacotedeplanilhas.com\/loja\/wp-json\/wp\/v2\/types\/product"}],"replies":[{"embeddable":true,"href":"https:\/\/pacotedeplanilhas.com\/loja\/wp-json\/wp\/v2\/comments?post=4751"}],"version-history":[{"count":3,"href":"https:\/\/pacotedeplanilhas.com\/loja\/wp-json\/wp\/v2\/product\/4751\/revisions"}],"predecessor-version":[{"id":4756,"href":"https:\/\/pacotedeplanilhas.com\/loja\/wp-json\/wp\/v2\/product\/4751\/revisions\/4756"}],"wp:featuredmedia":[{"embeddable":true,"href":"https:\/\/pacotedeplanilhas.com\/loja\/wp-json\/wp\/v2\/media\/4753"}],"wp:attachment":[{"href":"https:\/\/pacotedeplanilhas.com\/loja\/wp-json\/wp\/v2\/media?parent=4751"}],"wp:term":[{"taxonomy":"product_brand","embeddable":true,"href":"https:\/\/pacotedeplanilhas.com\/loja\/wp-json\/wp\/v2\/product_brand?post=4751"},{"taxonomy":"product_cat","embeddable":true,"href":"https:\/\/pacotedeplanilhas.com\/loja\/wp-json\/wp\/v2\/product_cat?post=4751"},{"taxonomy":"product_tag","embeddable":true,"href":"https:\/\/pacotedeplanilhas.com\/loja\/wp-json\/wp\/v2\/product_tag?post=4751"}],"curies":[{"name":"wp","href":"https:\/\/api.w.org\/{rel}","templated":true}]}}