{"id":4852,"date":"2024-03-27T15:35:53","date_gmt":"2024-03-27T18:35:53","guid":{"rendered":"https:\/\/pacotedeplanilhas.com\/loja\/?post_type=product&#038;p=4852"},"modified":"2024-07-17T21:46:46","modified_gmt":"2024-07-18T00:46:46","slug":"planilha-dashboard-em-excel-de-vendas-com-metas","status":"publish","type":"product","link":"https:\/\/pacotedeplanilhas.com\/loja\/store\/comercial\/planilha-dashboard-em-excel-de-vendas-com-metas\/","title":{"rendered":"Planilha Dashboard em Excel de vendas com Metas"},"content":{"rendered":"<p>FA\u00c7A O CONTROLE E ACOMPANHAMENTO DE VENDAS DE MANEIRA SIMPLES E R\u00c1PIDA.<\/p>\n<p>Funcionalidades:<\/p>\n<p>Nos lan\u00e7amentos da Planilha:<\/p>\n<p>C\u00e9lulas Manuais em branco:<\/p>\n<p>\u2013 Cpf, nome, valor, produto, banco, consultora ou vendedor, metodo, status, data do contrato, telefone e meta;<\/p>\n<p>C\u00e9lulas em cinza que tem preenchimento autom\u00e1tico<\/p>\n<p>\u2013 M\u00eas e ano;<\/p>\n<p>O dashboard de vendas:<\/p>\n<p>Valores totais:<\/p>\n<p>\u2013 Quantidade de produtos vendidos, quantidade de produtos pagos, quantidade de produtos n\u00e3o pagos, faturamento dos produtos pagos, faturamento dos produtos n\u00e3o pagaos (a receber);<\/p>\n<p>Gr\u00e1ficos:<\/p>\n<p>\u2013 Faturamento mensal de produtos pagos, faturamento, vendas consultoras x metas, percentual da meta por consultora, faturamento por produto;<\/p>\n<p>Os filtros em forma de Segmenta\u00e7\u00e3o de dados:<\/p>\n<p>\u2013 Ano, m\u00eas, consultora e produto;<\/p>\n<p>Planilha 100% edit\u00e1vel<\/p>\n<p>PR\u00c9-REQUISITOS:<br \/>\nTer qualquer vers\u00e3o do EXCEL instalada no computador.<\/p>\n<p>VANTAGENS:<br \/>\nSimplicidade em usar e c\u00e1lculos precisos.<\/p>\n<p>INFORMA\u00c7\u00d5ES \u00daTEIS:<br \/>\nSuporte p\u00f3s-venda, via e-mail, para esclarecer quaisquer d\u00favidas que possam surgir. Planilha original, comercializada pelo pr\u00f3prio desenvolvedor.<\/p>\n<p>Video explicativo da planilha:<\/p>\n<p>&nbsp;<\/p>\n","protected":false},"excerpt":{"rendered":"<p>FA\u00c7A O CONTROLE E ACOMPANHAMENTO DE VENDAS DE MANEIRA SIMPLES E R\u00c1PIDA. Funcionalidades: Nos lan\u00e7amentos da Planilha: C\u00e9lulas Manuais em branco: \u2013 Cpf, nome, valor, produto, banco, consultora ou vendedor, metodo, status, data do contrato, telefone e meta; C\u00e9lulas em cinza que tem preenchimento autom\u00e1tico \u2013 M\u00eas e ano; O dashboard de vendas: Valores totais: [&hellip;]<\/p>\n","protected":false},"featured_media":4855,"comment_status":"open","ping_status":"closed","template":"","meta":{"site-sidebar-layout":"default","site-content-layout":"default","ast-site-content-layout":"","site-content-style":"default","site-sidebar-style":"default","ast-global-header-display":"","ast-banner-title-visibility":"","ast-main-header-display":"","ast-hfb-above-header-display":"","ast-hfb-below-header-display":"","ast-hfb-mobile-header-display":"","site-post-title":"","ast-breadcrumbs-content":"","ast-featured-img":"","footer-sml-layout":"","theme-transparent-header-meta":"default","adv-header-id-meta":"","stick-header-meta":"","header-above-stick-meta":"","header-main-stick-meta":"","header-below-stick-meta":"","astra-migrate-meta-layouts":"default","ast-page-background-enabled":"default","ast-page-background-meta":{"desktop":{"background-color":"","background-image":"","background-repeat":"repeat","background-position":"center center","background-size":"auto","background-attachment":"scroll","background-type":"","background-media":"","overlay-type":"","overlay-color":"","overlay-opacity":"","overlay-gradient":""},"tablet":{"background-color":"","background-image":"","background-repeat":"repeat","background-position":"center center","background-size":"auto","background-attachment":"scroll","background-type":"","background-media":"","overlay-type":"","overlay-color":"","overlay-opacity":"","overlay-gradient":""},"mobile":{"background-color":"","background-image":"","background-repeat":"repeat","background-position":"center center","background-size":"auto","background-attachment":"scroll","background-type":"","background-media":"","overlay-type":"","overlay-color":"","overlay-opacity":"","overlay-gradient":""}},"ast-content-background-meta":{"desktop":{"background-color":"var(--ast-global-color-5)","background-image":"","background-repeat":"repeat","background-position":"center center","background-size":"auto","background-attachment":"scroll","background-type":"","background-media":"","overlay-type":"","overlay-color":"","overlay-opacity":"","overlay-gradient":""},"tablet":{"background-color":"var(--ast-global-color-5)","background-image":"","background-repeat":"repeat","background-position":"center center","background-size":"auto","background-attachment":"scroll","background-type":"","background-media":"","overlay-type":"","overlay-color":"","overlay-opacity":"","overlay-gradient":""},"mobile":{"background-color":"var(--ast-global-color-5)","background-image":"","background-repeat":"repeat","background-position":"center center","background-size":"auto","background-attachment":"scroll","background-type":"","background-media":"","overlay-type":"","overlay-color":"","overlay-opacity":"","overlay-gradient":""}}},"product_brand":[],"product_cat":[998,120],"product_tag":[489,532,528,526,429,524,312,525,128,530,372,371,527,522,523,520,205,521,531,529],"class_list":{"0":"post-4852","1":"product","2":"type-product","3":"status-publish","4":"has-post-thumbnail","6":"product_cat-comercial","7":"product_cat-planilhas-em-excel","8":"product_tag-acompanhamento-de-vendas","9":"product_tag-alcancarmetas","10":"product_tag-analisededados","11":"product_tag-como-aprender-excel","12":"product_tag-controle-de-vendas","13":"product_tag-controle-de-vendas-com-metas","14":"product_tag-dashboard-de-vendas-em-excel","15":"product_tag-dashboard-em-excel-planilha-de-vendas-com-metas","16":"product_tag-excel","17":"product_tag-gestaodevendas","18":"product_tag-miguel-rodrigues","19":"product_tag-miguel-rodrigues-adm-e-excel","20":"product_tag-performancedevendas","21":"product_tag-planilha-com-meta-de-vendas","22":"product_tag-planilha-com-metas-de-vendedores","23":"product_tag-planilha-dashboard-de-vendas","24":"product_tag-planilha-de-vendas","25":"product_tag-planilha-de-vendas-com-metas","26":"product_tag-produtividadeemvenda","27":"product_tag-sucessoemvendas","28":"desktop-align-left","29":"tablet-align-left","30":"mobile-align-left","32":"first","33":"instock","34":"virtual","35":"purchasable","36":"product-type-simple"},"_links":{"self":[{"href":"https:\/\/pacotedeplanilhas.com\/loja\/wp-json\/wp\/v2\/product\/4852","targetHints":{"allow":["GET"]}}],"collection":[{"href":"https:\/\/pacotedeplanilhas.com\/loja\/wp-json\/wp\/v2\/product"}],"about":[{"href":"https:\/\/pacotedeplanilhas.com\/loja\/wp-json\/wp\/v2\/types\/product"}],"replies":[{"embeddable":true,"href":"https:\/\/pacotedeplanilhas.com\/loja\/wp-json\/wp\/v2\/comments?post=4852"}],"version-history":[{"count":2,"href":"https:\/\/pacotedeplanilhas.com\/loja\/wp-json\/wp\/v2\/product\/4852\/revisions"}],"predecessor-version":[{"id":4857,"href":"https:\/\/pacotedeplanilhas.com\/loja\/wp-json\/wp\/v2\/product\/4852\/revisions\/4857"}],"wp:featuredmedia":[{"embeddable":true,"href":"https:\/\/pacotedeplanilhas.com\/loja\/wp-json\/wp\/v2\/media\/4855"}],"wp:attachment":[{"href":"https:\/\/pacotedeplanilhas.com\/loja\/wp-json\/wp\/v2\/media?parent=4852"}],"wp:term":[{"taxonomy":"product_brand","embeddable":true,"href":"https:\/\/pacotedeplanilhas.com\/loja\/wp-json\/wp\/v2\/product_brand?post=4852"},{"taxonomy":"product_cat","embeddable":true,"href":"https:\/\/pacotedeplanilhas.com\/loja\/wp-json\/wp\/v2\/product_cat?post=4852"},{"taxonomy":"product_tag","embeddable":true,"href":"https:\/\/pacotedeplanilhas.com\/loja\/wp-json\/wp\/v2\/product_tag?post=4852"}],"curies":[{"name":"wp","href":"https:\/\/api.w.org\/{rel}","templated":true}]}}