{"id":4866,"date":"2024-04-05T09:51:24","date_gmt":"2024-04-05T12:51:24","guid":{"rendered":"https:\/\/pacotedeplanilhas.com\/loja\/?post_type=product&#038;p=4866"},"modified":"2024-07-17T21:46:29","modified_gmt":"2024-07-18T00:46:29","slug":"dashbord-em-power-bi-vendas-mercado-livre","status":"publish","type":"product","link":"https:\/\/pacotedeplanilhas.com\/loja\/store\/comercial\/dashbord-em-power-bi-vendas-mercado-livre\/","title":{"rendered":"Dashbord em Power Bi &#8211; Vendas Mercado Livre"},"content":{"rendered":"<p>FA\u00c7A O CONTROLE E ACOMPANHAMENTO DE VENDAS\u00a0 NO MERCADO LIVRE DE MANEIRA SIMPLES E R\u00c1PIDA.<\/p>\n<p>Funcionalidades:<\/p>\n<p>Nos lan\u00e7amentos da Planilha:<\/p>\n<p>O projeto conta duas planilhas como base de dados, o relat\u00f3rio de vendas do mercado livre e uma planilha de metas para as metas serem definidas no projeto.<\/p>\n<p>O projeto \u00e9 dividido em quatro dashboards, o dashboard de comiss\u00f5es, dashboard de faturamento, dashboard de custos e o dashboard de quantidade, a seguir vou mostrar as informa\u00e7\u00f5es de cada Dashboard.<\/p>\n<p>O dashboard de vendas comiss\u00f5es:<\/p>\n<p>Valores totais:<\/p>\n<p>\u2013 Faturamento total, custo total, comiss\u00f5es, quantidade vendida quantidade cancelada e churn de vendas;<\/p>\n<p>Gr\u00e1ficos:<\/p>\n<p>\u2013 Comiss\u00f5es x Meta de comiss\u00f5es, comiss\u00f5es por produtos, vendas por publicidade e formas de entrega;<\/p>\n<p>Os filtros em forma de Segmenta\u00e7\u00e3o de dados:<\/p>\n<p>\u2013 Ano, m\u00eas e produto;<\/p>\n<p>O dashboard de Custos:<\/p>\n<p>Valores totais:<\/p>\n<p>\u2013 Custo total, Tarifa de venda do ML, custo com envio, vendas canceladas, quantidade vendida quantidade cancelada e churn de vendas;<\/p>\n<p>Gr\u00e1ficos:<\/p>\n<p>\u2013 Custo total mensal, custo por produto (tarifas do mercado livre), custo com envio de produto e produtos com compras canceladas;<\/p>\n<p>Os filtros em forma de Segmenta\u00e7\u00e3o de dados:<\/p>\n<p>\u2013 Ano, m\u00eas e produto;<\/p>\n<p>O dashboard de faturamento:<\/p>\n<p>Valores totais:<\/p>\n<p>\u2013 Faturamento, faturamento envios, ticket m\u00e9dio, quantidade vendida quantidade cancelada e churn de vendas;<\/p>\n<p>Gr\u00e1ficos:<\/p>\n<p>\u2013 Faturamento x Meta de faturamento, faturamento por produtos, faturamento por Estado;<\/p>\n<p>Os filtros em forma de Segmenta\u00e7\u00e3o de dados:<\/p>\n<p>\u2013 Ano, m\u00eas e produto;<\/p>\n<p>O dashboard de Quantidade:<\/p>\n<p>Valores totais:<\/p>\n<p>\u2013 Quantidade vendida, quantidade cancelada, ticke m\u00e9dio sobre faturamento dos produtos, vendas por publicidade, vendas sem publicidade e churn de vendas;<\/p>\n<p>Gr\u00e1ficos:<\/p>\n<p>\u2013 Quantidade vendida mensal, quantidade vendida por produtos, quantidade vendida por estados;<\/p>\n<p>Os filtros em forma de Segmenta\u00e7\u00e3o de dados:<\/p>\n<p>\u2013 Ano, m\u00eas e produto;<\/p>\n<p>Planilha 100% edit\u00e1vel<\/p>\n<p>PR\u00c9-REQUISITOS:<br \/>\nTer qualquer vers\u00e3o do EXCEL instalada no computador.<\/p>\n<p>VANTAGENS:<br \/>\nSimplicidade em usar e c\u00e1lculos precisos.<\/p>\n<p>INFORMA\u00c7\u00d5ES \u00daTEIS:<br \/>\nSuporte p\u00f3s-venda, via e-mail, para esclarecer quaisquer d\u00favidas que possam surgir. Projeto em power BI original, comercializada pelo pr\u00f3prio desenvolvedor.<\/p>\n<p>Video explicativo do projeto:<\/p>\n<div class=\"ast-oembed-container \" style=\"height: 100%;\"><iframe title=\"Dashboard em Power Bi - Vendas no Mercado livre\" width=\"500\" height=\"281\" src=\"https:\/\/www.youtube.com\/embed\/WiAd3gCpZOs?feature=oembed\" frameborder=\"0\" allow=\"accelerometer; autoplay; clipboard-write; encrypted-media; gyroscope; picture-in-picture; web-share\" referrerpolicy=\"strict-origin-when-cross-origin\" allowfullscreen><\/iframe><\/div>\n<p>&nbsp;<\/p>\n","protected":false},"excerpt":{"rendered":"<p>FA\u00c7A O CONTROLE E ACOMPANHAMENTO DE VENDAS\u00a0 NO MERCADO LIVRE DE MANEIRA SIMPLES E R\u00c1PIDA. Funcionalidades: Nos lan\u00e7amentos da Planilha: O projeto conta duas planilhas como base de dados, o relat\u00f3rio de vendas do mercado livre e uma planilha de metas para as metas serem definidas no projeto. O projeto \u00e9 dividido em quatro dashboards, [&hellip;]<\/p>\n","protected":false},"featured_media":4873,"comment_status":"open","ping_status":"closed","template":"","meta":{"site-sidebar-layout":"default","site-content-layout":"default","ast-site-content-layout":"","site-content-style":"default","site-sidebar-style":"default","ast-global-header-display":"","ast-banner-title-visibility":"","ast-main-header-display":"","ast-hfb-above-header-display":"","ast-hfb-below-header-display":"","ast-hfb-mobile-header-display":"","site-post-title":"","ast-breadcrumbs-content":"","ast-featured-img":"","footer-sml-layout":"","theme-transparent-header-meta":"default","adv-header-id-meta":"","stick-header-meta":"","header-above-stick-meta":"","header-main-stick-meta":"","header-below-stick-meta":"","astra-migrate-meta-layouts":"default","ast-page-background-enabled":"default","ast-page-background-meta":{"desktop":{"background-color":"","background-image":"","background-repeat":"repeat","background-position":"center center","background-size":"auto","background-attachment":"scroll","background-type":"","background-media":"","overlay-type":"","overlay-color":"","overlay-opacity":"","overlay-gradient":""},"tablet":{"background-color":"","background-image":"","background-repeat":"repeat","background-position":"center center","background-size":"auto","background-attachment":"scroll","background-type":"","background-media":"","overlay-type":"","overlay-color":"","overlay-opacity":"","overlay-gradient":""},"mobile":{"background-color":"","background-image":"","background-repeat":"repeat","background-position":"center center","background-size":"auto","background-attachment":"scroll","background-type":"","background-media":"","overlay-type":"","overlay-color":"","overlay-opacity":"","overlay-gradient":""}},"ast-content-background-meta":{"desktop":{"background-color":"var(--ast-global-color-5)","background-image":"","background-repeat":"repeat","background-position":"center center","background-size":"auto","background-attachment":"scroll","background-type":"","background-media":"","overlay-type":"","overlay-color":"","overlay-opacity":"","overlay-gradient":""},"tablet":{"background-color":"var(--ast-global-color-5)","background-image":"","background-repeat":"repeat","background-position":"center center","background-size":"auto","background-attachment":"scroll","background-type":"","background-media":"","overlay-type":"","overlay-color":"","overlay-opacity":"","overlay-gradient":""},"mobile":{"background-color":"var(--ast-global-color-5)","background-image":"","background-repeat":"repeat","background-position":"center center","background-size":"auto","background-attachment":"scroll","background-type":"","background-media":"","overlay-type":"","overlay-color":"","overlay-opacity":"","overlay-gradient":""}}},"product_brand":[],"product_cat":[998,176],"product_tag":[535,536,538,544,547,542,537,541,533,540,372,371,543,205,374,435,539,430,546,545,534],"class_list":{"0":"post-4866","1":"product","2":"type-product","3":"status-publish","4":"has-post-thumbnail","6":"product_cat-comercial","7":"product_cat-power-bi","8":"product_tag-analise-de-vendas","9":"product_tag-comissionamento","10":"product_tag-custos-de-vendas","11":"product_tag-dashboard-em-power-bi-vendas-no-mercado-livre","12":"product_tag-dashboard-mercado-livre","13":"product_tag-eficiencia-nas-vendas","14":"product_tag-faturamento-de-vendas","15":"product_tag-insights-de-vendas","16":"product_tag-mercado-livre","17":"product_tag-metas-de-vendas","18":"product_tag-miguel-rodrigues","19":"product_tag-miguel-rodrigues-adm-e-excel","20":"product_tag-negocio-online","21":"product_tag-planilha-de-vendas","22":"product_tag-planilha-mercado-livre","23":"product_tag-power-bi","24":"product_tag-quantidade-de-produtos-vendidos","25":"product_tag-relatorio-de-vendas","26":"product_tag-relatorio-de-vendas-no-mercado-livre","27":"product_tag-vendas-no-ml","28":"product_tag-vendas-online","29":"desktop-align-left","30":"tablet-align-left","31":"mobile-align-left","33":"first","34":"instock","35":"virtual","36":"purchasable","37":"product-type-simple"},"_links":{"self":[{"href":"https:\/\/pacotedeplanilhas.com\/loja\/wp-json\/wp\/v2\/product\/4866","targetHints":{"allow":["GET"]}}],"collection":[{"href":"https:\/\/pacotedeplanilhas.com\/loja\/wp-json\/wp\/v2\/product"}],"about":[{"href":"https:\/\/pacotedeplanilhas.com\/loja\/wp-json\/wp\/v2\/types\/product"}],"replies":[{"embeddable":true,"href":"https:\/\/pacotedeplanilhas.com\/loja\/wp-json\/wp\/v2\/comments?post=4866"}],"version-history":[{"count":3,"href":"https:\/\/pacotedeplanilhas.com\/loja\/wp-json\/wp\/v2\/product\/4866\/revisions"}],"predecessor-version":[{"id":4876,"href":"https:\/\/pacotedeplanilhas.com\/loja\/wp-json\/wp\/v2\/product\/4866\/revisions\/4876"}],"wp:featuredmedia":[{"embeddable":true,"href":"https:\/\/pacotedeplanilhas.com\/loja\/wp-json\/wp\/v2\/media\/4873"}],"wp:attachment":[{"href":"https:\/\/pacotedeplanilhas.com\/loja\/wp-json\/wp\/v2\/media?parent=4866"}],"wp:term":[{"taxonomy":"product_brand","embeddable":true,"href":"https:\/\/pacotedeplanilhas.com\/loja\/wp-json\/wp\/v2\/product_brand?post=4866"},{"taxonomy":"product_cat","embeddable":true,"href":"https:\/\/pacotedeplanilhas.com\/loja\/wp-json\/wp\/v2\/product_cat?post=4866"},{"taxonomy":"product_tag","embeddable":true,"href":"https:\/\/pacotedeplanilhas.com\/loja\/wp-json\/wp\/v2\/product_tag?post=4866"}],"curies":[{"name":"wp","href":"https:\/\/api.w.org\/{rel}","templated":true}]}}