{"id":4911,"date":"2024-04-17T15:28:19","date_gmt":"2024-04-17T18:28:19","guid":{"rendered":"https:\/\/pacotedeplanilhas.com\/loja\/?post_type=product&#038;p=4911"},"modified":"2024-07-17T21:46:15","modified_gmt":"2024-07-18T00:46:15","slug":"planilha-dashboard-controle-de-acidentes-seguranca-do-trabalho","status":"publish","type":"product","link":"https:\/\/pacotedeplanilhas.com\/loja\/store\/planilhas-em-excel\/planilha-dashboard-controle-de-acidentes-seguranca-do-trabalho\/","title":{"rendered":"Planilha Dashboard Controle de acidentes Seguran\u00e7a do Trabalho"},"content":{"rendered":"<p>FA\u00c7A O CONTROLE E ACOMPANHAMENTO DE ACIDENTES DA SUA EMPRESA DE MANEIRA SIMPLES E R\u00c1PIDA.<\/p>\n<p>Funcionalidades:<\/p>\n<p>Nos cadastros da Planilha:<\/p>\n<p>C\u00e9lulas Manuais em branco:<\/p>\n<p>\u2013 N\u00ba sso, nome do colaborador, data, sexo, setor, turno, parte do corpo, fonte geradora, tipo de acidente, supervisor, relat\u00f3rio de enfermagem, cat, ensaio fotogr\u00e1fico, masp, tst, filmagem, status, eficacia do plano de a\u00e7\u00e3o;<\/p>\n<p>C\u00e9lulas em cinza que tem preenchimento autom\u00e1tico<\/p>\n<p>\u2013 M\u00eas e ano;<\/p>\n<p>O dashboard Controle de Acidentes 01:<\/p>\n<p>Valores totais:<\/p>\n<p>\u2013 Total de acidentes;<\/p>\n<p>Gr\u00e1ficos:<\/p>\n<p>\u2013 Tipos de acidentes, ocorr\u00eancia por supervisor, quantidade de ocorr\u00eancias mensais, ocorr\u00eancia por gen\u00earo, status da investiga\u00e7\u00e3o, parte do corpo humano e turno da ocorr\u00eancia;<\/p>\n<p>Os filtros em forma de Segmenta\u00e7\u00e3o de dados:<\/p>\n<p>\u2013 Ano, m\u00eas, nome do colaborador, sexo, setor, turno e TST;<\/p>\n<p>O dashboard Controle de Acidentes 02:<\/p>\n<p>Gr\u00e1ficos:<\/p>\n<p>\u2013 Ocorr\u00eancia por fonte geradora, ocorr\u00eanca por setores;<\/p>\n<p>Os filtros em forma de Segmenta\u00e7\u00e3o de dados:<\/p>\n<p>\u2013 Ano, m\u00eas, nome do colaborador, sexo, setor, turno e TST;<\/p>\n<p>Planilha 100% edit\u00e1vel<\/p>\n<p>PR\u00c9-REQUISITOS:<br \/>\nTer qualquer vers\u00e3o do EXCEL instalada no computador.<\/p>\n<p>VANTAGENS:<br \/>\nSimplicidade em usar e c\u00e1lculos precisos.<\/p>\n<p>INFORMA\u00c7\u00d5ES \u00daTEIS:<br \/>\nSuporte p\u00f3s-venda, via e-mail, para esclarecer quaisquer d\u00favidas que possam surgir. Planilha original, comercializada pelo pr\u00f3prio desenvolvedor.<\/p>\n<p>Video explicativo da planilha:<\/p>\n<div class=\"ast-oembed-container \" style=\"height: 100%;\"><iframe title=\"Planilha Dashboard Controle de acidentes Seguran\u00e7a do Trabalho\" width=\"500\" height=\"281\" src=\"https:\/\/www.youtube.com\/embed\/YLADm9fWhGM?feature=oembed\" frameborder=\"0\" allow=\"accelerometer; autoplay; clipboard-write; encrypted-media; gyroscope; picture-in-picture; web-share\" referrerpolicy=\"strict-origin-when-cross-origin\" allowfullscreen><\/iframe><\/div>\n<p>&nbsp;<\/p>\n","protected":false},"excerpt":{"rendered":"<p>FA\u00c7A O CONTROLE E ACOMPANHAMENTO DE ACIDENTES DA SUA EMPRESA DE MANEIRA SIMPLES E R\u00c1PIDA. Funcionalidades: Nos cadastros da Planilha: C\u00e9lulas Manuais em branco: \u2013 N\u00ba sso, nome do colaborador, data, sexo, setor, turno, parte do corpo, fonte geradora, tipo de acidente, supervisor, relat\u00f3rio de enfermagem, cat, ensaio fotogr\u00e1fico, masp, tst, filmagem, status, eficacia do [&hellip;]<\/p>\n","protected":false},"featured_media":4912,"comment_status":"open","ping_status":"closed","template":"","meta":{"site-sidebar-layout":"default","site-content-layout":"default","ast-site-content-layout":"","site-content-style":"default","site-sidebar-style":"default","ast-global-header-display":"","ast-banner-title-visibility":"","ast-main-header-display":"","ast-hfb-above-header-display":"","ast-hfb-below-header-display":"","ast-hfb-mobile-header-display":"","site-post-title":"","ast-breadcrumbs-content":"","ast-featured-img":"","footer-sml-layout":"","theme-transparent-header-meta":"default","adv-header-id-meta":"","stick-header-meta":"","header-above-stick-meta":"","header-main-stick-meta":"","header-below-stick-meta":"","astra-migrate-meta-layouts":"default","ast-page-background-enabled":"default","ast-page-background-meta":{"desktop":{"background-color":"","background-image":"","background-repeat":"repeat","background-position":"center center","background-size":"auto","background-attachment":"scroll","background-type":"","background-media":"","overlay-type":"","overlay-color":"","overlay-opacity":"","overlay-gradient":""},"tablet":{"background-color":"","background-image":"","background-repeat":"repeat","background-position":"center center","background-size":"auto","background-attachment":"scroll","background-type":"","background-media":"","overlay-type":"","overlay-color":"","overlay-opacity":"","overlay-gradient":""},"mobile":{"background-color":"","background-image":"","background-repeat":"repeat","background-position":"center center","background-size":"auto","background-attachment":"scroll","background-type":"","background-media":"","overlay-type":"","overlay-color":"","overlay-opacity":"","overlay-gradient":""}},"ast-content-background-meta":{"desktop":{"background-color":"var(--ast-global-color-5)","background-image":"","background-repeat":"repeat","background-position":"center center","background-size":"auto","background-attachment":"scroll","background-type":"","background-media":"","overlay-type":"","overlay-color":"","overlay-opacity":"","overlay-gradient":""},"tablet":{"background-color":"var(--ast-global-color-5)","background-image":"","background-repeat":"repeat","background-position":"center center","background-size":"auto","background-attachment":"scroll","background-type":"","background-media":"","overlay-type":"","overlay-color":"","overlay-opacity":"","overlay-gradient":""},"mobile":{"background-color":"var(--ast-global-color-5)","background-image":"","background-repeat":"repeat","background-position":"center center","background-size":"auto","background-attachment":"scroll","background-type":"","background-media":"","overlay-type":"","overlay-color":"","overlay-opacity":"","overlay-gradient":""}}},"product_brand":[],"product_cat":[120,994],"product_tag":[549,552,554,550,124,557,556,551,435,553,555,548,558],"class_list":{"0":"post-4911","1":"product","2":"type-product","3":"status-publish","4":"has-post-thumbnail","6":"product_cat-planilhas-em-excel","7":"product_cat-seguranca-do-trabalho","8":"product_tag-acidentes-de-trabalho","9":"product_tag-ambiente-de-trabalho-seguro","10":"product_tag-analise-de-dados","11":"product_tag-controle-de-acidentes","12":"product_tag-dashboard","13":"product_tag-ferramentas-de-seguranca","14":"product_tag-gestao-de-rh","15":"product_tag-gestao-de-seguranca","16":"product_tag-power-bi","17":"product_tag-prevencao-de-acidentes","18":"product_tag-saude-ocupacional","19":"product_tag-seguranca-do-trabalho","20":"product_tag-seguranca-ocupacional","21":"desktop-align-left","22":"tablet-align-left","23":"mobile-align-left","25":"first","26":"instock","27":"virtual","28":"purchasable","29":"product-type-simple"},"_links":{"self":[{"href":"https:\/\/pacotedeplanilhas.com\/loja\/wp-json\/wp\/v2\/product\/4911","targetHints":{"allow":["GET"]}}],"collection":[{"href":"https:\/\/pacotedeplanilhas.com\/loja\/wp-json\/wp\/v2\/product"}],"about":[{"href":"https:\/\/pacotedeplanilhas.com\/loja\/wp-json\/wp\/v2\/types\/product"}],"replies":[{"embeddable":true,"href":"https:\/\/pacotedeplanilhas.com\/loja\/wp-json\/wp\/v2\/comments?post=4911"}],"version-history":[{"count":4,"href":"https:\/\/pacotedeplanilhas.com\/loja\/wp-json\/wp\/v2\/product\/4911\/revisions"}],"predecessor-version":[{"id":5028,"href":"https:\/\/pacotedeplanilhas.com\/loja\/wp-json\/wp\/v2\/product\/4911\/revisions\/5028"}],"wp:featuredmedia":[{"embeddable":true,"href":"https:\/\/pacotedeplanilhas.com\/loja\/wp-json\/wp\/v2\/media\/4912"}],"wp:attachment":[{"href":"https:\/\/pacotedeplanilhas.com\/loja\/wp-json\/wp\/v2\/media?parent=4911"}],"wp:term":[{"taxonomy":"product_brand","embeddable":true,"href":"https:\/\/pacotedeplanilhas.com\/loja\/wp-json\/wp\/v2\/product_brand?post=4911"},{"taxonomy":"product_cat","embeddable":true,"href":"https:\/\/pacotedeplanilhas.com\/loja\/wp-json\/wp\/v2\/product_cat?post=4911"},{"taxonomy":"product_tag","embeddable":true,"href":"https:\/\/pacotedeplanilhas.com\/loja\/wp-json\/wp\/v2\/product_tag?post=4911"}],"curies":[{"name":"wp","href":"https:\/\/api.w.org\/{rel}","templated":true}]}}