{"id":4965,"date":"2024-04-22T14:45:35","date_gmt":"2024-04-22T17:45:35","guid":{"rendered":"https:\/\/pacotedeplanilhas.com\/loja\/?post_type=product&#038;p=4965"},"modified":"2024-07-17T21:44:43","modified_gmt":"2024-07-18T00:44:43","slug":"planilha-dashboard-controle-de-orcado-realizado","status":"publish","type":"product","link":"https:\/\/pacotedeplanilhas.com\/loja\/store\/financeiro\/planilha-dashboard-controle-de-orcado-realizado\/","title":{"rendered":"Planilha Dashboard Controle Or\u00e7ado x Realizado"},"content":{"rendered":"<p>FA\u00c7A O CONTROLE E ACOMPANHAMENTO DE OR\u00c7ADO x REALIZADO DA SUA EMPRESA DE MANEIRA SIMPLES E R\u00c1PIDA.<\/p>\n<p>Funcionalidades:<\/p>\n<p>Nos cadastros da Planilha<\/p>\n<p>Cadastro:<\/p>\n<p>\u2013Ano de vig\u00eancia, departamento\/centro de custo;<\/p>\n<p>Lan\u00e7amentos 01:<\/p>\n<p>\u2013M\u00eas, depto, or\u00e7ado, origem;<\/p>\n<p>Lan\u00e7amentos 02:<\/p>\n<p>\u2013M\u00eas, centro de custo, gasto, origem;<\/p>\n<p>Lan\u00e7amentos 03:<\/p>\n<p>C\u00e9lulas Manuais em branco:<\/p>\n<p>\u2013Origem, m\u00eas, depto, valor;<\/p>\n<p>C\u00e9lulas em cinza que tem preenchimento autom\u00e1tico<\/p>\n<p>\u2013Chave 1, chave 2, chave 3;<\/p>\n<p>O dashboard<\/p>\n<p>Valores totais:<\/p>\n<p>\u2013Ano da an\u00e1lise, total or\u00e7ado, total realizado, saldo, percentual realizado;<\/p>\n<p>Gr\u00e1ficos:<\/p>\n<p>\u2013Or\u00e7ado x Realizado, participa\u00e7\u00e3o or\u00e7ado x realizado por departamento, indicador gasto po depto, evolu\u00e7\u00e3o de or\u00e7amento x despesas;<\/p>\n<p>Planilha 100% edit\u00e1vel<\/p>\n<p>PR\u00c9-REQUISITOS:<br \/>\nTer qualquer vers\u00e3o do EXCEL instalada no computador.<\/p>\n<p>VANTAGENS:<br \/>\nSimplicidade em usar e c\u00e1lculos precisos.<\/p>\n<p>INFORMA\u00c7\u00d5ES \u00daTEIS:<br \/>\nSuporte p\u00f3s-venda, via e-mail, para esclarecer quaisquer d\u00favidas que possam surgir. Planilha original, comercializada pelo pr\u00f3prio desenvolvedor.<\/p>\n<p>Video explicativo da planilha:<\/p>\n<div class=\"ast-oembed-container \" style=\"height: 100%;\"><iframe title=\"Planilha Dashboard or\u00e7ado x realizado\" width=\"500\" height=\"281\" src=\"https:\/\/www.youtube.com\/embed\/KxgEycvGyDI?feature=oembed\" frameborder=\"0\" allow=\"accelerometer; autoplay; clipboard-write; encrypted-media; gyroscope; picture-in-picture; web-share\" referrerpolicy=\"strict-origin-when-cross-origin\" allowfullscreen><\/iframe><\/div>\n<p>&nbsp;<\/p>\n","protected":false},"excerpt":{"rendered":"<p>FA\u00c7A O CONTROLE E ACOMPANHAMENTO DE OR\u00c7ADO x REALIZADO DA SUA EMPRESA DE MANEIRA SIMPLES E R\u00c1PIDA. Funcionalidades: Nos cadastros da Planilha Cadastro: \u2013Ano de vig\u00eancia, departamento\/centro de custo; Lan\u00e7amentos 01: \u2013M\u00eas, depto, or\u00e7ado, origem; Lan\u00e7amentos 02: \u2013M\u00eas, centro de custo, gasto, origem; Lan\u00e7amentos 03: C\u00e9lulas Manuais em branco: \u2013Origem, m\u00eas, depto, valor; C\u00e9lulas em [&hellip;]<\/p>\n","protected":false},"featured_media":4967,"comment_status":"open","ping_status":"closed","template":"","meta":{"site-sidebar-layout":"default","site-content-layout":"default","ast-site-content-layout":"","site-content-style":"default","site-sidebar-style":"default","ast-global-header-display":"","ast-banner-title-visibility":"","ast-main-header-display":"","ast-hfb-above-header-display":"","ast-hfb-below-header-display":"","ast-hfb-mobile-header-display":"","site-post-title":"","ast-breadcrumbs-content":"","ast-featured-img":"","footer-sml-layout":"","theme-transparent-header-meta":"default","adv-header-id-meta":"","stick-header-meta":"","header-above-stick-meta":"","header-main-stick-meta":"","header-below-stick-meta":"","astra-migrate-meta-layouts":"default","ast-page-background-enabled":"default","ast-page-background-meta":{"desktop":{"background-color":"","background-image":"","background-repeat":"repeat","background-position":"center center","background-size":"auto","background-attachment":"scroll","background-type":"","background-media":"","overlay-type":"","overlay-color":"","overlay-opacity":"","overlay-gradient":""},"tablet":{"background-color":"","background-image":"","background-repeat":"repeat","background-position":"center center","background-size":"auto","background-attachment":"scroll","background-type":"","background-media":"","overlay-type":"","overlay-color":"","overlay-opacity":"","overlay-gradient":""},"mobile":{"background-color":"","background-image":"","background-repeat":"repeat","background-position":"center center","background-size":"auto","background-attachment":"scroll","background-type":"","background-media":"","overlay-type":"","overlay-color":"","overlay-opacity":"","overlay-gradient":""}},"ast-content-background-meta":{"desktop":{"background-color":"var(--ast-global-color-5)","background-image":"","background-repeat":"repeat","background-position":"center center","background-size":"auto","background-attachment":"scroll","background-type":"","background-media":"","overlay-type":"","overlay-color":"","overlay-opacity":"","overlay-gradient":""},"tablet":{"background-color":"var(--ast-global-color-5)","background-image":"","background-repeat":"repeat","background-position":"center center","background-size":"auto","background-attachment":"scroll","background-type":"","background-media":"","overlay-type":"","overlay-color":"","overlay-opacity":"","overlay-gradient":""},"mobile":{"background-color":"var(--ast-global-color-5)","background-image":"","background-repeat":"repeat","background-position":"center center","background-size":"auto","background-attachment":"scroll","background-type":"","background-media":"","overlay-type":"","overlay-color":"","overlay-opacity":"","overlay-gradient":""}}},"product_brand":[],"product_cat":[991,120],"product_tag":[580,596,588,597,155,601,582,585,590,372,371,581,579,600,599,583,595,598,586,594],"class_list":{"0":"post-4965","1":"product","2":"type-product","3":"status-publish","4":"has-post-thumbnail","6":"product_cat-financeiro","7":"product_cat-planilhas-em-excel","8":"product_tag-controle-financeiro","9":"product_tag-dashboard-orcamento","10":"product_tag-equilibrio-financeiro","11":"product_tag-excel-de-orcado-vs-realizado","12":"product_tag-financas","13":"product_tag-fundamentos","14":"product_tag-gerenciamento-financeiro","15":"product_tag-gestao-de-despesas","16":"product_tag-investimentos","17":"product_tag-miguel-rodrigues","18":"product_tag-miguel-rodrigues-adm-e-excel","19":"product_tag-orcado-x-realizado","20":"product_tag-orcamento","21":"product_tag-orcamento-consolidado","22":"product_tag-orcamento-empresarial","23":"product_tag-planejamento-financeiro","24":"product_tag-planilha-dashboard-orcado-x-realizado","25":"product_tag-planilha-de-orcado-vs-realizado","26":"product_tag-produto-financeiro","27":"product_tag-tutorial-financeiro","28":"desktop-align-left","29":"tablet-align-left","30":"mobile-align-left","32":"first","33":"instock","34":"virtual","35":"purchasable","36":"product-type-simple"},"_links":{"self":[{"href":"https:\/\/pacotedeplanilhas.com\/loja\/wp-json\/wp\/v2\/product\/4965","targetHints":{"allow":["GET"]}}],"collection":[{"href":"https:\/\/pacotedeplanilhas.com\/loja\/wp-json\/wp\/v2\/product"}],"about":[{"href":"https:\/\/pacotedeplanilhas.com\/loja\/wp-json\/wp\/v2\/types\/product"}],"replies":[{"embeddable":true,"href":"https:\/\/pacotedeplanilhas.com\/loja\/wp-json\/wp\/v2\/comments?post=4965"}],"version-history":[{"count":5,"href":"https:\/\/pacotedeplanilhas.com\/loja\/wp-json\/wp\/v2\/product\/4965\/revisions"}],"predecessor-version":[{"id":5025,"href":"https:\/\/pacotedeplanilhas.com\/loja\/wp-json\/wp\/v2\/product\/4965\/revisions\/5025"}],"wp:featuredmedia":[{"embeddable":true,"href":"https:\/\/pacotedeplanilhas.com\/loja\/wp-json\/wp\/v2\/media\/4967"}],"wp:attachment":[{"href":"https:\/\/pacotedeplanilhas.com\/loja\/wp-json\/wp\/v2\/media?parent=4965"}],"wp:term":[{"taxonomy":"product_brand","embeddable":true,"href":"https:\/\/pacotedeplanilhas.com\/loja\/wp-json\/wp\/v2\/product_brand?post=4965"},{"taxonomy":"product_cat","embeddable":true,"href":"https:\/\/pacotedeplanilhas.com\/loja\/wp-json\/wp\/v2\/product_cat?post=4965"},{"taxonomy":"product_tag","embeddable":true,"href":"https:\/\/pacotedeplanilhas.com\/loja\/wp-json\/wp\/v2\/product_tag?post=4965"}],"curies":[{"name":"wp","href":"https:\/\/api.w.org\/{rel}","templated":true}]}}