{"id":4995,"date":"2024-04-26T16:03:20","date_gmt":"2024-04-26T19:03:20","guid":{"rendered":"https:\/\/pacotedeplanilhas.com\/loja\/?post_type=product&#038;p=4995"},"modified":"2024-07-17T21:43:13","modified_gmt":"2024-07-18T00:43:13","slug":"projeto-em-power-bi-controle-de-treinamentos","status":"publish","type":"product","link":"https:\/\/pacotedeplanilhas.com\/loja\/store\/power-bi\/projeto-em-power-bi-controle-de-treinamentos\/","title":{"rendered":"Projeto em Power BI &#8211; Controle De Treinamentos"},"content":{"rendered":"<p>FA\u00c7A O CONTROLE E ACOMPANHAMENTO DOS TREINAMENTOS DA SUA EMPRESA DE MANEIRA SIMPLES E R\u00c1PIDA.<\/p>\n<p>Funcionalidades:<\/p>\n<p>Nos cadastros da Planilha:<\/p>\n<p>Lan\u00e7amentos:<\/p>\n<p>C\u00e9lulas Manuais em branco<\/p>\n<p>\u2013Cluster, matricula, curso, modalidade, data, data final, dura\u00e7\u00e3o, local, fornecedor, presen\u00e7a, status, turma, tipo de treinamento, ano\/safra;<\/p>\n<p>C\u00e9lulas em cinza que tem preenchimento autom\u00e1tico<\/p>\n<p>\u2013Unidade, nome do colaborador, fun\u00e7\u00e3o, custo reateado, custo da turma, pres_cont, area;<\/p>\n<p>Dados do curso:<\/p>\n<p>\u2013Curso, cluster;<\/p>\n<p>Dados do funcion\u00e1rio :<\/p>\n<p>\u2013Empresa &#8211; nome, matr\u00edcula, nome, estabelecimento &#8211; munic\u00edpio, admiss\u00e3o, fun\u00e7\u00e3o &#8211; nome, unidade, area;<\/p>\n<p>Planejamento:<\/p>\n<p>C\u00e9lulas Manuais em branco<\/p>\n<p><span style=\"font-size: 16px; font-style: normal; font-weight: 400;\">\u2013N\u00b0 da turma, data de treinamento, data final, curso, custo, tipo de treinamento, moe, our, gua, mve, cim, itt, trp, paf, itb, sju, fru, ita, total de alunos, local, fun\u00e7\u00e3o;\u00a0<\/span><\/p>\n<p>C\u00e9lulas em cinza que tem preenchimento autom\u00e1tico<\/p>\n<p><span style=\"font-size: 16px; font-style: normal; font-weight: 400;\">\u2013Ano;<\/span><\/p>\n<p>Dashboard 01<\/p>\n<p>Gr\u00e1ficos:<\/p>\n<p>\u2013Quantidade de funcion\u00e1rios selecionados por m\u00eas, quantidade de funcion\u00e1rios por turma, quantidade funcion\u00e1rios por \u00e1rea, quantidade funcion\u00e1rios por unidade, quantidade funcion\u00e1rios por curso;<\/p>\n<p>Valores totais:<\/p>\n<p>\u2013Quantidade total de treinamentos, quantidade presentes, quantidade ausente, ader\u00eancia frequ\u00eancia, quantidade de turmas, quantidade de cursos;<\/p>\n<p>Os filtros em forma de Segmenta\u00e7\u00e3o de dados:<\/p>\n<p>\u2013Ano, m\u00eas, turma, curso, trilha, nome colaborador, unidade;<\/p>\n<p>Dashboard 02<\/p>\n<p>Gr\u00e1ficos:<\/p>\n<p>\u2013Custo planejado x custo real, custo real x custo planejamento por treinamento, custo real por trilha, custo real por turma, custo rateado por funcion\u00e1rio;<\/p>\n<p>Valores totais:<\/p>\n<p>\u2013Custo planejado, custo m\u00e9dio planejado por curso, custo real, custo m\u00e9dio real por funcion\u00e1rio;<\/p>\n<p>Os filtros em forma de Segmenta\u00e7\u00e3o de dados:<\/p>\n<p>\u2013Ano, m\u00eas, turma, curso, trilha, nome colaborador, unidade;<\/p>\n<p>Dashboard 03<\/p>\n<p>Gr\u00e1ficos:<\/p>\n<p>\u2013Quantidade de funcion\u00e1rios presentes x funcion\u00e1rios planejados, quantidade treinamento por status, quantidade funcion\u00e1rios por trilha;<\/p>\n<p>Valores totais:<\/p>\n<p>\u2013Quantidade de funfion\u00e1rios presentes, quantidade funcion\u00e1rios planejados, ader\u00eancia ao planejamento;<\/p>\n<p>Os filtros em forma de Segmenta\u00e7\u00e3o de dados:<\/p>\n<p>\u2013Ano, m\u00eas, dia do m\u00eas, fun\u00e7\u00e3o, curso;<\/p>\n<p>Planilha 100% edit\u00e1vel<\/p>\n<p>PR\u00c9-REQUISITOS:<br \/>\nTer qualquer vers\u00e3o do EXCEL instalada no computador.<\/p>\n<p>VANTAGENS:<br \/>\nSimplicidade em usar e c\u00e1lculos precisos.<\/p>\n<p>INFORMA\u00c7\u00d5ES \u00daTEIS:<br \/>\nSuporte p\u00f3s-venda, via e-mail, para esclarecer quaisquer d\u00favidas que possam surgir. Planilha original, comercializada pelo pr\u00f3prio desenvolvedor.<\/p>\n<p>Video explicativo da planilha:<\/p>\n<div class=\"ast-oembed-container \" style=\"height: 100%;\"><iframe title=\"Projeto power bi   Controle de treinamentos\" width=\"500\" height=\"281\" src=\"https:\/\/www.youtube.com\/embed\/sK_7j2VoxIo?feature=oembed\" frameborder=\"0\" allow=\"accelerometer; autoplay; clipboard-write; encrypted-media; gyroscope; picture-in-picture; web-share\" referrerpolicy=\"strict-origin-when-cross-origin\" allowfullscreen><\/iframe><\/div>\n<p>&nbsp;<\/p>\n","protected":false},"excerpt":{"rendered":"<p>FA\u00c7A O CONTROLE E ACOMPANHAMENTO DOS TREINAMENTOS DA SUA EMPRESA DE MANEIRA SIMPLES E R\u00c1PIDA. Funcionalidades: Nos cadastros da Planilha: Lan\u00e7amentos: C\u00e9lulas Manuais em branco \u2013Cluster, matricula, curso, modalidade, data, data final, dura\u00e7\u00e3o, local, fornecedor, presen\u00e7a, status, turma, tipo de treinamento, ano\/safra; C\u00e9lulas em cinza que tem preenchimento autom\u00e1tico \u2013Unidade, nome do colaborador, fun\u00e7\u00e3o, custo [&hellip;]<\/p>\n","protected":false},"featured_media":5003,"comment_status":"open","ping_status":"closed","template":"","meta":{"site-sidebar-layout":"default","site-content-layout":"default","ast-site-content-layout":"","site-content-style":"default","site-sidebar-style":"default","ast-global-header-display":"","ast-banner-title-visibility":"","ast-main-header-display":"","ast-hfb-above-header-display":"","ast-hfb-below-header-display":"","ast-hfb-mobile-header-display":"","site-post-title":"","ast-breadcrumbs-content":"","ast-featured-img":"","footer-sml-layout":"","theme-transparent-header-meta":"default","adv-header-id-meta":"","stick-header-meta":"","header-above-stick-meta":"","header-main-stick-meta":"","header-below-stick-meta":"","astra-migrate-meta-layouts":"default","ast-page-background-enabled":"default","ast-page-background-meta":{"desktop":{"background-color":"","background-image":"","background-repeat":"repeat","background-position":"center center","background-size":"auto","background-attachment":"scroll","background-type":"","background-media":"","overlay-type":"","overlay-color":"","overlay-opacity":"","overlay-gradient":""},"tablet":{"background-color":"","background-image":"","background-repeat":"repeat","background-position":"center center","background-size":"auto","background-attachment":"scroll","background-type":"","background-media":"","overlay-type":"","overlay-color":"","overlay-opacity":"","overlay-gradient":""},"mobile":{"background-color":"","background-image":"","background-repeat":"repeat","background-position":"center center","background-size":"auto","background-attachment":"scroll","background-type":"","background-media":"","overlay-type":"","overlay-color":"","overlay-opacity":"","overlay-gradient":""}},"ast-content-background-meta":{"desktop":{"background-color":"var(--ast-global-color-5)","background-image":"","background-repeat":"repeat","background-position":"center center","background-size":"auto","background-attachment":"scroll","background-type":"","background-media":"","overlay-type":"","overlay-color":"","overlay-opacity":"","overlay-gradient":""},"tablet":{"background-color":"var(--ast-global-color-5)","background-image":"","background-repeat":"repeat","background-position":"center center","background-size":"auto","background-attachment":"scroll","background-type":"","background-media":"","overlay-type":"","overlay-color":"","overlay-opacity":"","overlay-gradient":""},"mobile":{"background-color":"var(--ast-global-color-5)","background-image":"","background-repeat":"repeat","background-position":"center center","background-size":"auto","background-attachment":"scroll","background-type":"","background-media":"","overlay-type":"","overlay-color":"","overlay-opacity":"","overlay-gradient":""}}},"product_brand":[],"product_cat":[176,990,994],"product_tag":[621,620,554,616,618,514,626,625,565,627,622,605,624,617,559,435,451,123,619,623,402,612],"class_list":{"0":"post-4995","1":"product","2":"type-product","3":"status-publish","4":"has-post-thumbnail","6":"product_cat-power-bi","7":"product_cat-recursos-humanos","8":"product_cat-seguranca-do-trabalho","9":"product_tag-acompanhamento-de-cursos","10":"product_tag-analise-de-custos","11":"product_tag-analise-de-dados","12":"product_tag-controle-de-treinamentos","13":"product_tag-desenvolvimento-de-funcionarios","14":"product_tag-eficiencia-operacional","15":"product_tag-estrategias-de-treinamento","16":"product_tag-excelencia-organizacional","17":"product_tag-ferramentas-de-bi","18":"product_tag-gestao-de-desempenho","19":"product_tag-gestao-de-recursos","20":"product_tag-gestao-empresarial","21":"product_tag-monitoramento-de-treinamentos","22":"product_tag-otimizacao-de-processos","23":"product_tag-planilha","24":"product_tag-power-bi","25":"product_tag-produtividade","26":"product_tag-recursos-humanos","27":"product_tag-relatorios-de-treinamento","28":"product_tag-relatorios-personalizados","29":"product_tag-rh","30":"product_tag-tomada-de-decisao","31":"desktop-align-left","32":"tablet-align-left","33":"mobile-align-left","35":"first","36":"instock","37":"virtual","38":"purchasable","39":"product-type-simple"},"_links":{"self":[{"href":"https:\/\/pacotedeplanilhas.com\/loja\/wp-json\/wp\/v2\/product\/4995","targetHints":{"allow":["GET"]}}],"collection":[{"href":"https:\/\/pacotedeplanilhas.com\/loja\/wp-json\/wp\/v2\/product"}],"about":[{"href":"https:\/\/pacotedeplanilhas.com\/loja\/wp-json\/wp\/v2\/types\/product"}],"replies":[{"embeddable":true,"href":"https:\/\/pacotedeplanilhas.com\/loja\/wp-json\/wp\/v2\/comments?post=4995"}],"version-history":[{"count":5,"href":"https:\/\/pacotedeplanilhas.com\/loja\/wp-json\/wp\/v2\/product\/4995\/revisions"}],"predecessor-version":[{"id":5023,"href":"https:\/\/pacotedeplanilhas.com\/loja\/wp-json\/wp\/v2\/product\/4995\/revisions\/5023"}],"wp:featuredmedia":[{"embeddable":true,"href":"https:\/\/pacotedeplanilhas.com\/loja\/wp-json\/wp\/v2\/media\/5003"}],"wp:attachment":[{"href":"https:\/\/pacotedeplanilhas.com\/loja\/wp-json\/wp\/v2\/media?parent=4995"}],"wp:term":[{"taxonomy":"product_brand","embeddable":true,"href":"https:\/\/pacotedeplanilhas.com\/loja\/wp-json\/wp\/v2\/product_brand?post=4995"},{"taxonomy":"product_cat","embeddable":true,"href":"https:\/\/pacotedeplanilhas.com\/loja\/wp-json\/wp\/v2\/product_cat?post=4995"},{"taxonomy":"product_tag","embeddable":true,"href":"https:\/\/pacotedeplanilhas.com\/loja\/wp-json\/wp\/v2\/product_tag?post=4995"}],"curies":[{"name":"wp","href":"https:\/\/api.w.org\/{rel}","templated":true}]}}