{"id":5081,"date":"2024-05-09T14:31:20","date_gmt":"2024-05-09T17:31:20","guid":{"rendered":"https:\/\/pacotedeplanilhas.com\/loja\/?post_type=product&#038;p=5081"},"modified":"2024-07-17T21:41:38","modified_gmt":"2024-07-18T00:41:38","slug":"projeto-em-power-bi-controle-de-overview-logistico","status":"publish","type":"product","link":"https:\/\/pacotedeplanilhas.com\/loja\/store\/logistica\/projeto-em-power-bi-controle-de-overview-logistico\/","title":{"rendered":"Projeto em Power BI &#8211; Dashboard Overview Log\u00edstico"},"content":{"rendered":"<p>FA\u00c7A O CONTROLE E ACOMPANHAMENTO DOS OVERVIEW LOG\u00cdSTICO DA SUA EMPRESA DE MANEIRA SIMPLES E R\u00c1PIDA.<\/p>\n<p>Funcionalidades:<\/p>\n<p>Nos cadastros da Planilha:<\/p>\n<p>Lan\u00e7amentos:<\/p>\n<p>C\u00e9lulas Manuais em branco<\/p>\n<p>\u2013N\u00b0 pedido, unidade, cliente, motorista, data entrega prevista, destino, itens, R$ faturado, sa\u00edsa para entega, data entrega real, quantidade devolu\u00e7\u00e3o, motivo devolu\u00e7\u00e3o, dias para entega, status;<\/p>\n<p>C\u00e9lulas em cinza que tem preenchimento autom\u00e1tico<\/p>\n<p>\u2013Entrega real dias;<\/p>\n<p>Dashboard 01<\/p>\n<p>Gr\u00e1ficos:<\/p>\n<p>\u2013Quantidade de pedidos mensais, otif por unidade, status da entega, entregas atrasadas por motorista, devolu\u00e7\u00e3o por motorias, motivo da devolu\u00e7\u00e3o;<\/p>\n<p>Valores totais:<\/p>\n<p>\u2013Pedidos, motoristas, quantidade produtos devolvidos, entegas conclu\u00eddas, decolu\u00e7\u00f5es entregas, quantidade produtos entregues, otif quantidade de entregas no prazo e de forma correta ;<\/p>\n<p>Os filtros em forma de Segmenta\u00e7\u00e3o de dados:<\/p>\n<p>\u2013Ano, m\u00eas, status, unidade;<\/p>\n<p>Dashboard 02<\/p>\n<p>Gr\u00e1ficos:<\/p>\n<p>\u2013Faturamento mensal, faturamento por unidade, percentual de faturamento por unidade, planejado x realizado &#8211; entregas em dias;<\/p>\n<p>Valores totais:<\/p>\n<p>\u2013Faturamento total;<\/p>\n<p>Os filtros em forma de Segmenta\u00e7\u00e3o de dados:<\/p>\n<p>\u2013Ano, m\u00eas, status, unidade;<\/p>\n<p>Planilha 100% edit\u00e1vel<\/p>\n<p>PR\u00c9-REQUISITOS:<br \/>\nTer qualquer vers\u00e3o do EXCEL instalada no computador.<\/p>\n<p>VANTAGENS:<br \/>\nSimplicidade em usar e c\u00e1lculos precisos.<\/p>\n<p>INFORMA\u00c7\u00d5ES \u00daTEIS:<br \/>\nSuporte p\u00f3s-venda, via e-mail, para esclarecer quaisquer d\u00favidas que possam surgir. Planilha original, comercializada pelo pr\u00f3prio desenvolvedor.<\/p>\n<p>Video explicativo da planilha:<\/p>\n<div class=\"ast-oembed-container \" style=\"height: 100%;\"><iframe title=\"Dashboard em Power BI - Overview log\u00edstico (log\u00edstica)\" width=\"500\" height=\"281\" src=\"https:\/\/www.youtube.com\/embed\/lVlRJ_O_qL8?feature=oembed\" frameborder=\"0\" allow=\"accelerometer; autoplay; clipboard-write; encrypted-media; gyroscope; picture-in-picture; web-share\" referrerpolicy=\"strict-origin-when-cross-origin\" allowfullscreen><\/iframe><\/div>\n<p>&nbsp;<\/p>\n","protected":false},"excerpt":{"rendered":"<p>FA\u00c7A O CONTROLE E ACOMPANHAMENTO DOS OVERVIEW LOG\u00cdSTICO DA SUA EMPRESA DE MANEIRA SIMPLES E R\u00c1PIDA. Funcionalidades: Nos cadastros da Planilha: Lan\u00e7amentos: C\u00e9lulas Manuais em branco \u2013N\u00b0 pedido, unidade, cliente, motorista, data entrega prevista, destino, itens, R$ faturado, sa\u00edsa para entega, data entrega real, quantidade devolu\u00e7\u00e3o, motivo devolu\u00e7\u00e3o, dias para entega, status; C\u00e9lulas em cinza [&hellip;]<\/p>\n","protected":false},"featured_media":5082,"comment_status":"open","ping_status":"closed","template":"","meta":{"site-sidebar-layout":"default","site-content-layout":"default","ast-site-content-layout":"","site-content-style":"default","site-sidebar-style":"default","ast-global-header-display":"","ast-banner-title-visibility":"","ast-main-header-display":"","ast-hfb-above-header-display":"","ast-hfb-below-header-display":"","ast-hfb-mobile-header-display":"","site-post-title":"","ast-breadcrumbs-content":"","ast-featured-img":"","footer-sml-layout":"","theme-transparent-header-meta":"default","adv-header-id-meta":"","stick-header-meta":"","header-above-stick-meta":"","header-main-stick-meta":"","header-below-stick-meta":"","astra-migrate-meta-layouts":"default","ast-page-background-enabled":"default","ast-page-background-meta":{"desktop":{"background-color":"","background-image":"","background-repeat":"repeat","background-position":"center center","background-size":"auto","background-attachment":"scroll","background-type":"","background-media":"","overlay-type":"","overlay-color":"","overlay-opacity":"","overlay-gradient":""},"tablet":{"background-color":"","background-image":"","background-repeat":"repeat","background-position":"center center","background-size":"auto","background-attachment":"scroll","background-type":"","background-media":"","overlay-type":"","overlay-color":"","overlay-opacity":"","overlay-gradient":""},"mobile":{"background-color":"","background-image":"","background-repeat":"repeat","background-position":"center center","background-size":"auto","background-attachment":"scroll","background-type":"","background-media":"","overlay-type":"","overlay-color":"","overlay-opacity":"","overlay-gradient":""}},"ast-content-background-meta":{"desktop":{"background-color":"var(--ast-global-color-5)","background-image":"","background-repeat":"repeat","background-position":"center center","background-size":"auto","background-attachment":"scroll","background-type":"","background-media":"","overlay-type":"","overlay-color":"","overlay-opacity":"","overlay-gradient":""},"tablet":{"background-color":"var(--ast-global-color-5)","background-image":"","background-repeat":"repeat","background-position":"center center","background-size":"auto","background-attachment":"scroll","background-type":"","background-media":"","overlay-type":"","overlay-color":"","overlay-opacity":"","overlay-gradient":""},"mobile":{"background-color":"var(--ast-global-color-5)","background-image":"","background-repeat":"repeat","background-position":"center center","background-size":"auto","background-attachment":"scroll","background-type":"","background-media":"","overlay-type":"","overlay-color":"","overlay-opacity":"","overlay-gradient":""}}},"product_brand":[],"product_cat":[989,176],"product_tag":[554,670,665,563,666,607,124,655,659,651,668,664,657,667,662,510,672,669,661,663,658,671,660,435,515],"class_list":{"0":"post-5081","1":"product","2":"type-product","3":"status-publish","4":"has-post-thumbnail","6":"product_cat-logistica","7":"product_cat-power-bi","8":"product_tag-analise-de-dados","9":"product_tag-analise-de-desempenho","10":"product_tag-analise-logistica","11":"product_tag-business-intelligence","12":"product_tag-cadeia-de-suprimentos","13":"product_tag-controle-de-estoque","14":"product_tag-dashboard","15":"product_tag-eficiencia","16":"product_tag-entrega","17":"product_tag-gestao","18":"product_tag-gestao-de-transporte","19":"product_tag-inteligencia-de-negocios","20":"product_tag-logistica","21":"product_tag-logistica-de-distribuicao","22":"product_tag-logistica-de-transporte","23":"product_tag-logistica-empresarial","24":"product_tag-logistica-integrada","25":"product_tag-monitoramento-de-frota","26":"product_tag-motoristas","27":"product_tag-otimizacao-de-processos-bi","28":"product_tag-overview","29":"product_tag-painel-de-controle","30":"product_tag-pedidos","31":"product_tag-power-bi","32":"product_tag-visualizacao-de-dados","33":"desktop-align-left","34":"tablet-align-left","35":"mobile-align-left","37":"first","38":"instock","39":"virtual","40":"purchasable","41":"product-type-simple"},"_links":{"self":[{"href":"https:\/\/pacotedeplanilhas.com\/loja\/wp-json\/wp\/v2\/product\/5081","targetHints":{"allow":["GET"]}}],"collection":[{"href":"https:\/\/pacotedeplanilhas.com\/loja\/wp-json\/wp\/v2\/product"}],"about":[{"href":"https:\/\/pacotedeplanilhas.com\/loja\/wp-json\/wp\/v2\/types\/product"}],"replies":[{"embeddable":true,"href":"https:\/\/pacotedeplanilhas.com\/loja\/wp-json\/wp\/v2\/comments?post=5081"}],"version-history":[{"count":2,"href":"https:\/\/pacotedeplanilhas.com\/loja\/wp-json\/wp\/v2\/product\/5081\/revisions"}],"predecessor-version":[{"id":5087,"href":"https:\/\/pacotedeplanilhas.com\/loja\/wp-json\/wp\/v2\/product\/5081\/revisions\/5087"}],"wp:featuredmedia":[{"embeddable":true,"href":"https:\/\/pacotedeplanilhas.com\/loja\/wp-json\/wp\/v2\/media\/5082"}],"wp:attachment":[{"href":"https:\/\/pacotedeplanilhas.com\/loja\/wp-json\/wp\/v2\/media?parent=5081"}],"wp:term":[{"taxonomy":"product_brand","embeddable":true,"href":"https:\/\/pacotedeplanilhas.com\/loja\/wp-json\/wp\/v2\/product_brand?post=5081"},{"taxonomy":"product_cat","embeddable":true,"href":"https:\/\/pacotedeplanilhas.com\/loja\/wp-json\/wp\/v2\/product_cat?post=5081"},{"taxonomy":"product_tag","embeddable":true,"href":"https:\/\/pacotedeplanilhas.com\/loja\/wp-json\/wp\/v2\/product_tag?post=5081"}],"curies":[{"name":"wp","href":"https:\/\/api.w.org\/{rel}","templated":true}]}}