{"id":5121,"date":"2024-05-13T14:47:53","date_gmt":"2024-05-13T17:47:53","guid":{"rendered":"https:\/\/pacotedeplanilhas.com\/loja\/?post_type=product&#038;p=5121"},"modified":"2024-07-17T21:40:54","modified_gmt":"2024-07-18T00:40:54","slug":"planilha-dashboard-controle-de-ocorencia","status":"publish","type":"product","link":"https:\/\/pacotedeplanilhas.com\/loja\/store\/planilhas-em-excel\/planilha-dashboard-controle-de-ocorencia\/","title":{"rendered":"Planilha Dashboard Controle De Ocorr\u00eancia"},"content":{"rendered":"<p>FA\u00c7A O CONTROLE E ACOMPANHAMENTO DE OCORR\u00caNCIA DA SUA EMPRESA DE MANEIRA SIMPLES E R\u00c1PIDA.<\/p>\n<p>Funcionalidades<\/p>\n<p>Cadatros:<\/p>\n<p>\u2013Tipos de ocorr\u00eancia, tempo de fun\u00e7\u00e3o, parte do corpo humano;<\/p>\n<p>Funcion\u00e1rios:<\/p>\n<p>\u2013N\u00b0, nome do funcion\u00e1rio. admiss\u00e3o, cargo, departamento, sexo;<\/p>\n<p>Lan\u00e7amentos:<\/p>\n<p>C\u00e9lulas Manuais em branco:<\/p>\n<p>\u2013Data da ocorr\u00eancia, nome do funcion\u00e1rio, tipo de ocorr\u00eancia, dias afastados, tempo na fun\u00e7\u00e3o, parte do corpo humano;<\/p>\n<p>C\u00e9lulas em cinza que tem preenchimento autom\u00e1tico:<\/p>\n<p>\u2013Cargo, departamento, sexo, m\u00eas, ano;<\/p>\n<p>O dashboard<\/p>\n<p>Valores totais:<\/p>\n<p>\u2013Ocorr\u00eancias, dias afastados;<\/p>\n<p>Gr\u00e1ficos:<\/p>\n<p>\u2013Ocorr\u00eancia mensal, ocorr\u00eancia por sexo, parte do corpo atingida por ocorr\u00eancias, ocorr\u00eancias por setor, principais causas por ocorr\u00eancias, tempo na fun\u00e7\u00e3o por ocorr\u00eancias;<\/p>\n<p>Os filtros em forma de Segmenta\u00e7\u00e3o de dados:<\/p>\n<p>\u2013 Ano, m\u00eas, departamento, sexo, nome do funcion\u00e1rio;<\/p>\n<p>Planilha 100% edit\u00e1vel<\/p>\n<p>PR\u00c9-REQUISITOS:<br \/>\nTer qualquer vers\u00e3o do EXCEL instalada no computador.<\/p>\n<p>VANTAGENS:<br \/>\nSimplicidade em usar e c\u00e1lculos precisos.<\/p>\n<p>INFORMA\u00c7\u00d5ES \u00daTEIS:<br \/>\nSuporte p\u00f3s-venda, via e-mail, para esclarecer quaisquer d\u00favidas que possam surgir. Planilha original, comercializada pelo pr\u00f3prio desenvolvedor.<\/p>\n<p>Video explicativo da planilha:<\/p>\n<div class=\"ast-oembed-container \" style=\"height: 100%;\"><iframe title=\"Planilhas Dashboard Controle de Ocorr\u00eancias SST\" width=\"500\" height=\"281\" src=\"https:\/\/www.youtube.com\/embed\/QEQiIYfk6iE?feature=oembed\" frameborder=\"0\" allow=\"accelerometer; autoplay; clipboard-write; encrypted-media; gyroscope; picture-in-picture; web-share\" referrerpolicy=\"strict-origin-when-cross-origin\" allowfullscreen><\/iframe><\/div>\n","protected":false},"excerpt":{"rendered":"<p>FA\u00c7A O CONTROLE E ACOMPANHAMENTO DE OCORR\u00caNCIA DA SUA EMPRESA DE MANEIRA SIMPLES E R\u00c1PIDA. Funcionalidades Cadatros: \u2013Tipos de ocorr\u00eancia, tempo de fun\u00e7\u00e3o, parte do corpo humano; Funcion\u00e1rios: \u2013N\u00b0, nome do funcion\u00e1rio. admiss\u00e3o, cargo, departamento, sexo; Lan\u00e7amentos: C\u00e9lulas Manuais em branco: \u2013Data da ocorr\u00eancia, nome do funcion\u00e1rio, tipo de ocorr\u00eancia, dias afastados, tempo na fun\u00e7\u00e3o, [&hellip;]<\/p>\n","protected":false},"featured_media":5122,"comment_status":"open","ping_status":"closed","template":"","meta":{"site-sidebar-layout":"default","site-content-layout":"default","ast-site-content-layout":"","site-content-style":"default","site-sidebar-style":"default","ast-global-header-display":"","ast-banner-title-visibility":"","ast-main-header-display":"","ast-hfb-above-header-display":"","ast-hfb-below-header-display":"","ast-hfb-mobile-header-display":"","site-post-title":"","ast-breadcrumbs-content":"","ast-featured-img":"","footer-sml-layout":"","theme-transparent-header-meta":"default","adv-header-id-meta":"","stick-header-meta":"","header-above-stick-meta":"","header-main-stick-meta":"","header-below-stick-meta":"","astra-migrate-meta-layouts":"default","ast-page-background-enabled":"default","ast-page-background-meta":{"desktop":{"background-color":"","background-image":"","background-repeat":"repeat","background-position":"center center","background-size":"auto","background-attachment":"scroll","background-type":"","background-media":"","overlay-type":"","overlay-color":"","overlay-opacity":"","overlay-gradient":""},"tablet":{"background-color":"","background-image":"","background-repeat":"repeat","background-position":"center center","background-size":"auto","background-attachment":"scroll","background-type":"","background-media":"","overlay-type":"","overlay-color":"","overlay-opacity":"","overlay-gradient":""},"mobile":{"background-color":"","background-image":"","background-repeat":"repeat","background-position":"center center","background-size":"auto","background-attachment":"scroll","background-type":"","background-media":"","overlay-type":"","overlay-color":"","overlay-opacity":"","overlay-gradient":""}},"ast-content-background-meta":{"desktop":{"background-color":"var(--ast-global-color-5)","background-image":"","background-repeat":"repeat","background-position":"center center","background-size":"auto","background-attachment":"scroll","background-type":"","background-media":"","overlay-type":"","overlay-color":"","overlay-opacity":"","overlay-gradient":""},"tablet":{"background-color":"var(--ast-global-color-5)","background-image":"","background-repeat":"repeat","background-position":"center center","background-size":"auto","background-attachment":"scroll","background-type":"","background-media":"","overlay-type":"","overlay-color":"","overlay-opacity":"","overlay-gradient":""},"mobile":{"background-color":"var(--ast-global-color-5)","background-image":"","background-repeat":"repeat","background-position":"center center","background-size":"auto","background-attachment":"scroll","background-type":"","background-media":"","overlay-type":"","overlay-color":"","overlay-opacity":"","overlay-gradient":""}}},"product_brand":[],"product_cat":[120,994],"product_tag":[549,554,692,124,655,654,128,653,693,694,695,700,701,452,559,451,699,696,697,698],"class_list":{"0":"post-5121","1":"product","2":"type-product","3":"status-publish","4":"has-post-thumbnail","6":"product_cat-planilhas-em-excel","7":"product_cat-seguranca-do-trabalho","8":"product_tag-acidentes-de-trabalho","9":"product_tag-analise-de-dados","10":"product_tag-controle-de-ocorrencia","11":"product_tag-dashboard","12":"product_tag-eficiencia","13":"product_tag-empresa","14":"product_tag-excel","15":"product_tag-ferramenta","16":"product_tag-gerenciamento-de-incidentes","17":"product_tag-gestao-de-dados","18":"product_tag-graficos","19":"product_tag-monitoramento","20":"product_tag-ocorrencia","21":"product_tag-organizacao","22":"product_tag-planilha","23":"product_tag-produtividade","24":"product_tag-registro","25":"product_tag-relatorios","26":"product_tag-seguranca-no-trabalho","27":"product_tag-software","28":"desktop-align-left","29":"tablet-align-left","30":"mobile-align-left","32":"first","33":"instock","34":"virtual","35":"purchasable","36":"product-type-simple"},"_links":{"self":[{"href":"https:\/\/pacotedeplanilhas.com\/loja\/wp-json\/wp\/v2\/product\/5121","targetHints":{"allow":["GET"]}}],"collection":[{"href":"https:\/\/pacotedeplanilhas.com\/loja\/wp-json\/wp\/v2\/product"}],"about":[{"href":"https:\/\/pacotedeplanilhas.com\/loja\/wp-json\/wp\/v2\/types\/product"}],"replies":[{"embeddable":true,"href":"https:\/\/pacotedeplanilhas.com\/loja\/wp-json\/wp\/v2\/comments?post=5121"}],"version-history":[{"count":2,"href":"https:\/\/pacotedeplanilhas.com\/loja\/wp-json\/wp\/v2\/product\/5121\/revisions"}],"predecessor-version":[{"id":5129,"href":"https:\/\/pacotedeplanilhas.com\/loja\/wp-json\/wp\/v2\/product\/5121\/revisions\/5129"}],"wp:featuredmedia":[{"embeddable":true,"href":"https:\/\/pacotedeplanilhas.com\/loja\/wp-json\/wp\/v2\/media\/5122"}],"wp:attachment":[{"href":"https:\/\/pacotedeplanilhas.com\/loja\/wp-json\/wp\/v2\/media?parent=5121"}],"wp:term":[{"taxonomy":"product_brand","embeddable":true,"href":"https:\/\/pacotedeplanilhas.com\/loja\/wp-json\/wp\/v2\/product_brand?post=5121"},{"taxonomy":"product_cat","embeddable":true,"href":"https:\/\/pacotedeplanilhas.com\/loja\/wp-json\/wp\/v2\/product_cat?post=5121"},{"taxonomy":"product_tag","embeddable":true,"href":"https:\/\/pacotedeplanilhas.com\/loja\/wp-json\/wp\/v2\/product_tag?post=5121"}],"curies":[{"name":"wp","href":"https:\/\/api.w.org\/{rel}","templated":true}]}}