{"id":5153,"date":"2024-05-16T15:40:07","date_gmt":"2024-05-16T18:40:07","guid":{"rendered":"https:\/\/pacotedeplanilhas.com\/loja\/?post_type=product&#038;p=5153"},"modified":"2024-07-17T21:40:05","modified_gmt":"2024-07-18T00:40:05","slug":"planilha-dashboard-de-trade-opcoes-binarias","status":"publish","type":"product","link":"https:\/\/pacotedeplanilhas.com\/loja\/store\/financeiro\/planilha-dashboard-de-trade-opcoes-binarias\/","title":{"rendered":"Planilha Dashboard De TRADE &#8211; Op\u00e7\u00f5es Binarias"},"content":{"rendered":"<p>FA\u00c7A O CONTROLE E ACOMPANHAMENTO DE O\u00c7\u00d5ES BINARIAS DA SUA EMPRESA DE MANEIRA SIMPLES E R\u00c1PIDA.<\/p>\n<p>Funcionalidades<\/p>\n<p>Opera\u00e7\u00f5es<\/p>\n<p>C\u00e9lulas manuais em branco<\/p>\n<p>\u2013Data, tipo de moeda, opera\u00e7\u00e3o 1, opera\u00e7\u00e3o 2, opera\u00e7\u00e3o 3, opera\u00e7\u00e3o 4, opera\u00e7\u00e3o 5, opera\u00e7\u00e3o 6, opera\u00e7\u00e3o 7, opera\u00e7\u00e3o 8, opera\u00e7\u00e3o 9, opera\u00e7\u00e3o 10, resultado do dia, win, loss, total de opera\u00e7\u00f5es, taxa de acerto;<\/p>\n<p>C\u00e9lulas em cinza que tem preenchimento autom\u00e1tico<\/p>\n<p>\u2013Meta;<\/p>\n<p>Planejamento:<\/p>\n<p>\u2013Data, capital inicial, banca inicial, meta di\u00e1ria, payout, saldo, data, entradas, risco\/retorno, lucro, investimento\/entradas;<\/p>\n<p>Opera\u00e7\u00f5es do dia:<\/p>\n<p>\u2013Data, entradas, risco\/retorno, lucro, investimentos\/entradas;<\/p>\n<p>O dashboard<\/p>\n<p>Valores totais:<\/p>\n<p>\u2013Investimentos, moedas mais rent\u00e1vel, saldo, margem de acerto, resultado op.;<\/p>\n<p>Gr\u00e1ficos:<\/p>\n<p>\u2013Resultado do dia, soma de resultado do dia, resultado dia<\/p>\n<p>Os filtros em forma de Segmenta\u00e7\u00e3o de dados:<\/p>\n<p>\u2013Data, tipo da moeda;<\/p>\n<p>Planilha 100% edit\u00e1vel<\/p>\n<p>PR\u00c9-REQUISITOS:<br \/>\nTer qualquer vers\u00e3o do EXCEL instalada no computador.<\/p>\n<p>VANTAGENS:<br \/>\nSimplicidade em usar e c\u00e1lculos precisos.<\/p>\n<p>INFORMA\u00c7\u00d5ES \u00daTEIS:<br \/>\nSuporte p\u00f3s-venda, via e-mail, para esclarecer quaisquer d\u00favidas que possam surgir. Planilha original, comercializada pelo pr\u00f3prio desenvolvedor.<\/p>\n<p>Video explicativo da planilha:<\/p>\n<div class=\"ast-oembed-container \" style=\"height: 100%;\"><iframe title=\"Planilha Dashboard trade Op\u00e7\u00f5es binarias\" width=\"500\" height=\"281\" src=\"https:\/\/www.youtube.com\/embed\/83Qyx-lds_A?feature=oembed\" frameborder=\"0\" allow=\"accelerometer; autoplay; clipboard-write; encrypted-media; gyroscope; picture-in-picture; web-share\" referrerpolicy=\"strict-origin-when-cross-origin\" allowfullscreen><\/iframe><\/div>\n<p>&nbsp;<\/p>\n<p>&nbsp;<\/p>\n<p>&nbsp;<\/p>\n","protected":false},"excerpt":{"rendered":"<p>FA\u00c7A O CONTROLE E ACOMPANHAMENTO DE O\u00c7\u00d5ES BINARIAS DA SUA EMPRESA DE MANEIRA SIMPLES E R\u00c1PIDA. Funcionalidades Opera\u00e7\u00f5es C\u00e9lulas manuais em branco \u2013Data, tipo de moeda, opera\u00e7\u00e3o 1, opera\u00e7\u00e3o 2, opera\u00e7\u00e3o 3, opera\u00e7\u00e3o 4, opera\u00e7\u00e3o 5, opera\u00e7\u00e3o 6, opera\u00e7\u00e3o 7, opera\u00e7\u00e3o 8, opera\u00e7\u00e3o 9, opera\u00e7\u00e3o 10, resultado do dia, win, loss, total de opera\u00e7\u00f5es, taxa [&hellip;]<\/p>\n","protected":false},"featured_media":5154,"comment_status":"open","ping_status":"closed","template":"","meta":{"site-sidebar-layout":"default","site-content-layout":"default","ast-site-content-layout":"","site-content-style":"default","site-sidebar-style":"default","ast-global-header-display":"","ast-banner-title-visibility":"","ast-main-header-display":"","ast-hfb-above-header-display":"","ast-hfb-below-header-display":"","ast-hfb-mobile-header-display":"","site-post-title":"","ast-breadcrumbs-content":"","ast-featured-img":"","footer-sml-layout":"","theme-transparent-header-meta":"default","adv-header-id-meta":"","stick-header-meta":"","header-above-stick-meta":"","header-main-stick-meta":"","header-below-stick-meta":"","astra-migrate-meta-layouts":"default","ast-page-background-enabled":"default","ast-page-background-meta":{"desktop":{"background-color":"","background-image":"","background-repeat":"repeat","background-position":"center center","background-size":"auto","background-attachment":"scroll","background-type":"","background-media":"","overlay-type":"","overlay-color":"","overlay-opacity":"","overlay-gradient":""},"tablet":{"background-color":"","background-image":"","background-repeat":"repeat","background-position":"center center","background-size":"auto","background-attachment":"scroll","background-type":"","background-media":"","overlay-type":"","overlay-color":"","overlay-opacity":"","overlay-gradient":""},"mobile":{"background-color":"","background-image":"","background-repeat":"repeat","background-position":"center center","background-size":"auto","background-attachment":"scroll","background-type":"","background-media":"","overlay-type":"","overlay-color":"","overlay-opacity":"","overlay-gradient":""}},"ast-content-background-meta":{"desktop":{"background-color":"var(--ast-global-color-5)","background-image":"","background-repeat":"repeat","background-position":"center center","background-size":"auto","background-attachment":"scroll","background-type":"","background-media":"","overlay-type":"","overlay-color":"","overlay-opacity":"","overlay-gradient":""},"tablet":{"background-color":"var(--ast-global-color-5)","background-image":"","background-repeat":"repeat","background-position":"center center","background-size":"auto","background-attachment":"scroll","background-type":"","background-media":"","overlay-type":"","overlay-color":"","overlay-opacity":"","overlay-gradient":""},"mobile":{"background-color":"var(--ast-global-color-5)","background-image":"","background-repeat":"repeat","background-position":"center center","background-size":"auto","background-attachment":"scroll","background-type":"","background-media":"","overlay-type":"","overlay-color":"","overlay-opacity":"","overlay-gradient":""}}},"product_brand":[],"product_cat":[991,120],"product_tag":[727,712,721,725,723,724,726,715,713,720,714,717,718,722,719,716],"class_list":{"0":"post-5153","1":"product","2":"type-product","3":"status-publish","4":"has-post-thumbnail","6":"product_cat-financeiro","7":"product_cat-planilhas-em-excel","8":"product_tag-acoes","9":"product_tag-dashboard-de-opcoes-binarias","10":"product_tag-dashboard-excel","11":"product_tag-forex","12":"product_tag-iq-option","13":"product_tag-mercado-de-moedas","14":"product_tag-moedas","15":"product_tag-opcoes-binarias","16":"product_tag-planilha-de-controle-financeiro","17":"product_tag-planilha-de-opcoes-de-acoes","18":"product_tag-planilha-de-operacoes-opcoes","19":"product_tag-planilha-para-day-trade","20":"product_tag-planilha-para-day-trade-download","21":"product_tag-planilha-para-mercado-financeiro","22":"product_tag-planilha-para-opcoes-binarias","23":"product_tag-planilha-para-trade","24":"desktop-align-left","25":"tablet-align-left","26":"mobile-align-left","28":"first","29":"instock","30":"virtual","31":"purchasable","32":"product-type-simple"},"_links":{"self":[{"href":"https:\/\/pacotedeplanilhas.com\/loja\/wp-json\/wp\/v2\/product\/5153","targetHints":{"allow":["GET"]}}],"collection":[{"href":"https:\/\/pacotedeplanilhas.com\/loja\/wp-json\/wp\/v2\/product"}],"about":[{"href":"https:\/\/pacotedeplanilhas.com\/loja\/wp-json\/wp\/v2\/types\/product"}],"replies":[{"embeddable":true,"href":"https:\/\/pacotedeplanilhas.com\/loja\/wp-json\/wp\/v2\/comments?post=5153"}],"version-history":[{"count":3,"href":"https:\/\/pacotedeplanilhas.com\/loja\/wp-json\/wp\/v2\/product\/5153\/revisions"}],"predecessor-version":[{"id":5170,"href":"https:\/\/pacotedeplanilhas.com\/loja\/wp-json\/wp\/v2\/product\/5153\/revisions\/5170"}],"wp:featuredmedia":[{"embeddable":true,"href":"https:\/\/pacotedeplanilhas.com\/loja\/wp-json\/wp\/v2\/media\/5154"}],"wp:attachment":[{"href":"https:\/\/pacotedeplanilhas.com\/loja\/wp-json\/wp\/v2\/media?parent=5153"}],"wp:term":[{"taxonomy":"product_brand","embeddable":true,"href":"https:\/\/pacotedeplanilhas.com\/loja\/wp-json\/wp\/v2\/product_brand?post=5153"},{"taxonomy":"product_cat","embeddable":true,"href":"https:\/\/pacotedeplanilhas.com\/loja\/wp-json\/wp\/v2\/product_cat?post=5153"},{"taxonomy":"product_tag","embeddable":true,"href":"https:\/\/pacotedeplanilhas.com\/loja\/wp-json\/wp\/v2\/product_tag?post=5153"}],"curies":[{"name":"wp","href":"https:\/\/api.w.org\/{rel}","templated":true}]}}