{"id":5200,"date":"2024-05-19T19:55:32","date_gmt":"2024-05-19T22:55:32","guid":{"rendered":"https:\/\/pacotedeplanilhas.com\/loja\/?post_type=product&#038;p=5200"},"modified":"2024-07-17T21:37:04","modified_gmt":"2024-07-18T00:37:04","slug":"planilha-dashboard-dropshipping-amazon","status":"publish","type":"product","link":"https:\/\/pacotedeplanilhas.com\/loja\/store\/comercial\/planilha-dashboard-dropshipping-amazon\/","title":{"rendered":"Planilha Dashboard Dropshipping Amazon"},"content":{"rendered":"<p>FA\u00c7A O CONTROLE E ACOMPANHAMENTO DE GEST\u00c3O DE PEDIDOS DROPSHIPPING AMAZON DE MANEIRA SIMPLES E R\u00c1PIDA.<\/p>\n<p>Funcionalidades<\/p>\n<p>Lan\u00e7amentos:<\/p>\n<p>C\u00e9lulas Manuais em branco:<\/p>\n<p>\u2013Site\/fornecedor, nome do produto, categoria, assim, pre\u00e7o de compra, tipo de frete, peso, regi\u00e3o\/zona, margem de lucro, data, outros custos, obs;<\/p>\n<p>C\u00e9lulas em cinza que tem preenchimento autom\u00e1tico<\/p>\n<p>\u2013Valor do frete, pre\u00e7o de venda, lucro l\u00edquido, m\u00eas, ano;<\/p>\n<p>Lan\u00e7amentos 2:<\/p>\n<p>C\u00e9lulas Manuais em branco:<\/p>\n<p>\u2013Data, produto, local da compra (fornecedor), c\u00f3digo da compra, quantidade, pre\u00e7o real, cart\u00e3o usado, status, custo real, outros, obs;<\/p>\n<p>C\u00e9lulas em cinza que tem preenchimento autom\u00e1tico<\/p>\n<p>\u2013Valor (projetado) vendido na amazon, faturamento, custo (projetado), margem de contribui\u00e7\u00e3o (roi), m\u00eas, ano;<\/p>\n<p>O dashboard<\/p>\n<p>Valores totais:<\/p>\n<p>\u2013Faturamento, custo, quantidade vendida, roi;<\/p>\n<p>Gr\u00e1ficos:<\/p>\n<p>\u2013Faturamento mensal, margem de contribui\u00e7\u00e3o (roi) mensal, custo mensal, top 5 fornecedores, status;<\/p>\n<p>Os filtros em forma de Segmenta\u00e7\u00e3o de dados:<\/p>\n<p>\u2013Ano, m\u00eas, produto, status, local da compra (fornecedor), cart\u00e3o usado;<\/p>\n<p>Planilha 100% edit\u00e1vel<\/p>\n<p>PR\u00c9-REQUISITOS:<br \/>\nTer qualquer vers\u00e3o do EXCEL instalada no computador.<\/p>\n<p>VANTAGENS:<br \/>\nSimplicidade em usar e c\u00e1lculos precisos.<\/p>\n<p>INFORMA\u00c7\u00d5ES \u00daTEIS:<br \/>\nSuporte p\u00f3s-venda, via e-mail, para esclarecer quaisquer d\u00favidas que possam surgir. Planilha original, comercializada pelo pr\u00f3prio desenvolvedor.<\/p>\n<p>Video explicativo da planilha:<\/p>\n<div class=\"ast-oembed-container \" style=\"height: 100%;\"><iframe title=\"Planilha Dropshipping Amazon\" width=\"500\" height=\"281\" src=\"https:\/\/www.youtube.com\/embed\/M3xAhOXJwpc?feature=oembed\" frameborder=\"0\" allow=\"accelerometer; autoplay; clipboard-write; encrypted-media; gyroscope; picture-in-picture; web-share\" referrerpolicy=\"strict-origin-when-cross-origin\" allowfullscreen><\/iframe><\/div>\n<p>&nbsp;<\/p>\n<p>&nbsp;<\/p>\n","protected":false},"excerpt":{"rendered":"<p>FA\u00c7A O CONTROLE E ACOMPANHAMENTO DE GEST\u00c3O DE PEDIDOS DROPSHIPPING AMAZON DE MANEIRA SIMPLES E R\u00c1PIDA. Funcionalidades Lan\u00e7amentos: C\u00e9lulas Manuais em branco: \u2013Site\/fornecedor, nome do produto, categoria, assim, pre\u00e7o de compra, tipo de frete, peso, regi\u00e3o\/zona, margem de lucro, data, outros custos, obs; C\u00e9lulas em cinza que tem preenchimento autom\u00e1tico \u2013Valor do frete, pre\u00e7o de [&hellip;]<\/p>\n","protected":false},"featured_media":5202,"comment_status":"open","ping_status":"closed","template":"","meta":{"site-sidebar-layout":"default","site-content-layout":"default","ast-site-content-layout":"","site-content-style":"default","site-sidebar-style":"default","ast-global-header-display":"","ast-banner-title-visibility":"","ast-main-header-display":"","ast-hfb-above-header-display":"","ast-hfb-below-header-display":"","ast-hfb-mobile-header-display":"","site-post-title":"","ast-breadcrumbs-content":"","ast-featured-img":"","footer-sml-layout":"","theme-transparent-header-meta":"default","adv-header-id-meta":"","stick-header-meta":"","header-above-stick-meta":"","header-main-stick-meta":"","header-below-stick-meta":"","astra-migrate-meta-layouts":"default","ast-page-background-enabled":"default","ast-page-background-meta":{"desktop":{"background-color":"","background-image":"","background-repeat":"repeat","background-position":"center center","background-size":"auto","background-attachment":"scroll","background-type":"","background-media":"","overlay-type":"","overlay-color":"","overlay-opacity":"","overlay-gradient":""},"tablet":{"background-color":"","background-image":"","background-repeat":"repeat","background-position":"center center","background-size":"auto","background-attachment":"scroll","background-type":"","background-media":"","overlay-type":"","overlay-color":"","overlay-opacity":"","overlay-gradient":""},"mobile":{"background-color":"","background-image":"","background-repeat":"repeat","background-position":"center center","background-size":"auto","background-attachment":"scroll","background-type":"","background-media":"","overlay-type":"","overlay-color":"","overlay-opacity":"","overlay-gradient":""}},"ast-content-background-meta":{"desktop":{"background-color":"var(--ast-global-color-5)","background-image":"","background-repeat":"repeat","background-position":"center center","background-size":"auto","background-attachment":"scroll","background-type":"","background-media":"","overlay-type":"","overlay-color":"","overlay-opacity":"","overlay-gradient":""},"tablet":{"background-color":"var(--ast-global-color-5)","background-image":"","background-repeat":"repeat","background-position":"center center","background-size":"auto","background-attachment":"scroll","background-type":"","background-media":"","overlay-type":"","overlay-color":"","overlay-opacity":"","overlay-gradient":""},"mobile":{"background-color":"var(--ast-global-color-5)","background-image":"","background-repeat":"repeat","background-position":"center center","background-size":"auto","background-attachment":"scroll","background-type":"","background-media":"","overlay-type":"","overlay-color":"","overlay-opacity":"","overlay-gradient":""}}},"product_brand":[],"product_cat":[998,120],"product_tag":[776,535,429,124,782,775,783,778,785,608,777,760,784,779,780,707,559,781,704],"class_list":{"0":"post-5200","1":"product","2":"type-product","3":"status-publish","4":"has-post-thumbnail","6":"product_cat-comercial","7":"product_cat-planilhas-em-excel","8":"product_tag-amazon","9":"product_tag-analise-de-vendas","10":"product_tag-controle-de-vendas","11":"product_tag-dashboard","12":"product_tag-desempenho-de-vendas","13":"product_tag-dropshipping","14":"product_tag-dropshipping-amazon","15":"product_tag-e-commerce","16":"product_tag-fluxo-de-caixa-dropshipping","17":"product_tag-fornecedores","18":"product_tag-gestao-de-dropshipping","19":"product_tag-gestao-de-estoque","20":"product_tag-gestao-de-produtos","21":"product_tag-marketplace","22":"product_tag-monitoramento-de-inventario","23":"product_tag-otimizacao-de-vendas","24":"product_tag-planilha","25":"product_tag-produtos","26":"product_tag-relatorios-de-vendas","27":"desktop-align-left","28":"tablet-align-left","29":"mobile-align-left","31":"first","32":"instock","33":"virtual","34":"purchasable","35":"product-type-simple"},"_links":{"self":[{"href":"https:\/\/pacotedeplanilhas.com\/loja\/wp-json\/wp\/v2\/product\/5200","targetHints":{"allow":["GET"]}}],"collection":[{"href":"https:\/\/pacotedeplanilhas.com\/loja\/wp-json\/wp\/v2\/product"}],"about":[{"href":"https:\/\/pacotedeplanilhas.com\/loja\/wp-json\/wp\/v2\/types\/product"}],"replies":[{"embeddable":true,"href":"https:\/\/pacotedeplanilhas.com\/loja\/wp-json\/wp\/v2\/comments?post=5200"}],"version-history":[{"count":3,"href":"https:\/\/pacotedeplanilhas.com\/loja\/wp-json\/wp\/v2\/product\/5200\/revisions"}],"predecessor-version":[{"id":5254,"href":"https:\/\/pacotedeplanilhas.com\/loja\/wp-json\/wp\/v2\/product\/5200\/revisions\/5254"}],"wp:featuredmedia":[{"embeddable":true,"href":"https:\/\/pacotedeplanilhas.com\/loja\/wp-json\/wp\/v2\/media\/5202"}],"wp:attachment":[{"href":"https:\/\/pacotedeplanilhas.com\/loja\/wp-json\/wp\/v2\/media?parent=5200"}],"wp:term":[{"taxonomy":"product_brand","embeddable":true,"href":"https:\/\/pacotedeplanilhas.com\/loja\/wp-json\/wp\/v2\/product_brand?post=5200"},{"taxonomy":"product_cat","embeddable":true,"href":"https:\/\/pacotedeplanilhas.com\/loja\/wp-json\/wp\/v2\/product_cat?post=5200"},{"taxonomy":"product_tag","embeddable":true,"href":"https:\/\/pacotedeplanilhas.com\/loja\/wp-json\/wp\/v2\/product_tag?post=5200"}],"curies":[{"name":"wp","href":"https:\/\/api.w.org\/{rel}","templated":true}]}}