{"id":5224,"date":"2024-05-22T15:41:59","date_gmt":"2024-05-22T18:41:59","guid":{"rendered":"https:\/\/pacotedeplanilhas.com\/loja\/?post_type=product&#038;p=5224"},"modified":"2024-07-17T21:36:30","modified_gmt":"2024-07-18T00:36:30","slug":"projeto-power-bi-meta-ads-ou-facebook-ads","status":"publish","type":"product","link":"https:\/\/pacotedeplanilhas.com\/loja\/store\/comercial\/projeto-power-bi-meta-ads-ou-facebook-ads\/","title":{"rendered":"Projeto Power BI Meta ADS ou Facebook ADS"},"content":{"rendered":"<p>FA\u00c7A O CONTROLE E ACOMPANHAMENTO DE META ADS OU FACEBOOK ADS DA SUA EMPRESA DE MANEIRA SIMPLES E R\u00c1PIDA.<\/p>\n<p>Funcionalidades<\/p>\n<p>Lan\u00e7amentos<\/p>\n<p>\u2013Nome da campanha, tipo de resultado, resultados, custo por resultado, valor usado (BRL) alcance, impress\u00f5es, frequ\u00eancia, cpm (custo por 1000 impress\u00f5es), cliques no link, cpc (custo por link), ctr (taxa de cliques no link) cliques (todos), ctr (todos), cpc (todos), valor compras no site, visualiza\u00e7\u00e3o pagina de destino, finaliza\u00e7\u00e3o d ecompras iniciadas, or\u00e7amento da campanha, tipo de or\u00e7amento da campanha, in\u00edcio dos relat\u00f3rios, t\u00e9rmino dos relat\u00f3rios, criativo, custo por cadastro, total deposito, jogadores cadastrados, ggr;<\/p>\n<p>Dashboard 01<\/p>\n<p>Valores totais:<\/p>\n<p>\u2013Faturamento, custo, roi, quantidade cliques no link, impress\u00f5es, cpm por mil impress\u00f5es, cpc custo por link, ctr taxa de cliques, cpa custo por aquisi\u00e7\u00e3o,\u00a0 margem de contribui\u00e7\u00e3o, resultados;<\/p>\n<p>Gr\u00e1ficos:<\/p>\n<p>\u2013Faturamento x custo, criativos com maior ctr, roi por campanha;<\/p>\n<p>Os filtros em forma de Segmenta\u00e7\u00e3o de dados:<\/p>\n<p>\u2013Ano, m\u00eas, tipo de resultado, campanha, criativos;<\/p>\n<p>Dashboard 02<\/p>\n<p>\u2013Faturamento;<\/p>\n<p>Dashboard 03<\/p>\n<p>\u2013Piramide Funil de convers\u00e3o: cliques no link, visualiza\u00e7\u00e3o da p\u00e1gina, finaliza\u00e7\u00f5es de compra, resultados;<\/p>\n<p>Planilha 100% edit\u00e1vel<\/p>\n<p>PR\u00c9-REQUISITOS:<br \/>\nTer qualquer vers\u00e3o do EXCEL instalada no computador e Power BI desktop.<\/p>\n<p>VANTAGENS:<br \/>\nSimplicidade em usar e c\u00e1lculos precisos.<\/p>\n<p>INFORMA\u00c7\u00d5ES \u00daTEIS:<br \/>\nSuporte p\u00f3s-venda, via e-mail, para esclarecer quaisquer d\u00favidas que possam surgir. Planilha original, comercializada pelo pr\u00f3prio desenvolvedor.<\/p>\n<p>Video explicativo da planilha:<\/p>\n<div class=\"ast-oembed-container \" style=\"height: 100%;\"><iframe title=\"Dashboard em Power BI Meta ADS ou Facebook ADS\" width=\"500\" height=\"281\" src=\"https:\/\/www.youtube.com\/embed\/ob2GYGmsXxE?feature=oembed\" frameborder=\"0\" allow=\"accelerometer; autoplay; clipboard-write; encrypted-media; gyroscope; picture-in-picture; web-share\" referrerpolicy=\"strict-origin-when-cross-origin\" allowfullscreen><\/iframe><\/div>\n<p>&nbsp;<\/p>\n","protected":false},"excerpt":{"rendered":"<p>FA\u00c7A O CONTROLE E ACOMPANHAMENTO DE META ADS OU FACEBOOK ADS DA SUA EMPRESA DE MANEIRA SIMPLES E R\u00c1PIDA. Funcionalidades Lan\u00e7amentos \u2013Nome da campanha, tipo de resultado, resultados, custo por resultado, valor usado (BRL) alcance, impress\u00f5es, frequ\u00eancia, cpm (custo por 1000 impress\u00f5es), cliques no link, cpc (custo por link), ctr (taxa de cliques no link) [&hellip;]<\/p>\n","protected":false},"featured_media":5226,"comment_status":"open","ping_status":"closed","template":"","meta":{"site-sidebar-layout":"default","site-content-layout":"default","ast-site-content-layout":"","site-content-style":"default","site-sidebar-style":"default","ast-global-header-display":"","ast-banner-title-visibility":"","ast-main-header-display":"","ast-hfb-above-header-display":"","ast-hfb-below-header-display":"","ast-hfb-mobile-header-display":"","site-post-title":"","ast-breadcrumbs-content":"","ast-featured-img":"","footer-sml-layout":"","theme-transparent-header-meta":"default","adv-header-id-meta":"","stick-header-meta":"","header-above-stick-meta":"","header-main-stick-meta":"","header-below-stick-meta":"","astra-migrate-meta-layouts":"default","ast-page-background-enabled":"default","ast-page-background-meta":{"desktop":{"background-color":"","background-image":"","background-repeat":"repeat","background-position":"center center","background-size":"auto","background-attachment":"scroll","background-type":"","background-media":"","overlay-type":"","overlay-color":"","overlay-opacity":"","overlay-gradient":""},"tablet":{"background-color":"","background-image":"","background-repeat":"repeat","background-position":"center center","background-size":"auto","background-attachment":"scroll","background-type":"","background-media":"","overlay-type":"","overlay-color":"","overlay-opacity":"","overlay-gradient":""},"mobile":{"background-color":"","background-image":"","background-repeat":"repeat","background-position":"center center","background-size":"auto","background-attachment":"scroll","background-type":"","background-media":"","overlay-type":"","overlay-color":"","overlay-opacity":"","overlay-gradient":""}},"ast-content-background-meta":{"desktop":{"background-color":"var(--ast-global-color-5)","background-image":"","background-repeat":"repeat","background-position":"center center","background-size":"auto","background-attachment":"scroll","background-type":"","background-media":"","overlay-type":"","overlay-color":"","overlay-opacity":"","overlay-gradient":""},"tablet":{"background-color":"var(--ast-global-color-5)","background-image":"","background-repeat":"repeat","background-position":"center center","background-size":"auto","background-attachment":"scroll","background-type":"","background-media":"","overlay-type":"","overlay-color":"","overlay-opacity":"","overlay-gradient":""},"mobile":{"background-color":"var(--ast-global-color-5)","background-image":"","background-repeat":"repeat","background-position":"center center","background-size":"auto","background-attachment":"scroll","background-type":"","background-media":"","overlay-type":"","overlay-color":"","overlay-opacity":"","overlay-gradient":""}}},"product_brand":[],"product_cat":[998,176],"product_tag":[800,554,798,803,811,799,809,801,804,802,807,810,805,808,797,806],"class_list":{"0":"post-5224","1":"product","2":"type-product","3":"status-publish","4":"has-post-thumbnail","6":"product_cat-comercial","7":"product_cat-power-bi","8":"product_tag-analise-de-campanhas","9":"product_tag-analise-de-dados","10":"product_tag-controle-de-conversao","11":"product_tag-desempenho-de-criativos","12":"product_tag-estrategias-de-conversao","13":"product_tag-facebook-ads","14":"product_tag-ferramentas-de-marketing","15":"product_tag-gastos-por-anuncio","16":"product_tag-gestao-de-marketing","17":"product_tag-impressoes","18":"product_tag-marketing-digital","19":"product_tag-monitoramento-de-campanhas","20":"product_tag-otimizacao-de-anuncios","21":"product_tag-power-bi-para-anuncios","22":"product_tag-projeto-power-bi","23":"product_tag-roi-de-campanhas","24":"desktop-align-left","25":"tablet-align-left","26":"mobile-align-left","28":"first","29":"instock","30":"virtual","31":"purchasable","32":"product-type-simple"},"_links":{"self":[{"href":"https:\/\/pacotedeplanilhas.com\/loja\/wp-json\/wp\/v2\/product\/5224","targetHints":{"allow":["GET"]}}],"collection":[{"href":"https:\/\/pacotedeplanilhas.com\/loja\/wp-json\/wp\/v2\/product"}],"about":[{"href":"https:\/\/pacotedeplanilhas.com\/loja\/wp-json\/wp\/v2\/types\/product"}],"replies":[{"embeddable":true,"href":"https:\/\/pacotedeplanilhas.com\/loja\/wp-json\/wp\/v2\/comments?post=5224"}],"version-history":[{"count":6,"href":"https:\/\/pacotedeplanilhas.com\/loja\/wp-json\/wp\/v2\/product\/5224\/revisions"}],"predecessor-version":[{"id":5236,"href":"https:\/\/pacotedeplanilhas.com\/loja\/wp-json\/wp\/v2\/product\/5224\/revisions\/5236"}],"wp:featuredmedia":[{"embeddable":true,"href":"https:\/\/pacotedeplanilhas.com\/loja\/wp-json\/wp\/v2\/media\/5226"}],"wp:attachment":[{"href":"https:\/\/pacotedeplanilhas.com\/loja\/wp-json\/wp\/v2\/media?parent=5224"}],"wp:term":[{"taxonomy":"product_brand","embeddable":true,"href":"https:\/\/pacotedeplanilhas.com\/loja\/wp-json\/wp\/v2\/product_brand?post=5224"},{"taxonomy":"product_cat","embeddable":true,"href":"https:\/\/pacotedeplanilhas.com\/loja\/wp-json\/wp\/v2\/product_cat?post=5224"},{"taxonomy":"product_tag","embeddable":true,"href":"https:\/\/pacotedeplanilhas.com\/loja\/wp-json\/wp\/v2\/product_tag?post=5224"}],"curies":[{"name":"wp","href":"https:\/\/api.w.org\/{rel}","templated":true}]}}